{"id":14302,"date":"2022-06-13T03:50:24","date_gmt":"2022-06-13T01:50:24","guid":{"rendered":"http:\/\/tyditiao.com\/product\/iiia-klassi-taktikaline-varustus-sojavae-kuulikindel-kiiver-must\/"},"modified":"2026-03-17T13:18:06","modified_gmt":"2026-03-17T11:18:06","slug":"mich2000-kuulikindel-kiiver-kevlar-tase-3-must","status":"publish","type":"product","link":"https:\/\/tyditiao.com\/et\/toode\/mich2000-kuulikindel-kiiver-kevlar-tase-3-must\/","title":{"rendered":"IIIA klassi taktikaline varustus, s\u00f5jav\u00e4e kuulikindel kiiver, must"},"content":{"rendered":"<p><strong>Kaitseklass:<\/strong><br \/>\nSee kuulikindel kiiver on NIJ taseme IIIA kuulikindel kiiver vastavalt NIJ 0101.06 standardile ja selle kohta saab esitada vastava katsearuande.<\/p>\n<hr \/>\n<p><strong>Kaitsem\u00fcrsu parameetrid:<\/strong><br \/>\n.44 Mag SJHP<br \/>\n.357 SIG FMJ FN<br \/>\n9 mm FMJ RN<br \/>\n.357 Mag JSP<br \/>\n.40 S&amp;W FMJ<\/p>\n<p>Samuti pakub kaitset enamiku k\u00e4sirelvade ohtude ning IIA ja II klassi ohtude eest<\/p>\n<hr \/>\n<p><strong>Kuulikindla kiivri parameetrid:<\/strong><br \/>\nNimi: NIJ lllA MICH2000 kuulikindel kiiver<\/p>\n<p>Materjal: suure t\u00f5mbetugevusega Kevlar-DuPont aramiidkiud<br \/>\nPea \u00fcmberm\u00f5\u00f5t: 52-60 cm<br \/>\nVooder: \u00fcmberpaigutav aeglaselt tagasil\u00f6\u00f6giga vahtvooder hoiab kiivri mugavana ning hoiab \u00e4ra v\u00e4simuse ja \u00fclekuumenemise.<br \/>\nValikulised lisatarvikud: hapnikumask, n\u00e4okaitse, k\u00fclgkaitse, soomuse k\u00fclgkaitse, kilp, kiivri kate, kuulikindel mask jne.<br \/>\nKiivri v\u00e4rv: must<br \/>\nMICH on kiiver, mis peatab p\u00fcstoli padruneid ja pakub usaldusv\u00e4\u00e4rset kaitset prahi ja kukkuva prahi eest.<br \/>\nv\u00e4hendab kaitset.<\/p>\n<hr \/>\n<p><strong>\u201eInimestele:<\/strong><br \/>\nNIJ lllA Kevlar MICH2000 ballistiline kiiver k\u00e4sitleb p\u00fcstoli- ja \u0161rapnelli\u00e4hvardusi suurema kinnitusmahuga, mis tagab kergema ja mugavama istuvuse. See kiiver sobib igat t\u00fc\u00fcpi kasutajatele. Agentuuride, nagu s\u00f5jav\u00e4e, politsei, SWAT, sisejulgeoleku, tolli ja piirivalve t\u00f6\u00f6tajaid saab varustada t\u00e4iustatud lahinguv\u00f5imega. See on hea valik ka kodukaitseks ja cosplay\u2019ks.<\/p>\n<hr \/>\n<p><strong>Mis on MICH2000 Kevlari s\u00f5jav\u00e4ekiiver?<\/strong><br \/>\nModular Integrated Communications Helmet (MICH) on Ameerika lahingukiiver ja \u00fcks mitmest USA s\u00f5jav\u00e4es kasutatavast kiivrist. Selle t\u00f6\u00f6tas v\u00e4lja USA armee s\u00f5duris\u00fcsteemide keskus kui j\u00e4rgmise p\u00f5lvkonna kaitsekiiver, mida USA s\u00f5jav\u00e4es kasutavad. MICH-i v\u00e4ljat\u00f6\u00f6tamise peamiseks p\u00f5hjuseks oli kaitsvate, kuid raskete PASGT-de v\u00e4ljavahetamine, kuna need olid kergemad, mugavamad, istusid paremini ja neid oli lihtsam paigaldada, eriti \u00f6\u00f6vaatlusseadmeid ja sidepeakomplekte. Ei tekita kaelale asjatut stressi. Algselt kasutasid seda peaaegu eranditult SOCOM ja m\u00f5ned sellega tihedalt seotud \u00fcksused. Praeguseks on MICH ja selle tuletised, Advanced Combat Helmet ja Modified Combat Helmet, t\u00e4ielikult asendanud PASGT aktiivses USA armee teenistuses ja neid kasutatakse v\u00e4hemalt mingil m\u00e4\u00e4ral k\u00f5igis USA armee diviisides.<\/p>\n<hr \/>\n<p><strong>Kevlari kiivri MICH2000 omadused:<\/strong><br \/>\nMICH-i kaal on ligikaudu 1,6 kg. MICH on ka pisut v\u00e4iksem kui PASGT, selle ulatus on 8% v\u00e4iksem, see kasutab uusi, t\u00e4iustatud Kevlari kiude ning pakub paremat p\u00fcstoli- ja m\u00fcrsukaitset. Amortisatsioonis\u00fcsteem ja neljapunktiline kinnituss\u00fcsteem, mis sarnaneb rulade, rattakiivrite ja vesikiivrite kaitsmetele ja rihmadele, asendavad PASGT kiivritel leiduvat nailonn\u00f6\u00f6rist vedrustuss\u00fcsteemi, higipaela ja l\u00f5uarihma. See muudatus tagab kandjale suurema l\u00f6\u00f6gikaitse ja mugavuse. Sellel on eesmine kinnitusklamber \u00f6ise n\u00e4gemisprillide jaoks (nt AN\/PVS-14 v\u00f5i AN\/PVS-15), mis sarnaneb PASGT kiivri kinnitusega. Sellel on ka paar rihma tagak\u00fcljel kaitseprillide kinnitamiseks, samuti riidest kiivri kate erinevate kamuflaa\u017eimustritega. Vastupidiselt &#8220;k\u00f5verale&#8221; kontuurile on PASGT eesk\u00e4tt kulmude eemaldamine ja k\u00fclgede t\u00f5stmine &#8220;tasasesse&#8221; punkti alumises servas templite taga. See v\u00e4hendab m\u00f5nev\u00f5rra kaalu ja v\u00f5imaldab paremat olukorrateadlikkust ja v\u00e4hem takistusi kasutaja vaatev\u00e4ljas, eriti kui seda kombineerida p\u00fc\u00fcdja kuulikindlate vestidega. S\u00f5durid on varem kurtnud, et k\u00f5rge pealtkuulamiskrae ja kahepunktiline l\u00f5uarihm l\u00fckkavad PASGT kiivri tagaosa ette ning kui nad proovivad lamamisasendist tulistada, libiseb kiivri serv nende silmadest m\u00f6\u00f6da, mis MICH-is on kitsendatud kontuuriga ja nelja punktiga l\u00f5uarihm.<\/p>\n<hr \/>\n<p><strong>Kumb on populaarsem, kas MICH2000 v\u00f5i FAST taktikaline ballistikiiver?<\/strong><br \/>\nMICH2000-l on suurem kaitsepind, mis on kasulikum, kui te ei plaani palju tarvikuid paigaldada. Kui plaanite valida palju varustust, n\u00e4iteks (taskulambi kandmine, m\u00fcrasummutavad k\u00f5rvaklapid ja sidevahendid, \u00f6\u00f6vaatlusprillid v\u00f5i videotehnika jne), on soovitatav valida KIIRE, sest see ei j\u00e4\u00e4 liiga raskeks , avaldab see survet kaelale, mis m\u00f5jutab kaudselt aktiivsust.<\/p>\n<hr \/>\n<p><strong>MICH2000 s\u00f5jav\u00e4ekiivri hind<\/strong><br \/>\nSee on meie taktikaliste kaitsekiivrite pood, palun ostke otse meie veebisaidilt, saate alghinnast 15% soodsamalt<\/p>\n<hr \/>\n<p>Kui soovite meie tooteid osta v\u00f5i teil on meie toodete kohta k\u00fcsimusi;<br \/>\nKui teil on kohandamisvajadusi;<br \/>\nPalun (<a href=\"https:\/\/tyditiao.com\/et\/votke-uhendust\/\">v\u00f5tke meiega \u00fchendust<\/a>) kohe, vastame teile 1 t\u00f6\u00f6p\u00e4eva jooksul<\/p>\n","protected":false},"excerpt":{"rendered":"<p>Valmistatud \u00fclitugevast DuPont Kevlar Aramiidkiust, kuumakindel ja ei ole kergesti deformeeritav<\/p>\n<p>NIJ IIIA tase<\/p>\n<p>Pea\u00fcmberm\u00f5\u00f5du reguleerimiss\u00fcsteem v\u00f5ib muuta kiivri ideaalse kandmisefekti saavutamiseks<\/p>\n<p>Otsmik on tugevdatud elastsete rihmadega kaheksajala k\u00fclgedel (\u00f6\u00f6vaatlusaluse alumine osa) peeglite, kaamerate, \u00f6\u00f6vaatlusprillide ja muude seadmete kinnitamiseks<\/p>\n<p>Varustatud siinidega, v\u00f5imsam tarvikukinnitus, v\u00f5ib olla varustatud tugeva valguss\u00fcsteemi ja majakatuvastustuledega, samuti v\u00f5ib olla varustatud kuulmiskaitsega<\/p>\n","protected":false},"featured_media":11388,"comment_status":"open","ping_status":"closed","template":"","meta":[],"product_brand":[],"product_cat":[656,795],"product_tag":[],"woo-feed-brand":[50],"class_list":{"0":"post-14302","1":"product","2":"type-product","3":"status-publish","4":"has-post-thumbnail","6":"product_cat-kuulikindel-kiiver","7":"product_cat-mich2000-et","8":"woo-feed-brand-tyditiao","10":"first","11":"instock","12":"sale","13":"shipping-taxable","14":"purchasable","15":"product-type-simple"},"_links":{"self":[{"href":"https:\/\/tyditiao.com\/et\/wp-json\/wp\/v2\/product\/14302","targetHints":{"allow":["GET"]}}],"collection":[{"href":"https:\/\/tyditiao.com\/et\/wp-json\/wp\/v2\/product"}],"about":[{"href":"https:\/\/tyditiao.com\/et\/wp-json\/wp\/v2\/types\/product"}],"replies":[{"embeddable":true,"href":"https:\/\/tyditiao.com\/et\/wp-json\/wp\/v2\/comments?post=14302"}],"wp:featuredmedia":[{"embeddable":true,"href":"https:\/\/tyditiao.com\/et\/wp-json\/wp\/v2\/media\/11388"}],"wp:attachment":[{"href":"https:\/\/tyditiao.com\/et\/wp-json\/wp\/v2\/media?parent=14302"}],"wp:term":[{"taxonomy":"product_brand","embeddable":true,"href":"https:\/\/tyditiao.com\/et\/wp-json\/wp\/v2\/product_brand?post=14302"},{"taxonomy":"product_cat","embeddable":true,"href":"https:\/\/tyditiao.com\/et\/wp-json\/wp\/v2\/product_cat?post=14302"},{"taxonomy":"product_tag","embeddable":true,"href":"https:\/\/tyditiao.com\/et\/wp-json\/wp\/v2\/product_tag?post=14302"},{"taxonomy":"woo-feed-brand","embeddable":true,"href":"https:\/\/tyditiao.com\/et\/wp-json\/wp\/v2\/woo-feed-brand?post=14302"}],"curies":[{"name":"wp","href":"https:\/\/api.w.org\/{rel}","templated":true}]}}