{"id":16805,"date":"2025-04-17T09:25:14","date_gmt":"2025-04-17T07:25:14","guid":{"rendered":"https:\/\/tyditiao.com\/product\/fast-ballistiline-kiiver-wendy-zorbium-voodriga-ja-cam-fit-vedrustussusteemiga-nij-iiia-kaitsetase\/"},"modified":"2026-03-16T08:58:57","modified_gmt":"2026-03-16T06:58:57","slug":"fast-ballistiline-kiiver-wendy-zorbium-voodriga-ja-cam-fit-vedrustussusteemiga-nij-iiia-kaitsetase","status":"publish","type":"product","link":"https:\/\/tyditiao.com\/et\/toode\/fast-ballistiline-kiiver-wendy-zorbium-voodriga-ja-cam-fit-vedrustussusteemiga-nij-iiia-kaitsetase\/","title":{"rendered":"FAST ballistiline kiiver, Wendy Zorbium voodriga ja CAM FIT vedrustuss\u00fcsteemiga, NIJ IIIA kaitsetase"},"content":{"rendered":"<p><strong>Erim\u00e4rkused:<\/strong><\/p>\n<p>See on meie uus lipulaev, mis \u00fchendab kvaliteetse t\u00f6\u00f6 k\u00f5rgeima mugavusega. Kui pole teisiti m\u00e4rgitud, on vaikekonfiguratsioon j\u00e4rgmine: suurus L, roheline, FAST kuulikindel kiiver Zorbium vahtvoodriga ja CAM FIT vedrustuss\u00fcsteemiga, NIJ IIIA kaitsetase. Lisaks pakume laias valikus v\u00e4rve (roheline, liivane, must) ja suurusi (S, M, L, XL).<\/p>\n<p>Pole t\u00e4htis, kus te ka poleks, saate oma tellimuse esitada otse selle lingi kaudu ja sooritada ostu probleemideta. Lihtsalt t\u00e4psusta tellimuse m\u00e4rkustes soovitud suurus ja v\u00e4rv (n\u00e4iteks: XL-must) ja saadki oma unistuste varustuse. Muude v\u00e4rvide ja suuruste valimisel me lisatasusid ei v\u00f5ta.<\/p>\n<hr \/>\n<p><strong>Kaitsetase:<\/strong><\/p>\n<p>See kuulikindel kiiver on NIJ taseme IIIA kuulikindel kiiver vastavalt NIJ 0101.06 standardile. Saate esitada asjakohased testiaruanded.<\/p>\n<hr \/>\n<p><strong>Kaitsem\u00fcrsu parameetrid:<\/strong><\/p>\n<p>.44 Mag SJHP<br \/>\n.357 SIG FMJ FN<br \/>\n9mm FMJ RN<br \/>\n.357 Mag JSP<br \/>\n.40 S&amp;W FMJ<\/p>\n<p>Samuti pakub see kaitset enamiku tulirelvaohtude, aga ka IIA ja II klassi ohtude eest.<\/p>\n<hr \/>\n<p><strong>Kuulikindla kiivri parameetrid:<\/strong><\/p>\n<p>Nimi: NIJ lllA FAST s\u00f5jav\u00e4e kuulikindel taktikaline kiiver, mis on valmistatud kevlarist Wendy Zorbium vahtvoodriga + CAM FIT vedrustuss\u00fcsteem<\/p>\n<p>Materjal: \u00fclitugev DuPont Kevlar-aramiidkiud<br \/>\nSuurused: S, M, L, XL<br \/>\nV\u00e4rv: roheline, liiv, must<br \/>\nValikulised tarvikud: kuulikindel mask jne.<br \/>\nGarantiiaeg: 5-aastane garantiiaeg v\u00f5ib olla piisava kaitsev\u00f5imega, kuid kui see \u00fcletab garantiiaega<br \/>\nElukvaliteet v\u00e4hendab kaitsev\u00f5imet.<\/p>\n<p>&nbsp;<\/p>\n<hr \/>\n<p><strong>Kuulikindlate kiivrite \u00fcksikasjad ja suuruste v\u00f5rdlus:<\/strong><\/p>\n<p>&nbsp;<\/p>\n<table style=\"border-collapse: collapse;\" border=\"1\" cellspacing=\"0\" cellpadding=\"5\">\n<thead>\n<tr>\n<th>Ballistiline kiiver Kiivri suurus<\/th>\n<th>S<\/th>\n<th>M<\/th>\n<th>L<\/th>\n<th>XL<\/th>\n<\/tr>\n<\/thead>\n<tbody>\n<tr>\n<td>Katte paksus<\/td>\n<td>9.5<\/td>\n<td>9.5<\/td>\n<td>10 (9.5)<\/td>\n<td>10 (9.5)<\/td>\n<\/tr>\n<tr>\n<td>Kaitse tase<\/td>\n<td>3A.44<\/td>\n<td>3A.44<\/td>\n<td>3A.44<\/td>\n<td>3A.44<\/td>\n<\/tr>\n<tr>\n<td>Pikk telg (pikk telg\/mm)<\/td>\n<td>235<\/td>\n<td>240<\/td>\n<td>247<\/td>\n<td>263<\/td>\n<\/tr>\n<tr>\n<td>L\u00fchike telg (v\u00e4iketelg\/mm)<\/td>\n<td>182<\/td>\n<td>185<\/td>\n<td>193<\/td>\n<td>205<\/td>\n<\/tr>\n<tr>\n<td>Sisek\u00f5rgus\/mm<\/td>\n<td>146<\/td>\n<td>153<\/td>\n<td>158<\/td>\n<td>161<\/td>\n<\/tr>\n<tr>\n<td>Pea \u00fcmberm\u00f5\u00f5t (koos naeltega)<\/td>\n<td>53-59<\/td>\n<td>53-59<\/td>\n<td>56-59<\/td>\n<td>58-62<\/td>\n<\/tr>\n<tr>\n<td>Standardkaal (kaal\/kg)<\/td>\n<td>1.24<\/td>\n<td>1.29<\/td>\n<td>1.32<\/td>\n<td>1.42<\/td>\n<\/tr>\n<tr>\n<td>Kaaluh\u00e4lve\/kg<\/td>\n<td>0.05<\/td>\n<td>0.05<\/td>\n<td>0.05<\/td>\n<td>0.05<\/td>\n<\/tr>\n<tr>\n<td>Kasti kaal\/kg<\/td>\n<td>2<\/td>\n<td>2<\/td>\n<td>2<\/td>\n<td>2.1<\/td>\n<\/tr>\n<\/tbody>\n<\/table>\n","protected":false},"excerpt":{"rendered":"<p>FAST ballistilise kiivri ja Wendy kiivri eeliste kombinatsioon tagab suurep\u00e4rase mugavuse ja kaitse, v\u00f5imaldades teil s\u00e4ilitada t\u00e4ieliku liikuvuse ja ohutuse mis tahes \u00fclesande t\u00e4itmisel.<\/p>\n<p>Kerge ja mugav disain: FAST kiiver oma kaasaegse kerge disainiga v\u00e4hendab kaalu miinimumini, muutes selle ideaalseks pikaajaliseks kandmiseks n\u00f5udlikes tingimustes. Pakub erakordset mugavust isegi intensiivse tegevuse ajal.<\/p>\n<p>T\u00e4pne vedrustuss\u00fcsteem: Zorbium sisestus ja CAM FIT vedrustuss\u00fcsteem v\u00f5imaldavad t\u00e4pselt reguleerida pea kuju, pakkudes stabiilset, pehmet ja mugavat istuvust, mis tagab mugavuse pikaajalisel kandmisel.<\/p>\n<p>Pole vaja ise kokku panna, mis v\u00f5imaldab s\u00e4\u00e4sta aega ja vaeva ning nautida koheselt t\u00e4ielikku taktikalist varustust.<\/p>\n","protected":false},"featured_media":16559,"comment_status":"open","ping_status":"closed","template":"","meta":[],"product_brand":[],"product_cat":[615,813,656],"product_tag":[],"woo-feed-brand":[50],"class_list":{"0":"post-16805","1":"product","2":"type-product","3":"status-publish","4":"has-post-thumbnail","6":"product_cat-ballistiline-mask","7":"product_cat-kiire","8":"product_cat-kuulikindel-kiiver","9":"woo-feed-brand-tyditiao","11":"first","12":"instock","13":"sale","14":"shipping-taxable","15":"purchasable","16":"product-type-simple"},"_links":{"self":[{"href":"https:\/\/tyditiao.com\/et\/wp-json\/wp\/v2\/product\/16805","targetHints":{"allow":["GET"]}}],"collection":[{"href":"https:\/\/tyditiao.com\/et\/wp-json\/wp\/v2\/product"}],"about":[{"href":"https:\/\/tyditiao.com\/et\/wp-json\/wp\/v2\/types\/product"}],"replies":[{"embeddable":true,"href":"https:\/\/tyditiao.com\/et\/wp-json\/wp\/v2\/comments?post=16805"}],"wp:featuredmedia":[{"embeddable":true,"href":"https:\/\/tyditiao.com\/et\/wp-json\/wp\/v2\/media\/16559"}],"wp:attachment":[{"href":"https:\/\/tyditiao.com\/et\/wp-json\/wp\/v2\/media?parent=16805"}],"wp:term":[{"taxonomy":"product_brand","embeddable":true,"href":"https:\/\/tyditiao.com\/et\/wp-json\/wp\/v2\/product_brand?post=16805"},{"taxonomy":"product_cat","embeddable":true,"href":"https:\/\/tyditiao.com\/et\/wp-json\/wp\/v2\/product_cat?post=16805"},{"taxonomy":"product_tag","embeddable":true,"href":"https:\/\/tyditiao.com\/et\/wp-json\/wp\/v2\/product_tag?post=16805"},{"taxonomy":"woo-feed-brand","embeddable":true,"href":"https:\/\/tyditiao.com\/et\/wp-json\/wp\/v2\/woo-feed-brand?post=16805"}],"curies":[{"name":"wp","href":"https:\/\/api.w.org\/{rel}","templated":true}]}}