{"id":16806,"date":"2025-04-17T11:28:35","date_gmt":"2025-04-17T09:28:35","guid":{"rendered":"https:\/\/tyditiao.com\/product\/ballistiline-kiiver-nao-ja-louakaitsega-tdtm-3-taielik-nij-iiia-kaitse-ideaalne-ekstreemsete-taktikaliste-tingimuste-jaoks\/"},"modified":"2025-04-20T03:38:43","modified_gmt":"2025-04-20T01:38:43","slug":"ballistiline-kiiver-nao-ja-louakaitsega-tdtm-3-taielik-nij-iiia-kaitse-ideaalne-ekstreemsete-taktikaliste-tingimuste-jaoks","status":"publish","type":"product","link":"https:\/\/tyditiao.com\/et\/toode\/ballistiline-kiiver-nao-ja-louakaitsega-tdtm-3-taielik-nij-iiia-kaitse-ideaalne-ekstreemsete-taktikaliste-tingimuste-jaoks\/","title":{"rendered":"ballistiline kiiver n\u00e4o- ja l\u00f5uakaitsega, TDTM-3, t\u00e4ielik NIJ IIIA kaitse, ideaalne ekstreemsete taktikaliste tingimuste jaoks"},"content":{"rendered":"<p>K\u00f5rge tugevusega kuulikindel klaas: kvaliteetne kuulikindel klaas kaitseb t\u00f5husalt teie n\u00e4gu plahvatuse v\u00f5i l\u00f6\u00f6gi korral, tagades samas suurep\u00e4rase n\u00e4htavuse.<\/p>\n<p>L\u00f5uakaitse moodul: spetsiaalselt l\u00f5ualuu piirkonna kaitsmiseks loodud moodul, mis pakub t\u00e4iendavat kaitset l\u00f5uale, kaitseb vigastuste eest taktikaliste operatsioonide ajal.<\/p>\n<p>Mugav reguleerimiss\u00fcsteem: Varustatud reguleeritava vedrustuss\u00fcsteemi ja suure tihedusega m\u00e4luvahtpolstriga, mis tagab pehmenduse, imab niiskust ja higi ning v\u00e4hendab v\u00e4simust pikaajalisel kasutamisel. Erinevate suuruste (S, M, L, XL) saadavus tagab mugava sobivuse peakujuga. <\/p>\n<p>Taktikaliste tarvikute paigaldamine: kiivril on mitu kinnituspunkti, mis v\u00f5imaldavad kiirelt paigaldada \u00f6ise n\u00e4gemise, sidevahendite ja muude taktikaliste tarvikute, mis vastavad spetsiaalsete lahinguoperatsioonide n\u00f5uetele.<\/p>\n<p><strong>Erim\u00e4rkused:<\/strong><\/p>\n<p>See NIJ IIIA klassi ballistiline kiiver pakub taktikaliste operatsioonide ajal igak\u00fclgset peakaitset. See oli spetsiaalselt loodud s\u00f5durite ohutuse tagamiseks \u00e4\u00e4rmuslikes tingimustes. Olenemata sellest, kas tegemist on kuulikindla klaasiga n\u00e4ol v\u00f5i kuulikindlate moodulitega l\u00f5ualuul, pakuvad need v\u00f5rratut kaitset kildude, kildude ja l\u00f6\u00f6gikahjustuste eest. L\u00e4bim\u00f5eldud disain ja mugavuse reguleerimise s\u00fcsteem tagavad maksimaalse mugavuse pikaajalise v\u00f5itluse ajal. Olgu see lahinguv\u00e4ljal, korrakaitseoperatsioonil v\u00f5i koolituskeskkonnas, saame teile pakkuda kindlat tuge.    <\/p>\n<p>Kui erilist m\u00e4rkust pole, on vaikekonfiguratsioon: suurus L, v\u00e4rvus roheline. Lisaks pakume laias valikus v\u00e4rve (liiv\/must\/roheline\/MC kamuflaa\u017e\/hundipruun) ja suurusi (S, M, L, XL). <\/p>\n<p>Pole t\u00e4htis, kus te ka poleks, saate oma tellimuse esitada otse selle lingi kaudu ja sooritada ostu probleemideta. Lihtsalt t\u00e4psusta tellimuse m\u00e4rkustes soovitud suurus ja v\u00e4rv (n\u00e4iteks: XL-must) ja saadki oma unistuste varustuse. Muude v\u00e4rvide ja suuruste valimisel me lisatasusid ei v\u00f5ta.  <\/p>\n<hr>\n<p><strong>Stsenaariumide kohta:<\/strong><\/p>\n<p>Erioperatsioonide v\u00e4ed<br \/>\nJ\u00f5ustamine k\u00f5rge riskiga keskkondades<br \/>\n\u00d5uespordi- ja lasketreeningud<br \/>\nP\u00e4\u00e4ste- ja m\u00e4ssut\u00f5rjemissioonid<\/p>\n<hr>\n<p><strong>Kaitsem\u00fcrsu parameetrid:<\/strong><\/p>\n<p>.44 Mag SJHP<br \/>\n.357 SIG FMJ FN<br \/>\n9mm FMJ RN<br \/>\n.357 Mag JSP<br \/>\n.40 S&amp;W FMJ<\/p>\n<p>Samuti pakub see kaitset enamiku tulirelvaohtude, aga ka IIA ja II klassi ohtude eest.<\/p>\n<hr>\n<p><strong>parameeter:<\/strong><\/p>\n<p>Kiivri mudel: TDTM-3<br \/>\nMaterjal: Kiiver ja suukaitse on valmistatud UHMWPE-st<br \/>\nKaal: umbes 2,8 kg (kuulikindel kiiver + kuulikindel mask + suukaitse)<br \/>\nSuurused: S (53-59cm), M (53-59cm), L (56-59cm), L (58-62cm)<br \/>\nV\u00e4rv: must\/roheline\/MC Camo\/hundipruun<br \/>\nStruktuur: kiivri keha- ja n\u00e4okaitsekomponendid (eemaldatavad)<br \/>\nKaitseala: kiivri korpus \u2265 0,125 mm, kaitseprillid \u2265 0,025 m, otsmik \u2265 0,04 m<\/p>\n<p>&nbsp;<\/p>\n","protected":false},"excerpt":{"rendered":"<p>P\u00f5hjalik kaitse: \u00fchendab kuulikindla n\u00e4okaitse ja l\u00f5ualuu kaitsemooduli, et pakkuda 360-kraadist kaitset kogu peale, tagades t\u00e4ieliku ohutuse k\u00f5rge riskiga keskkondades.<\/p>\n<p>Optimeeritud raskuskese, stabiilne sobivus: t\u00e4pselt kujundatud kiivri struktuur tagab raskuskeskme ratsionaalse jaotuse, v\u00e4listades p\u00f5rutused jooksmisel v\u00f5i h\u00fcppamisel. See v\u00f5imaldab s\u00e4ilitada painduvust ja vabadust seisvas asendis sihtimisel, laskmisel, taktikaliste man\u00f6\u00f6vrite sooritamisel ja muudel tegevustel. \u00dcldkaalu on v\u00e4hendatud maksimaalse v\u00f5imaliku tasemeni, s\u00e4ilitades samal ajal t\u00e4ieliku kaitse.  <\/p>\n<p>NIJ IIIA kaitsestandard: vastab NIJ IIIA standarditele, kaitstes t\u00f5husalt madala kuni keskmise ohuga r\u00fcnnakute eest, nagu k\u00e4sirelvade kuulid ja \u0161rapnellid, suurendades taktikalist ohutust.<\/p>\n","protected":false},"featured_media":16752,"comment_status":"open","ping_status":"closed","template":"","meta":[],"product_brand":[],"product_cat":[615,656],"product_tag":[],"woo-feed-brand":[50],"class_list":{"0":"post-16806","1":"product","2":"type-product","3":"status-publish","4":"has-post-thumbnail","6":"product_cat-ballistiline-mask","7":"product_cat-kuulikindel-kiiver","8":"woo-feed-brand-tyditiao","10":"first","11":"instock","12":"sale","13":"shipping-taxable","14":"purchasable","15":"product-type-simple"},"_links":{"self":[{"href":"https:\/\/tyditiao.com\/et\/wp-json\/wp\/v2\/product\/16806","targetHints":{"allow":["GET"]}}],"collection":[{"href":"https:\/\/tyditiao.com\/et\/wp-json\/wp\/v2\/product"}],"about":[{"href":"https:\/\/tyditiao.com\/et\/wp-json\/wp\/v2\/types\/product"}],"replies":[{"embeddable":true,"href":"https:\/\/tyditiao.com\/et\/wp-json\/wp\/v2\/comments?post=16806"}],"wp:featuredmedia":[{"embeddable":true,"href":"https:\/\/tyditiao.com\/et\/wp-json\/wp\/v2\/media\/16752"}],"wp:attachment":[{"href":"https:\/\/tyditiao.com\/et\/wp-json\/wp\/v2\/media?parent=16806"}],"wp:term":[{"taxonomy":"product_brand","embeddable":true,"href":"https:\/\/tyditiao.com\/et\/wp-json\/wp\/v2\/product_brand?post=16806"},{"taxonomy":"product_cat","embeddable":true,"href":"https:\/\/tyditiao.com\/et\/wp-json\/wp\/v2\/product_cat?post=16806"},{"taxonomy":"product_tag","embeddable":true,"href":"https:\/\/tyditiao.com\/et\/wp-json\/wp\/v2\/product_tag?post=16806"},{"taxonomy":"woo-feed-brand","embeddable":true,"href":"https:\/\/tyditiao.com\/et\/wp-json\/wp\/v2\/woo-feed-brand?post=16806"}],"curies":[{"name":"wp","href":"https:\/\/api.w.org\/{rel}","templated":true}]}}