{"id":13210,"date":"2022-10-11T16:42:26","date_gmt":"2022-10-11T14:42:26","guid":{"rendered":"http:\/\/tyditiao.com\/product\/kevyt-ballistinen-aramidinaamio-taktinen-luodinkestava-nij-iiia-kokonaamari\/"},"modified":"2026-01-25T19:52:59","modified_gmt":"2026-01-25T17:52:59","slug":"ballistic-mask-aramid-nij-iiia-full-face-tactical-bulletproof-mask","status":"publish","type":"product","link":"https:\/\/tyditiao.com\/fi\/tuote\/ballistic-mask-aramid-nij-iiia-full-face-tactical-bulletproof-mask\/","title":{"rendered":"kevyt ballistinen aramidinaamio, taktinen luodinkest\u00e4v\u00e4 NIJ IIIA kokonaamari"},"content":{"rendered":"<p>Paino: 0,85 kg<\/p>\n<p>Materiaali: Aramidi<\/p>\n<p>Paksuus: 8 mm paksu aramidi ja 1 mm pinnoite<\/p>\n<p>Suojausluokka: NIJ 0101.06 taso IIIA<\/p>\n<p>Koko: Yksi koko sopii kaikille<\/p>\n<p>Voimassaolo: 5 vuotta<\/p>\n<p>Sovellettavat skenaariot: kodin suojaus, turvallisuus, poliisin varusteet, varsinainen taistelu, cosplay<\/p>\n<p>OEM\/ODM-palvelu saatavilla pyynn\u00f6st\u00e4<\/p>\n<p>Pakkausluettelo: 1X koko kasvot luodinkest\u00e4v\u00e4 maski<\/p>\n","protected":false},"excerpt":{"rendered":"<p>Suojaa t\u00e4rkeimm\u00e4t alueet minimaalisella painolla: peitt\u00e4\u00e4 t\u00e4ydellisesti k\u00e4ytt\u00e4j\u00e4n kasvot loukkauksen varalta<\/p>\n<p>Materiaali: Valmistettu edistyneist\u00e4 kevlar-kuiduista, jotka ovat 15 kertaa vahvempia kuin ter\u00e4s luotien uhan minimoimiseksi<\/p>\n<p>Ainutlaatuinen ergonominen muotoilu: 6 pisteen s\u00e4\u00e4dett\u00e4v\u00e4 nailoninen sanka ja lis\u00e4pehmusteet sopivat mihin tahansa p\u00e4\u00e4n muotoon ja parantavat k\u00e4ytt\u00f6mukavuutta<\/p>\n<p>Soveltuvat k\u00e4ytt\u00f6tarkoitukset: kodin suojelu, kentt\u00e4koulutus, henkivartijat, vaarallisiin operaatioihin osallistuva henkil\u00f6st\u00f6 ulkomaisilla aseellisilla konfliktialueilla, armeija, cosplay jne.<\/p>\n","protected":false},"featured_media":11636,"comment_status":"open","ping_status":"closed","template":"","meta":[],"product_brand":[],"product_cat":[617],"product_tag":[],"woo-feed-brand":[50],"class_list":{"0":"post-13210","1":"product","2":"type-product","3":"status-publish","4":"has-post-thumbnail","6":"product_cat-ballistinen-naamio","7":"product_shipping_class-0-3-kg-fi","8":"woo-feed-brand-tyditiao","10":"first","11":"instock","12":"sale","13":"shipping-taxable","14":"purchasable","15":"product-type-simple"},"_links":{"self":[{"href":"https:\/\/tyditiao.com\/fi\/wp-json\/wp\/v2\/product\/13210","targetHints":{"allow":["GET"]}}],"collection":[{"href":"https:\/\/tyditiao.com\/fi\/wp-json\/wp\/v2\/product"}],"about":[{"href":"https:\/\/tyditiao.com\/fi\/wp-json\/wp\/v2\/types\/product"}],"replies":[{"embeddable":true,"href":"https:\/\/tyditiao.com\/fi\/wp-json\/wp\/v2\/comments?post=13210"}],"wp:featuredmedia":[{"embeddable":true,"href":"https:\/\/tyditiao.com\/fi\/wp-json\/wp\/v2\/media\/11636"}],"wp:attachment":[{"href":"https:\/\/tyditiao.com\/fi\/wp-json\/wp\/v2\/media?parent=13210"}],"wp:term":[{"taxonomy":"product_brand","embeddable":true,"href":"https:\/\/tyditiao.com\/fi\/wp-json\/wp\/v2\/product_brand?post=13210"},{"taxonomy":"product_cat","embeddable":true,"href":"https:\/\/tyditiao.com\/fi\/wp-json\/wp\/v2\/product_cat?post=13210"},{"taxonomy":"product_tag","embeddable":true,"href":"https:\/\/tyditiao.com\/fi\/wp-json\/wp\/v2\/product_tag?post=13210"},{"taxonomy":"woo-feed-brand","embeddable":true,"href":"https:\/\/tyditiao.com\/fi\/wp-json\/wp\/v2\/woo-feed-brand?post=13210"}],"curies":[{"name":"wp","href":"https:\/\/api.w.org\/{rel}","templated":true}]}}