{"id":13456,"date":"2023-03-05T03:22:19","date_gmt":"2023-05-22T13:59:02","guid":{"rendered":"http:\/\/tyditiao.com\/product\/mich2000-ballistinen-kypara-3a-taktinen-ballistinen-kypara-erikoiskoko-mukautettu-vari-erillinen-ostolinkki\/"},"modified":"2023-05-22T15:59:02","modified_gmt":"2023-05-22T13:59:02","slug":"mich2000-luodinkestava-kypara-3a-taktinen-ballistinen-kypara-erikoiskoko-muokattu-vari-omistettu-ostolinkki","status":"publish","type":"product","link":"https:\/\/tyditiao.com\/fi\/tuote\/mich2000-luodinkestava-kypara-3a-taktinen-ballistinen-kypara-erikoiskoko-muokattu-vari-omistettu-ostolinkki\/","title":{"rendered":"Mich2000 ballistinen kyp\u00e4r\u00e4, 3A taktinen ballistinen kyp\u00e4r\u00e4, erikoiskoko, mukautettu v\u00e4ri, erillinen ostolinkki"},"content":{"rendered":"<p><strong>Tietoja Mich2000-kyp\u00e4r\u00e4n koosta:<\/strong> Olemme lis\u00e4nneet t\u00e4h\u00e4n Mich 3A:n taktiseen ballistiseen kyp\u00e4r\u00e4\u00e4n pieni\u00e4 ja suuria tuotantomuotteja vastataksemme erilaisiin tarpeisiin. Koko M on normaali koko ja sopii useimmille ihmisille. Jos luulet, ett\u00e4 pieni koko vastaa paremmin omia vaatimuksiasi tai k\u00e4ytt\u00f6tottumuksiasi, valitse pieni koko, muussa tapauksessa valitse suuri koko.<\/p>\n<p><strong>Tietoja Mich2000 luodinkest\u00e4v\u00e4n kyp\u00e4r\u00e4n v\u00e4rist\u00e4:<\/strong> Mich 3A taktinen luodinkest\u00e4v\u00e4 kyp\u00e4r\u00e4, valmistamme p\u00e4\u00e4asiassa kolmea v\u00e4ri\u00e4: musta, vaaleanruskea ja vihre\u00e4. Mutta samalla voimme tuottaa mit\u00e4 tahansa v\u00e4ri\u00e4 tai erilaisia asiakkaiden m\u00e4\u00e4rittelemi\u00e4 naamiointikuvioita, kuten mets\u00e4maa-, viidakko-, autiomaa-, meri- ja kaupunkinaamiointia jne. Jos aiot tilata yli 10 kyp\u00e4r\u00e4\u00e4 , ota meihin yhteytt\u00e4, saat t\u00e4m\u00e4n mukautetun v\u00e4ripalvelun ilmaiseksi, l\u00e4het\u00e4 meille vain haluamasi v\u00e4rikuvio.<\/p>\n<p>MICH2000-kyp\u00e4r\u00e4 luodinkest\u00e4v\u00e4 kyp\u00e4r\u00e4: 0101.06 standardi IIIA-taso<\/p>\n<p>Materiaali: Kest\u00e4v\u00e4 Kevlar-Dupont Aramid Fiber<\/p>\n<p>MICH2000 Ballistic Helmet -kyp\u00e4r\u00e4ss\u00e4 on suurempi suojapinta-ala ja matala muotoilu, joka peitt\u00e4\u00e4 paremmin p\u00e4\u00e4n sivut, mik\u00e4 on viel\u00e4kin hy\u00f6dyllisemp\u00e4\u00e4, jos et aio asentaa paljon lis\u00e4varusteita.<\/p>\n<p>Mich2000 ballistisen kyp\u00e4r\u00e4n nelj\u00e4n pisteen kiinnitysj\u00e4rjestelm\u00e4 on samanlainen kuin rullalauta- ja py\u00f6r\u00e4ilykyp\u00e4riss\u00e4 olevat suojat ja hihnat.<\/p>\n","protected":false},"excerpt":{"rendered":"<p>Tietoja Mich2000-kyp\u00e4r\u00e4n koosta: Olemme lis\u00e4nneet t\u00e4h\u00e4n Mich 3A:n taktiseen ballistiseen kyp\u00e4r\u00e4\u00e4n pieni\u00e4 ja suuria tuotantomuotteja vastataksemme erilaisiin tarpeisiin. Koko M&#8230;<\/p>\n","protected":false},"featured_media":9204,"comment_status":"open","ping_status":"closed","template":"","meta":[],"product_brand":[],"product_cat":[665,796],"product_tag":[],"woo-feed-brand":[],"class_list":{"0":"post-13456","1":"product","2":"type-product","3":"status-publish","4":"has-post-thumbnail","6":"product_cat-luodinkestava-kypara","7":"product_cat-mich2000-fi","9":"first","10":"instock","11":"sale","12":"shipping-taxable","13":"purchasable","14":"product-type-variable","15":"has-default-attributes"},"_links":{"self":[{"href":"https:\/\/tyditiao.com\/fi\/wp-json\/wp\/v2\/product\/13456","targetHints":{"allow":["GET"]}}],"collection":[{"href":"https:\/\/tyditiao.com\/fi\/wp-json\/wp\/v2\/product"}],"about":[{"href":"https:\/\/tyditiao.com\/fi\/wp-json\/wp\/v2\/types\/product"}],"replies":[{"embeddable":true,"href":"https:\/\/tyditiao.com\/fi\/wp-json\/wp\/v2\/comments?post=13456"}],"wp:featuredmedia":[{"embeddable":true,"href":"https:\/\/tyditiao.com\/fi\/wp-json\/wp\/v2\/media\/9204"}],"wp:attachment":[{"href":"https:\/\/tyditiao.com\/fi\/wp-json\/wp\/v2\/media?parent=13456"}],"wp:term":[{"taxonomy":"product_brand","embeddable":true,"href":"https:\/\/tyditiao.com\/fi\/wp-json\/wp\/v2\/product_brand?post=13456"},{"taxonomy":"product_cat","embeddable":true,"href":"https:\/\/tyditiao.com\/fi\/wp-json\/wp\/v2\/product_cat?post=13456"},{"taxonomy":"product_tag","embeddable":true,"href":"https:\/\/tyditiao.com\/fi\/wp-json\/wp\/v2\/product_tag?post=13456"},{"taxonomy":"woo-feed-brand","embeddable":true,"href":"https:\/\/tyditiao.com\/fi\/wp-json\/wp\/v2\/woo-feed-brand?post=13456"}],"curies":[{"name":"wp","href":"https:\/\/api.w.org\/{rel}","templated":true}]}}