{"id":13636,"date":"2023-03-05T03:17:44","date_gmt":"2023-05-22T14:05:07","guid":{"rendered":"http:\/\/tyditiao.com\/product\/fast-luodinkestava-kypara-nij-iiia-kevyt-luodinkestava-kypara-erikoiskoko-mukautettu-vari-erityinen-ostolinkki\/"},"modified":"2023-05-22T16:05:07","modified_gmt":"2023-05-22T14:05:07","slug":"fast-helm-bulletproof-nij-iiia-light-ballistic-helm-special-size-custom-color-dedicated-purchase-link","status":"publish","type":"product","link":"https:\/\/tyditiao.com\/fi\/tuote\/fast-helm-bulletproof-nij-iiia-light-ballistic-helm-special-size-custom-color-dedicated-purchase-link\/","title":{"rendered":"FAST luodinkest\u00e4v\u00e4 kyp\u00e4r\u00e4, NIJ IIIA kevyt luodinkest\u00e4v\u00e4 kyp\u00e4r\u00e4, erikoiskoko, mukautettu v\u00e4ri, erityinen ostolinkki"},"content":{"rendered":"<p><strong>FAST luodinkest\u00e4v\u00e4n kyp\u00e4r\u00e4n koko:<\/strong> Olemme lis\u00e4nneet FAST kevyeen luodinkest\u00e4v\u00e4\u00e4n kyp\u00e4r\u00e4\u00e4n pieni\u00e4 ja suuria tuotantomuotteja vastaamaan k\u00e4ytt\u00e4ji\u00e4 erilaisiin tarpeisiin. M on normaali koko ja sopii useimmille ihmisille. Jos uskot, ett\u00e4 pieni koko vastaa tarpeitasi tai k\u00e4ytt\u00f6tottumuksiasi, valitse S-koko, muussa tapauksessa valitse L-koko.<\/p>\n<p><strong>Fast Light luodinkest\u00e4v\u00e4n kyp\u00e4r\u00e4n v\u00e4rit:<\/strong> Valmistamiemme Fast Light -luotikyp\u00e4r\u00e4n v\u00e4rit ovat p\u00e4\u00e4asiassa musta, vaaleanruskea ja vihre\u00e4. Mutta samalla pystymme valmistamaan asiakkaan m\u00e4\u00e4rittelemi\u00e4 v\u00e4rej\u00e4 tai erilaisia naamiointikuvioita, kuten mets\u00e4naamiointia, viidakon naamiointia, aavikkonaamiointia, valtameren naamiointia ja kaupunkinaamiointia. Jos aiot tilata yli 10 kyp\u00e4r\u00e4\u00e4, ota meihin yhteytt\u00e4, saat t\u00e4m\u00e4n mukautetun v\u00e4ripalvelun ilmaiseksi, l\u00e4het\u00e4 meille vain haluamasi v\u00e4rikuvio.<\/p>\n<p>FAST luodinkest\u00e4v\u00e4 kaksoiskyp\u00e4r\u00e4taso: 0101.06 standardi IIIA taso<\/p>\n<p>Materiaali: Kest\u00e4v\u00e4 Kevlar-Dupont Aramid Fiber<\/p>\n<p>Tavallisiin armeijakyp\u00e4riin verrattuna FAST-kyp\u00e4r\u00e4t ovat 25 % kevyempi\u00e4. Kyp\u00e4r\u00e4n jousitusj\u00e4rjestelm\u00e4n avulla k\u00e4ytt\u00e4j\u00e4t voivat helposti s\u00e4\u00e4t\u00e4\u00e4 kyp\u00e4r\u00e4n tiukkuutta tai tiukkuutta nappia painamalla optimaalisen mukavuuden saavuttamiseksi.<\/p>\n","protected":false},"excerpt":{"rendered":"<p>FAST luodinkest\u00e4v\u00e4n kyp\u00e4r\u00e4n koko: Olemme lis\u00e4nneet FAST kevyeen luodinkest\u00e4v\u00e4\u00e4n kyp\u00e4r\u00e4\u00e4n pieni\u00e4 ja suuria tuotantomuotteja vastaamaan k\u00e4ytt\u00e4ji\u00e4 erilaisiin tarpeisiin. M on&#8230;<\/p>\n","protected":false},"featured_media":10268,"comment_status":"open","ping_status":"closed","template":"","meta":[],"product_brand":[],"product_cat":[665,814],"product_tag":[],"woo-feed-brand":[],"class_list":{"0":"post-13636","1":"product","2":"type-product","3":"status-publish","4":"has-post-thumbnail","6":"product_cat-luodinkestava-kypara","7":"product_cat-nopeasti","9":"first","10":"instock","11":"sale","12":"shipping-taxable","13":"purchasable","14":"product-type-variable","15":"has-default-attributes"},"_links":{"self":[{"href":"https:\/\/tyditiao.com\/fi\/wp-json\/wp\/v2\/product\/13636","targetHints":{"allow":["GET"]}}],"collection":[{"href":"https:\/\/tyditiao.com\/fi\/wp-json\/wp\/v2\/product"}],"about":[{"href":"https:\/\/tyditiao.com\/fi\/wp-json\/wp\/v2\/types\/product"}],"replies":[{"embeddable":true,"href":"https:\/\/tyditiao.com\/fi\/wp-json\/wp\/v2\/comments?post=13636"}],"wp:featuredmedia":[{"embeddable":true,"href":"https:\/\/tyditiao.com\/fi\/wp-json\/wp\/v2\/media\/10268"}],"wp:attachment":[{"href":"https:\/\/tyditiao.com\/fi\/wp-json\/wp\/v2\/media?parent=13636"}],"wp:term":[{"taxonomy":"product_brand","embeddable":true,"href":"https:\/\/tyditiao.com\/fi\/wp-json\/wp\/v2\/product_brand?post=13636"},{"taxonomy":"product_cat","embeddable":true,"href":"https:\/\/tyditiao.com\/fi\/wp-json\/wp\/v2\/product_cat?post=13636"},{"taxonomy":"product_tag","embeddable":true,"href":"https:\/\/tyditiao.com\/fi\/wp-json\/wp\/v2\/product_tag?post=13636"},{"taxonomy":"woo-feed-brand","embeddable":true,"href":"https:\/\/tyditiao.com\/fi\/wp-json\/wp\/v2\/woo-feed-brand?post=13636"}],"curies":[{"name":"wp","href":"https:\/\/api.w.org\/{rel}","templated":true}]}}