{"id":13923,"date":"2023-01-16T12:36:49","date_gmt":"2023-01-16T10:36:49","guid":{"rendered":"http:\/\/tyditiao.com\/product\/piilotettava-vartalopanssari-luodinkestava-liivi-nij-iiia-suojatasolla-henkilokohtaiset-ulkoiluvarusteet\/"},"modified":"2026-01-25T19:51:31","modified_gmt":"2026-01-25T17:51:31","slug":"piilotettava-luotinkestava-liivi-luodinkestava-liivi-ni-iiia-suojaustaso-henkilokohtaiset-turvavarusteet-ulkona","status":"publish","type":"product","link":"https:\/\/tyditiao.com\/fi\/tuote\/piilotettava-luotinkestava-liivi-luodinkestava-liivi-ni-iiia-suojaustaso-henkilokohtaiset-turvavarusteet-ulkona\/","title":{"rendered":"Piilotettava vartalopanssari, luodinkest\u00e4v\u00e4 liivi NIJ IIIA suojatasolla, henkil\u00f6kohtaiset ulkoiluvarusteet"},"content":{"rendered":"<p>Materiaali: Eritt\u00e4in korkeamolekyylinen PE-materiaali, joka kest\u00e4\u00e4 useita laukauksia ja pysyy joustavana. Sen ominaisuudet ovat keveys, pehmeys, mukavuus, erinomainen UV-kest\u00e4vyys, alhainen kosteusherkkyys ja vedenkest\u00e4vyys.<\/p>\n<p>Suojausluokka: NIJ IIIA etu- ja takasuojat<\/p>\n<p>Estett\u00e4v\u00e4t luodit:<br \/>\n.44 Magnum<br \/>\n.40 S&amp;W, .357 Magnum, .45<br \/>\nkonepistooli 9mm<br \/>\nPuolivaippaiset onttok\u00e4rkiset (SJHP) luodit<br \/>\nT\u00e4ysmetalliammuskalibrointi 9 mm, nimellispaino 8,0 g (124 g), t\u00f6rm\u00e4ysnopeus 426 m\/s (1 400 ft\/s) tai v\u00e4hemm\u00e4n<br \/>\nTarjoaa my\u00f6s suojan useimpia k\u00e4siaseuhkia sek\u00e4 luokan IIA ja II uhkia vastaan<\/p>\n<p>V\u00e4ri: Musta<br \/>\nSukupuoli: Unisex<br \/>\nVaatetyyppi: liivi, toppi<br \/>\nHihan tyyppi: Hihaton<br \/>\nToiminto: Luodinkest\u00e4v\u00e4<br \/>\nkoko: yksi koko<br \/>\nPaino: 2,5kg<br \/>\nPesu: Sis\u00e4vuori ja p\u00e4\u00e4llysvaatteet voidaan erottaa, sisemp\u00e4\u00e4 luodinkest\u00e4v\u00e4\u00e4 kerrosta ei voi pest\u00e4, puhdista vain ulkokerros<\/p>\n<p>Pakkaus: 1 x luodinkest\u00e4v\u00e4 liivi (NIJ IIIA)<\/p>\n","protected":false},"excerpt":{"rendered":"<p>Pehme\u00e4 ja kevyt: joustava, mukava k\u00e4ytt\u00e4\u00e4, ei periaatteessa vaikuta ihmiskehoon juoksemaan tai kyykkyyn<\/p>\n<p>Loistava peitto: S\u00e4\u00e4dett\u00e4v\u00e4 4 eri kohdasta tarranauhalla helpottaaksesi piilottamista vaatteiden alle<\/p>\n<p>NIJ IIIA -suojaus: korkein t\u00e4ll\u00e4 hetkell\u00e4 saatavilla oleva suojaustaso luodinkest\u00e4viss\u00e4 liiveiss\u00e4<\/p>\n<p>Hyv\u00e4 laajennuskyky: etu- ja takapanssaritaskut voidaan kiinnitt\u00e4\u00e4 luodinkest\u00e4v\u00e4ll\u00e4 ter\u00e4slevyll\u00e4 lis\u00e4suojan saamiseksi omien tarpeidensa mukaan<\/p>\n<p>Soveltuvat henkil\u00f6t: Toimittajat ja sotilashenkil\u00f6t matkustavat sodan runtelemien alueiden l\u00e4pi, ja heit\u00e4 voidaan k\u00e4ytt\u00e4\u00e4 my\u00f6s kotipuolustukseen oman turvallisuutensa ja ruumiinsa suojaamiseksi luodeilta ja roskilta<\/p>\n","protected":false},"featured_media":12415,"comment_status":"open","ping_status":"closed","template":"","meta":[],"product_brand":[],"product_cat":[852],"product_tag":[],"woo-feed-brand":[50],"class_list":{"0":"post-13923","1":"product","2":"type-product","3":"status-publish","4":"has-post-thumbnail","6":"product_cat-taktinen-liivi","7":"woo-feed-brand-tyditiao","9":"first","10":"instock","11":"sale","12":"shipping-taxable","13":"purchasable","14":"product-type-simple"},"_links":{"self":[{"href":"https:\/\/tyditiao.com\/fi\/wp-json\/wp\/v2\/product\/13923","targetHints":{"allow":["GET"]}}],"collection":[{"href":"https:\/\/tyditiao.com\/fi\/wp-json\/wp\/v2\/product"}],"about":[{"href":"https:\/\/tyditiao.com\/fi\/wp-json\/wp\/v2\/types\/product"}],"replies":[{"embeddable":true,"href":"https:\/\/tyditiao.com\/fi\/wp-json\/wp\/v2\/comments?post=13923"}],"wp:featuredmedia":[{"embeddable":true,"href":"https:\/\/tyditiao.com\/fi\/wp-json\/wp\/v2\/media\/12415"}],"wp:attachment":[{"href":"https:\/\/tyditiao.com\/fi\/wp-json\/wp\/v2\/media?parent=13923"}],"wp:term":[{"taxonomy":"product_brand","embeddable":true,"href":"https:\/\/tyditiao.com\/fi\/wp-json\/wp\/v2\/product_brand?post=13923"},{"taxonomy":"product_cat","embeddable":true,"href":"https:\/\/tyditiao.com\/fi\/wp-json\/wp\/v2\/product_cat?post=13923"},{"taxonomy":"product_tag","embeddable":true,"href":"https:\/\/tyditiao.com\/fi\/wp-json\/wp\/v2\/product_tag?post=13923"},{"taxonomy":"woo-feed-brand","embeddable":true,"href":"https:\/\/tyditiao.com\/fi\/wp-json\/wp\/v2\/woo-feed-brand?post=13923"}],"curies":[{"name":"wp","href":"https:\/\/api.w.org\/{rel}","templated":true}]}}