{"id":13943,"date":"2022-10-21T05:25:40","date_gmt":"2022-10-21T03:25:40","guid":{"rendered":"http:\/\/tyditiao.com\/product\/uhmwpe-nij-taso-iiia-7-mm-05-kg-luodinkestava-rintalevy-250-x-300-mm\/"},"modified":"2026-01-25T19:51:39","modified_gmt":"2026-01-25T17:51:39","slug":"uhmwpe-nij-level-iiia-7mm-0-5kgn-rintalevy-luodinkestava-250x300mm","status":"publish","type":"product","link":"https:\/\/tyditiao.com\/fi\/tuote\/uhmwpe-nij-level-iiia-7mm-0-5kgn-rintalevy-luodinkestava-250x300mm\/","title":{"rendered":"UHMWPE, NIJ Taso IIIA, 7 mm, 0,5 kg, luodinkest\u00e4v\u00e4 rintalevy, 250 x 300 mm"},"content":{"rendered":"<p>Paino: 0,5kg<br \/>\nMateriaali: PE<br \/>\nPaksuus: 7mm<br \/>\nSuojausluokka: NIJ IIIA taso (GA4)<\/p>\n<p>Ulkokerros: musta vedenpit\u00e4v\u00e4 polyesterikangas;<br \/>\nMitat: 250x300mm \/ 9,8&#8243;x11,8&#8243;<br \/>\nMuoto: puolisuunnikkaan muotoinen (trapetsilevy, jossa on viistetyt kulmat)<\/p>\n<p>Pakkauslista:<br \/>\n1 x puolisuunnikkaan muotoinen luodinkest\u00e4v\u00e4 levy.<\/p>\n<p>Ilmoitus:<br \/>\nHeijastinliivi ei sis\u00e4lly<\/p>\n<p>Kohdek\u00e4ytt\u00e4j\u00e4t: Asevoimat, SWAT, Homeland Security, Tulli- ja rajavartiolaitokset, Immigration Control ja muut, jotka kohtaavat aseuhkia, voivat olla varustettuja tuotteillamme. Ihmiset saavat parempia tuloksia ja v\u00e4hemm\u00e4n uhreja. Tuote sopii paremmin my\u00f6s tilanteisiin, kuten pitk\u00e4n matkan teht\u00e4viin tai pitk\u00e4n matkan teht\u00e4viin. Se on my\u00f6s hyv\u00e4 valinta oman perheen turvaamiseksi<\/p>\n","protected":false},"excerpt":{"rendered":"<p>T\u00e4m\u00e4 vuoraus on valmistettu puhtaasta PE-kuidusta: etuna on keveys ja pienempi toissijaisten vaurioiden mahdollisuus paistamisen j\u00e4lkeen. Kun ammus on lukittu, se upotetaan ter\u00e4\u00e4n eritt\u00e4in pienell\u00e4 todenn\u00e4k\u00f6isyydell\u00e4<\/p>\n<p>Pure PE luodinkest\u00e4v\u00e4 levy, NIJ IIIA luokka: paino 0,5 kg, lyijytiivis, 54-tyypin, 64-tyypin pistooli, 79-tyypin konepistooli<\/p>\n<p>Puskurikerros: Jokaisen luodinkest\u00e4v\u00e4n levyn sis\u00e4ll\u00e4 on kerros iskunkest\u00e4v\u00e4\u00e4 EVA-vanutyyny\u00e4, joka voi tehokkaasti v\u00e4hent\u00e4\u00e4 vaikutusta ihmiskehoon pommituksen j\u00e4lkeen<\/p>\n<p>Kaksinkertainen kaarimuotoilu: Mekaaninen silitys laudan vasemmalla ja oikealla puolella ergonomisten periaatteiden mukaisesti saa kaarevat reunat istumaan t\u00e4ydellisesti vartaloon<\/p>\n","protected":false},"featured_media":12092,"comment_status":"open","ping_status":"closed","template":"","meta":[],"product_brand":[],"product_cat":[871],"product_tag":[],"woo-feed-brand":[50],"class_list":{"0":"post-13943","1":"product","2":"type-product","3":"status-publish","4":"has-post-thumbnail","6":"product_cat-luodinkestava-rintalevy","7":"woo-feed-brand-tyditiao","9":"first","10":"instock","11":"sale","12":"shipping-taxable","13":"purchasable","14":"product-type-simple"},"_links":{"self":[{"href":"https:\/\/tyditiao.com\/fi\/wp-json\/wp\/v2\/product\/13943","targetHints":{"allow":["GET"]}}],"collection":[{"href":"https:\/\/tyditiao.com\/fi\/wp-json\/wp\/v2\/product"}],"about":[{"href":"https:\/\/tyditiao.com\/fi\/wp-json\/wp\/v2\/types\/product"}],"replies":[{"embeddable":true,"href":"https:\/\/tyditiao.com\/fi\/wp-json\/wp\/v2\/comments?post=13943"}],"wp:featuredmedia":[{"embeddable":true,"href":"https:\/\/tyditiao.com\/fi\/wp-json\/wp\/v2\/media\/12092"}],"wp:attachment":[{"href":"https:\/\/tyditiao.com\/fi\/wp-json\/wp\/v2\/media?parent=13943"}],"wp:term":[{"taxonomy":"product_brand","embeddable":true,"href":"https:\/\/tyditiao.com\/fi\/wp-json\/wp\/v2\/product_brand?post=13943"},{"taxonomy":"product_cat","embeddable":true,"href":"https:\/\/tyditiao.com\/fi\/wp-json\/wp\/v2\/product_cat?post=13943"},{"taxonomy":"product_tag","embeddable":true,"href":"https:\/\/tyditiao.com\/fi\/wp-json\/wp\/v2\/product_tag?post=13943"},{"taxonomy":"woo-feed-brand","embeddable":true,"href":"https:\/\/tyditiao.com\/fi\/wp-json\/wp\/v2\/woo-feed-brand?post=13943"}],"curies":[{"name":"wp","href":"https:\/\/api.w.org\/{rel}","templated":true}]}}