{"id":13964,"date":"2022-10-21T05:22:48","date_gmt":"2023-05-22T15:51:35","guid":{"rendered":"http:\/\/tyditiao.com\/product\/luodinkestava-teras-nij-iii-5-mm-26-kg-luodinkestava-rintalevy-250-x-300-mm\/"},"modified":"2023-05-22T17:51:35","modified_gmt":"2023-05-22T15:51:35","slug":"bulletproof-steel-nij-level-iii-5mm-2-6kg-bustier-bulletproof-250x300mm","status":"publish","type":"product","link":"https:\/\/tyditiao.com\/fi\/tuote\/bulletproof-steel-nij-level-iii-5mm-2-6kg-bustier-bulletproof-250x300mm\/","title":{"rendered":"Luodinkest\u00e4v\u00e4 ter\u00e4s, NIJ III, 5 mm, 2,6 kg, luodinkest\u00e4v\u00e4 rintalevy, 250 x 300 mm"},"content":{"rendered":"<p>Paino: 2,6 kg<br \/>\nMateriaali: luodinkest\u00e4v\u00e4 ter\u00e4s;<br \/>\nPaksuus: 5mm<br \/>\nSuojausluokka: NIJ III luokka (GA5)<\/p>\n<p>Koko: 25cm * 30cm<br \/>\nMuoto: puolisuunnikkaan muotoinen (trapetsilevy, jossa on viistetyt kulmat)<\/p>\n<p>Pakkauslista:<br \/>\n1 x puolisuunnikkaan muotoinen luodinkest\u00e4v\u00e4 levy.<\/p>\n<p>Ilmoitus:<br \/>\nHeijastinliivi ei sis\u00e4lly<\/p>\n<p>K\u00e4ytt\u00e4j\u00e4t: perhepuolustus, riskeihin liittyv\u00e4 henkil\u00f6st\u00f6, pankkien valuuttapuolustus, ulkomaalainen sotilashenkil\u00f6st\u00f6, ulkomaalainen aseellinen konfliktihenkil\u00f6st\u00f6, turvallisuushenkil\u00f6st\u00f6, merimiehet, rajavartijat jne.<\/p>\n","protected":false},"excerpt":{"rendered":"<p>Valmistettu erityisest\u00e4 luodinkest\u00e4v\u00e4st\u00e4 ter\u00e4slevyst\u00e4: sama suojaustaso, jonka etuna on ohut ja kevyt.<\/p>\n<p>Puskurikerros: Jokaisen luodinkest\u00e4v\u00e4n levyn sis\u00e4ll\u00e4 on kerros iskunkest\u00e4v\u00e4\u00e4 EVA-vanutyyny\u00e4, joka voi tehokkaasti v\u00e4hent\u00e4\u00e4 vaikutusta ihmiskehoon pommituksen j\u00e4lkeen<\/p>\n<p>Kaksinkertainen kaarimuotoilu: Mekaaninen silitys laudan vasemmalla ja oikealla puolella ergonomisten periaatteiden mukaisesti saa kaarevat reunat istumaan t\u00e4ydellisesti vartaloon<\/p>\n<p>K\u00e4ytt\u00f6: K\u00e4yt\u00e4 turvallisuuden vuoksi taktisten liivien, takkien, ballististen reppujen, erilaisten vartaloliivien jne. kanssa.<\/p>\n","protected":false},"featured_media":11978,"comment_status":"open","ping_status":"closed","template":"","meta":[],"product_brand":[],"product_cat":[871],"product_tag":[],"woo-feed-brand":[50],"class_list":{"0":"post-13964","1":"product","2":"type-product","3":"status-publish","4":"has-post-thumbnail","6":"product_cat-luodinkestava-rintalevy","7":"woo-feed-brand-tyditiao","9":"first","10":"instock","11":"sale","12":"shipping-taxable","13":"purchasable","14":"product-type-simple"},"_links":{"self":[{"href":"https:\/\/tyditiao.com\/fi\/wp-json\/wp\/v2\/product\/13964","targetHints":{"allow":["GET"]}}],"collection":[{"href":"https:\/\/tyditiao.com\/fi\/wp-json\/wp\/v2\/product"}],"about":[{"href":"https:\/\/tyditiao.com\/fi\/wp-json\/wp\/v2\/types\/product"}],"replies":[{"embeddable":true,"href":"https:\/\/tyditiao.com\/fi\/wp-json\/wp\/v2\/comments?post=13964"}],"wp:featuredmedia":[{"embeddable":true,"href":"https:\/\/tyditiao.com\/fi\/wp-json\/wp\/v2\/media\/11978"}],"wp:attachment":[{"href":"https:\/\/tyditiao.com\/fi\/wp-json\/wp\/v2\/media?parent=13964"}],"wp:term":[{"taxonomy":"product_brand","embeddable":true,"href":"https:\/\/tyditiao.com\/fi\/wp-json\/wp\/v2\/product_brand?post=13964"},{"taxonomy":"product_cat","embeddable":true,"href":"https:\/\/tyditiao.com\/fi\/wp-json\/wp\/v2\/product_cat?post=13964"},{"taxonomy":"product_tag","embeddable":true,"href":"https:\/\/tyditiao.com\/fi\/wp-json\/wp\/v2\/product_tag?post=13964"},{"taxonomy":"woo-feed-brand","embeddable":true,"href":"https:\/\/tyditiao.com\/fi\/wp-json\/wp\/v2\/woo-feed-brand?post=13964"}],"curies":[{"name":"wp","href":"https:\/\/api.w.org\/{rel}","templated":true}]}}