{"id":14032,"date":"2022-10-21T05:15:35","date_gmt":"2022-10-21T03:15:35","guid":{"rendered":"http:\/\/tyditiao.com\/product\/alumiinioksidipe-nij-iv-23mm-29kg-luodinkestava-rintakilpi-250x300mm\/"},"modified":"2026-01-25T19:51:47","modified_gmt":"2026-01-25T17:51:47","slug":"alumiinioksidi-nij-level-iv-23mm-2-9kgnustro-luodinkestava-250x300mm","status":"publish","type":"product","link":"https:\/\/tyditiao.com\/fi\/tuote\/alumiinioksidi-nij-level-iv-23mm-2-9kgnustro-luodinkestava-250x300mm\/","title":{"rendered":"Alumiinioksidi+PE, NIJ IV, 23MM, 2,9KG, luodinkest\u00e4v\u00e4 rintakilpi, 250X300MM"},"content":{"rendered":"<p>Paino: 2,9 kg<br \/>\nMateriaali: alumiini + PE<br \/>\nPaksuus: 23mm<br \/>\nSuojausluokka: NIJ III luokka (GA6)<\/p>\n<p>Ulkokerros: musta vedenpit\u00e4v\u00e4 polyesterikangas;<br \/>\nMitat: 250x300mm \/ 9,8&#8243;x11,8&#8243;<br \/>\nMuoto: puolisuunnikkaan muotoinen (trapetsilevy, jossa on viistetyt kulmat)<\/p>\n<p>Pakkauslista:<br \/>\n1 x puolisuunnikkaan muotoinen luodinkest\u00e4v\u00e4 levy.<\/p>\n<p>Ilmoitus:<br \/>\nHeijastinliivi ei sis\u00e4lly<\/p>\n<p>Kohdek\u00e4ytt\u00e4j\u00e4t: Asevoimat, SWAT, Homeland Security, Tulli- ja rajavartiolaitokset, Immigration Control ja muut, jotka kohtaavat aseuhkia, voivat olla varustettuja tuotteillamme. Ihmiset saavat parempia tuloksia ja v\u00e4hemm\u00e4n uhreja. Tuote soveltuu paremmin my\u00f6s tilanteisiin, kuten pitk\u00e4n matkan teht\u00e4viin tai pitk\u00e4n matkan teht\u00e4viin. Se on my\u00f6s hyv\u00e4 valinta oman perheen turvaamiseksi<\/p>\n<p>Keraamiset luodinkest\u00e4v\u00e4t sis\u00e4osat valmistetaan yleens\u00e4 materiaaleista, kuten keraamista ja polyeteenist\u00e4 PE. S\u00e4\u00e4nt\u00f6 on: kun luoti osuu luodinkest\u00e4v\u00e4\u00e4n patruunaan, luoti osuu ensin keraamisen kerroksen yl\u00e4osaan. Ammuksen valtava iskuvoima v\u00e4littyy ymp\u00e4rist\u00f6\u00f6n absorboimalla ammuksen valtavan kineettisen energian. Kun ammus kulkee keraamisen kerroksen l\u00e4pi, se menett\u00e4\u00e4 suurimman osan kineettisest\u00e4 energiastaan. Kun ammus saavuttaa polyeteenikerroksen, polyeteeni haihduttaa ammuksen kineettist\u00e4 energiaa venytt\u00e4m\u00e4ll\u00e4 ja k\u00e4\u00e4rim\u00e4ll\u00e4 ammusta ja sirpaleita, mutta sill\u00e4 on vain v\u00e4h\u00e4n vaikutusta vartaloon, mik\u00e4 tarjoaa erinomaisen suojan.<\/p>\n","protected":false},"excerpt":{"rendered":"<p>Samalla ballistisella luokittelulla se on kevyempi kuin ter\u00e4s ja halvempi kuin piikarbidi, joten alumiinioksidikeraaminen ballistinen on hyv\u00e4 tasapaino.<\/p>\n<p>Yl\u00e4kerros on vett\u00e4hylkiv\u00e4\u00e4 polyesterikangasta ja paneeli on vedenpit\u00e4v\u00e4 ja likaa hylkiv\u00e4.<\/p>\n<p>Puskurikerros: Jokainen luodinkest\u00e4v\u00e4 levy on kiinnitetty EVA-iskunkest\u00e4v\u00e4n tyynyn sis\u00e4kerrokseen, mik\u00e4 voi tehokkaasti v\u00e4hent\u00e4\u00e4 vaikutusta ihmiskehoon r\u00e4j\u00e4hdyksen j\u00e4lkeen<\/p>\n<p>Levymateriaali: yl\u00e4kerros on keraaminen alumiinilevy ja alakerros PE-luotinkest\u00e4v\u00e4 levy;<\/p>\n","protected":false},"featured_media":11959,"comment_status":"open","ping_status":"closed","template":"","meta":[],"product_brand":[],"product_cat":[871],"product_tag":[],"woo-feed-brand":[50],"class_list":{"0":"post-14032","1":"product","2":"type-product","3":"status-publish","4":"has-post-thumbnail","6":"product_cat-luodinkestava-rintalevy","7":"woo-feed-brand-tyditiao","9":"first","10":"instock","11":"sale","12":"shipping-taxable","13":"purchasable","14":"product-type-simple"},"_links":{"self":[{"href":"https:\/\/tyditiao.com\/fi\/wp-json\/wp\/v2\/product\/14032","targetHints":{"allow":["GET"]}}],"collection":[{"href":"https:\/\/tyditiao.com\/fi\/wp-json\/wp\/v2\/product"}],"about":[{"href":"https:\/\/tyditiao.com\/fi\/wp-json\/wp\/v2\/types\/product"}],"replies":[{"embeddable":true,"href":"https:\/\/tyditiao.com\/fi\/wp-json\/wp\/v2\/comments?post=14032"}],"wp:featuredmedia":[{"embeddable":true,"href":"https:\/\/tyditiao.com\/fi\/wp-json\/wp\/v2\/media\/11959"}],"wp:attachment":[{"href":"https:\/\/tyditiao.com\/fi\/wp-json\/wp\/v2\/media?parent=14032"}],"wp:term":[{"taxonomy":"product_brand","embeddable":true,"href":"https:\/\/tyditiao.com\/fi\/wp-json\/wp\/v2\/product_brand?post=14032"},{"taxonomy":"product_cat","embeddable":true,"href":"https:\/\/tyditiao.com\/fi\/wp-json\/wp\/v2\/product_cat?post=14032"},{"taxonomy":"product_tag","embeddable":true,"href":"https:\/\/tyditiao.com\/fi\/wp-json\/wp\/v2\/product_tag?post=14032"},{"taxonomy":"woo-feed-brand","embeddable":true,"href":"https:\/\/tyditiao.com\/fi\/wp-json\/wp\/v2\/woo-feed-brand?post=14032"}],"curies":[{"name":"wp","href":"https:\/\/api.w.org\/{rel}","templated":true}]}}