{"id":14051,"date":"2022-10-21T05:13:02","date_gmt":"2023-05-23T00:54:58","guid":{"rendered":"http:\/\/tyditiao.com\/product\/sic-pe-nij-iii-20mm-1-8kg-luodinkestava-rintakilpi-ballistinen-sisake-250x300mm\/"},"modified":"2023-05-23T02:54:58","modified_gmt":"2023-05-23T00:54:58","slug":"sicpe-nij-level-iii-20mm-1-8kgn-cuirass-luodinkestava-250x300mm","status":"publish","type":"product","link":"https:\/\/tyditiao.com\/fi\/tuote\/sicpe-nij-level-iii-20mm-1-8kgn-cuirass-luodinkestava-250x300mm\/","title":{"rendered":"SIC + PE, NIJ III, 20mm, 1.8KG, luodinkest\u00e4v\u00e4 rintakilpi, ballistinen sis\u00e4ke, 250X300MM"},"content":{"rendered":"<p>Paino: 1,8 kg<br \/>\nMateriaali: Ski+PE<br \/>\nPaksuus: 20mm<br \/>\nSuojausluokka: NIJ III luokka (GA5)<\/p>\n<p>Ulkokerros: musta vedenpit\u00e4v\u00e4 polyesterikangas;<br \/>\nMitat: 250x300mm \/ 9,8&#8243;x11,8&#8243;<br \/>\nMuoto: puolisuunnikkaan muotoinen (trapetsilevy, jossa on viistetyt kulmat)<\/p>\n<p>Pakkauslista:<br \/>\n1 x puolisuunnikkaan muotoinen luodinkest\u00e4v\u00e4 levy.<\/p>\n<p>Ilmoitus:<br \/>\nHeijastinliivi ei sis\u00e4lly<\/p>\n<p>Kohdek\u00e4ytt\u00e4j\u00e4t: Asevoimat, SWAT, Homeland Security, Tulli- ja rajavartiolaitokset, Immigration Control ja muut, jotka kohtaavat aseuhkia, voivat olla varustettuja tuotteillamme. Ihmiset saavat parempia tuloksia ja v\u00e4hemm\u00e4n uhreja. Tuote soveltuu paremmin my\u00f6s tilanteisiin, kuten pitk\u00e4n matkan teht\u00e4viin tai pitk\u00e4n matkan teht\u00e4viin. Se on my\u00f6s hyv\u00e4 valinta oman perheen turvaamiseksi<\/p>\n<p>Ballistisia lis\u00e4osia k\u00e4ytet\u00e4\u00e4n usein vartaloliiveiss\u00e4 tai taktisissa liiveiss\u00e4. Luodinkest\u00e4vi\u00e4 patruunoita on kahdenlaisia: etu- ja sivupatruunoita. Etupaneeli suojaa rintaa ja selk\u00e4\u00e4 ja sivupaneelit vartalon sivuja. Viisteet suojaavat yleens\u00e4 rintakeh\u00e4n etupuolta ja neli\u00f6t takaavat.<\/p>\n<p>Luodinkest\u00e4vi\u00e4 levymateriaaleja on nelj\u00e4\u00e4 erilaista: luodinkest\u00e4v\u00e4 ter\u00e4s, PE-polyeteeni, PE+alumiinioksidi, PE+piikarbidi. Saatavana useissa eri materiaalimalleissa, t\u00e4m\u00e4 akku on puhdasta PE + pii.<\/p>\n<p>Keraamiset luodinkest\u00e4v\u00e4t sis\u00e4osat valmistetaan yleens\u00e4 materiaaleista, kuten keraamista ja polyeteenist\u00e4 PE. S\u00e4\u00e4nt\u00f6 on: kun luoti osuu luodinkest\u00e4v\u00e4\u00e4n patruunaan, luoti osuu ensin keraamisen kerroksen yl\u00e4osaan. Ammuksen valtava iskuvoima v\u00e4littyy ymp\u00e4rist\u00f6\u00f6n absorboimalla ammuksen valtavan kineettisen energian. Kun ammus kulkee keraamisen kerroksen l\u00e4pi, se menett\u00e4\u00e4 suurimman osan kineettisest\u00e4 energiastaan. Kun ammus saavuttaa polyeteenikerroksen, polyeteeni haihduttaa ammuksen kineettist\u00e4 energiaa venytt\u00e4m\u00e4ll\u00e4 ja k\u00e4\u00e4rim\u00e4ll\u00e4 ammusta ja sirpaleita, mutta sill\u00e4 on vain v\u00e4h\u00e4n vaikutusta vartaloon, mik\u00e4 tarjoaa erinomaisen suojan.<\/p>\n","protected":false},"excerpt":{"rendered":"<p>NIJ 0101.06 Grade III ultrakevyt piikarbidi luodinkest\u00e4v\u00e4 levy, vastaava testiraportti voidaan toimittaa.<\/p>\n<p>Kyps\u00e4 prosessi: n\u00e4ytt\u00e4\u00e4 vakaan ja erinomaisen suojaavan suorituskyvyn.<\/p>\n<p>Kevyempi ja k\u00e4tev\u00e4mpi kuin alumiinioksidikeraamiset paneelit.<\/p>\n<p>P\u00e4\u00e4llyskerros on valmistettu vedenpit\u00e4v\u00e4st\u00e4 polyesterikankaasta ja paneeli on vedenpit\u00e4v\u00e4 ja likaa hylkiv\u00e4.<\/p>\n","protected":false},"featured_media":12016,"comment_status":"open","ping_status":"closed","template":"","meta":[],"product_brand":[],"product_cat":[871],"product_tag":[],"woo-feed-brand":[50],"class_list":{"0":"post-14051","1":"product","2":"type-product","3":"status-publish","4":"has-post-thumbnail","6":"product_cat-luodinkestava-rintalevy","7":"woo-feed-brand-tyditiao","9":"first","10":"instock","11":"sale","12":"shipping-taxable","13":"purchasable","14":"product-type-simple"},"_links":{"self":[{"href":"https:\/\/tyditiao.com\/fi\/wp-json\/wp\/v2\/product\/14051","targetHints":{"allow":["GET"]}}],"collection":[{"href":"https:\/\/tyditiao.com\/fi\/wp-json\/wp\/v2\/product"}],"about":[{"href":"https:\/\/tyditiao.com\/fi\/wp-json\/wp\/v2\/types\/product"}],"replies":[{"embeddable":true,"href":"https:\/\/tyditiao.com\/fi\/wp-json\/wp\/v2\/comments?post=14051"}],"wp:featuredmedia":[{"embeddable":true,"href":"https:\/\/tyditiao.com\/fi\/wp-json\/wp\/v2\/media\/12016"}],"wp:attachment":[{"href":"https:\/\/tyditiao.com\/fi\/wp-json\/wp\/v2\/media?parent=14051"}],"wp:term":[{"taxonomy":"product_brand","embeddable":true,"href":"https:\/\/tyditiao.com\/fi\/wp-json\/wp\/v2\/product_brand?post=14051"},{"taxonomy":"product_cat","embeddable":true,"href":"https:\/\/tyditiao.com\/fi\/wp-json\/wp\/v2\/product_cat?post=14051"},{"taxonomy":"product_tag","embeddable":true,"href":"https:\/\/tyditiao.com\/fi\/wp-json\/wp\/v2\/product_tag?post=14051"},{"taxonomy":"woo-feed-brand","embeddable":true,"href":"https:\/\/tyditiao.com\/fi\/wp-json\/wp\/v2\/woo-feed-brand?post=14051"}],"curies":[{"name":"wp","href":"https:\/\/api.w.org\/{rel}","templated":true}]}}