{"id":14070,"date":"2022-10-21T05:10:23","date_gmt":"2022-10-21T03:10:23","guid":{"rendered":"http:\/\/tyditiao.com\/product\/sicpe-nij-level-iv-23mm-25kg-luodinkestava-rintakilven-ballistinen-sisake-250x300mm\/"},"modified":"2026-01-25T19:52:02","modified_gmt":"2026-01-25T17:52:02","slug":"sicpe-nij-level-iv-23mm-2-5kgn-rintalevy-luodinkestava-250x300mm","status":"publish","type":"product","link":"https:\/\/tyditiao.com\/fi\/tuote\/sicpe-nij-level-iv-23mm-2-5kgn-rintalevy-luodinkestava-250x300mm\/","title":{"rendered":"SIC+PE, NIJ Level IV, 23MM, 2,5KG, luodinkest\u00e4v\u00e4 rintakilven ballistinen sis\u00e4ke, 250X300MM"},"content":{"rendered":"<p>Nimi: NIJ Grade IV ultrakevyt piikarbidi luodinkest\u00e4v\u00e4 levy<\/p>\n<p>Standardi: NIJ 0101.06 luokka IV, voimme toimittaa vastaavan testiraportin.<\/p>\n<p>Materiaali: SiC + UHMW-PE<\/p>\n<p>Paino: 2,5KG + 0,05KG \/ 2,20 + 0,11LB<\/p>\n<p>Paksuus: 23mm<\/p>\n<p>Ulkokerros: musta vedenpit\u00e4v\u00e4 polyesterikangas;<br \/>\nMitat: 250x300mm \/ 9,8&#8243;x11,8&#8243;<br \/>\nMuoto: puolisuunnikkaan muotoinen (trapetsilevy, jossa on viistetyt kulmat)<\/p>\n<p>Pakkauslista:<br \/>\n1 x puolisuunnikkaan muotoinen luodinkest\u00e4v\u00e4 levy.<\/p>\n<p>Ilmoitus:<br \/>\nHeijastinliivi ei sis\u00e4lly<\/p>\n<p>Kohdek\u00e4ytt\u00e4j\u00e4t: NIJ Class IV Superlight Sic Bulletproof -levyt k\u00e4ytett\u00e4v\u00e4ksi aseisiin liittyvien uhkien torjuntaan. Asevoimat, SWAT-virastot, sis\u00e4isen turvallisuuden virastot, tulli- ja rajavartiovirastot, maahanmuuttovalvontavirastot ja muut virastot, jotka ovat vaarassa ampua aseita, voivat olla varustettuja tuotteillamme. Ihmiset saavat parempia tuloksia ja v\u00e4hemm\u00e4n uhreja. Tuote soveltuu paremmin my\u00f6s tilanteisiin, kuten pitk\u00e4n matkan teht\u00e4viin tai pitk\u00e4n matkan teht\u00e4viin. Se on my\u00f6s hyv\u00e4 valinta oman perheen turvaamiseksi<\/p>\n<p><!--lis\u00e4\u00e4--><\/p>\n<p>Ammusten parametrit, joita vastaan NIJ IV voi puolustaa:<\/p>\n<p>T\u00e4ysmetallinen kotelo 7,62 x 51 mm M80 (FMJ) \/ NATO-pallo;<\/p>\n<p>7,62 x 39 mm AK47-lyijyydin (LC) \/ kevytter\u00e4sydin (MSC);<\/p>\n<p>5,56 x 45 mm M193 lyijy (LC) \/ NATO SS109 pallo;<\/p>\n<p>Ballistisia lis\u00e4osia k\u00e4ytet\u00e4\u00e4n usein vartaloliiveiss\u00e4 tai taktisissa liiveiss\u00e4. Luodinkest\u00e4vi\u00e4 patruunoita on kahdenlaisia: etu- ja sivupatruunoita. Etupaneeli suojaa rintaa ja selk\u00e4\u00e4 ja sivupaneelit vartalon sivuja. Viisteet suojaavat yleens\u00e4 rintakeh\u00e4n etupuolta ja neli\u00f6t takaavat.<\/p>\n<p>Luodinkest\u00e4vi\u00e4 levymateriaaleja on nelj\u00e4\u00e4 erilaista: luodinkest\u00e4v\u00e4 ter\u00e4s, PE-polyeteeni, PE+alumiinioksidi, PE+piikarbidi. Saatavana useissa eri materiaalimalleissa, t\u00e4m\u00e4 akku on puhdasta PE + pii.<\/p>\n<p>Keraamiset luodinkest\u00e4v\u00e4t sis\u00e4osat valmistetaan yleens\u00e4 materiaaleista, kuten keraamista ja polyeteenist\u00e4 PE. S\u00e4\u00e4nt\u00f6 on: kun luoti osuu luodinkest\u00e4v\u00e4\u00e4n patruunaan, luoti osuu ensin keraamisen kerroksen yl\u00e4osaan. Ammuksen valtava iskuvoima v\u00e4littyy ymp\u00e4rist\u00f6\u00f6n absorboimalla ammuksen valtavan kineettisen energian. Kun ammus kulkee keraamisen kerroksen l\u00e4pi, se menett\u00e4\u00e4 suurimman osan kineettisest\u00e4 energiastaan. Kun ammus saavuttaa polyeteenikerroksen, polyeteeni haihduttaa ammuksen kineettist\u00e4 energiaa venytt\u00e4m\u00e4ll\u00e4 ja k\u00e4\u00e4rim\u00e4ll\u00e4 ammusta ja sirpaleita, mutta sill\u00e4 on vain v\u00e4h\u00e4n vaikutusta vartaloon, mik\u00e4 tarjoaa erinomaisen suojan.<\/p>\n","protected":false},"excerpt":{"rendered":"<p>Ultrakevyt ballistinen levy, joka on valmistettu NIJ-luokan IV piikarbidista, joka kest\u00e4\u00e4 tavanomaisten kiv\u00e4\u00e4rin patruunoiden uhan.<\/p>\n<p>Kyps\u00e4 prosessi: n\u00e4ytt\u00e4\u00e4 vakaan ja erinomaisen suojaavan suorituskyvyn.<\/p>\n<p>Kevyempi ja k\u00e4tev\u00e4mpi kuin alumiinioksidikeraamiset paneelit.<\/p>\n<p>P\u00e4\u00e4llyskerros on valmistettu vedenpit\u00e4v\u00e4st\u00e4 polyesterikankaasta ja paneeli on vedenpit\u00e4v\u00e4 ja likaa hylkiv\u00e4.<\/p>\n","protected":false},"featured_media":12035,"comment_status":"open","ping_status":"closed","template":"","meta":[],"product_brand":[],"product_cat":[871],"product_tag":[],"woo-feed-brand":[50],"class_list":{"0":"post-14070","1":"product","2":"type-product","3":"status-publish","4":"has-post-thumbnail","6":"product_cat-luodinkestava-rintalevy","7":"woo-feed-brand-tyditiao","9":"first","10":"instock","11":"sale","12":"shipping-taxable","13":"purchasable","14":"product-type-simple"},"_links":{"self":[{"href":"https:\/\/tyditiao.com\/fi\/wp-json\/wp\/v2\/product\/14070","targetHints":{"allow":["GET"]}}],"collection":[{"href":"https:\/\/tyditiao.com\/fi\/wp-json\/wp\/v2\/product"}],"about":[{"href":"https:\/\/tyditiao.com\/fi\/wp-json\/wp\/v2\/types\/product"}],"replies":[{"embeddable":true,"href":"https:\/\/tyditiao.com\/fi\/wp-json\/wp\/v2\/comments?post=14070"}],"wp:featuredmedia":[{"embeddable":true,"href":"https:\/\/tyditiao.com\/fi\/wp-json\/wp\/v2\/media\/12035"}],"wp:attachment":[{"href":"https:\/\/tyditiao.com\/fi\/wp-json\/wp\/v2\/media?parent=14070"}],"wp:term":[{"taxonomy":"product_brand","embeddable":true,"href":"https:\/\/tyditiao.com\/fi\/wp-json\/wp\/v2\/product_brand?post=14070"},{"taxonomy":"product_cat","embeddable":true,"href":"https:\/\/tyditiao.com\/fi\/wp-json\/wp\/v2\/product_cat?post=14070"},{"taxonomy":"product_tag","embeddable":true,"href":"https:\/\/tyditiao.com\/fi\/wp-json\/wp\/v2\/product_tag?post=14070"},{"taxonomy":"woo-feed-brand","embeddable":true,"href":"https:\/\/tyditiao.com\/fi\/wp-json\/wp\/v2\/woo-feed-brand?post=14070"}],"curies":[{"name":"wp","href":"https:\/\/api.w.org\/{rel}","templated":true}]}}