{"id":14089,"date":"2022-10-18T08:54:02","date_gmt":"2022-10-18T06:54:02","guid":{"rendered":"http:\/\/tyditiao.com\/product\/cs-harjoitusvarusteet-luodinkestava-liivi-nopeasti-irrotettava-ulompi-taktinen-liivi-sisaltaa-2xpe-iiia-10x12-luodinkestavaa-levya\/"},"modified":"2026-01-25T19:52:21","modified_gmt":"2026-01-25T17:52:21","slug":"cs-harjoitusvarusteet-ulkona-ballistinen-liivi-pika-release-taktinen-liivi-sarjassa-bulletproof-plate-2xpe-iiia-10x12","status":"publish","type":"product","link":"https:\/\/tyditiao.com\/fi\/tuote\/cs-harjoitusvarusteet-ulkona-ballistinen-liivi-pika-release-taktinen-liivi-sarjassa-bulletproof-plate-2xpe-iiia-10x12\/","title":{"rendered":"CS-harjoitusvarusteet luodinkest\u00e4v\u00e4 liivi, nopeasti irrotettava ulompi taktinen liivi Sis\u00e4lt\u00e4\u00e4 2XPE IIIA 10&#215;12 luodinkest\u00e4v\u00e4\u00e4 levy\u00e4"},"content":{"rendered":"<p>T\u00e4m\u00e4n tuotteen sivut ja olkap\u00e4\u00e4t ovat s\u00e4\u00e4dett\u00e4viss\u00e4 tarranauhalla, joten kaikenkokoiset k\u00e4ytt\u00e4j\u00e4t voivat k\u00e4ytt\u00e4\u00e4 sit\u00e4.<br \/>\nSis\u00e4kerros: eritt\u00e4in luja materiaali<br \/>\nUlkokerros: kulutusta kest\u00e4v\u00e4 oxford-kangas, puuvilla tai nylon, likaa hylkiv\u00e4 ja kest\u00e4v\u00e4.<\/p>\n<p>&nbsp;<\/p>\n<p>Puolustustaso: PE-luotinkest\u00e4v\u00e4 oletuslevy, NIJIIIA,<br \/>\nSuojaosa: UHMW-PE<br \/>\nPaksuus:\uff5e8mm\/\uff5e0,3&#8242;<br \/>\nVoimassaolo: 5 vuotta<br \/>\nAmmustyypit, joita vastaan voidaan puolustaa:<br \/>\n9mm t\u00e4ysmetallitakki (FMJ) \/ py\u00f6re\u00e4 p\u00e4\u00e4 (RN)<br \/>\n.44 Universal Jacket Hollow Point (JHP)<\/p>\n<p>Kohdek\u00e4ytt\u00e4j\u00e4t:<br \/>\nPiilotetut NIJ-luokan IIIA luodinkest\u00e4v\u00e4t liivit suojaavat aseisiin liittyvilt\u00e4 vaaroilta. Ja siin\u00e4 on enemm\u00e4n lis\u00e4varusteita ja se vie suuremman alueen. Kokoa voidaan s\u00e4\u00e4t\u00e4\u00e4 tarranauhalla sivuilla ja olkap\u00e4ill\u00e4. Tuotteemme voidaan varustaa asevoimilla, SWAT-virastoilla, sis\u00e4isen turvallisuuden virastoilla, tulli- ja rajavartiovirastoilla, maahanmuuttovalvontavirastoilla ja muilla virastoilla, jotka ovat vaarassa ampua aseita. Ihmiset saavat parempia tuloksia ja v\u00e4hemm\u00e4n uhreja.<\/p>\n","protected":false},"excerpt":{"rendered":"<p>S\u00c4\u00c4DETT\u00c4V\u00c4 KOKO: S\u00e4\u00e4dett\u00e4v\u00e4 koko tarranauhalla sivuilla ja hartioilla, yksi koko sopii kaikille.<\/p>\n<p>K\u00e4yt\u00e4 pikalukitus: Vy\u00f6t\u00e4r\u00f6n pikalukitussolki on helppok\u00e4ytt\u00f6inen.<\/p>\n<p>Runsaasti s\u00e4ilytystilaa: Sis\u00e4\u00e4nrakennettu s\u00e4ilytystasku ja k\u00e4ytt\u00f6tasku voidaan asentaa tai poistaa tarpeidesi mukaan.<\/p>\n<p>Varustettu edess\u00e4 ja takana NIJ IIIA luodinkest\u00e4v\u00e4ll\u00e4 levyll\u00e4: pystyy k\u00e4sittelem\u00e4\u00e4n pistoolin luotien uhkaa.<\/p>\n<p>Lis\u00e4\u00e4 puolustustasi vapaasti: takkiin voidaan varustaa eritasoisia luodinkest\u00e4vi\u00e4 sis\u00e4osia.<\/p>\n","protected":false},"featured_media":11883,"comment_status":"open","ping_status":"closed","template":"","meta":[],"product_brand":[],"product_cat":[852],"product_tag":[],"woo-feed-brand":[50],"class_list":{"0":"post-14089","1":"product","2":"type-product","3":"status-publish","4":"has-post-thumbnail","6":"product_cat-taktinen-liivi","7":"product_shipping_class-0-3-kg-fi","8":"woo-feed-brand-tyditiao","10":"first","11":"instock","12":"sale","13":"shipping-taxable","14":"purchasable","15":"product-type-simple"},"_links":{"self":[{"href":"https:\/\/tyditiao.com\/fi\/wp-json\/wp\/v2\/product\/14089","targetHints":{"allow":["GET"]}}],"collection":[{"href":"https:\/\/tyditiao.com\/fi\/wp-json\/wp\/v2\/product"}],"about":[{"href":"https:\/\/tyditiao.com\/fi\/wp-json\/wp\/v2\/types\/product"}],"replies":[{"embeddable":true,"href":"https:\/\/tyditiao.com\/fi\/wp-json\/wp\/v2\/comments?post=14089"}],"wp:featuredmedia":[{"embeddable":true,"href":"https:\/\/tyditiao.com\/fi\/wp-json\/wp\/v2\/media\/11883"}],"wp:attachment":[{"href":"https:\/\/tyditiao.com\/fi\/wp-json\/wp\/v2\/media?parent=14089"}],"wp:term":[{"taxonomy":"product_brand","embeddable":true,"href":"https:\/\/tyditiao.com\/fi\/wp-json\/wp\/v2\/product_brand?post=14089"},{"taxonomy":"product_cat","embeddable":true,"href":"https:\/\/tyditiao.com\/fi\/wp-json\/wp\/v2\/product_cat?post=14089"},{"taxonomy":"product_tag","embeddable":true,"href":"https:\/\/tyditiao.com\/fi\/wp-json\/wp\/v2\/product_tag?post=14089"},{"taxonomy":"woo-feed-brand","embeddable":true,"href":"https:\/\/tyditiao.com\/fi\/wp-json\/wp\/v2\/woo-feed-brand?post=14089"}],"curies":[{"name":"wp","href":"https:\/\/api.w.org\/{rel}","templated":true}]}}