{"id":14108,"date":"2022-10-18T05:26:18","date_gmt":"2022-10-18T03:26:18","guid":{"rendered":"http:\/\/tyditiao.com\/product\/ulompi-tactical-quick-release-liivi-cs-tactical-liivi-2xpe-iiia-10x12-luodinkestavalla-levylla\/"},"modified":"2026-01-25T19:52:22","modified_gmt":"2026-01-25T17:52:22","slug":"zewnetrzna-taktinen-liivi-pikavapautuksella-taktinen-liivi-cs-luodinkestavalla-levylla-2xpe-iiia-10x12","status":"publish","type":"product","link":"https:\/\/tyditiao.com\/fi\/tuote\/zewnetrzna-taktinen-liivi-pikavapautuksella-taktinen-liivi-cs-luodinkestavalla-levylla-2xpe-iiia-10x12\/","title":{"rendered":"Ulompi Tactical Quick Release -liivi, CS Tactical Liivi 2XPE IIIA 10&#215;12 luodinkest\u00e4v\u00e4ll\u00e4 levyll\u00e4"},"content":{"rendered":"<p>T\u00e4m\u00e4n tuotteen sivut ja olkap\u00e4\u00e4t ovat s\u00e4\u00e4dett\u00e4viss\u00e4 tarranauhalla, joten kaikenkokoiset k\u00e4ytt\u00e4j\u00e4t voivat k\u00e4ytt\u00e4\u00e4 sit\u00e4.<br \/>\nSis\u00e4kerros: eritt\u00e4in luja materiaali, vedenpit\u00e4v\u00e4, pitk\u00e4 k\u00e4ytt\u00f6ik\u00e4 ja vakaa.<br \/>\nUlkokerros: Oxford, puuvilla tai nailon, kulutusta kest\u00e4v\u00e4, tahraa hylkiv\u00e4 ja kest\u00e4v\u00e4.<br \/>\nTakki voidaan varustaa ballistisilla sis\u00e4kkeill\u00e4 lis\u00e4suojaa varten.<\/p>\n<p>Puolustustaso: PE-luotinkest\u00e4v\u00e4 oletuslevy, NIJIIIA,<br \/>\nSuojaosa: UHMW-PE<br \/>\nPaksuus:\uff5e8mm\/\uff5e0,3&#8242;<br \/>\nVoimassaolo: 5 vuotta<br \/>\nAmmustyypit, joita vastaan voidaan puolustaa:<br \/>\n9mm t\u00e4ysmetallitakki (FMJ) \/ py\u00f6re\u00e4 p\u00e4\u00e4 (RN)<br \/>\n.44 Universal Jacket Hollow Point (JHP)<\/p>\n<p>Kohdek\u00e4ytt\u00e4j\u00e4t:<br \/>\nPiilotetut NIJ-luokan IIIA luodinkest\u00e4v\u00e4t liivit suojaavat aseisiin liittyvilt\u00e4 vaaroilta. Ja siin\u00e4 on enemm\u00e4n lis\u00e4varusteita ja se vie suuremman alueen. Kokoa voidaan s\u00e4\u00e4t\u00e4\u00e4 tarranauhalla sivuilla ja olkap\u00e4ill\u00e4. Tuotteemme voidaan varustaa asevoimilla, SWAT-virastoilla, sis\u00e4isen turvallisuuden virastoilla, tulli- ja rajavartiovirastoilla, maahanmuuttovalvontavirastoilla ja muilla virastoilla, jotka ovat vaarassa ampua aseita. Ihmiset saavat parempia tuloksia ja v\u00e4hemm\u00e4n uhreja.<\/p>\n","protected":false},"excerpt":{"rendered":"<p>K\u00e4yt\u00e4 pikalukitus: Vy\u00f6t\u00e4r\u00f6n pikalukitussolki on helppok\u00e4ytt\u00f6inen.<\/p>\n<p>Runsaasti s\u00e4ilytystilaa: Sis\u00e4\u00e4nrakennettu s\u00e4ilytystasku ja k\u00e4ytt\u00f6tasku voidaan asentaa tai poistaa tarpeidesi mukaan.<\/p>\n<p>Varustettu edess\u00e4 ja takana NIJ IIIA luodinkest\u00e4v\u00e4ll\u00e4 levyll\u00e4: pystyy k\u00e4sittelem\u00e4\u00e4n pistoolin luotien uhkaa.<\/p>\n<p>S\u00c4\u00c4DETT\u00c4V\u00c4 KOKO: S\u00e4\u00e4dett\u00e4v\u00e4 koko tarranauhalla sivuilla ja olkap\u00e4ill\u00e4.<\/p>\n","protected":false},"featured_media":11788,"comment_status":"open","ping_status":"closed","template":"","meta":[],"product_brand":[],"product_cat":[852],"product_tag":[],"woo-feed-brand":[50],"class_list":{"0":"post-14108","1":"product","2":"type-product","3":"status-publish","4":"has-post-thumbnail","6":"product_cat-taktinen-liivi","7":"woo-feed-brand-tyditiao","9":"first","10":"instock","11":"sale","12":"shipping-taxable","13":"purchasable","14":"product-type-simple"},"_links":{"self":[{"href":"https:\/\/tyditiao.com\/fi\/wp-json\/wp\/v2\/product\/14108","targetHints":{"allow":["GET"]}}],"collection":[{"href":"https:\/\/tyditiao.com\/fi\/wp-json\/wp\/v2\/product"}],"about":[{"href":"https:\/\/tyditiao.com\/fi\/wp-json\/wp\/v2\/types\/product"}],"replies":[{"embeddable":true,"href":"https:\/\/tyditiao.com\/fi\/wp-json\/wp\/v2\/comments?post=14108"}],"wp:featuredmedia":[{"embeddable":true,"href":"https:\/\/tyditiao.com\/fi\/wp-json\/wp\/v2\/media\/11788"}],"wp:attachment":[{"href":"https:\/\/tyditiao.com\/fi\/wp-json\/wp\/v2\/media?parent=14108"}],"wp:term":[{"taxonomy":"product_brand","embeddable":true,"href":"https:\/\/tyditiao.com\/fi\/wp-json\/wp\/v2\/product_brand?post=14108"},{"taxonomy":"product_cat","embeddable":true,"href":"https:\/\/tyditiao.com\/fi\/wp-json\/wp\/v2\/product_cat?post=14108"},{"taxonomy":"product_tag","embeddable":true,"href":"https:\/\/tyditiao.com\/fi\/wp-json\/wp\/v2\/product_tag?post=14108"},{"taxonomy":"woo-feed-brand","embeddable":true,"href":"https:\/\/tyditiao.com\/fi\/wp-json\/wp\/v2\/woo-feed-brand?post=14108"}],"curies":[{"name":"wp","href":"https:\/\/api.w.org\/{rel}","templated":true}]}}