{"id":14127,"date":"2022-10-12T08:35:45","date_gmt":"2022-10-12T06:35:45","guid":{"rendered":"http:\/\/tyditiao.com\/product\/lapinakyva-ballistinen-maski-nij-iiia-irrotettava-kypariin-joissa-on-kiskot-molemmilla-puolilla\/"},"modified":"2026-01-25T19:52:42","modified_gmt":"2026-01-25T17:52:42","slug":"lapinakyva-luodinkestava-naamio-nij-iiia-irrotettava-kyparaa-varten-kaiteilla-molemmilla-puolilla-wendy-fast-jne","status":"publish","type":"product","link":"https:\/\/tyditiao.com\/fi\/tuote\/lapinakyva-luodinkestava-naamio-nij-iiia-irrotettava-kyparaa-varten-kaiteilla-molemmilla-puolilla-wendy-fast-jne\/","title":{"rendered":"L\u00e4pin\u00e4kyv\u00e4 ballistinen maski NIJ IIIA irrotettava kyp\u00e4riin, joissa on kiskot molemmilla puolilla"},"content":{"rendered":"<p>Irrotettava ballistinen maski on uusi luokan IIIA ballistinen maski, joka kiinnitet\u00e4\u00e4n ballistiseen kyp\u00e4r\u00e4\u00e4n.<\/p>\n<p>T\u00e4m\u00e4 tuote sopii kyp\u00e4riin, joissa on kaiteet molemmilla puolilla. Esimerkiksi: WENDY, FAST jne.<\/p>\n<p>Suojausluokka: NIJ IIIA taso<\/p>\n<p>Paino: 1,50 kg (3,31 lb)<\/p>\n<p>Materiaali: PC, PMMA jne.<\/p>\n<p>Koko: 350 mm (P) * 145 mm (K)<\/p>\n<p>Maskin paksuus: 22 mm<\/p>\n<p>Kirkkaus: 83,9 %<\/p>\n<p>Voimassaolo: 5 vuotta<\/p>\n<p>Jos tarvitset luodinkest\u00e4v\u00e4n kyp\u00e4r\u00e4n, k\u00e4y myym\u00e4l\u00e4ss\u00e4mme ostamassa se. Kiitos!<\/p>\n<p>Pakkaustiedot: 1 * Luodinkest\u00e4v\u00e4 kasvosuojus (kyp\u00e4r\u00e4 ei sis\u00e4lly hintaan)<\/p>\n","protected":false},"excerpt":{"rendered":"<p>P\u00e4\u00e4materiaali on valmistettu korkealaatuisesta l\u00e4pin\u00e4kyv\u00e4st\u00e4 polykarbonaattihartsista PC ja akryylilevy sandwich-tyyppisest\u00e4 komposiitista, ter\u00e4v\u00e4piirto, ei roiskeita, hyv\u00e4 luodinkest\u00e4v\u00e4 vaikutus<\/p>\n<p>Luodinkest\u00e4v\u00e4 maskin kiinnike on valmistettu ter\u00e4ksest\u00e4 ja eritt\u00e4in lujista materiaaleista, joita voidaan s\u00e4\u00e4t\u00e4\u00e4 vakaasti eri kulmiin<\/p>\n<p>Olemme tehneet tiivist\u00e4 yhteisty\u00f6t\u00e4 logistiikkatoimittajien kanssa ja voimme taata tavaroiden toimituksen l\u00e4hes jokaiseen maahan ja alueeseen, ja kaikki tehtaallamme tilatut tuotteet ovat postimaksuttomia<\/p>\n","protected":false},"featured_media":11712,"comment_status":"open","ping_status":"closed","template":"","meta":[],"product_brand":[],"product_cat":[617],"product_tag":[],"woo-feed-brand":[50],"class_list":{"0":"post-14127","1":"product","2":"type-product","3":"status-publish","4":"has-post-thumbnail","6":"product_cat-ballistinen-naamio","7":"product_shipping_class-0-3-kg-fi","8":"woo-feed-brand-tyditiao","10":"first","11":"instock","12":"sale","13":"shipping-taxable","14":"purchasable","15":"product-type-simple"},"_links":{"self":[{"href":"https:\/\/tyditiao.com\/fi\/wp-json\/wp\/v2\/product\/14127","targetHints":{"allow":["GET"]}}],"collection":[{"href":"https:\/\/tyditiao.com\/fi\/wp-json\/wp\/v2\/product"}],"about":[{"href":"https:\/\/tyditiao.com\/fi\/wp-json\/wp\/v2\/types\/product"}],"replies":[{"embeddable":true,"href":"https:\/\/tyditiao.com\/fi\/wp-json\/wp\/v2\/comments?post=14127"}],"wp:featuredmedia":[{"embeddable":true,"href":"https:\/\/tyditiao.com\/fi\/wp-json\/wp\/v2\/media\/11712"}],"wp:attachment":[{"href":"https:\/\/tyditiao.com\/fi\/wp-json\/wp\/v2\/media?parent=14127"}],"wp:term":[{"taxonomy":"product_brand","embeddable":true,"href":"https:\/\/tyditiao.com\/fi\/wp-json\/wp\/v2\/product_brand?post=14127"},{"taxonomy":"product_cat","embeddable":true,"href":"https:\/\/tyditiao.com\/fi\/wp-json\/wp\/v2\/product_cat?post=14127"},{"taxonomy":"product_tag","embeddable":true,"href":"https:\/\/tyditiao.com\/fi\/wp-json\/wp\/v2\/product_tag?post=14127"},{"taxonomy":"woo-feed-brand","embeddable":true,"href":"https:\/\/tyditiao.com\/fi\/wp-json\/wp\/v2\/woo-feed-brand?post=14127"}],"curies":[{"name":"wp","href":"https:\/\/api.w.org\/{rel}","templated":true}]}}