{"id":14132,"date":"2022-10-11T12:39:23","date_gmt":"2022-10-11T10:39:23","guid":{"rendered":"http:\/\/tyditiao.com\/product\/kevlar-nij-iiia-luodinkestava-puolinaamari-aramidi-luodinkestava-kasvomaski-taktiseen-luodinkestavaan-kyparaan\/"},"modified":"2026-01-25T19:53:06","modified_gmt":"2026-01-25T17:53:06","slug":"ballistinen-kevlar-nij-iiia-aramid-ballistic-mask-fit-tactical-ballistic-kypara-wendy-quick-michigan-fit","status":"publish","type":"product","link":"https:\/\/tyditiao.com\/fi\/tuote\/ballistinen-kevlar-nij-iiia-aramid-ballistic-mask-fit-tactical-ballistic-kypara-wendy-quick-michigan-fit\/","title":{"rendered":"Kevlar NIJ IIIA luodinkest\u00e4v\u00e4 puolinaamari, aramidi luodinkest\u00e4v\u00e4 kasvomaski taktiseen luodinkest\u00e4v\u00e4\u00e4n kyp\u00e4r\u00e4\u00e4n"},"content":{"rendered":"<p>Paino: 0,68 kg<\/p>\n<p>Materiaali: Aramidi<\/p>\n<p>Paksuus: 8 mm paksu aramidi ja 1 mm pinnoite<\/p>\n<p>Suojausluokka: NIJ 0101.06 taso IIIA<\/p>\n<p>Koko: Yksi koko sopii kaikille<\/p>\n<p>Voimassaolo: 5 vuotta<\/p>\n<p>Sovellettavat skenaariot: kodin suojaus, turvallisuus, poliisin varusteet, varsinainen taistelu, cosplay<\/p>\n<p>OEM\/ODM-palvelu saatavilla pyynn\u00f6st\u00e4<\/p>\n<p>&nbsp;<\/p>\n<p>Pakkausluettelo: 1X puolikasvoinen luodinkest\u00e4v\u00e4 maski<\/p>\n","protected":false},"excerpt":{"rendered":"<p>Materiaali: Valmistettu edistyneist\u00e4 kevlar-kuiduista, jotka ovat 15 kertaa vahvempia kuin ter\u00e4s luotien uhan minimoimiseksi<\/p>\n<p>Ainutlaatuinen ergonominen muotoilu: 6 pisteen s\u00e4\u00e4dett\u00e4v\u00e4 nailoninen sanka ja lis\u00e4pehmusteet sopivat mihin tahansa p\u00e4\u00e4n muotoon ja parantavat k\u00e4ytt\u00f6mukavuutta<\/p>\n<p>Hyv\u00e4 sopeutumiskyky: voidaan k\u00e4ytt\u00e4\u00e4 FAST-, WENDY-, MICH- ja muiden luodinkest\u00e4viss\u00e4 kyp\u00e4riss\u00e4, jotka peitt\u00e4v\u00e4t k\u00e4ytt\u00e4j\u00e4n kasvot kokonaan<\/p>\n<p>K\u00e4ytt\u00f6kohteet: kodinsuojelu, armeija, vaarallisiin operaatioihin osallistuva henkil\u00f6st\u00f6, kentt\u00e4koulutus, henkivartijat, ulkomaisilla aseellisilla konfliktialueilla vaarallisiin operaatioihin osallistuva henkil\u00f6st\u00f6<\/p>\n","protected":false},"featured_media":11560,"comment_status":"open","ping_status":"closed","template":"","meta":[],"product_brand":[],"product_cat":[617],"product_tag":[],"woo-feed-brand":[50],"class_list":{"0":"post-14132","1":"product","2":"type-product","3":"status-publish","4":"has-post-thumbnail","6":"product_cat-ballistinen-naamio","7":"product_shipping_class-0-3-kg-fi","8":"woo-feed-brand-tyditiao","10":"first","11":"instock","12":"sale","13":"shipping-taxable","14":"purchasable","15":"product-type-simple"},"_links":{"self":[{"href":"https:\/\/tyditiao.com\/fi\/wp-json\/wp\/v2\/product\/14132","targetHints":{"allow":["GET"]}}],"collection":[{"href":"https:\/\/tyditiao.com\/fi\/wp-json\/wp\/v2\/product"}],"about":[{"href":"https:\/\/tyditiao.com\/fi\/wp-json\/wp\/v2\/types\/product"}],"replies":[{"embeddable":true,"href":"https:\/\/tyditiao.com\/fi\/wp-json\/wp\/v2\/comments?post=14132"}],"wp:featuredmedia":[{"embeddable":true,"href":"https:\/\/tyditiao.com\/fi\/wp-json\/wp\/v2\/media\/11560"}],"wp:attachment":[{"href":"https:\/\/tyditiao.com\/fi\/wp-json\/wp\/v2\/media?parent=14132"}],"wp:term":[{"taxonomy":"product_brand","embeddable":true,"href":"https:\/\/tyditiao.com\/fi\/wp-json\/wp\/v2\/product_brand?post=14132"},{"taxonomy":"product_cat","embeddable":true,"href":"https:\/\/tyditiao.com\/fi\/wp-json\/wp\/v2\/product_cat?post=14132"},{"taxonomy":"product_tag","embeddable":true,"href":"https:\/\/tyditiao.com\/fi\/wp-json\/wp\/v2\/product_tag?post=14132"},{"taxonomy":"woo-feed-brand","embeddable":true,"href":"https:\/\/tyditiao.com\/fi\/wp-json\/wp\/v2\/woo-feed-brand?post=14132"}],"curies":[{"name":"wp","href":"https:\/\/api.w.org\/{rel}","templated":true}]}}