{"id":14167,"date":"2022-06-13T04:36:04","date_gmt":"2022-06-13T02:36:04","guid":{"rendered":"http:\/\/tyditiao.com\/product\/sotilaskypara-luokan-iiia-vartalosuoja-wendyn-sotilaallinen-taktinen-kypara-vaaleanruskea\/"},"modified":"2026-01-25T19:53:16","modified_gmt":"2026-01-25T17:53:16","slug":"wendys-luodinkestava-kypara-kevlar-kypara-taktinen-vaaleanruskea","status":"publish","type":"product","link":"https:\/\/tyditiao.com\/fi\/tuote\/wendys-luodinkestava-kypara-kevlar-kypara-taktinen-vaaleanruskea\/","title":{"rendered":"Sotilaskyp\u00e4r\u00e4, luokan IIIA vartalosuoja, Wendyn sotilaallinen taktinen kyp\u00e4r\u00e4, vaaleanruskea"},"content":{"rendered":"<p>Wendy sotilaallinen taktinen IIIA ballistinen kyp\u00e4r\u00e4 on suunniteltu eritt\u00e4in kevyeksi ja eritt\u00e4in mukavaksi k\u00e4ytt\u00e4\u00e4. Nopea ja helppo yhden k\u00e4den s\u00e4\u00e4t\u00f6 takaa tarkan istuvuuden. Se on my\u00f6s varustettu korkealaatuisilla energiaa vaimentavilla pehmusteilla, jotka voivat absorboida tehokkaasti iskuvoiman, v\u00e4hent\u00e4\u00e4 kyp\u00e4r\u00e4n rungon muodonmuutoksia luodin osuman j\u00e4lkeen ja v\u00e4hent\u00e4\u00e4 k\u00e4ytt\u00e4j\u00e4n loukkaantumisastetta ja vakavuutta. Wendy-taktinen kyp\u00e4r\u00e4 on varustettu yleisill\u00e4 kiinnityskiskoilla ja niskatuella, mik\u00e4 antaa Wendylle enemm\u00e4n mahdollisuuksia. MICH-luodinkest\u00e4v\u00e4\u00e4n kyp\u00e4r\u00e4\u00e4n verrattuna kevyempi paino tarkoittaa, ett\u00e4 sen ei tarvitse painaa p\u00e4\u00e4t\u00e4 enemm\u00e4n, vaan sit\u00e4 voidaan k\u00e4ytt\u00e4\u00e4 nykyaikaisempien varusteiden kuljettamiseen, mik\u00e4 sopii paremmin joukkueiden v\u00e4liseen tiedonvaihtoon.<\/p>\n<hr \/>\n<p><strong>Puolustusluokka:<\/strong><\/p>\n<p>T\u00e4m\u00e4 luodinkest\u00e4v\u00e4 kyp\u00e4r\u00e4 on NIJ Level IIIA luodinkest\u00e4v\u00e4 kyp\u00e4r\u00e4 NIJ 0101.06 -standardin mukaisesti, ja vastaava testiraportti voidaan toimittaa.<\/p>\n<hr \/>\n<p><strong>Puolustusammuksen parametrit:<\/strong><\/p>\n<p>.44 Mag SJHP<br \/>\n.357 SIG FMJ FN<br \/>\n9mm FMJ RN<br \/>\n.357 Mag JSP<br \/>\n.40 S&amp;W FMJ<\/p>\n<p>Tarjoaa my\u00f6s suojan useimpia k\u00e4siaseuhkia sek\u00e4 luokan IIA ja II uhkia vastaan<\/p>\n<hr \/>\n<p><strong>Luodinkest\u00e4v\u00e4n kyp\u00e4r\u00e4n parametrit:<\/strong><br \/>\nNimi: NIJ lllA WENDY luodinkest\u00e4v\u00e4 kyp\u00e4r\u00e4<\/p>\n<p>Materiaali: Korkea vetolujuus Kevlar-DuPont Aramid Fiber<\/p>\n<p>P\u00e4\u00e4n ymp\u00e4rysmitta: 52-60 cm<\/p>\n<p>Vuori: Zorbium-vaahtomuovi-iskutyynyt pit\u00e4v\u00e4t sinut viile\u00e4n\u00e4 ja kuivana vedenpit\u00e4v\u00e4n, mukavan vuorauksen ja antibakteerisen pinnoitteen ansiosta, joka siirt\u00e4\u00e4 hike\u00e4 pois. Antaa alle puolet toistuviin iskuihin vaaditusta voimasta kaikissa ymp\u00e4rist\u00f6olosuhteissa. Kyp\u00e4r\u00e4ss\u00e4 on vakiona kolme lis\u00e4iskupehmustetta ja kahdeksan s\u00e4\u00e4dett\u00e4v\u00e4\u00e4 pehmustetta, jotka voidaan asentaa joustavasti k\u00e4ytt\u00e4j\u00e4n vaatimusten mukaan optimaalisen istuvuuden ja mukavuuden saavuttamiseksi.<\/p>\n<p>Valinnaiset lis\u00e4varusteet: puhallettavat happinaamarit, kasvosuojat, sivusuojukset, panssaroidut sivusuojukset, suojakilvet, kyp\u00e4r\u00e4nsuojat, luodinkest\u00e4v\u00e4t naamarit jne.<\/p>\n<p>Kyp\u00e4r\u00e4n v\u00e4ri: Vaaleanruskea<br \/>\nMICH on kyp\u00e4r\u00e4, joka pys\u00e4ytt\u00e4\u00e4 pistoolin laukaukset ja tarjoaa luotettavan suojan roskia ja putoavia roskia vastaan.<br \/>\nheikent\u00e4\u00e4 suojausta.<\/p>\n<hr \/>\n<p><strong>&#8221;Ihmisille:<\/strong><br \/>\nNIJ lllA Kevlar WENDY Ballistic Helmet k\u00e4sittelee pistooli- ja sirpaleuhat vahvemmilla kiinnikkeill\u00e4, jotka ovat kevyempi\u00e4 ja mukavampia k\u00e4ytt\u00e4\u00e4. T\u00e4m\u00e4 kyp\u00e4r\u00e4 sopii kaikentyyppisille k\u00e4ytt\u00e4jille. Armeijan, poliisin, SWATin, sis\u00e4isen turvallisuuden, tullin ja rajavartiolaitoksen kaltaisten virastojen henkil\u00f6st\u00f6 voidaan varustaa tehostetuilla taisteluominaisuuksilla. Se on my\u00f6s hyv\u00e4 valinta kodin suojaksi ja cosplayksi.<\/p>\n<hr \/>\n<p>Jos sinulla on kysytt\u00e4v\u00e4\u00e4 tuotteistamme ennen kuin olet valmis ostamaan tuotteitamme,<\/p>\n<p>Ole hyv\u00e4 ja (<a href=\"https:\/\/tyditiao.com\/fi\/ottaa-yhteytta\/\">ota meihin yhteytt\u00e4<\/a>) v\u00e4litt\u00f6m\u00e4sti, niin vastaamme 1 arkip\u00e4iv\u00e4n kuluessa. Jos haluat tilata enemm\u00e4n kuin 5 luodinkest\u00e4v\u00e4\u00e4 kyp\u00e4r\u00e4\u00e4 samanaikaisesti, saat lis\u00e4alennuksen;<\/p>\n","protected":false},"excerpt":{"rendered":"<p>Hyv\u00e4 luodinkest\u00e4v\u00e4 suorituskyky: NIJ Level lllA, t\u00e4ydellinen p\u00e4\u00e4nsuoja.<\/p>\n<p>Hyv\u00e4 laatu: Wendy Military Tactical -kyp\u00e4r\u00e4 on valmistettu kest\u00e4v\u00e4st\u00e4 Dupont Kevlar -aramidikuidusta, joka on l\u00e4mm\u00f6nkest\u00e4v\u00e4 ja jota ei ole helppo muuttaa muotoaan.<\/p>\n<p>HELPPO S\u00c4\u00c4T\u00d6: Kevyt Military CAM FIT -kyp\u00e4r\u00e4n kiinnitysj\u00e4rjestelm\u00e4 BOA-suljinj\u00e4rjestelm\u00e4ll\u00e4 tarjoaa nopean ja helpon s\u00e4\u00e4d\u00f6n yhdell\u00e4 k\u00e4dell\u00e4 ja tarkan istuvuuden.<\/p>\n<p>Mukava k\u00e4ytt\u00e4\u00e4: Zorbium Foam Impact -satulassa on vedenpit\u00e4v\u00e4 vuori ja antibakteerinen pinnoite, joka siirt\u00e4\u00e4 kosteuden pois ja pit\u00e4\u00e4 sinut viile\u00e4n\u00e4 ja kuivana, kun k\u00e4yt\u00e4t sit\u00e4.<\/p>\n<p>Laajennus: Rail 2.0 -kiinnitysj\u00e4rjestelm\u00e4 on yhteensopiva kaikkien EXFIL Rail 2.0 -kiinnittimien kanssa. Kaksipuoliset gimbal-kiinnityskiskot ja otsan gimbal on helppo asentaa ja konfiguroida, kuulokkeet, aseen valot, kamerat, v\u00e4lkkyv\u00e4t valot, y\u00f6n\u00e4k\u00f6laitteet, GoPro-kamerat ja NVG-lasit.<\/p>\n","protected":false},"featured_media":10762,"comment_status":"closed","ping_status":"closed","template":"","meta":[],"product_brand":[],"product_cat":[665,664],"product_tag":[],"woo-feed-brand":[50],"class_list":{"0":"post-14167","1":"product","2":"type-product","3":"status-publish","4":"has-post-thumbnail","6":"product_cat-luodinkestava-kypara","7":"product_cat-wendy-fi","8":"woo-feed-brand-tyditiao","10":"first","11":"instock","12":"sale","13":"shipping-taxable","14":"purchasable","15":"product-type-simple"},"_links":{"self":[{"href":"https:\/\/tyditiao.com\/fi\/wp-json\/wp\/v2\/product\/14167","targetHints":{"allow":["GET"]}}],"collection":[{"href":"https:\/\/tyditiao.com\/fi\/wp-json\/wp\/v2\/product"}],"about":[{"href":"https:\/\/tyditiao.com\/fi\/wp-json\/wp\/v2\/types\/product"}],"replies":[{"embeddable":true,"href":"https:\/\/tyditiao.com\/fi\/wp-json\/wp\/v2\/comments?post=14167"}],"wp:featuredmedia":[{"embeddable":true,"href":"https:\/\/tyditiao.com\/fi\/wp-json\/wp\/v2\/media\/10762"}],"wp:attachment":[{"href":"https:\/\/tyditiao.com\/fi\/wp-json\/wp\/v2\/media?parent=14167"}],"wp:term":[{"taxonomy":"product_brand","embeddable":true,"href":"https:\/\/tyditiao.com\/fi\/wp-json\/wp\/v2\/product_brand?post=14167"},{"taxonomy":"product_cat","embeddable":true,"href":"https:\/\/tyditiao.com\/fi\/wp-json\/wp\/v2\/product_cat?post=14167"},{"taxonomy":"product_tag","embeddable":true,"href":"https:\/\/tyditiao.com\/fi\/wp-json\/wp\/v2\/product_tag?post=14167"},{"taxonomy":"woo-feed-brand","embeddable":true,"href":"https:\/\/tyditiao.com\/fi\/wp-json\/wp\/v2\/woo-feed-brand?post=14167"}],"curies":[{"name":"wp","href":"https:\/\/api.w.org\/{rel}","templated":true}]}}