{"id":14186,"date":"2022-06-13T04:32:01","date_gmt":"2022-06-13T02:32:01","guid":{"rendered":"http:\/\/tyditiao.com\/product\/uusi-kevlar-kypara-luokan-iiia-sotilaskypara-sotilaallinen-taistelukypara-team-wendy-vihrea\/"},"modified":"2026-01-25T19:53:29","modified_gmt":"2026-01-25T17:53:29","slug":"wendys-bulletproof-kypara-kevlar-kypara-taktinen-vihrea","status":"publish","type":"product","link":"https:\/\/tyditiao.com\/fi\/tuote\/wendys-bulletproof-kypara-kevlar-kypara-taktinen-vihrea\/","title":{"rendered":"Uusi Kevlar-kyp\u00e4r\u00e4, luokan IIIA sotilaskyp\u00e4r\u00e4, sotilaallinen taistelukyp\u00e4r\u00e4 Team Wendy, vihre\u00e4"},"content":{"rendered":"<p>Light Soldier Helmet Wendyn kyp\u00e4r\u00e4 on suunniteltu eritt\u00e4in kevyeksi ja eritt\u00e4in mukavaksi k\u00e4ytt\u00e4\u00e4. Se on my\u00f6s varustettu korkealaatuisilla energiaa vaimentavilla osilla, jotka voivat tehokkaasti absorboida iskuvoiman, v\u00e4hent\u00e4\u00e4 kyp\u00e4r\u00e4n rungon muodonmuutoksia luodin osuessa kyp\u00e4r\u00e4\u00e4n ja v\u00e4hent\u00e4\u00e4 k\u00e4ytt\u00e4j\u00e4n loukkaantumisastetta ja astetta. Kaksipuolinen, yleisk\u00e4ytt\u00f6iset laitteen kiinnityskiskot ja kardaanikiinnike otsassa, jolloin Wendy voi luoda enemm\u00e4n mahdollisuuksia.<\/p>\n<hr \/>\n<p><strong>Puolustusluokka:<\/strong><\/p>\n<p>T\u00e4m\u00e4 luodinkest\u00e4v\u00e4 kyp\u00e4r\u00e4 on NIJ Level IIIA luodinkest\u00e4v\u00e4 kyp\u00e4r\u00e4 NIJ 0101.06 -standardin mukaisesti, ja vastaava testiraportti voidaan toimittaa.<\/p>\n<hr \/>\n<p><strong>Puolustusammuksen parametrit:<\/strong><\/p>\n<p>.44 Mag SJHP<br \/>\n.357 SIG FMJ FN<br \/>\n9mm FMJ RN<br \/>\n.357 Mag JSP<br \/>\n.40 S&amp;W FMJ<\/p>\n<p>Tarjoaa my\u00f6s suojan useimpia k\u00e4siaseuhkia sek\u00e4 luokan IIA ja II uhkia vastaan<\/p>\n<hr \/>\n<p><strong>Luodinkest\u00e4v\u00e4n kyp\u00e4r\u00e4n parametrit:<\/strong><br \/>\nNimi: NIJ lllA WENDY luodinkest\u00e4v\u00e4 kyp\u00e4r\u00e4<\/p>\n<p>Materiaali: Korkea vetolujuus Kevlar-DuPont Aramid Fiber<br \/>\nP\u00e4\u00e4n ymp\u00e4rysmitta: 52-60 cm<\/p>\n<p>Vuori: Zorbium Foam Impact Pads pit\u00e4\u00e4 sinut viile\u00e4n\u00e4 ja kuivana vedenpit\u00e4v\u00e4ll\u00e4, mukavalla pehmusteella ja antibakteerisella p\u00e4\u00e4llyksell\u00e4, joka siirt\u00e4\u00e4 hike\u00e4 pois. Antaa alle puolet toistuviin iskuihin vaaditusta voimasta kaikissa ymp\u00e4rist\u00f6olosuhteissa. Hiirimattossa on vakiona kolme iskunkest\u00e4v\u00e4\u00e4 tyyny\u00e4 ja kahdeksan s\u00e4\u00e4dett\u00e4v\u00e4\u00e4 tyyny\u00e4 optimaalisen istuvuuden ja mukavuuden takaamiseksi.<\/p>\n<p>Valinnaiset lis\u00e4varusteet: puhallettavat happinaamarit, kasvosuojat, sivusuojat, panssaroidut sivusuojukset, suojukset, kyp\u00e4r\u00e4nsuojat, luodinkest\u00e4v\u00e4t naamarit jne.<br \/>\nKyp\u00e4r\u00e4n v\u00e4ri: Vihre\u00e4<br \/>\nMICH on kyp\u00e4r\u00e4, joka pys\u00e4ytt\u00e4\u00e4 pistoolin laukaukset ja tarjoaa luotettavan suojan roskia ja putoavia roskia vastaan.<br \/>\nheikent\u00e4\u00e4 suojausta.<\/p>\n<hr \/>\n<p><strong>&#8221;Ihmisille:<\/strong><br \/>\nNIJ lllA Kevlar WENDY Ballistic Helmet k\u00e4sittelee pistooli- ja sirpaleuhat vahvemmilla kiinnikkeill\u00e4, jotka ovat kevyempi\u00e4 ja mukavampia k\u00e4ytt\u00e4\u00e4. T\u00e4m\u00e4 kyp\u00e4r\u00e4 sopii kaikentyyppisille k\u00e4ytt\u00e4jille. Armeijan, poliisin, SWATin, sis\u00e4isen turvallisuuden, tullin ja rajavartiolaitoksen kaltaisten virastojen henkil\u00f6st\u00f6 voidaan varustaa tehostetuilla taisteluominaisuuksilla. Se on my\u00f6s hyv\u00e4 valinta kodin suojaksi ja cosplayksi.<\/p>\n<hr \/>\n<p>Jos haluat ostaa tuotteitamme tai sinulla on kysytt\u00e4v\u00e4\u00e4 tuotteistamme;<br \/>\nJos sinulla on mukauttamistarpeita;<br \/>\nOle hyv\u00e4 ja (<a href=\"https:\/\/tyditiao.com\/fi\/ottaa-yhteytta\/\">ota meihin yhteytt\u00e4<\/a>) v\u00e4litt\u00f6m\u00e4sti, vastaamme sinulle 1 ty\u00f6p\u00e4iv\u00e4n kuluessa<\/p>\n","protected":false},"excerpt":{"rendered":"<p>Hyv\u00e4 laatu: Tekninen sotilaskyp\u00e4r\u00e4 on valmistettu eritt\u00e4in lujasta DuPont Kevlar Aramid -kuidusta, joka on l\u00e4mm\u00f6nkest\u00e4v\u00e4\u00e4 ja jota ei ole helppo muotoilla<\/p>\n<p>Hyv\u00e4 ballistinen suorituskyky: NIJ taso IIIA<\/p>\n<p>Mukava k\u00e4ytt\u00e4\u00e4: Zorbium Foam Impact Pillow -tyynyss\u00e4 on vedenpit\u00e4v\u00e4 vuori ja antimikrobinen pinnoite, joka siirt\u00e4\u00e4 kosteuden pois ja pit\u00e4\u00e4 sinut viile\u00e4n\u00e4 ja kuivana.<\/p>\n<p>HELPPO S\u00c4\u00c4T\u00d6: Kevyt sotilaskyp\u00e4r\u00e4n CAM FIT -kiinnitysj\u00e4rjestelm\u00e4 BOA-sulkuj\u00e4rjestelm\u00e4ll\u00e4 turvalliseen yhdell\u00e4 k\u00e4dell\u00e4 tapahtuvaan s\u00e4\u00e4t\u00f6\u00f6n tarkan istuvuuden takaamiseksi.<\/p>\n<p>LAAJENNETTAVA: Rail 2.0 -kiinnitysj\u00e4rjestelm\u00e4 on yhteensopiva kaikkien EXFIL Rail 2.0 -kiinnittimien kanssa. Kaksipuolinen gimbal-kiinnityskisko ja kardaanikiinnike otsassa antavat Wendylle mahdollisuuden luoda lis\u00e4\u00e4 mahdollisuuksia.<\/p>\n","protected":false},"featured_media":10629,"comment_status":"open","ping_status":"closed","template":"","meta":[],"product_brand":[],"product_cat":[665,664],"product_tag":[],"woo-feed-brand":[50],"class_list":{"0":"post-14186","1":"product","2":"type-product","3":"status-publish","4":"has-post-thumbnail","6":"product_cat-luodinkestava-kypara","7":"product_cat-wendy-fi","8":"woo-feed-brand-tyditiao","10":"first","11":"instock","12":"sale","13":"shipping-taxable","14":"purchasable","15":"product-type-simple"},"_links":{"self":[{"href":"https:\/\/tyditiao.com\/fi\/wp-json\/wp\/v2\/product\/14186","targetHints":{"allow":["GET"]}}],"collection":[{"href":"https:\/\/tyditiao.com\/fi\/wp-json\/wp\/v2\/product"}],"about":[{"href":"https:\/\/tyditiao.com\/fi\/wp-json\/wp\/v2\/types\/product"}],"replies":[{"embeddable":true,"href":"https:\/\/tyditiao.com\/fi\/wp-json\/wp\/v2\/comments?post=14186"}],"wp:featuredmedia":[{"embeddable":true,"href":"https:\/\/tyditiao.com\/fi\/wp-json\/wp\/v2\/media\/10629"}],"wp:attachment":[{"href":"https:\/\/tyditiao.com\/fi\/wp-json\/wp\/v2\/media?parent=14186"}],"wp:term":[{"taxonomy":"product_brand","embeddable":true,"href":"https:\/\/tyditiao.com\/fi\/wp-json\/wp\/v2\/product_brand?post=14186"},{"taxonomy":"product_cat","embeddable":true,"href":"https:\/\/tyditiao.com\/fi\/wp-json\/wp\/v2\/product_cat?post=14186"},{"taxonomy":"product_tag","embeddable":true,"href":"https:\/\/tyditiao.com\/fi\/wp-json\/wp\/v2\/product_tag?post=14186"},{"taxonomy":"woo-feed-brand","embeddable":true,"href":"https:\/\/tyditiao.com\/fi\/wp-json\/wp\/v2\/woo-feed-brand?post=14186"}],"curies":[{"name":"wp","href":"https:\/\/api.w.org\/{rel}","templated":true}]}}