{"id":14205,"date":"2022-06-13T04:11:33","date_gmt":"2023-05-23T01:53:24","guid":{"rendered":"http:\/\/tyditiao.com\/product\/puolan-armeijakypara-luokan-iiia-taktinen-kevlar-kypara-energiakypara-pikanaamiolla-musta\/"},"modified":"2023-05-23T03:53:24","modified_gmt":"2023-05-23T01:53:24","slug":"nopea-luodinkestava-taktinen-kevlar-nijiiia-musta","status":"publish","type":"product","link":"https:\/\/tyditiao.com\/fi\/tuote\/nopea-luodinkestava-taktinen-kevlar-nijiiia-musta\/","title":{"rendered":"Puolan armeijakyp\u00e4r\u00e4, luokan IIIA taktinen kevlar-kyp\u00e4r\u00e4, energiakyp\u00e4r\u00e4 pikanaamiolla, musta"},"content":{"rendered":"<p><strong>Puolustusluokka:<\/strong><\/p>\n<p>T\u00e4m\u00e4 luodinkest\u00e4v\u00e4 kyp\u00e4r\u00e4 on NIJ Level IIIA luodinkest\u00e4v\u00e4 kyp\u00e4r\u00e4 NIJ 0101.06 -standardin mukaisesti, ja vastaava testiraportti voidaan toimittaa.<\/p>\n<hr>\n<p><strong>Puolustusammuksen parametrit:<\/strong><\/p>\n<p>.44 Mag SJHP<br \/>\n.357 SIG FMJ FN<br \/>\n9mm FMJ RN<br \/>\n.357 Mag JSP<br \/>\n.40 S&#038;W FMJ<\/p>\n<p>Tarjoaa my\u00f6s suojan useimpia k\u00e4siaseuhkia sek\u00e4 luokan IIA ja II uhkia vastaan<\/p>\n<hr>\n<p><strong>Luodinkest\u00e4v\u00e4n kyp\u00e4r\u00e4n parametrit:<\/strong><br \/>\nNimi: NIJ lllA FAST luodinkest\u00e4v\u00e4 kyp\u00e4r\u00e4<\/p>\n<p>Materiaali: Korkea vetolujuus Kevlar-DuPont Aramid Fiber<br \/>\nP\u00e4\u00e4n ymp\u00e4rysmitta: 52-64 cm<br \/>\nValinnaiset lis\u00e4varusteet: luodinkest\u00e4v\u00e4 maski jne.<br \/>\nKyp\u00e4r\u00e4n v\u00e4ri: Musta<br \/>\nMICH on kyp\u00e4r\u00e4, joka pys\u00e4ytt\u00e4\u00e4 pistoolin laukaukset ja tarjoaa luotettavan suojan roskia ja putoavia roskia vastaan.<br \/>\nheikent\u00e4\u00e4 suojausta.<\/p>\n<hr>\n<p><strong>&#8221;Ihmisille:<\/strong><br \/>\nNIJ lllA Kevlar FAST ballistinen kyp\u00e4r\u00e4 on suunniteltu k\u00e4sittelem\u00e4\u00e4n aseiden ja sirpaleiden uhkaa vahvemmilla kiinnikkeill\u00e4 kevyemm\u00e4n ja mukavamman istuvuuden takaamiseksi. T\u00e4m\u00e4 kyp\u00e4r\u00e4 sopii kaikentyyppisille k\u00e4ytt\u00e4jille. Armeijan, poliisin, SWATin, sis\u00e4isen turvallisuuden, tullin ja rajavartiolaitoksen kaltaisten virastojen henkil\u00f6st\u00f6 voidaan varustaa tehostetuilla taisteluominaisuuksilla. Se on my\u00f6s hyv\u00e4 valinta kodin suojaksi ja cosplayksi.<\/p>\n<hr>\n<p><strong>Mik\u00e4 on FAST ballistinen kyp\u00e4r\u00e4?<\/strong><\/p>\n<p>FAST luodinkest\u00e4v\u00e4 kyp\u00e4r\u00e4 (englanniksi: Future Assault Shell Technology Helmet, j\u00e4ljemp\u00e4n\u00e4 FAST) Future Assault Shell Technology -kyp\u00e4r\u00e4 on Yhdysvaltain armeijan tutkimusinstituutin ja Yhdysvaltain armeijan tutkimus-, kehitys- ja suunnittelukeskuksen Natickin kehitt\u00e4m\u00e4 taistelukyp\u00e4r\u00e4. Kyp\u00e4r\u00e4 on suunniteltu tarjoamaan mukavuutta erikoisoperaattoreille samalla kun se tarjoaa ballistisen perussuojan. FAST-kyp\u00e4r\u00e4 esiteltiin ensimm\u00e4isen kerran yleis\u00f6lle SHOT SHOW:ssa vuonna 2009, ja Afganistanissa toimivat Yhdysvaltain erikoisjoukot ottivat sen pian k\u00e4ytt\u00f6\u00f6n. FAST taktisia ballistisia kyp\u00e4ri\u00e4 k\u00e4ytet\u00e4\u00e4n nyky\u00e4\u00e4n laajasti eri maiden erikoisjoukoissa ja poliisin erikoisjoukoissa. Lis\u00e4ksi FAST taktinen kyp\u00e4r\u00e4 on nyt Norjan asevoimien vakiotaistelukyp\u00e4r\u00e4.<\/p>\n<hr>\n<p><strong>FAST Kevlar -kyp\u00e4r\u00e4n ominaisuudet:<\/strong><\/p>\n<p>Tavallisiin sotilaskyp\u00e4riin verrattuna FAST-kyp\u00e4r\u00e4 on 25 % kevyempi. Kyp\u00e4r\u00e4n jousitusj\u00e4rjestelm\u00e4n avulla k\u00e4ytt\u00e4j\u00e4t voivat helposti s\u00e4\u00e4t\u00e4\u00e4 kyp\u00e4r\u00e4n istuvuutta tai kireytt\u00e4 optimaalisen mukavuuden saavuttamiseksi. FAST-kyp\u00e4r\u00e4t on varustettu ARC-kiskoilla vasemmalla ja oikealla puolella laitteiden, kuten taskulamppujen, melua vaimentavien kuulokkeiden ja viestint\u00e4laitteiden kiinnityst\u00e4 varten, sek\u00e4 pime\u00e4n\u00e4k\u00f6- tai videolaitteet voidaan asentaa kyp\u00e4r\u00e4n keskelle kiinnitysadapterin kautta, joka on erityinen taistelu, joka voi lis\u00e4t\u00e4 taktista etua. Kyp\u00e4r\u00e4\u00e4n kiinnitetyn paholaisen huovan avulla k\u00e4ytt\u00e4j\u00e4t voivat kiinnitt\u00e4\u00e4 maansa lipun, armeijan tai laitoksen sek\u00e4 asianmukaiset tunnisteleimat, kuten kutsumerkit ja verityypit. Lis\u00e4ksi modulaarisen rakenteen ansiosta FAST-kyp\u00e4r\u00e4n siviiliversio ilman luodinkest\u00e4v\u00e4\u00e4 toimintoa ei ole vain armeijan ja poliisin k\u00e4yt\u00f6ss\u00e4, vaan my\u00f6s ulkourheilijoiden, toimittajien, pelastajien ja muiden kentt\u00e4ty\u00f6ntekij\u00f6iden omaksumaa innokkaasti.<\/p>\n<hr>\n<p><strong>Onko taktinen ballistinen FAST-kyp\u00e4r\u00e4 loistava suoja ja miksi se on niin suosittu?<\/strong><\/p>\n<p>Syit\u00e4 on kaksi: Ensinn\u00e4kin tekniikan kehitys on johtanut yh\u00e4 enemm\u00e4n yksitt\u00e4isten sotilaiden teknisiin laitteisiin, jotka edellytt\u00e4v\u00e4t teknisten lis\u00e4laitteiden latausalustaa, joka on uhrattava suojelun kustannuksella;<br \/>\nToiseksi, FAST-k\u00e4ytt\u00e4j\u00e4t ovat p\u00e4\u00e4osin erikoisjoukkoja, ja taisteluet\u00e4isyydell\u00e4 erikoisjoukot yksinkertaisesti luopuvat jostain suojasta, alustan siirrett\u00e4vyys ja tekniset laitteet muuttuvat selviytymisprosentteiksi, ja jopa k\u00e4yt\u00e4nn\u00f6n sovelluksissa, yleens\u00e4 vain nopeissa kyp\u00e4riss\u00e4, Monissa laitteissa ei ole elementtej\u00e4, vain siirrett\u00e4vyytt\u00e4 varten.<\/p>\n<p>FAST ei perustu tiukkaan suojaukseen Kaksipuoliset kuulosuojaimet eiv\u00e4t riit\u00e4 P\u00e4\u00e4asiassa kuulokkeita ja lis\u00e4tarvikkeita k\u00e4ytt\u00e4v\u00e4n henkil\u00f6st\u00f6n mukavuuden vuoksi Kevyet taktiset kyp\u00e4r\u00e4t luopuvat osittain suojasta tuovat enemm\u00e4n etuja taistelussa.<\/p>\n<p>FAST-kyp\u00e4r\u00e4t ovat laajalti k\u00e4yt\u00f6ss\u00e4 monissa maissa, ja monissa maissa kyp\u00e4r\u00e4mallit ovat hyvin samankaltaisia kuin amerikkalaiset FAST-kyp\u00e4r\u00e4t, kuten Ven\u00e4j\u00e4ll\u00e4, Ranskassa ja Isossa-Britanniassa kyp\u00e4r\u00e4t on suunniteltu mukautumaan FAST-kyp\u00e4riin, vaikka ne kehittyv\u00e4tkin ajan my\u00f6t\u00e4. My\u00f6s n\u00e4iden kyp\u00e4r\u00e4n m\u00e4\u00e4r\u00e4 muuttuu, mutta n\u00e4ytt\u00e4\u00e4 edelleen samanlaiselta kuin FAST-kyp\u00e4r\u00e4, ilmeisist\u00e4 syist\u00e4 t\u00e4m\u00e4 kyp\u00e4r\u00e4 voi tehokkaasti suojata p\u00e4\u00e4t\u00e4 ja maksimoida sotilaan i\u00e4n.<\/p>\n<hr>\n<p><strong>NOPEA Kevlar-kyp\u00e4r\u00e4n hinta?<\/strong><\/p>\n<p>Osta suoraan verkkosivuiltamme ja s\u00e4\u00e4st\u00e4 15% normaalihinnasta<\/p>\n<hr>\n<p>Jos haluat ostaa tuotteitamme tai sinulla on kysytt\u00e4v\u00e4\u00e4 tuotteistamme;<br \/>\nJos sinulla on mukautustarpeita;<br \/>\nOle hyv\u00e4 ja (<a href=\"http:\/\/tyditiao.com\/en\/contact\/\">ota meihin yhteytt\u00e4<\/a>) v\u00e4litt\u00f6m\u00e4sti, vastaamme sinulle 1 ty\u00f6p\u00e4iv\u00e4n kuluessa<\/p>\n<p>&nbsp;<\/p>\n<p>&nbsp;<\/p>\n","protected":false},"excerpt":{"rendered":"<p>Valmistettu eritt\u00e4in lujasta DuPont Kevlar Aramid -kuidusta, l\u00e4mm\u00f6nkest\u00e4v\u00e4 ja vaikea muotoilla<\/p>\n<p>NIJ Taso IIIA<\/p>\n<p>P\u00e4\u00e4n ymp\u00e4rysmitan s\u00e4\u00e4t\u00f6j\u00e4rjestelm\u00e4n avulla voit s\u00e4\u00e4t\u00e4\u00e4 p\u00e4\u00e4n ymp\u00e4rysmittaa napin painalluksella saavuttaaksesi kyp\u00e4r\u00e4n ihanteellisen istuvuuden<\/p>\n<p>Otsa on vahvistettu mustekalan sivuilla olevilla elastisilla hihnoilla (pi\u00f6n\u00e4k\u00f6telineen pohjassa) peilien, kameroiden, y\u00f6n\u00e4k\u00f6lasien ja muiden laitteiden kiinnitt\u00e4miseksi<\/p>\n<p>Varustettu kiskoilla, tehokkaampi lis\u00e4varustekiinnitys, voidaan varustaa vahvalla valoj\u00e4rjestelm\u00e4ll\u00e4 ja majakkatunnistevaloilla, voidaan varustaa my\u00f6s kuulosuojaimilla<\/p>\n","protected":false},"featured_media":10325,"comment_status":"closed","ping_status":"closed","template":"","meta":[],"product_brand":[],"product_cat":[665,814],"product_tag":[],"woo-feed-brand":[50],"class_list":{"0":"post-14205","1":"product","2":"type-product","3":"status-publish","4":"has-post-thumbnail","6":"product_cat-luodinkestava-kypara","7":"product_cat-nopeasti","8":"woo-feed-brand-tyditiao","10":"first","11":"instock","12":"sale","13":"shipping-taxable","14":"purchasable","15":"product-type-simple"},"_links":{"self":[{"href":"https:\/\/tyditiao.com\/fi\/wp-json\/wp\/v2\/product\/14205","targetHints":{"allow":["GET"]}}],"collection":[{"href":"https:\/\/tyditiao.com\/fi\/wp-json\/wp\/v2\/product"}],"about":[{"href":"https:\/\/tyditiao.com\/fi\/wp-json\/wp\/v2\/types\/product"}],"replies":[{"embeddable":true,"href":"https:\/\/tyditiao.com\/fi\/wp-json\/wp\/v2\/comments?post=14205"}],"wp:featuredmedia":[{"embeddable":true,"href":"https:\/\/tyditiao.com\/fi\/wp-json\/wp\/v2\/media\/10325"}],"wp:attachment":[{"href":"https:\/\/tyditiao.com\/fi\/wp-json\/wp\/v2\/media?parent=14205"}],"wp:term":[{"taxonomy":"product_brand","embeddable":true,"href":"https:\/\/tyditiao.com\/fi\/wp-json\/wp\/v2\/product_brand?post=14205"},{"taxonomy":"product_cat","embeddable":true,"href":"https:\/\/tyditiao.com\/fi\/wp-json\/wp\/v2\/product_cat?post=14205"},{"taxonomy":"product_tag","embeddable":true,"href":"https:\/\/tyditiao.com\/fi\/wp-json\/wp\/v2\/product_tag?post=14205"},{"taxonomy":"woo-feed-brand","embeddable":true,"href":"https:\/\/tyditiao.com\/fi\/wp-json\/wp\/v2\/woo-feed-brand?post=14205"}],"curies":[{"name":"wp","href":"https:\/\/api.w.org\/{rel}","templated":true}]}}