{"id":14242,"date":"2022-06-13T04:05:41","date_gmt":"2022-06-13T02:05:41","guid":{"rendered":"http:\/\/tyditiao.com\/product\/saksan-sotilaskypara-luokan-iiia-sotilaskypara-ballistinen-taktinen-pikakypara-vihrea\/"},"modified":"2026-03-14T23:16:53","modified_gmt":"2026-03-14T21:16:53","slug":"nopea-luodinkestava-ruori-taktinen-kevlar-nijiiia-vihrea","status":"publish","type":"product","link":"https:\/\/tyditiao.com\/fi\/tuote\/nopea-luodinkestava-ruori-taktinen-kevlar-nijiiia-vihrea\/","title":{"rendered":"Saksan sotilaskyp\u00e4r\u00e4, luokan IIIA sotilaskyp\u00e4r\u00e4, ballistinen taktinen pikakyp\u00e4r\u00e4, vihre\u00e4"},"content":{"rendered":"<p><strong>Puolustusluokka:<\/strong><\/p>\n<p>T\u00e4m\u00e4 luodinkest\u00e4v\u00e4 kyp\u00e4r\u00e4 on NIJ Level IIIA luodinkest\u00e4v\u00e4 kyp\u00e4r\u00e4 NIJ 0101.06 -standardin mukaisesti, ja vastaava testiraportti voidaan toimittaa.<\/p>\n<hr \/>\n<p><strong>Puolustusammuksen parametrit:<\/strong><\/p>\n<p>.44 Mag SJHP<br \/>\n.357 SIG FMJ FN<br \/>\n9mm FMJ RN<br \/>\n.357 Mag JSP<br \/>\n.40 S&amp;W FMJ<\/p>\n<p>Tarjoaa my\u00f6s suojan useimpia k\u00e4siaseuhkia sek\u00e4 luokan IIA ja II uhkia vastaan<\/p>\n<hr \/>\n<p><strong>Luodinkest\u00e4v\u00e4n kyp\u00e4r\u00e4n parametrit:<\/strong><\/p>\n<p>Nimi: NIJ lllA FAST luodinkest\u00e4v\u00e4 kyp\u00e4r\u00e4<\/p>\n<p>Materiaali: Korkea vetolujuus Kevlar-DuPont Aramid Fiber<br \/>\nP\u00e4\u00e4n ymp\u00e4rysmitta: 52-64 cm<br \/>\nValinnaiset lis\u00e4varusteet: luodinkest\u00e4v\u00e4 maski jne.<br \/>\nKyp\u00e4r\u00e4n v\u00e4ri: Vihre\u00e4<br \/>\nMICH on kyp\u00e4r\u00e4, joka pys\u00e4ytt\u00e4\u00e4 pistoolin laukaukset ja tarjoaa luotettavan suojan roskia ja putoavia roskia vastaan.<br \/>\nheikent\u00e4\u00e4 suojausta.<\/p>\n<hr \/>\n<p><strong>&#8221;Ihmisille:<\/strong><\/p>\n<p>NIJ lllA Kevlar FAST ballistinen kyp\u00e4r\u00e4 on suunniteltu k\u00e4sittelem\u00e4\u00e4n aseiden ja sirpaleiden uhkaa vahvemmilla kiinnikkeill\u00e4 kevyemm\u00e4n ja mukavamman istuvuuden takaamiseksi. T\u00e4m\u00e4 kyp\u00e4r\u00e4 sopii kaikentyyppisille k\u00e4ytt\u00e4jille. Armeijan, poliisin, SWATin, sis\u00e4isen turvallisuuden, tullin ja rajavartiolaitoksen kaltaisten virastojen henkil\u00f6st\u00f6 voidaan varustaa tehostetuilla taisteluominaisuuksilla. Se on my\u00f6s hyv\u00e4 valinta kodin suojaksi ja cosplayksi.<\/p>\n<hr \/>\n<p><strong>FAST Military Tactical Ballistic Helmetin ominaisuudet:<\/strong><\/p>\n<p>Tavallisiin sotilaskyp\u00e4riin verrattuna FAST-kyp\u00e4r\u00e4 on 25 % kevyempi. Kyp\u00e4r\u00e4n jousitusj\u00e4rjestelm\u00e4n ansiosta k\u00e4ytt\u00e4j\u00e4t voivat helposti s\u00e4\u00e4t\u00e4\u00e4 kyp\u00e4r\u00e4n istuvuutta tai kireytt\u00e4 optimaalisen mukavuuden saavuttamiseksi. FAST-kyp\u00e4r\u00e4n vasemmalla ja oikealla puolella on ARC-kiskot lis\u00e4varusteiden, kuten taskulamppujen, melua vaimentavien kuulokkeiden ja viestint\u00e4laitteiden sek\u00e4 pime\u00e4n\u00e4k\u00f6- tai videotallennuslaitteiden kiinnitt\u00e4mist\u00e4 varten. Adapteri voidaan asentaa kyp\u00e4r\u00e4n keskelle sovittimen kautta. T\u00e4m\u00e4 on erityinen taistelu, joka voi lis\u00e4t\u00e4 taktista etua. Lis\u00e4ksi modulaarisen rakenteen ansiosta ei-luodinkest\u00e4v\u00e4n FAST-kyp\u00e4r\u00e4n siviiliversio ei ole vain armeijan ja poliisin k\u00e4yt\u00f6ss\u00e4, vaan my\u00f6s ulkourheilijat ja kentt\u00e4ty\u00f6ntekij\u00e4t, kuten toimittajat ja pelastajat, hyv\u00e4ksyv\u00e4t sen innokkaasti. Lis\u00e4ksi modulaarisen rakenteen ansiosta ei-luodinkest\u00e4v\u00e4n FAST-kyp\u00e4r\u00e4n siviiliversio ei ole vain armeijan ja poliisin k\u00e4yt\u00f6ss\u00e4, vaan my\u00f6s ulkourheilijat ja kentt\u00e4ty\u00f6ntekij\u00e4t, kuten toimittajat ja pelastajat, hyv\u00e4ksyv\u00e4t sen innokkaasti.<\/p>\n<hr \/>\n<p><strong>Antavatko FAST-sotilaalliset taktiset ballistiset kyp\u00e4r\u00e4t hyv\u00e4n suojan ja miksi ne ovat suosittuja?<\/strong><\/p>\n<p>Syit\u00e4 on kaksi: Ensinn\u00e4kin tekniikan kehittyminen on tehnyt yksitt\u00e4isist\u00e4 sotilaista yh\u00e4 enemm\u00e4n teknisi\u00e4 laitteita, jotka vaativat alustan teknisten lis\u00e4varusteiden lataamiseen, ja heid\u00e4n t\u00e4ytyi uhrata suoja valitakseen;<br \/>\nToiseksi, FAST-k\u00e4ytt\u00e4j\u00e4t ovat p\u00e4\u00e4asiassa erikoisjoukkoja, ja erikoisjoukot yksinkertaisesti luopuvat jostain suojasta taisteluet\u00e4isyydell\u00e4, alustan siirrett\u00e4vyydest\u00e4 ja teknisist\u00e4 laitteista tulee selviytymisprosentti, jopa k\u00e4yt\u00e4nn\u00f6n sovelluksissa, yleens\u00e4 vain nopeissa kyp\u00e4riss\u00e4, ne eiv\u00e4t ole siin\u00e4 on useita yksik\u00f6it\u00e4 vain siirrett\u00e4vyyden vuoksi.<\/p>\n<p>FAST ei luota tiukkaan suojaukseen Mik\u00e4\u00e4n korvakuppi molemmilla puolilla ei riit\u00e4 P\u00e4\u00e4asiassa kuulokkeita ja lis\u00e4tarvikkeita k\u00e4ytt\u00e4v\u00e4n henkil\u00f6kunnan mukavuuteen Kevyet taktiset kyp\u00e4r\u00e4t luopuvat osittain suojasta tuovat enemm\u00e4n etuja taistelussa.<\/p>\n<p>FAST-kyp\u00e4r\u00e4t ovat laajalti k\u00e4yt\u00f6ss\u00e4 monissa maissa, ja monissa maissa kyp\u00e4r\u00e4mallit ovat hyvin samankaltaisia kuin US FAST-kyp\u00e4r\u00e4t, kuten ven\u00e4l\u00e4iset, ranskalaiset ja brittil\u00e4iset kyp\u00e4r\u00e4t on suunniteltu FAST-kyp\u00e4rien mukaan, vaikka ne kehittyv\u00e4tkin ajan my\u00f6t\u00e4. N\u00e4m\u00e4 kyp\u00e4r\u00e4t my\u00f6s muuttuvat jatkuvasti, mutta n\u00e4ytt\u00e4v\u00e4t silti hyvin samanlaisilta kuin FAST-kyp\u00e4r\u00e4t ilmeisist\u00e4 syist\u00e4, jotka suojaavat tehokkaasti p\u00e4\u00e4t\u00e4 ja maksimoivat sotilaan elini\u00e4n.<\/p>\n<hr \/>\n<p><strong>NOPEA sotilaallisen taktisen ballistisen kyp\u00e4r\u00e4n hinta?<\/strong><\/p>\n<p>T\u00e4m\u00e4 on taktinen turvakyp\u00e4r\u00e4kauppamme, osta suoraan nettisivuiltamme, saat 15% alennuksen alkuper\u00e4isest\u00e4 hinnasta<\/p>\n<p>Jos haluat ostaa tuotteitamme tai sinulla on kysytt\u00e4v\u00e4\u00e4 tuotteistamme, ole hyv\u00e4 ja (<a href=\"https:\/\/tyditiao.com\/fi\/ottaa-yhteytta\/\">ota meihin yhteytt\u00e4<\/a>) viipym\u00e4tt\u00e4, vastaamme sinulle 1 ty\u00f6p\u00e4iv\u00e4. Jos haluat tilata enemm\u00e4n kuin 5 luodinkest\u00e4v\u00e4\u00e4 kyp\u00e4r\u00e4\u00e4 samanaikaisesti, saat lis\u00e4alennuksen;<\/p>\n","protected":false},"excerpt":{"rendered":"<p>Valmistettu eritt\u00e4in lujasta DuPont Kevlar Aramid -kuidusta, l\u00e4mm\u00f6nkest\u00e4v\u00e4 ja vaikea muotoilla<\/p>\n<p>NIJ Taso IIIA<\/p>\n<p>P\u00e4\u00e4n ymp\u00e4rysmitan s\u00e4\u00e4t\u00f6j\u00e4rjestelm\u00e4 voi tehd\u00e4 kyp\u00e4r\u00e4st\u00e4 saavuttamaan ihanteellisen k\u00e4ytt\u00f6vaikutuksen<\/p>\n<p>P\u00e4\u00e4n ymp\u00e4rysmitan s\u00e4\u00e4t\u00f6j\u00e4rjestelm\u00e4n avulla voit s\u00e4\u00e4t\u00e4\u00e4 p\u00e4\u00e4n ymp\u00e4rysmittaa napin painalluksella saavuttaaksesi kyp\u00e4r\u00e4n ihanteellisen istuvuuden<\/p>\n<p>Otsa on vahvistettu mustekalan sivuilla olevilla elastisilla hihnoilla (pi\u00f6n\u00e4k\u00f6telineen pohjassa) peilien, kameroiden, y\u00f6n\u00e4k\u00f6lasien ja muiden laitteiden kiinnitt\u00e4miseksi<\/p>\n<p>Varustettu kiskoilla, tehokkaampi lis\u00e4varustekiinnitys, voidaan varustaa vahvalla valoj\u00e4rjestelm\u00e4ll\u00e4 ja majakkatunnistevaloilla, voidaan varustaa my\u00f6s kuulosuojaimilla<\/p>\n","protected":false},"featured_media":10306,"comment_status":"open","ping_status":"closed","template":"","meta":[],"product_brand":[],"product_cat":[665,814],"product_tag":[],"woo-feed-brand":[50],"class_list":{"0":"post-14242","1":"product","2":"type-product","3":"status-publish","4":"has-post-thumbnail","6":"product_cat-luodinkestava-kypara","7":"product_cat-nopeasti","8":"woo-feed-brand-tyditiao","10":"first","11":"instock","12":"sale","13":"shipping-taxable","14":"purchasable","15":"product-type-simple"},"_links":{"self":[{"href":"https:\/\/tyditiao.com\/fi\/wp-json\/wp\/v2\/product\/14242","targetHints":{"allow":["GET"]}}],"collection":[{"href":"https:\/\/tyditiao.com\/fi\/wp-json\/wp\/v2\/product"}],"about":[{"href":"https:\/\/tyditiao.com\/fi\/wp-json\/wp\/v2\/types\/product"}],"replies":[{"embeddable":true,"href":"https:\/\/tyditiao.com\/fi\/wp-json\/wp\/v2\/comments?post=14242"}],"wp:featuredmedia":[{"embeddable":true,"href":"https:\/\/tyditiao.com\/fi\/wp-json\/wp\/v2\/media\/10306"}],"wp:attachment":[{"href":"https:\/\/tyditiao.com\/fi\/wp-json\/wp\/v2\/media?parent=14242"}],"wp:term":[{"taxonomy":"product_brand","embeddable":true,"href":"https:\/\/tyditiao.com\/fi\/wp-json\/wp\/v2\/product_brand?post=14242"},{"taxonomy":"product_cat","embeddable":true,"href":"https:\/\/tyditiao.com\/fi\/wp-json\/wp\/v2\/product_cat?post=14242"},{"taxonomy":"product_tag","embeddable":true,"href":"https:\/\/tyditiao.com\/fi\/wp-json\/wp\/v2\/product_tag?post=14242"},{"taxonomy":"woo-feed-brand","embeddable":true,"href":"https:\/\/tyditiao.com\/fi\/wp-json\/wp\/v2\/woo-feed-brand?post=14242"}],"curies":[{"name":"wp","href":"https:\/\/api.w.org\/{rel}","templated":true}]}}