{"id":14265,"date":"2022-06-13T03:55:46","date_gmt":"2023-05-23T03:45:44","guid":{"rendered":"http:\/\/tyditiao.com\/product\/sotilaskypara-iiia-taktinen-ballistinen-kypara-puolan-kevlar-kypara-vihrea\/"},"modified":"2026-03-14T23:16:56","modified_gmt":"2026-03-14T21:16:56","slug":"mich2000-luodinkestava-helm-kevlar-level-3-green","status":"publish","type":"product","link":"https:\/\/tyditiao.com\/fi\/tuote\/mich2000-luodinkestava-helm-kevlar-level-3-green\/","title":{"rendered":"Sotilaskyp\u00e4r\u00e4, IIIA taktinen ballistinen kyp\u00e4r\u00e4, Puolan Kevlar-kyp\u00e4r\u00e4, vihre\u00e4"},"content":{"rendered":"<p><strong>Puolustusluokka:<\/strong><\/p>\n<p>T\u00e4m\u00e4 luodinkest\u00e4v\u00e4 kyp\u00e4r\u00e4 on NIJ Level IIIA luodinkest\u00e4v\u00e4 kyp\u00e4r\u00e4 NIJ 0101.06 -standardin mukaisesti, ja vastaava testiraportti voidaan toimittaa.<\/p>\n<p>T\u00e4m\u00e4 tuote kelpuutetaan my\u00f6s tehostetuksi taistelukyp\u00e4r\u00e4ksi (ECH), kun sit\u00e4 k\u00e4ytet\u00e4\u00e4n yl\u00e4panssarilevyn kanssa todellisen kiv\u00e4\u00e4rin suojan saamiseksi.<\/p>\n<hr>\n<p><strong>Puolustusammuksen parametrit:<\/strong><\/p>\n<p>.44 Mag SJHP<br \/>\n.357 SIG FMJ FN<br \/>\n9mm FMJ RN<br \/>\n.357 Mag JSP<br \/>\n.40 S&#038;W FMJ<\/p>\n<p>Tarjoaa my\u00f6s suojan useimpia k\u00e4siaseuhkia sek\u00e4 luokan IIA ja II uhkia vastaan<\/p>\n<hr>\n<p><strong>Luodinkest\u00e4v\u00e4n kyp\u00e4r\u00e4n parametrit:<\/strong><br \/>\nNimi: NIJ lllA MICH2000 luodinkest\u00e4v\u00e4 kyp\u00e4r\u00e4<\/p>\n<p>Materiaali: Korkea vetolujuus Kevlar-DuPont Aramid Fiber<br \/>\nLaskeuma ammuksen laukaisun j\u00e4lkeen: &lt;20 mm<br \/>\nP\u00e4\u00e4n ymp\u00e4rysmitta: 52-60 cm<br \/>\nVuori: Uudelleenasennettava hitaasti palautuva vaahtomuovivuori pit\u00e4\u00e4 kyp\u00e4r\u00e4n mukavana ja est\u00e4\u00e4 v\u00e4symyksen ja ylikuumenemisen.<br \/>\nValinnaiset lis\u00e4varusteet: luodinkest\u00e4v\u00e4 maski jne.<br \/>\nKyp\u00e4r\u00e4n v\u00e4ri: Vihre\u00e4<br \/>\nMICH on kyp\u00e4r\u00e4, joka pys\u00e4ytt\u00e4\u00e4 pistoolin laukaukset ja tarjoaa luotettavan suojan roskia ja putoavia roskia vastaan.<br \/>\nheikent\u00e4\u00e4 suojausta.<\/p>\n<hr>\n<p><strong>&#8221;Ihmisille:<\/strong><br \/>\nNIJ lllA Kevlar MICH2000 ballistinen kyp\u00e4r\u00e4 k\u00e4sittelee pistoolin ja sirpaleiden uhkia suuremmalla kiinnityskapasiteetilla, mik\u00e4 tekee siit\u00e4 kevyemm\u00e4n ja mukavamman. T\u00e4m\u00e4 kyp\u00e4r\u00e4 sopii kaikentyyppisille k\u00e4ytt\u00e4jille. Armeijan, poliisin, SWATin, sis\u00e4isen turvallisuuden, tullin ja rajavartiolaitoksen kaltaisten virastojen henkil\u00f6st\u00f6 voidaan varustaa tehostetuilla taisteluominaisuuksilla. Se on my\u00f6s hyv\u00e4 valinta kodin suojaksi ja cosplayksi.<\/p>\n<p>MICH on kyp\u00e4r\u00e4, joka pys\u00e4ytt\u00e4\u00e4 pistoolin laukaukset ja tarjoaa luotettavan suojan roskia ja putoavia roskia vastaan. Mich ballistinen kyp\u00e4r\u00e4 ei ainoastaan tarjoa tarvittavaa kattavaa suojaa tylsilt\u00e4 aseita, ballistisia ja muita uhkia vastaan, vaan on my\u00f6s eritt\u00e4in modulaarinen ja mukava. T\u00e4m\u00e4 tuote luokitellaan my\u00f6s tehostetuksi taistelukyp\u00e4r\u00e4ksi (ECH), kun sit\u00e4 k\u00e4ytet\u00e4\u00e4n yhdess\u00e4 ylemm\u00e4n panssarilevyn kanssa antamaan todellista suojaa kiv\u00e4\u00e4rille. Matala leikkaus tarjoaa paremman peiton p\u00e4\u00e4n molemmille puolille kuin korvakyp\u00e4r\u00e4t. N\u00e4iss\u00e4 kyp\u00e4riss\u00e4 on my\u00f6s korvakupit kuulokkeiden ja muiden viestint\u00e4laitteiden sijoittamista varten.<\/p>\n<hr>\n<p><strong>Kumpi on suositumpi, MICH2000 vai FAST taktinen ballistinen kyp\u00e4r\u00e4?<\/strong><br \/>\nMICH2000:ssa on suurempi suojapinta, mik\u00e4 on hy\u00f6dyllisemp\u00e4\u00e4, jos et aio asentaa useita lis\u00e4varusteita. Jos aiot valita paljon varusteita, esimerkiksi (taskulamppu, melua vaimentavat kuulokkeet ja viestint\u00e4laitteet, pime\u00e4n\u00e4k\u00f6lasit tai videotallennuslaitteet jne.), on suositeltavaa k\u00e4ytt\u00e4\u00e4 FASTia, koska se ei ole liian raskas aiheuttamaan painetta niskaasi, mik\u00e4 vaikuttaa ep\u00e4suorasti toimintakykyyn.<\/p>\n<hr>\n<p><strong>MICH2000 sotilaskyp\u00e4r\u00e4n hinta<\/strong><br \/>\nOsta verkkokaupastamme ja s\u00e4\u00e4st\u00e4 15% hinnasta<\/p>\n<hr>\n<p>Jos haluat ostaa tuotteitamme tai sinulla on kysytt\u00e4v\u00e4\u00e4 tuotteistamme;<br \/>\nJos sinulla on mukautustarpeita;<br \/>\nOle hyv\u00e4 ja (<a href=\"http:\/\/tyditiao.com\/en\/contact\/\">ota meihin yhteytt\u00e4<\/a>) v\u00e4litt\u00f6m\u00e4sti, vastaamme sinulle 1 ty\u00f6p\u00e4iv\u00e4n kuluessa<\/p>\n","protected":false},"excerpt":{"rendered":"<p>Hyv\u00e4 laatu: Valmistettu korkealaatuisesta DuPont Kevlar Aramid -kuidusta, l\u00e4mm\u00f6nkest\u00e4v\u00e4 ja ei helposti muotoiltu<\/p>\n<p>Hyv\u00e4 ballistinen suorituskyky: NIJ taso IIIA<\/p>\n<p>Slow Shape Memory Foam: kosteutta siirt\u00e4v\u00e4 kangas helppoon puhdistamiseen, modulaariset pehmusteet, joita loppuk\u00e4ytt\u00e4j\u00e4 voi s\u00e4\u00e4t\u00e4\u00e4<\/p>\n<p>Kuivattu seepiaj\u00e4rjestelm\u00e4: tunnetaan my\u00f6s nimell\u00e4 y\u00f6n\u00e4k\u00f6pohja, voidaan yhdist\u00e4\u00e4 valonheittimiin, kameroihin, y\u00f6n\u00e4k\u00f6laitteisiin ja muihin laitteisiin<\/p>\n<p>Vasemmalla ja oikealla puolella on rautatieryhm\u00e4t: voidaan asentaa vahvalla valaistusj\u00e4rjestelm\u00e4ll\u00e4, merkkivalolla, kuulokkeiden suojalla.<\/p>\n","protected":false},"featured_media":11408,"comment_status":"open","ping_status":"closed","template":"","meta":[],"product_brand":[],"product_cat":[665,796],"product_tag":[],"woo-feed-brand":[50],"class_list":{"0":"post-14265","1":"product","2":"type-product","3":"status-publish","4":"has-post-thumbnail","6":"product_cat-luodinkestava-kypara","7":"product_cat-mich2000-fi","8":"woo-feed-brand-tyditiao","10":"first","11":"instock","12":"sale","13":"shipping-taxable","14":"purchasable","15":"product-type-simple"},"_links":{"self":[{"href":"https:\/\/tyditiao.com\/fi\/wp-json\/wp\/v2\/product\/14265","targetHints":{"allow":["GET"]}}],"collection":[{"href":"https:\/\/tyditiao.com\/fi\/wp-json\/wp\/v2\/product"}],"about":[{"href":"https:\/\/tyditiao.com\/fi\/wp-json\/wp\/v2\/types\/product"}],"replies":[{"embeddable":true,"href":"https:\/\/tyditiao.com\/fi\/wp-json\/wp\/v2\/comments?post=14265"}],"wp:featuredmedia":[{"embeddable":true,"href":"https:\/\/tyditiao.com\/fi\/wp-json\/wp\/v2\/media\/11408"}],"wp:attachment":[{"href":"https:\/\/tyditiao.com\/fi\/wp-json\/wp\/v2\/media?parent=14265"}],"wp:term":[{"taxonomy":"product_brand","embeddable":true,"href":"https:\/\/tyditiao.com\/fi\/wp-json\/wp\/v2\/product_brand?post=14265"},{"taxonomy":"product_cat","embeddable":true,"href":"https:\/\/tyditiao.com\/fi\/wp-json\/wp\/v2\/product_cat?post=14265"},{"taxonomy":"product_tag","embeddable":true,"href":"https:\/\/tyditiao.com\/fi\/wp-json\/wp\/v2\/product_tag?post=14265"},{"taxonomy":"woo-feed-brand","embeddable":true,"href":"https:\/\/tyditiao.com\/fi\/wp-json\/wp\/v2\/woo-feed-brand?post=14265"}],"curies":[{"name":"wp","href":"https:\/\/api.w.org\/{rel}","templated":true}]}}