{"id":14303,"date":"2022-06-13T03:50:24","date_gmt":"2022-06-13T01:50:24","guid":{"rendered":"http:\/\/tyditiao.com\/product\/luokan-iiia-taktiset-varusteet-armeijan-luodinkestava-kypara-musta\/"},"modified":"2026-03-17T13:18:06","modified_gmt":"2026-03-17T11:18:06","slug":"mich2000-luodinkestava-helm-kevlar-level-3-musta","status":"publish","type":"product","link":"https:\/\/tyditiao.com\/fi\/tuote\/mich2000-luodinkestava-helm-kevlar-level-3-musta\/","title":{"rendered":"Luokan IIIA taktiset varusteet, armeijan luodinkest\u00e4v\u00e4 kyp\u00e4r\u00e4, musta"},"content":{"rendered":"<p><strong>Puolustusluokka:<\/strong><br \/>\nT\u00e4m\u00e4 luodinkest\u00e4v\u00e4 kyp\u00e4r\u00e4 on NIJ Level IIIA luodinkest\u00e4v\u00e4 kyp\u00e4r\u00e4 NIJ 0101.06 -standardin mukaisesti, ja vastaava testiraportti voidaan toimittaa.<\/p>\n<hr \/>\n<p><strong>Puolustusammuksen parametrit:<\/strong><br \/>\n.44 Mag SJHP<br \/>\n.357 SIG FMJ FN<br \/>\n9mm FMJ RN<br \/>\n.357 Mag JSP<br \/>\n.40 S&amp;W FMJ<\/p>\n<p>Tarjoaa my\u00f6s suojan useimpia k\u00e4siaseuhkia sek\u00e4 luokan IIA ja II uhkia vastaan<\/p>\n<hr \/>\n<p><strong>Luodinkest\u00e4v\u00e4n kyp\u00e4r\u00e4n parametrit:<\/strong><br \/>\nNimi: NIJ lllA MICH2000 luodinkest\u00e4v\u00e4 kyp\u00e4r\u00e4<\/p>\n<p>Materiaali: Korkea vetolujuus Kevlar-DuPont Aramid Fiber<br \/>\nP\u00e4\u00e4n ymp\u00e4rysmitta: 52-60 cm<br \/>\nVuori: Uudelleenasennettava hitaasti palautuva vaahtomuovivuori pit\u00e4\u00e4 kyp\u00e4r\u00e4n mukavana ja est\u00e4\u00e4 v\u00e4symyksen ja ylikuumenemisen.<br \/>\nValinnaiset lis\u00e4varusteet: happinaamari, kasvosuojus, sivusuojus, panssarin sivusuoja, kilpi, kyp\u00e4r\u00e4n suojus, luodinkest\u00e4v\u00e4 maski jne.<br \/>\nKyp\u00e4r\u00e4n v\u00e4ri: Musta<br \/>\nMICH on kyp\u00e4r\u00e4, joka pys\u00e4ytt\u00e4\u00e4 pistoolin laukaukset ja tarjoaa luotettavan suojan roskia ja putoavia roskia vastaan.<br \/>\nheikent\u00e4\u00e4 suojausta.<\/p>\n<hr \/>\n<p><strong>&#8221;Ihmisille:<\/strong><br \/>\nNIJ lllA Kevlar MICH2000 ballistinen kyp\u00e4r\u00e4 k\u00e4sittelee pistooli- ja sirpaleuhat suuremmalla kiinnityskapasiteetilla, mik\u00e4 tekee siit\u00e4 kevyemm\u00e4n ja mukavamman. T\u00e4m\u00e4 kyp\u00e4r\u00e4 sopii kaikentyyppisille k\u00e4ytt\u00e4jille. Armeijan, poliisin, SWATin, sis\u00e4isen turvallisuuden, tullin ja rajavartiolaitoksen kaltaisten virastojen henkil\u00f6st\u00f6 voidaan varustaa tehostetuilla taisteluominaisuuksilla. Se on my\u00f6s hyv\u00e4 valinta kodin suojaksi ja cosplayksi.<\/p>\n<hr \/>\n<p><strong>Mik\u00e4 on MICH2000 Kevlar -sotilaskyp\u00e4r\u00e4?<\/strong><br \/>\nModular Integrated Communications Helmet (MICH) on amerikkalainen taistelukyp\u00e4r\u00e4 ja yksi useista Yhdysvaltain armeijan k\u00e4ytt\u00e4mist\u00e4 kyp\u00e4rist\u00e4. US Army Soldier Systems Systems Center kehitti sen seuraavan sukupolven suojaavaksi taistelukyp\u00e4r\u00e4ksi, jota Yhdysvaltain armeija k\u00e4ytt\u00e4\u00e4. P\u00e4\u00e4syy MICH:n kehitt\u00e4miseen oli suojaavien, mutta raskaiden PASGT:iden korvaaminen, sill\u00e4 ne olivat kevyempi\u00e4, mukavampia, istuivat paremmin ja niihin oli helpompi asentaa lis\u00e4varusteita, erityisesti pime\u00e4n\u00e4k\u00f6laitteita ja viestint\u00e4kuulokkeita. Ei aiheuta turhaa rasitusta niskaan. Aluksi sit\u00e4 k\u00e4yttiv\u00e4t l\u00e4hes yksinomaan SOCOM ja jotkut siihen l\u00e4heisesti liittyv\u00e4t tahot. T\u00e4h\u00e4n menness\u00e4 MICH ja sen johdannaiset Advanced Combat Helmet ja Modified Combat Helmet ovat t\u00e4ysin korvanneet PASGT:n aktiivisessa Yhdysvaltain armeijan palveluksessa, ja niit\u00e4 k\u00e4ytet\u00e4\u00e4n ainakin jossain m\u00e4\u00e4rin kaikissa Yhdysvaltain armeijan divisioonoissa.<\/p>\n<hr \/>\n<p><strong>MICH2000 Kevlar-kyp\u00e4r\u00e4n ominaisuudet:<\/strong><br \/>\nMICH:n paino on noin 1,6 kg. MICH on my\u00f6s hieman pienempi kuin PASGT, sen kantama on 8 % pienempi, se k\u00e4ytt\u00e4\u00e4 uusia, edistyneempi\u00e4 Kevlar-kuituja ja tarjoaa paremman pistoolin ja ammuksen suojan. Pehmustej\u00e4rjestelm\u00e4 ja nelj\u00e4n pisteen kiinnitysj\u00e4rjestelm\u00e4, joka on samanlainen kuin rullalaudan, py\u00f6r\u00e4ilykyp\u00e4r\u00e4n ja vesikyp\u00e4r\u00e4n suojat ja hihnat, korvaavat PASGT-kyp\u00e4rist\u00e4 l\u00f6ytyv\u00e4n nailonnauhajousitusj\u00e4rjestelm\u00e4n, hikinauhan ja leukahihnan. T\u00e4m\u00e4 muutos tarjoaa k\u00e4ytt\u00e4j\u00e4lle paremman suojan iskuilta ja mukavuuden. Siin\u00e4 on edess\u00e4 oleva kiinnitysteline pime\u00e4n\u00e4k\u00f6laseille (kuten AN\/PVS-14 tai AN\/PVS-15), samanlainen kuin PASGT-kyp\u00e4r\u00e4ss\u00e4. Sen takana on my\u00f6s pari hihnaa suojalasien kiinnitt\u00e4mist\u00e4 varten sek\u00e4 kangaskyp\u00e4r\u00e4np\u00e4\u00e4llinen erilaisilla naamiointikuvioilla. Toisin kuin &#8221;kaareva&#8221; \u00e4\u00e4riviiva, PASGT tarkoittaa ensisijaisesti kulmakarvojen poistamista ja sivujen nostamista &#8221;tasaiseen&#8221; kohtaan alareunassa temppeleiden takana. T\u00e4m\u00e4 v\u00e4hent\u00e4\u00e4 painoa jonkin verran ja mahdollistaa paremman tilannetietoisuuden ja v\u00e4hemm\u00e4n esteit\u00e4 k\u00e4ytt\u00e4j\u00e4n n\u00e4k\u00f6kent\u00e4ss\u00e4, varsinkin kun se yhdistet\u00e4\u00e4n sieppaajan luodinkest\u00e4viin liiveihin. Sotilaat ovat aiemmin valittaneet, ett\u00e4 korkea sieppauskaulus ja kaksipisteinen leukahihna ty\u00f6nt\u00e4v\u00e4t PASGT-kyp\u00e4r\u00e4n takaosaa eteenp\u00e4in, ja kun he yritt\u00e4v\u00e4t ampua makuuasennosta, kyp\u00e4r\u00e4n reuna liukuu heid\u00e4n silmiens\u00e4 ohi, mik\u00e4 MICH:ssa on kaventunut muotoiltu ja nelipisteinen leukahihna.<\/p>\n<hr \/>\n<p><strong>Kumpi on suositumpi, MICH2000 vai FAST taktinen ballistinen kyp\u00e4r\u00e4?<\/strong><br \/>\nMICH2000:ssa on suurempi suojapinta, mik\u00e4 on hy\u00f6dyllisemp\u00e4\u00e4, jos et aio asentaa monia lis\u00e4varusteita. Jos aiot valita paljon varusteita, kuten (taskulamppu, melua vaimentavat kuulokkeet ja viestint\u00e4laitteet, pime\u00e4n\u00e4k\u00f6lasit tai videolaitteet jne.), on suositeltavaa valita NOPEA, koska se ei ole liian raskas. , se aiheuttaa painetta niskaan, mik\u00e4 vaikuttaa ep\u00e4suorasti toimintakykyyn.<\/p>\n<hr \/>\n<p><strong>MICH2000 sotilaskyp\u00e4r\u00e4n hinta<\/strong><br \/>\nT\u00e4m\u00e4 on taktinen turvakyp\u00e4r\u00e4kauppamme, osta suoraan nettisivuiltamme, saat 15% alennuksen alkuper\u00e4isest\u00e4 hinnasta<\/p>\n<hr \/>\n<p>Jos haluat ostaa tuotteitamme tai sinulla on kysytt\u00e4v\u00e4\u00e4 tuotteistamme;<br \/>\nJos sinulla on mukautustarpeita;<br \/>\nOle hyv\u00e4 ja (<a href=\"https:\/\/tyditiao.com\/fi\/ottaa-yhteytta\/\">ota meihin yhteytt\u00e4<\/a>) v\u00e4litt\u00f6m\u00e4sti, vastaamme sinulle 1 ty\u00f6p\u00e4iv\u00e4n kuluessa<\/p>\n","protected":false},"excerpt":{"rendered":"<p>Valmistettu eritt\u00e4in lujasta DuPont Kevlar Aramid -kuidusta, l\u00e4mm\u00f6nkest\u00e4v\u00e4 ja vaikea muotoilla<\/p>\n<p>NIJ Taso IIIA<\/p>\n<p>P\u00e4\u00e4n ymp\u00e4rysmitan s\u00e4\u00e4t\u00f6j\u00e4rjestelm\u00e4 voi tehd\u00e4 kyp\u00e4r\u00e4st\u00e4 saavuttamaan ihanteellisen k\u00e4ytt\u00f6vaikutuksen<\/p>\n<p>Otsa on vahvistettu mustekalan sivuilla olevilla elastisilla hihnoilla (pi\u00f6n\u00e4k\u00f6telineen pohjassa) peilien, kameroiden, y\u00f6n\u00e4k\u00f6lasien ja muiden laitteiden kiinnitt\u00e4miseksi<\/p>\n<p>Varustettu kiskoilla, tehokkaampi lis\u00e4varustekiinnitys, voidaan varustaa vahvalla valoj\u00e4rjestelm\u00e4ll\u00e4 ja majakkatunnistevaloilla, voidaan varustaa my\u00f6s kuulosuojaimilla<\/p>\n","protected":false},"featured_media":11389,"comment_status":"open","ping_status":"closed","template":"","meta":[],"product_brand":[],"product_cat":[665,796],"product_tag":[],"woo-feed-brand":[50],"class_list":{"0":"post-14303","1":"product","2":"type-product","3":"status-publish","4":"has-post-thumbnail","6":"product_cat-luodinkestava-kypara","7":"product_cat-mich2000-fi","8":"woo-feed-brand-tyditiao","10":"first","11":"instock","12":"sale","13":"shipping-taxable","14":"purchasable","15":"product-type-simple"},"_links":{"self":[{"href":"https:\/\/tyditiao.com\/fi\/wp-json\/wp\/v2\/product\/14303","targetHints":{"allow":["GET"]}}],"collection":[{"href":"https:\/\/tyditiao.com\/fi\/wp-json\/wp\/v2\/product"}],"about":[{"href":"https:\/\/tyditiao.com\/fi\/wp-json\/wp\/v2\/types\/product"}],"replies":[{"embeddable":true,"href":"https:\/\/tyditiao.com\/fi\/wp-json\/wp\/v2\/comments?post=14303"}],"wp:featuredmedia":[{"embeddable":true,"href":"https:\/\/tyditiao.com\/fi\/wp-json\/wp\/v2\/media\/11389"}],"wp:attachment":[{"href":"https:\/\/tyditiao.com\/fi\/wp-json\/wp\/v2\/media?parent=14303"}],"wp:term":[{"taxonomy":"product_brand","embeddable":true,"href":"https:\/\/tyditiao.com\/fi\/wp-json\/wp\/v2\/product_brand?post=14303"},{"taxonomy":"product_cat","embeddable":true,"href":"https:\/\/tyditiao.com\/fi\/wp-json\/wp\/v2\/product_cat?post=14303"},{"taxonomy":"product_tag","embeddable":true,"href":"https:\/\/tyditiao.com\/fi\/wp-json\/wp\/v2\/product_tag?post=14303"},{"taxonomy":"woo-feed-brand","embeddable":true,"href":"https:\/\/tyditiao.com\/fi\/wp-json\/wp\/v2\/woo-feed-brand?post=14303"}],"curies":[{"name":"wp","href":"https:\/\/api.w.org\/{rel}","templated":true}]}}