{"id":14340,"date":"2022-06-13T03:53:55","date_gmt":"2022-06-13T01:53:55","guid":{"rendered":"http:\/\/tyditiao.com\/product\/luodinkestava-panssari-luokan-iiia-taktinen-kypara-mich2000-erikoisjoukkojen-kypara-vaaleanruskea\/"},"modified":"2026-01-25T19:54:06","modified_gmt":"2026-01-25T17:54:06","slug":"mich2000-luodinkestava-helm-kevlar-level-3-vaaleanruskea","status":"publish","type":"product","link":"https:\/\/tyditiao.com\/fi\/tuote\/mich2000-luodinkestava-helm-kevlar-level-3-vaaleanruskea\/","title":{"rendered":"Luodinkest\u00e4v\u00e4 panssari, luokan IIIA taktinen kyp\u00e4r\u00e4, mich2000 erikoisjoukkojen kyp\u00e4r\u00e4, vaaleanruskea"},"content":{"rendered":"<p>MICH on kyp\u00e4r\u00e4, joka pys\u00e4ytt\u00e4\u00e4 pistoolin laukaukset ja tarjoaa luotettavan suojan roskia ja putoavia roskia vastaan. Matala leikkaus tarjoaa paremman peiton p\u00e4\u00e4n molemmille puolille kuin korvakyp\u00e4r\u00e4t. N\u00e4iss\u00e4 kyp\u00e4riss\u00e4 on my\u00f6s korvakupit kuulokkeiden ja muiden viestint\u00e4laitteiden sijoittamista varten.<\/p>\n<hr \/>\n<p><strong>Puolustusluokka:<\/strong><\/p>\n<p>T\u00e4m\u00e4 luodinkest\u00e4v\u00e4 kyp\u00e4r\u00e4 on NIJ Level IIIA luodinkest\u00e4v\u00e4 kyp\u00e4r\u00e4 NIJ 0101.06 -standardin mukaisesti, ja vastaava testiraportti voidaan toimittaa.<\/p>\n<p>T\u00e4m\u00e4 tuote kelpuutetaan my\u00f6s tehostetuksi taistelukyp\u00e4r\u00e4ksi (ECH), kun sit\u00e4 k\u00e4ytet\u00e4\u00e4n yl\u00e4panssarilevyn kanssa todellisen kiv\u00e4\u00e4rin suojan saamiseksi.<\/p>\n<hr \/>\n<p><strong>Puolustusammuksen parametrit:<\/strong><\/p>\n<p>.44 Mag SJHP<br \/>\n.357 SIG FMJ FN<br \/>\n9mm FMJ RN<br \/>\n.357 Mag JSP<br \/>\n.40 S&amp;W FMJ<\/p>\n<p>Tarjoaa my\u00f6s suojan useimpia k\u00e4siaseuhkia sek\u00e4 luokan IIA ja II uhkia vastaan<\/p>\n<hr \/>\n<p><strong>Luodinkest\u00e4v\u00e4n kyp\u00e4r\u00e4n parametrit:<\/strong><br \/>\nNimi: NIJ lllA MICH2000 luodinkest\u00e4v\u00e4 kyp\u00e4r\u00e4<\/p>\n<p>Materiaali: Korkea vetolujuus Kevlar-DuPont Aramid Fiber<br \/>\nP\u00e4\u00e4n ymp\u00e4rysmitta: 52-60 cm (kaksivaiheinen selk\u00e4nojan s\u00e4\u00e4t\u00f6 ja s\u00e4\u00e4dett\u00e4v\u00e4 leukahihna)<br \/>\nVuori: Uudelleenasennettava hitaasti palautuva vaahtomuovivuori pit\u00e4\u00e4 kyp\u00e4r\u00e4n mukavana ja est\u00e4\u00e4 v\u00e4symyksen ja ylikuumenemisen.<br \/>\nValinnaiset lis\u00e4varusteet: luodinkest\u00e4v\u00e4 maski jne.<br \/>\nKyp\u00e4r\u00e4n v\u00e4ri: Vaaleanruskea<br \/>\nMICH on kyp\u00e4r\u00e4, joka pys\u00e4ytt\u00e4\u00e4 pistoolin laukaukset ja tarjoaa luotettavan suojan roskia ja putoavia roskia vastaan.<br \/>\nheikent\u00e4\u00e4 suojausta.<\/p>\n<hr \/>\n<p><strong>&#8221;Ihmisille:<\/strong><br \/>\nNIJ lllA Kevlar MICH2000 ballistinen kyp\u00e4r\u00e4 k\u00e4sittelee pistoolin ja sirpaleiden uhkia suuremmalla kiinnityskapasiteetilla, mik\u00e4 tekee siit\u00e4 kevyemm\u00e4n ja mukavamman. T\u00e4m\u00e4 kyp\u00e4r\u00e4 sopii kaikentyyppisille k\u00e4ytt\u00e4jille. Armeijan, poliisin, SWATin, sis\u00e4isen turvallisuuden, tullin ja rajavartiolaitoksen kaltaisten virastojen henkil\u00f6st\u00f6 voidaan varustaa tehostetuilla taisteluominaisuuksilla. Se on my\u00f6s hyv\u00e4 valinta kodin suojaksi ja cosplayksi.<\/p>\n<hr \/>\n<p>Jos haluat ostaa tuotteitamme tai sinulla on kysytt\u00e4v\u00e4\u00e4 tuotteistamme;<br \/>\nJos sinulla on mukautustarpeita;<br \/>\nOle hyv\u00e4 ja (<a href=\"https:\/\/tyditiao.com\/fi\/ottaa-yhteytta\/\">ota meihin yhteytt\u00e4<\/a>) v\u00e4litt\u00f6m\u00e4sti, vastaamme sinulle 1 ty\u00f6p\u00e4iv\u00e4n kuluessa<\/p>\n","protected":false},"excerpt":{"rendered":"<p>Suuri suoja-alue: Suoja-alue on suurempi kuin perinteisiss\u00e4 luodinkest\u00e4viss\u00e4 kyp\u00e4riss\u00e4, mik\u00e4 tarjoaa hyv\u00e4n suojan korvaosalle<\/p>\n<p>Hyv\u00e4 laatu: Valmistettu korkealaatuisesta DuPont Kevlar Aramid -kuidusta, l\u00e4mm\u00f6nkest\u00e4v\u00e4 ja ei helposti muotoiltu<\/p>\n<p>Hyv\u00e4 ballistinen suorituskyky: NIJ taso IIIA<\/p>\n<p>Seepian kuivausj\u00e4rjestelm\u00e4 ja vasen ja oikea kiskosarja mahdollistavat setin kuulokkeiden, aseen valon, kameran, salamalistan, pime\u00e4n\u00e4\u00f6n, GoPro-kameran, NVG-lasien asentamisen<\/p>\n<p>Hyv\u00e4 p\u00e4ivityssuorituskyky: p\u00e4ivitett\u00e4v\u00e4 happinaamari, kyp\u00e4r\u00e4, sivusuojus, panssaroitu sivusuoja, suojakilpi, kyp\u00e4r\u00e4n suojus<\/p>\n","protected":false},"featured_media":10192,"comment_status":"open","ping_status":"closed","template":"","meta":[],"product_brand":[],"product_cat":[665,796],"product_tag":[],"woo-feed-brand":[50],"class_list":{"0":"post-14340","1":"product","2":"type-product","3":"status-publish","4":"has-post-thumbnail","6":"product_cat-luodinkestava-kypara","7":"product_cat-mich2000-fi","8":"woo-feed-brand-tyditiao","10":"first","11":"instock","12":"sale","13":"shipping-taxable","14":"purchasable","15":"product-type-simple"},"_links":{"self":[{"href":"https:\/\/tyditiao.com\/fi\/wp-json\/wp\/v2\/product\/14340","targetHints":{"allow":["GET"]}}],"collection":[{"href":"https:\/\/tyditiao.com\/fi\/wp-json\/wp\/v2\/product"}],"about":[{"href":"https:\/\/tyditiao.com\/fi\/wp-json\/wp\/v2\/types\/product"}],"replies":[{"embeddable":true,"href":"https:\/\/tyditiao.com\/fi\/wp-json\/wp\/v2\/comments?post=14340"}],"wp:featuredmedia":[{"embeddable":true,"href":"https:\/\/tyditiao.com\/fi\/wp-json\/wp\/v2\/media\/10192"}],"wp:attachment":[{"href":"https:\/\/tyditiao.com\/fi\/wp-json\/wp\/v2\/media?parent=14340"}],"wp:term":[{"taxonomy":"product_brand","embeddable":true,"href":"https:\/\/tyditiao.com\/fi\/wp-json\/wp\/v2\/product_brand?post=14340"},{"taxonomy":"product_cat","embeddable":true,"href":"https:\/\/tyditiao.com\/fi\/wp-json\/wp\/v2\/product_cat?post=14340"},{"taxonomy":"product_tag","embeddable":true,"href":"https:\/\/tyditiao.com\/fi\/wp-json\/wp\/v2\/product_tag?post=14340"},{"taxonomy":"woo-feed-brand","embeddable":true,"href":"https:\/\/tyditiao.com\/fi\/wp-json\/wp\/v2\/woo-feed-brand?post=14340"}],"curies":[{"name":"wp","href":"https:\/\/api.w.org\/{rel}","templated":true}]}}