{"id":3795,"date":"2022-08-20T03:15:10","date_gmt":"2022-08-20T01:15:10","guid":{"rendered":"http:\/\/tyditiao.com\/a-propos-de\/"},"modified":"2025-01-05T05:00:54","modified_gmt":"2025-01-05T03:00:54","slug":"a-propos-de","status":"publish","type":"page","link":"https:\/\/tyditiao.com\/fr\/a-propos-de\/","title":{"rendered":"\u00c0 propos de"},"content":{"rendered":"\n<div class=\"wp-block-cover\" style=\"min-height:240px;aspect-ratio:unset;\"><span aria-hidden=\"true\" class=\"wp-block-cover__background has-background-dim\" style=\"background-color:#1a6b92\"><\/span><img loading=\"lazy\" decoding=\"async\" width=\"1945\" height=\"643\" class=\"wp-block-cover__image-background wp-image-1572\" alt=\"\" src=\"http:\/\/tyditiao.com\/wp-content\/uploads\/2022\/06\/2022-06-13_181459.png\" data-object-fit=\"cover\" srcset=\"https:\/\/tyditiao.com\/wp-content\/uploads\/2022\/06\/2022-06-13_181459.png 1945w, https:\/\/tyditiao.com\/wp-content\/uploads\/2022\/06\/2022-06-13_181459-600x198.png 600w, https:\/\/tyditiao.com\/wp-content\/uploads\/2022\/06\/2022-06-13_181459-300x99.png 300w, https:\/\/tyditiao.com\/wp-content\/uploads\/2022\/06\/2022-06-13_181459-1024x339.png 1024w, https:\/\/tyditiao.com\/wp-content\/uploads\/2022\/06\/2022-06-13_181459-768x254.png 768w, https:\/\/tyditiao.com\/wp-content\/uploads\/2022\/06\/2022-06-13_181459-1536x508.png 1536w, https:\/\/tyditiao.com\/wp-content\/uploads\/2022\/06\/2022-06-13_181459-1320x436.png 1320w\" sizes=\"auto, (max-width: 1945px) 100vw, 1945px\" \/><div class=\"wp-block-cover__inner-container is-layout-constrained wp-block-cover-is-layout-constrained\">\n<p class=\"has-text-align-center custom-style-2 has-woostify-heading-1-font-size\">\u00e0 propos de nous<\/p>\n<\/div><\/div>\n\n<div style=\"height:50px\" aria-hidden=\"true\" class=\"wp-block-spacer\"><\/div>\n\n<div class=\"wp-block-columns is-layout-flex wp-container-core-columns-is-layout-9d6595d7 wp-block-columns-is-layout-flex\">\n<div class=\"wp-block-column is-layout-flow wp-block-column-is-layout-flow\" style=\"flex-basis:10%\"><\/div>\n\n\n\n<div class=\"wp-block-column is-layout-flow wp-block-column-is-layout-flow\">\n<h4 class=\"wp-block-heading has-text-align-center\">casque en production<\/h4>\n\n\n\n<div style=\"height:30px\" aria-hidden=\"true\" class=\"wp-block-spacer\"><\/div>\n\n\n\n<figure class=\"wp-block-gallery has-nested-images columns-5 is-cropped wp-block-gallery-1 is-layout-flex wp-block-gallery-is-layout-flex\">\n<figure class=\"wp-block-image size-medium\"><img loading=\"lazy\" decoding=\"async\" width=\"300\" height=\"300\" data-id=\"1795\" src=\"https:\/\/tyditiao.com\/wp-content\/uploads\/2022\/07\/IMG_5611-300x300.jpeg\" alt=\"magasin militaire de casque de protection tactique - Casque pare-balles Kevlar en production\" class=\"wp-image-1795\" srcset=\"https:\/\/tyditiao.com\/wp-content\/uploads\/2022\/07\/IMG_5611-300x300.jpeg 300w, https:\/\/tyditiao.com\/wp-content\/uploads\/2022\/07\/IMG_5611-100x100.jpeg 100w, https:\/\/tyditiao.com\/wp-content\/uploads\/2022\/07\/IMG_5611-600x600.jpeg 600w, https:\/\/tyditiao.com\/wp-content\/uploads\/2022\/07\/IMG_5611-150x150.jpeg 150w, https:\/\/tyditiao.com\/wp-content\/uploads\/2022\/07\/IMG_5611.jpeg 614w\" sizes=\"auto, (max-width: 300px) 100vw, 300px\" \/><\/figure>\n\n\n<figure class=\"wp-block-image size-medium\"><img loading=\"lazy\" decoding=\"async\" width=\"300\" height=\"300\" data-id=\"1656\" src=\"https:\/\/tyditiao.com\/wp-content\/uploads\/2022\/06\/2022-06-15_162614-1-300x300.png\" alt=\"\" class=\"wp-image-1656\" srcset=\"https:\/\/tyditiao.com\/wp-content\/uploads\/2022\/06\/2022-06-15_162614-1-300x300.png 300w, https:\/\/tyditiao.com\/wp-content\/uploads\/2022\/06\/2022-06-15_162614-1-100x100.png 100w, https:\/\/tyditiao.com\/wp-content\/uploads\/2022\/06\/2022-06-15_162614-1-150x150.png 150w, https:\/\/tyditiao.com\/wp-content\/uploads\/2022\/06\/2022-06-15_162614-1.png 475w\" sizes=\"auto, (max-width: 300px) 100vw, 300px\" \/><\/figure>\n\n\n<figure class=\"wp-block-image size-medium\"><img loading=\"lazy\" decoding=\"async\" width=\"300\" height=\"300\" data-id=\"1657\" src=\"https:\/\/tyditiao.com\/wp-content\/uploads\/2022\/06\/2022-06-15_162211-1-300x300.png\" alt=\"magasin militaire de casque de protection tactique - Casque pare-balles mont&#xE9;\" class=\"wp-image-1657\" srcset=\"https:\/\/tyditiao.com\/wp-content\/uploads\/2022\/06\/2022-06-15_162211-1-300x300.png 300w, https:\/\/tyditiao.com\/wp-content\/uploads\/2022\/06\/2022-06-15_162211-1-100x100.png 100w, https:\/\/tyditiao.com\/wp-content\/uploads\/2022\/06\/2022-06-15_162211-1-600x600.png 600w, https:\/\/tyditiao.com\/wp-content\/uploads\/2022\/06\/2022-06-15_162211-1-150x150.png 150w, https:\/\/tyditiao.com\/wp-content\/uploads\/2022\/06\/2022-06-15_162211-1-768x768.png 768w, https:\/\/tyditiao.com\/wp-content\/uploads\/2022\/06\/2022-06-15_162211-1.png 780w\" sizes=\"auto, (max-width: 300px) 100vw, 300px\" \/><\/figure>\n\n\n<figure class=\"wp-block-image size-medium\"><img loading=\"lazy\" decoding=\"async\" width=\"300\" height=\"300\" data-id=\"1794\" src=\"https:\/\/tyditiao.com\/wp-content\/uploads\/2022\/07\/IMG_5607-300x300.jpeg\" alt=\"magasin militaire de casque de protection tactique - Apr&#xE8;s le processus de peinture\" class=\"wp-image-1794\" srcset=\"https:\/\/tyditiao.com\/wp-content\/uploads\/2022\/07\/IMG_5607-300x300.jpeg 300w, https:\/\/tyditiao.com\/wp-content\/uploads\/2022\/07\/IMG_5607-100x100.jpeg 100w, https:\/\/tyditiao.com\/wp-content\/uploads\/2022\/07\/IMG_5607-600x600.jpeg 600w, https:\/\/tyditiao.com\/wp-content\/uploads\/2022\/07\/IMG_5607-1024x1024.jpeg 1024w, https:\/\/tyditiao.com\/wp-content\/uploads\/2022\/07\/IMG_5607-150x150.jpeg 150w, https:\/\/tyditiao.com\/wp-content\/uploads\/2022\/07\/IMG_5607-768x768.jpeg 768w, https:\/\/tyditiao.com\/wp-content\/uploads\/2022\/07\/IMG_5607.jpeg 1034w\" sizes=\"auto, (max-width: 300px) 100vw, 300px\" \/><\/figure>\n\n\n<figure class=\"wp-block-image size-medium\"><img loading=\"lazy\" decoding=\"async\" width=\"300\" height=\"300\" data-id=\"1658\" src=\"https:\/\/tyditiao.com\/wp-content\/uploads\/2022\/06\/2022-06-15_162306-1-300x300.png\" alt=\"magasin militaire de casque de protection tactique - Apr&#xE8;s le processus de peinture MICH\" class=\"wp-image-1658\" srcset=\"https:\/\/tyditiao.com\/wp-content\/uploads\/2022\/06\/2022-06-15_162306-1-300x300.png 300w, https:\/\/tyditiao.com\/wp-content\/uploads\/2022\/06\/2022-06-15_162306-1-100x100.png 100w, https:\/\/tyditiao.com\/wp-content\/uploads\/2022\/06\/2022-06-15_162306-1-600x600.png 600w, https:\/\/tyditiao.com\/wp-content\/uploads\/2022\/06\/2022-06-15_162306-1-150x150.png 150w, https:\/\/tyditiao.com\/wp-content\/uploads\/2022\/06\/2022-06-15_162306-1-768x768.png 768w, https:\/\/tyditiao.com\/wp-content\/uploads\/2022\/06\/2022-06-15_162306-1.png 880w\" sizes=\"auto, (max-width: 300px) 100vw, 300px\" \/><\/figure><\/figure>\n\n\n\n<div style=\"height:50px\" aria-hidden=\"true\" class=\"wp-block-spacer\"><\/div>\n<\/div>\n\n\n\n<div class=\"wp-block-column is-layout-flow wp-block-column-is-layout-flow\" style=\"flex-basis:10%\"><\/div>\n<\/div>\n\n<div class=\"wp-block-columns is-layout-flex wp-container-core-columns-is-layout-9d6595d7 wp-block-columns-is-layout-flex\">\n<div class=\"wp-block-column is-layout-flow wp-block-column-is-layout-flow\" style=\"flex-basis:15%\"><\/div>\n\n\n\n<div class=\"wp-block-column is-layout-flow wp-block-column-is-layout-flow\" style=\"flex-basis:70%\">\n<p class=\"has-text-align-center\">Notre soci\u00e9t\u00e9 s&rsquo;engage \u00e0 fournir \u00e0 ses clients des casques pare-balles professionnels et est maintenant devenue un fabricant bien connu et technologiquement leader de <a href=\"http:\/\/tyditiao.com\/shop\/\">casques pare-balles<\/a> dans l&rsquo;industrie. Tous nos produits sont test\u00e9s selon la norme NIJ0101.06.<\/p>\n\n\n\n<p class=\"has-text-align-center\">Ces derni\u00e8res ann\u00e9es, nous avons servi de nombreux clients en Pologne, en Allemagne, en Su\u00e8de, au Moyen-Orient, en Espagne, en Cor\u00e9e du Sud et dans d&rsquo;autres pays et r\u00e9gions, et avons \u00e9tabli des relations de coop\u00e9ration \u00e0 long terme avec eux.\nCes appareils ont prot\u00e9g\u00e9 le bonheur d&rsquo;innombrables vies et familles dont nous sommes les plus fiers et<br\/>C&rsquo;est ce qui nous motive \u00e0 l&rsquo;avenir. <\/p>\n\n\n\n<p class=\"has-text-align-center\">Nous avons diff\u00e9rentes tailles d&rsquo;\u00e9quipements de production et un syst\u00e8me de gestion de production parfait.\nEn raison de la particularit\u00e9 du produit, nous attachons une grande importance \u00e0 la qualit\u00e9 du produit et effectuons des tests \u00e0 chaque \u00e9tape de la production pour \u00e9viter les produits de qualit\u00e9 inf\u00e9rieure.\n\u00ab\u00a0La qualit\u00e9 d&rsquo;abord, la r\u00e9putation d&rsquo;abord\u00a0\u00bb est la philosophie et le d\u00e9sir de toute notre \u00e9quipe.\nDe la R&amp;D \u00e0 la production en passant par le contr\u00f4le qualit\u00e9, nous visons l&rsquo;excellence dans chaque maillon pour garantir des produits fiables et de haute qualit\u00e9.   <\/p>\n<\/div>\n\n\n\n<div class=\"wp-block-column is-layout-flow wp-block-column-is-layout-flow\" style=\"flex-basis:15%\"><\/div>\n<\/div>\n","protected":false},"excerpt":{"rendered":"<p>casque en production Notre soci\u00e9t\u00e9 s&rsquo;engage \u00e0 fournir \u00e0 ses clients des casques pare-balles professionnels et est maintenant devenue un&#8230;<\/p>\n","protected":false},"author":1,"featured_media":0,"parent":0,"menu_order":0,"comment_status":"closed","ping_status":"closed","template":"","meta":{"footnotes":""},"class_list":["post-3795","page","type-page","status-publish","hentry"],"_links":{"self":[{"href":"https:\/\/tyditiao.com\/fr\/wp-json\/wp\/v2\/pages\/3795","targetHints":{"allow":["GET"]}}],"collection":[{"href":"https:\/\/tyditiao.com\/fr\/wp-json\/wp\/v2\/pages"}],"about":[{"href":"https:\/\/tyditiao.com\/fr\/wp-json\/wp\/v2\/types\/page"}],"author":[{"embeddable":true,"href":"https:\/\/tyditiao.com\/fr\/wp-json\/wp\/v2\/users\/1"}],"replies":[{"embeddable":true,"href":"https:\/\/tyditiao.com\/fr\/wp-json\/wp\/v2\/comments?post=3795"}],"version-history":[{"count":3,"href":"https:\/\/tyditiao.com\/fr\/wp-json\/wp\/v2\/pages\/3795\/revisions"}],"predecessor-version":[{"id":16474,"href":"https:\/\/tyditiao.com\/fr\/wp-json\/wp\/v2\/pages\/3795\/revisions\/16474"}],"wp:attachment":[{"href":"https:\/\/tyditiao.com\/fr\/wp-json\/wp\/v2\/media?parent=3795"}],"curies":[{"name":"wp","href":"https:\/\/api.w.org\/{rel}","templated":true}]}}