{"id":3797,"date":"2022-08-20T03:34:06","date_gmt":"2022-08-20T01:34:06","guid":{"rendered":"http:\/\/tyditiao.com\/famille\/"},"modified":"2025-01-04T16:01:30","modified_gmt":"2025-01-04T14:01:30","slug":"famille","status":"publish","type":"page","link":"https:\/\/tyditiao.com\/fr\/","title":{"rendered":"Maison"},"content":{"rendered":"\n<div class=\"wp-block-cover is-light\" style=\"min-height:240px;aspect-ratio:unset;\"><span aria-hidden=\"true\" class=\"wp-block-cover__background has-background-dim-20 has-background-dim\" style=\"background-color:#b7ad73\"><\/span><img loading=\"lazy\" decoding=\"async\" width=\"1401\" height=\"539\" class=\"wp-block-cover__image-background wp-image-1576\" alt=\"\" src=\"http:\/\/tyditiao.com\/wp-content\/uploads\/2022\/06\/2022-06-13_182159.png\" data-object-fit=\"cover\" srcset=\"https:\/\/tyditiao.com\/wp-content\/uploads\/2022\/06\/2022-06-13_182159.png 1401w, https:\/\/tyditiao.com\/wp-content\/uploads\/2022\/06\/2022-06-13_182159-600x231.png 600w, https:\/\/tyditiao.com\/wp-content\/uploads\/2022\/06\/2022-06-13_182159-300x115.png 300w, https:\/\/tyditiao.com\/wp-content\/uploads\/2022\/06\/2022-06-13_182159-1024x394.png 1024w, https:\/\/tyditiao.com\/wp-content\/uploads\/2022\/06\/2022-06-13_182159-768x295.png 768w, https:\/\/tyditiao.com\/wp-content\/uploads\/2022\/06\/2022-06-13_182159-1320x508.png 1320w\" sizes=\"auto, (max-width: 1401px) 100vw, 1401px\" \/><div class=\"wp-block-cover__inner-container is-layout-constrained wp-block-cover-is-layout-constrained\">\n<div class=\"wp-block-columns is-layout-flex wp-container-core-columns-is-layout-9d6595d7 wp-block-columns-is-layout-flex\">\n<div class=\"wp-block-column is-layout-flow wp-block-column-is-layout-flow\" style=\"flex-basis:25%\"><\/div>\n\n\n\n<div class=\"wp-block-column is-layout-flow wp-block-column-is-layout-flow\" style=\"flex-basis:50%\">\n<div style=\"height:20px\" aria-hidden=\"true\" class=\"wp-block-spacer\"><\/div>\n\n\n\n<p class=\"has-text-align-center custom-style has-text-color has-link-color has-large-font-size wp-elements-289a2b990fb75929084fc45776544935\" style=\"color:#ffffff\">Nous nous sp\u00e9cialisons dans la production et la vente de divers styles de casque balistique militaire tactique<\/p>\n<\/div>\n\n\n\n<div class=\"wp-block-column is-layout-flow wp-block-column-is-layout-flow\" style=\"flex-basis:25%\"><\/div>\n<\/div>\n<\/div><\/div>\n\n<div style=\"height:50px\" aria-hidden=\"true\" class=\"wp-block-spacer\"><\/div>\n\n<div class=\"wp-block-columns is-layout-flex wp-container-core-columns-is-layout-9d6595d7 wp-block-columns-is-layout-flex\">\n<div class=\"wp-block-column is-layout-flow wp-block-column-is-layout-flow\" style=\"flex-basis:10%\"><\/div>\n\n\n\n<div class=\"wp-block-column is-layout-flow wp-block-column-is-layout-flow\">\n<h2 class=\"wp-block-heading has-text-align-center\">Casques balistiques que nous vendons<\/h2>\n\n\n\n<figure class=\"wp-block-gallery has-nested-images columns-4 is-cropped wp-block-gallery-1 is-layout-flex wp-block-gallery-is-layout-flex\">\n<figure class=\"wp-block-image size-medium\"><img decoding=\"async\" data-id=\"5154\" src=\"https:\/\/tyditiao.com\/wp-content\/uploads\/2022\/10\/&#x672A;&#x6807;&#x9898;-51-300x300.png\" alt=\"Gilet pare-balles tactique ext&#xE9;rieur &#xE9;quip&#xE9; d'un panneau d'affichage pare-balles\" class=\"wp-image-5154\"\/><\/figure>\n\n\n<figure class=\"wp-block-image size-medium\"><img loading=\"lazy\" decoding=\"async\" width=\"300\" height=\"300\" data-id=\"1343\" src=\"http:\/\/tyditiao.com\/wp-content\/uploads\/2022\/06\/7-300x300.jpg\" alt=\"\" class=\"wp-image-1343\" srcset=\"https:\/\/tyditiao.com\/wp-content\/uploads\/2022\/06\/7-300x300.jpg 300w, https:\/\/tyditiao.com\/wp-content\/uploads\/2022\/06\/7-100x100.jpg 100w, https:\/\/tyditiao.com\/wp-content\/uploads\/2022\/06\/7-600x600.jpg 600w, https:\/\/tyditiao.com\/wp-content\/uploads\/2022\/06\/7-1024x1024.jpg 1024w, https:\/\/tyditiao.com\/wp-content\/uploads\/2022\/06\/7-150x150.jpg 150w, https:\/\/tyditiao.com\/wp-content\/uploads\/2022\/06\/7-768x768.jpg 768w, https:\/\/tyditiao.com\/wp-content\/uploads\/2022\/06\/7.jpg 1200w\" sizes=\"auto, (max-width: 300px) 100vw, 300px\" \/><\/figure>\n\n\n<figure class=\"wp-block-image size-medium\"><img decoding=\"async\" data-id=\"4955\" src=\"https:\/\/tyditiao.com\/wp-content\/uploads\/2022\/10\/&#x672A;&#x6807;&#x9898;-3-300x300.png\" alt=\"Masque balistique tactique int&#xE9;gral NIJ IIIA - Sch&#xE9;ma\" class=\"wp-image-4955\"\/><\/figure>\n\n\n<figure class=\"wp-block-image size-medium\"><img decoding=\"async\" data-id=\"5396\" src=\"https:\/\/tyditiao.com\/wp-content\/uploads\/2022\/10\/SICPE&#xFF0C;NIJ-Level-IV&#xFF0C;23MM&#xFF0C;2.5KG-300x300.png\" alt=\"SIC+PE, NIJ Niveau IV, 23MM, 2.5KG, insert balistique de cuirasse pare-balles, 250X300MM\" class=\"wp-image-5396\"\/><\/figure><\/figure>\n\n\n\n<div style=\"height:50px\" aria-hidden=\"true\" class=\"wp-block-spacer\"><\/div>\n\n\n\n<h2 class=\"wp-block-heading has-text-align-center\">FAQ<\/h2>\n\n\n\n<div style=\"height:30px\" aria-hidden=\"true\" class=\"wp-block-spacer\"><\/div>\n\n\n\n<div class=\"wp-block-columns is-layout-flex wp-container-core-columns-is-layout-9d6595d7 wp-block-columns-is-layout-flex\">\n<div class=\"wp-block-column is-layout-flow wp-block-column-is-layout-flow\">\n<h6 class=\"wp-block-heading\">Avez-vous une usine physique?<\/h6>\n\n\n\n<p>Oui!\nNous avons une usine physique et fournissons la vente en gros aux vendeurs de casques europ\u00e9ens et am\u00e9ricains depuis 6 ans.\nNous exp\u00e9dions chaque jour de grandes quantit\u00e9s de casques dans le monde entier et c&rsquo;est notre magasin d&rsquo;usine.  <\/p>\n<\/div>\n\n\n\n<div class=\"wp-block-column is-layout-flow wp-block-column-is-layout-flow\">\n<h6 class=\"wp-block-heading\">Y a-t-il une remise pour l&rsquo;achat direct de l&rsquo;usine?<\/h6>\n\n\n\n<p>Bien s\u00fbr, en passant une commande directement depuis notre site d&rsquo;usine, vous pouvez \u00e9conomiser plus de 20% par rapport au prix de vente du revendeur, car cela permet d&rsquo;\u00e9conomiser le co\u00fbt moyen.\nDans le m\u00eame temps, nous avons \u00e9galement l&rsquo;intention d&rsquo;apporter des b\u00e9n\u00e9fices aux consommateurs finaux pour \u00e9tendre l&rsquo;\u00e9chelle de notre activit\u00e9 de vente au d\u00e9tail. <\/p>\n<\/div>\n<\/div>\n\n\n\n<div class=\"wp-block-columns is-layout-flex wp-container-core-columns-is-layout-9d6595d7 wp-block-columns-is-layout-flex\">\n<div class=\"wp-block-column is-layout-flow wp-block-column-is-layout-flow\">\n<h6 class=\"wp-block-heading\">Quel est le co\u00fbt d&rsquo;exp\u00e9dition pour un article? Combien de temps puis-je l&rsquo;obtenir?<\/h6>\n\n\n\n<p>Les frais FedEx sont inclus dans tous les prix des casques, vous n&rsquo;avez donc pas \u00e0 payer de suppl\u00e9ment pour l&rsquo;exp\u00e9dition.\nFEDEX Express peut vous livrer votre casque dans un d\u00e9lai de 6 \u00e0 14 jours ouvrables, et votre exp\u00e9diteur Fedex local vous appellera d\u00e8s que le colis arrivera dans votre ville et vous l&rsquo;exp\u00e9diera directement. <\/p>\n<\/div>\n\n\n\n<div class=\"wp-block-column is-layout-flow wp-block-column-is-layout-flow\">\n<h6 class=\"wp-block-heading\">D&rsquo;o\u00f9 la commande est-elle exp\u00e9di\u00e9e et suis-je s\u00fbr de la recevoir ?<\/h6>\n\n\n\n<p>Exp\u00e9dition depuis notre entrep\u00f4t d&rsquo;usine en Chine, nous avons vendu un grand nombre de casques pare-balles aux \u00c9tats-Unis, en Pologne, en Allemagne, au Japon et dans de nombreux autres pays, nous vous enverrons un num\u00e9ro de suivi par courrier apr\u00e8s la livraison, vous pouvez v\u00e9rifier l&rsquo;\u00e9tat du produit \u00e0 tout moment Statut d&rsquo;exp\u00e9dition.<\/p>\n<\/div>\n<\/div>\n\n\n\n<div class=\"wp-block-columns is-layout-flex wp-container-core-columns-is-layout-9d6595d7 wp-block-columns-is-layout-flex\">\n<div class=\"wp-block-column is-layout-flow wp-block-column-is-layout-flow\">\n<h6 class=\"wp-block-heading\">Comment passer une commande et comment payer<\/h6>\n\n\n\n<p>Nous n&rsquo;acceptons que le paiement des commandes via Paypal et Western Union. Si vous n&rsquo;avez pas encore Paypal, inscrivez-vous ici sur www.paypal.com pour acheter et payer en toute s\u00e9curit\u00e9 via Paypal. Si vous choisissez de payer par Western Union, veuillez nous contacter pour confirmer les informations de paiement.<\/p>\n<\/div>\n\n\n\n<div class=\"wp-block-column is-layout-flow wp-block-column-is-layout-flow\">\n<h6 class=\"wp-block-heading\">J&rsquo;ai besoin d&rsquo;acheter plusieurs casques en m\u00eame temps, puis-je b\u00e9n\u00e9ficier d&rsquo;une r\u00e9duction suppl\u00e9mentaire ?<\/h6>\n\n\n\n<p>Bien s\u00fbr, si vous avez besoin de plus de 5 casques pour votre propre usage ou pour la vente, veuillez nous contacter directement.\nVous obtiendrez de meilleurs prix que notre boutique en ligne actuelle.\nNe le manquez pas car cela vous fera \u00e9conomiser beaucoup d&rsquo;argent.  <\/p>\n<\/div>\n<\/div>\n\n\n\n<div style=\"height:50px\" aria-hidden=\"true\" class=\"wp-block-spacer\"><\/div>\n\n\n\n<h2 class=\"wp-block-heading has-text-align-center\">Livraison gratuite dans toutes les r\u00e9gions<\/h2>\n\n\n\n<h4 class=\"wp-block-heading has-text-align-center\">zone de livraison<\/h4>\n\n\n\n<p class=\"has-text-align-center\"><strong>Europe :<\/strong> Pologne, Lituanie, Allemagne, Pays-Bas, Hongrie, Royaume-Uni, France, Italie, Espagne, Autriche, Belgique, Luxembourg, Irlande, Bulgarie, Croatie, R\u00e9publique tch\u00e8que, Estonie, Finlande, Lettonie, Malte, Portugal, Roumanie, Slovaquie, Slov\u00e9nie , Su\u00e8de, Danemark, Gr\u00e8ce, Suisse, Norv\u00e8ge, Chypre<\/p>\n\n\n\n<p class=\"has-text-align-center\"><strong>Asie :<\/strong> Ta\u00efwan, Macao, Hong Kong, Singapour, Malaisie, Tha\u00eflande, Vietnam, Philippines, Isra\u00ebl, Turquie, Cor\u00e9e, Japon, Bahre\u00efn, Arabie saoudite, Liban, \u00c9mirats arabes unis<\/p>\n\n\n\n<p class=\"has-text-align-center\"><strong>Am\u00e9rique du Nord :<\/strong> \u00c9tats-Unis, Canada, Mexique<\/p>\n\n\n\n<p class=\"has-text-align-center\"><strong>Am\u00e9rique du Sud :<\/strong> Br\u00e9sil, Chili, Colombie<\/p>\n\n\n\n<p class=\"has-text-align-center\"><strong>Oc\u00e9anie :<\/strong> Australie, Nouvelle-Z\u00e9lande<\/p>\n\n\n\n<p class=\"has-text-align-center\"><strong>Afrique :<\/strong> Afrique du Sud<\/p>\n\n\n\n<p class=\"has-text-align-center\"><strong>Nouvelle r\u00e9gion :<\/strong> Ukraine (il n&rsquo;y a pas de service de livraison dans la zone litigieuse et la commande sera annul\u00e9e)<\/p>\n\n\n\n<h4 class=\"wp-block-heading has-text-align-center\">livraison gratuite<\/h4>\n\n\n\n<p class=\"has-text-align-center\">Afin d&rsquo;\u00e9largir l&rsquo;\u00e9chelle du march\u00e9 de d\u00e9tail, nous mettons en \u0153uvre une politique de livraison gratuite pour les zones de livraison ci-dessus, ce qui signifie que vous n&rsquo;avez pas besoin de payer les frais d&rsquo;exp\u00e9dition au-del\u00e0 du prix du produit lui-m\u00eame.<\/p>\n\n\n\n<h4 class=\"wp-block-heading has-text-align-center\">D\u00e9lai de livraison<\/h4>\n\n\n\n<p class=\"has-text-align-center\"><strong>D\u00e9lai de pr\u00e9paration de la commande :<\/strong> dans un d\u00e9lai de 1 \u00e0 6 jours ouvrables apr\u00e8s r\u00e9ception du paiement (nous vous enverrons le num\u00e9ro de bordereau apr\u00e8s la remise du colis \u00e0 la soci\u00e9t\u00e9 de messagerie)<\/p>\n\n\n\n<p class=\"has-text-align-center\"><strong>D\u00e9lai de livraison express :<\/strong> 6-14 jours ouvr\u00e9s<\/p>\n\n\n\n<div style=\"height:50px\" aria-hidden=\"true\" class=\"wp-block-spacer\"><\/div>\n\n\n\n<h2 class=\"wp-block-heading has-text-align-center\">payer<\/h2>\n\n\n\n<h4 class=\"wp-block-heading has-text-align-center\">M\u00e9thodes de payement<\/h4>\n\n\n\n<p class=\"has-text-align-center\">Acc\u00e9dez \u00e0 la page de paiement pour pr\u00e9payer par PAYPAL ; ou payez la commande par Western Union.<\/p>\n\n\n\n<p class=\"has-text-align-center\"><strong>A. Acc\u00e9dez \u00e0 la page de paiement et pr\u00e9payez via PAYPAL.<\/strong><br\/>1. Ajoutez le produit que vous aimez \u00e0 votre panier<br\/>2. Cliquez sur le bouton du panier dans le coin sup\u00e9rieur droit pour afficher et confirmer la quantit\u00e9 de produit.<br\/>3. Cliquez sur le bouton de commande pour acc\u00e9der \u00e0 la page de paiement, indiquez votre adresse de livraison, votre adresse e-mail et d&rsquo;autres informations.<br\/>4. Payez le montant de la commande via PayPal<br\/>5. Shopping termin\u00e9, en attente de la r\u00e9cup\u00e9ration des marchandises<\/p>\n\n\n\n<p class=\"has-text-align-center\"><strong>B. Paiement Western Union pour votre commande<\/strong><br\/>1. La communication par e-mail n\u00e9cessite des informations telles que le produit et la quantit\u00e9 ainsi que l&rsquo;adresse de retrait.<br\/>2. Virement pour payer le montant de la commande<br\/>3. Shopping termin\u00e9, en attente de la r\u00e9cup\u00e9ration des marchandises<\/p>\n\n\n\n<h4 class=\"wp-block-heading has-text-align-center\">Devise de soutien<\/h4>\n\n\n\n<p class=\"has-text-align-center\">Nous pouvons accepter l&rsquo;une des devises suivantes, vous pouvez donc choisir la devise qui vous convient le mieux lors du paiement<\/p>\n\n\n\n<p class=\"has-text-align-center\">Nouveau dollar de Ta\u00efwan (NT$) &#8211; TWD<br\/>Zloty polonais (PLN) &#8211; PLN<br\/>Dollar am\u00e9ricain (US) ($) &#8211; USD<br\/>Livre sterling (\u00a3) &#8211; GBP<br\/>Euros (\u20ac) &#8211; EUR<br\/>Yen japonais (\u00a5) &#8211; JPY<br\/>Dollar canadien ($) &#8211; CAD<br\/>Couronne tch\u00e8que (K\u010d) &#8211; CZK<br\/>Peso mexicain ($) &#8211; MXN<\/p>\n\n\n\n<div style=\"height:50px\" aria-hidden=\"true\" class=\"wp-block-spacer\"><\/div>\n\n\n\n<h2 class=\"wp-block-heading has-text-align-center\">Politique de retour de 30 jours<\/h2>\n\n\n\n<h4 class=\"wp-block-heading has-text-align-center\">politique de retour<\/h4>\n\n\n\n<p class=\"has-text-align-center\">Nous avons une politique de retour de 30 jours, ce qui signifie que vous pouvez demander un retour dans les 30 jours suivant la r\u00e9ception de l&rsquo;article.<\/p>\n\n\n\n<p class=\"has-text-align-center\">Pour \u00eatre \u00e9ligible au retour, l&rsquo;article doit \u00eatre dans le m\u00eame \u00e9tat que l&rsquo;article que vous avez re\u00e7u, non port\u00e9 ou non utilis\u00e9, et dans son emballage d&rsquo;origine.\nVous aurez \u00e9galement besoin d&rsquo;un re\u00e7u ou d&rsquo;une preuve d&rsquo;achat. <\/p>\n\n\n\n<p class=\"has-text-align-center\">Pour initier un retour, vous pouvez nous contacter \u00e0 <strong>tyditiao@gmail.com<\/strong>.\nSi votre retour est approuv\u00e9, nous vous enverrons une \u00e9tiquette de retour avec des instructions sur comment et o\u00f9 exp\u00e9dier le colis.\nLes articles qui nous sont renvoy\u00e9s sans demande pr\u00e9alable de retour ne seront pas accept\u00e9s.  <\/p>\n\n\n\n<p class=\"has-text-align-center\">En cas de probl\u00e8me de retour, vous pouvez nous contacter \u00e0 <strong>tyditiao@gmail.com<\/strong> \u00e0 tout moment.<\/p>\n\n\n\n<h4 class=\"wp-block-heading has-text-align-center\">d\u00e9g\u00e2ts et probl\u00e8mes<\/h4>\n\n\n\n<p class=\"has-text-align-center\">Veuillez v\u00e9rifier votre commande apr\u00e8s l&rsquo;avoir re\u00e7ue, si l&rsquo;article est cass\u00e9, endommag\u00e9 ou si vous avez re\u00e7u le mauvais article, imm\u00e9diatement (<a href=\"https:\/\/tyditiao.com\/fr\/contact-2\/\">contactez-nous<\/a>) afin que nous puissions trouver le probl\u00e8me et le r\u00e9soudre imm\u00e9diatement.<\/p>\n\n\n\n<h4 class=\"wp-block-heading has-text-align-center\">\u00e9changer<\/h4>\n\n\n\n<p class=\"has-text-align-center\">Le moyen le plus rapide de vous assurer d&rsquo;obtenir ce que vous voulez est de retourner l&rsquo;article que vous avez et d&rsquo;acheter un nouvel article s\u00e9par\u00e9ment apr\u00e8s avoir accept\u00e9 le retour.<\/p>\n\n\n\n<h4 class=\"wp-block-heading has-text-align-center\">revenir<\/h4>\n\n\n\n<p class=\"has-text-align-center\">Une fois votre retour re\u00e7u et inspect\u00e9, nous vous en informerons et le remboursement sera automatiquement effectu\u00e9 selon le mode de paiement d&rsquo;origine.\nCependant, le traitement et l&rsquo;\u00e9mission du paiement par votre banque ou soci\u00e9t\u00e9 de carte de cr\u00e9dit peuvent prendre un certain temps. <\/p>\n<\/div>\n\n\n\n<div class=\"wp-block-column is-layout-flow wp-block-column-is-layout-flow\" style=\"flex-basis:10%\"><\/div>\n<\/div>\n\n<p><\/p>\n","protected":false},"excerpt":{"rendered":"<p>Casques balistiques que nous vendons FAQ Avez-vous une usine physique? Oui! Nous avons une usine physique et fournissons la vente&#8230;<\/p>\n","protected":false},"author":1,"featured_media":0,"parent":0,"menu_order":0,"comment_status":"closed","ping_status":"closed","template":"","meta":{"footnotes":""},"class_list":["post-3797","page","type-page","status-publish","hentry"],"_links":{"self":[{"href":"https:\/\/tyditiao.com\/fr\/wp-json\/wp\/v2\/pages\/3797","targetHints":{"allow":["GET"]}}],"collection":[{"href":"https:\/\/tyditiao.com\/fr\/wp-json\/wp\/v2\/pages"}],"about":[{"href":"https:\/\/tyditiao.com\/fr\/wp-json\/wp\/v2\/types\/page"}],"author":[{"embeddable":true,"href":"https:\/\/tyditiao.com\/fr\/wp-json\/wp\/v2\/users\/1"}],"replies":[{"embeddable":true,"href":"https:\/\/tyditiao.com\/fr\/wp-json\/wp\/v2\/comments?post=3797"}],"version-history":[{"count":15,"href":"https:\/\/tyditiao.com\/fr\/wp-json\/wp\/v2\/pages\/3797\/revisions"}],"predecessor-version":[{"id":16389,"href":"https:\/\/tyditiao.com\/fr\/wp-json\/wp\/v2\/pages\/3797\/revisions\/16389"}],"wp:attachment":[{"href":"https:\/\/tyditiao.com\/fr\/wp-json\/wp\/v2\/media?parent=3797"}],"curies":[{"name":"wp","href":"https:\/\/api.w.org\/{rel}","templated":true}]}}