{"id":16797,"date":"2025-04-17T09:25:14","date_gmt":"2025-04-17T07:25:14","guid":{"rendered":"https:\/\/tyditiao.com\/product\/casque-balistique-fast-avec-insert-wendys-zorbium-et-systeme-de-suspension-cam-fit-niveau-de-protection-nij-iiia\/"},"modified":"2025-04-21T13:47:27","modified_gmt":"2025-04-21T11:47:27","slug":"casque-balistique-fast-avec-insert-wendys-zorbium-et-systeme-de-suspension-cam-fit-niveau-de-protection-nij-iiia","status":"publish","type":"product","link":"https:\/\/tyditiao.com\/fr\/produit\/casque-balistique-fast-avec-insert-wendys-zorbium-et-systeme-de-suspension-cam-fit-niveau-de-protection-nij-iiia\/","title":{"rendered":"Casque balistique FAST, avec insert Wendy&rsquo;s Zorbium et syst\u00e8me de suspension CAM FIT, niveau de protection NIJ IIIA"},"content":{"rendered":"<p><strong>Remarques sp\u00e9ciales :<\/strong><\/p>\n<p>Il s&rsquo;agit de notre nouveau mod\u00e8le phare, alliant une finition de haute qualit\u00e9 au plus grand confort. Sauf indication contraire, la configuration par d\u00e9faut est la suivante : taille L, vert, casque pare-balles FAST avec doublure en mousse Zorbium et syst\u00e8me de suspension CAM FIT, niveau de protection NIJ IIIA. De plus, nous proposons une large gamme de couleurs (vert, sable, noir) et de tailles (S, M, L, XL) au choix.<\/p>\n<p>Peu importe o\u00f9 vous \u00eates, vous pouvez passer votre commande directement via ce lien et effectuer votre achat sans aucun probl\u00e8me. Il vous suffit de pr\u00e9ciser la taille et la couleur dont vous avez besoin dans les notes de commande (par exemple : XL-noir) et vous recevrez l&rsquo;\u00e9quipement de vos r\u00eaves. Nous ne facturerons aucun frais suppl\u00e9mentaire pour le choix d&rsquo;autres couleurs et tailles.<\/p>\n<hr \/>\n<p><strong>Classe D\u00e9fense :<\/strong><\/p>\n<p>Ce casque pare-balles est un casque pare-balles NIJ niveau IIIA selon la norme NIJ 0101.06, et le rapport de test correspondant peut \u00eatre fourni.<\/p>\n<hr \/>\n<p><strong>Param\u00e8tres du projectile de d\u00e9fense :<\/strong><\/p>\n<p>.44 Mag SJHP<br \/>\n.357 SIG FMJ FN<br \/>\n9 mm FMJ RN<br \/>\n.357 Mag JSP<br \/>\n.40 S&amp;W FMJ<\/p>\n<p>Il offre \u00e9galement une protection contre la plupart des risques d&rsquo;armes \u00e0 feu ainsi que les risques de classe IIA et de classe II<\/p>\n<hr \/>\n<p><strong>Param\u00e8tres du casque pare-balles :<\/strong><\/p>\n<p>Nom : Casque tactique militaire pare-balles NIJ lllA FAST en Kevlar avec doublure en mousse Wendy Zorbium + syst\u00e8me de suspension CAM FIT<\/p>\n<p>Mat\u00e9riau : fibre Kevlar-aramide DuPont haute r\u00e9sistance<br \/>\nTaille : S, M, L, XL<br \/>\nCouleur : vert, sable, noir<br \/>\nAccessoires optionnels : masque pare-balles, etc.<br \/>\nP\u00e9riode de garantie : une p\u00e9riode de garantie de 5 ans peut avoir une capacit\u00e9 de protection ad\u00e9quate, mais si elle d\u00e9passe la p\u00e9riode de garantie<br \/>\nLa qualit\u00e9 de vie r\u00e9duira la capacit\u00e9 de protection.<\/p>\n<p>&nbsp;<\/p>\n<hr \/>\n<p><strong>D\u00e9tails et comparaison des tailles des casques pare-balles :<\/strong><\/p>\n<p>&nbsp;<\/p>\n<table style=\"border-collapse: collapse;\" border=\"1\" cellspacing=\"0\" cellpadding=\"5\">\n<thead>\n<tr>\n<th>Taille du casque balistique<\/th>\n<th>S<\/th>\n<th>M<\/th>\n<th>L<\/th>\n<th>XL<\/th>\n<\/tr>\n<\/thead>\n<tbody>\n<tr>\n<td>\u00c9paisseur du rev\u00eatement<\/td>\n<td>9.5<\/td>\n<td>9.5<\/td>\n<td>10 (9.5)<\/td>\n<td>10 (9.5)<\/td>\n<\/tr>\n<tr>\n<td>Niveau de protection<\/td>\n<td>3A.44<\/td>\n<td>3A.44<\/td>\n<td>3A.44<\/td>\n<td>3A.44<\/td>\n<\/tr>\n<tr>\n<td>Axe long (Axe long\/mm)<\/td>\n<td>235<\/td>\n<td>240<\/td>\n<td>247<\/td>\n<td>263<\/td>\n<\/tr>\n<tr>\n<td>Petit axe (axe mineur\/mm)<\/td>\n<td>182<\/td>\n<td>185<\/td>\n<td>193<\/td>\n<td>205<\/td>\n<\/tr>\n<tr>\n<td>Hauteur int\u00e9rieure\/mm<\/td>\n<td>146<\/td>\n<td>153<\/td>\n<td>158<\/td>\n<td>161<\/td>\n<\/tr>\n<tr>\n<td>Poids standard (poids\/kg)<\/td>\n<td>53-59<\/td>\n<td>53-59<\/td>\n<td>56-59<\/td>\n<td>58-62<\/td>\n<\/tr>\n<tr>\n<td>\u00c9cart de poids\/kg<\/td>\n<td>1.24<\/td>\n<td>1.29<\/td>\n<td>1.32<\/td>\n<td>1.42<\/td>\n<\/tr>\n<tr>\n<td>\u00c9cart de poids\/kg<\/td>\n<td>0.05<\/td>\n<td>0.05<\/td>\n<td>0.05<\/td>\n<td>0.05<\/td>\n<\/tr>\n<tr>\n<td>Poids de la bo\u00eete\/kg<\/td>\n<td>2<\/td>\n<td>2<\/td>\n<td>2<\/td>\n<td>2.1<\/td>\n<\/tr>\n<\/tbody>\n<\/table>\n","protected":false},"excerpt":{"rendered":"<p>La combinaison des avantages du casque balistique FAST et du casque Wendy offre un excellent confort et une excellente protection, vous permettant de conserver une mobilit\u00e9 et une s\u00e9curit\u00e9 totales pendant n&rsquo;importe quelle t\u00e2che.<\/p>\n<p>Conception l\u00e9g\u00e8re et confortable : le casque FAST avec sa conception l\u00e9g\u00e8re et moderne r\u00e9duit le poids au minimum, le rendant id\u00e9al pour un port \u00e0 long terme dans des conditions exigeantes. Offre un confort exceptionnel, m\u00eame lors d&rsquo;activit\u00e9s intenses.<\/p>\n<p>Syst\u00e8me de suspension de pr\u00e9cision : l&rsquo;insert Zorbium et le syst\u00e8me de suspension CAM FIT permettent un ajustement pr\u00e9cis \u00e0 la forme de la t\u00eate, offrant un ajustement stable, doux et confortable, qui garantit le confort lorsqu&rsquo;il est port\u00e9 pendant de longues p\u00e9riodes.<\/p>\n<p>Il n&rsquo;y a pas besoin d&rsquo;auto-assemblage, ce qui vous permet de gagner du temps et des efforts et de profiter imm\u00e9diatement d&rsquo;un \u00e9quipement tactique complet.<\/p>\n","protected":false},"featured_media":16561,"comment_status":"open","ping_status":"closed","template":"","meta":[],"product_brand":[],"product_cat":[207,346,123],"product_tag":[],"woo-feed-brand":[50],"class_list":{"0":"post-16797","1":"product","2":"type-product","3":"status-publish","4":"has-post-thumbnail","6":"product_cat-ballistic-mask-fr","7":"product_cat-casque-pare-balles","8":"product_cat-fast-fr-2","9":"woo-feed-brand-tyditiao","11":"first","12":"instock","13":"sale","14":"shipping-taxable","15":"purchasable","16":"product-type-simple"},"_links":{"self":[{"href":"https:\/\/tyditiao.com\/fr\/wp-json\/wp\/v2\/product\/16797","targetHints":{"allow":["GET"]}}],"collection":[{"href":"https:\/\/tyditiao.com\/fr\/wp-json\/wp\/v2\/product"}],"about":[{"href":"https:\/\/tyditiao.com\/fr\/wp-json\/wp\/v2\/types\/product"}],"replies":[{"embeddable":true,"href":"https:\/\/tyditiao.com\/fr\/wp-json\/wp\/v2\/comments?post=16797"}],"wp:featuredmedia":[{"embeddable":true,"href":"https:\/\/tyditiao.com\/fr\/wp-json\/wp\/v2\/media\/16561"}],"wp:attachment":[{"href":"https:\/\/tyditiao.com\/fr\/wp-json\/wp\/v2\/media?parent=16797"}],"wp:term":[{"taxonomy":"product_brand","embeddable":true,"href":"https:\/\/tyditiao.com\/fr\/wp-json\/wp\/v2\/product_brand?post=16797"},{"taxonomy":"product_cat","embeddable":true,"href":"https:\/\/tyditiao.com\/fr\/wp-json\/wp\/v2\/product_cat?post=16797"},{"taxonomy":"product_tag","embeddable":true,"href":"https:\/\/tyditiao.com\/fr\/wp-json\/wp\/v2\/product_tag?post=16797"},{"taxonomy":"woo-feed-brand","embeddable":true,"href":"https:\/\/tyditiao.com\/fr\/wp-json\/wp\/v2\/woo-feed-brand?post=16797"}],"curies":[{"name":"wp","href":"https:\/\/api.w.org\/{rel}","templated":true}]}}