{"id":16798,"date":"2025-04-17T11:28:35","date_gmt":"2025-04-17T09:28:35","guid":{"rendered":"https:\/\/tyditiao.com\/product\/casque-balistique-avec-ecran-facial-et-mentonniere-tdtm-3-protection-complete-nij-iiia-ideal-pour-les-conditions-tactiques-extremes\/"},"modified":"2025-09-02T23:12:06","modified_gmt":"2025-09-02T21:12:06","slug":"casque-balistique-avec-ecran-facial-et-mentonniere-tdtm-3-protection-complete-nij-iiia-ideal-pour-les-conditions-tactiques-extremes","status":"publish","type":"product","link":"https:\/\/tyditiao.com\/fr\/produit\/casque-balistique-avec-ecran-facial-et-mentonniere-tdtm-3-protection-complete-nij-iiia-ideal-pour-les-conditions-tactiques-extremes\/","title":{"rendered":"casque balistique avec \u00e9cran facial et mentonni\u00e8re, TDTM-3, protection compl\u00e8te NIJ IIIA, id\u00e9al pour les conditions tactiques extr\u00eames"},"content":{"rendered":"<p>Verre pare-balles haute r\u00e9sistance : Le verre pare-balles de haute qualit\u00e9 offre une protection efficace de votre visage en cas d&rsquo;explosion ou d&rsquo;impact tout en garantissant une excellente visibilit\u00e9.<\/p>\n<p>Module de protection de la m\u00e2choire : Un module con\u00e7u sp\u00e9cifiquement pour prot\u00e9ger la zone de la m\u00e2choire, offrant une protection suppl\u00e9mentaire au menton, prot\u00e9geant contre les blessures lors d&rsquo;op\u00e9rations tactiques.<\/p>\n<p>Syst\u00e8me de r\u00e9glage confortable : \u00e9quip\u00e9 d&rsquo;un syst\u00e8me de suspension r\u00e9glable et d&rsquo;un rembourrage en mousse \u00e0 m\u00e9moire de forme haute densit\u00e9 qui offre un amorti, absorbe l&rsquo;humidit\u00e9 et la transpiration et r\u00e9duit la fatigue lors d&rsquo;une utilisation prolong\u00e9e. La disponibilit\u00e9 de diff\u00e9rentes tailles (S, M, L, XL) garantit un ajustement confortable \u00e0 la forme de la t\u00eate. <\/p>\n<p>Montage d&rsquo;accessoires tactiques : Le casque dispose de plusieurs points de montage qui permettent une installation rapide de la vision nocturne, de l&rsquo;\u00e9quipement de communication et d&rsquo;autres accessoires tactiques, r\u00e9pondant aux exigences des op\u00e9rations de combat sp\u00e9cialis\u00e9es.<\/p>\n<p><strong>Remarques sp\u00e9ciales :<\/strong><\/p>\n<p>Ce casque balistique de classe NIJ IIIA offre une protection compl\u00e8te de la t\u00eate lors des op\u00e9rations tactiques. Il a \u00e9t\u00e9 sp\u00e9cialement con\u00e7u pour assurer la s\u00e9curit\u00e9 des soldats dans des conditions extr\u00eames. Qu&rsquo;il s&rsquo;agisse de verre pare-balles sur la face ou de modules pare-balles sur la m\u00e2choire, ils offrent une protection in\u00e9gal\u00e9e contre les \u00e9clats d&rsquo;obus, les fragments et les dommages caus\u00e9s par les impacts. La conception bien pens\u00e9e et le syst\u00e8me de r\u00e9glage du confort garantissent un confort maximal lors des combats de longue dur\u00e9e. Que ce soit sur le champ de bataille, dans le cadre d&rsquo;une op\u00e9ration d&rsquo;application de la loi ou dans un environnement d&rsquo;entra\u00eenement, nous pouvons vous fournir un soutien solide.    <\/p>\n<p>S&rsquo;il n&rsquo;y a pas de remarque particuli\u00e8re, la configuration par d\u00e9faut est : taille L, couleur verte. De plus, nous proposons une large gamme de couleurs (sable\/noir\/vert\/camouflage MC\/marron loup) et de tailles (S, M, L, XL) au choix. <\/p>\n<p>Peu importe o\u00f9 vous \u00eates, vous pouvez passer votre commande directement via ce lien et effectuer votre achat sans aucun probl\u00e8me. Il vous suffit de pr\u00e9ciser la taille et la couleur dont vous avez besoin dans les notes de commande (par exemple : XL-noir) et vous recevrez l&rsquo;\u00e9quipement de vos r\u00eaves. Nous ne facturerons aucun frais suppl\u00e9mentaire pour le choix d&rsquo;autres couleurs et tailles.  <\/p>\n<hr>\n<p><strong>Concernant les sc\u00e9narios :<\/strong><\/p>\n<p>Forces d&rsquo;op\u00e9rations sp\u00e9ciales<br \/>\nApplication de la loi dans les environnements \u00e0 haut risque<br \/>\nSports tactiques de plein air et entra\u00eenement au tir<br \/>\nMissions de sauvetage et de contr\u00f4le des \u00e9meutes<\/p>\n<hr>\n<p><strong>Param\u00e8tres du projectile de d\u00e9fense :<\/strong><\/p>\n<p>.44 Mag SJHP<br \/>\n.357 SIG FMJ FN<br \/>\n9 mm FMJ RN<br \/>\n.357 Mag JSP<br \/>\n.40 S&amp;W FMJ<\/p>\n<p>Il offre \u00e9galement une protection contre la plupart des risques d&rsquo;armes \u00e0 feu ainsi que les risques de classe IIA et de classe II<\/p>\n<hr>\n<p><strong>param\u00e8tre:<\/strong><\/p>\n<p>Mod\u00e8le de casque : TDTM-3<br \/>\nMat\u00e9riau : Le casque et le prot\u00e8ge-dents sont fabriqu\u00e9s en UHMWPE<br \/>\nPoids : environ 2,8 kg (casque pare-balles + masque pare-balles + prot\u00e8ge-dents)<br \/>\nTaille : S (53-59 cm), M (53-59 cm), L (56-59 cm), L (58-62 cm)<br \/>\nCouleur : Noir\/Vert\/Camouflage MC\/Marron loup<br \/>\nStructure : Corps du casque et composants de protection du visage (d\u00e9tachables)<br \/>\nZone de protection : corps du casque \u2265 0,125 mm, lunettes \u2265 0,025 m, front \u2265 0,04 m<\/p>\n<p>&nbsp;<\/p>\n","protected":false},"excerpt":{"rendered":"<p>Protection compl\u00e8te : combine un \u00e9cran facial pare-balles et un module de protection de la m\u00e2choire pour offrir une protection \u00e0 360 degr\u00e9s pour toute la t\u00eate, garantissant une s\u00e9curit\u00e9 totale dans les environnements \u00e0 haut risque.<\/p>\n<p>Centre de gravit\u00e9 optimis\u00e9, ajustement stable : la structure du casque con\u00e7ue avec pr\u00e9cision assure une r\u00e9partition rationnelle du centre de gravit\u00e9, \u00e9liminant les chocs lors de la course ou du saut. Cela vous permet de conserver flexibilit\u00e9 et libert\u00e9 lors de la vis\u00e9e en position debout, du tir, de l&rsquo;ex\u00e9cution de man\u0153uvres tactiques et d&rsquo;autres activit\u00e9s. Le poids total a \u00e9t\u00e9 r\u00e9duit au niveau maximum possible tout en conservant une protection compl\u00e8te.  <\/p>\n<p>Norme de protection NIJ IIIA : Conforme aux normes NIJ IIIA, prot\u00e9geant efficacement contre les attaques \u00e0 menace faible \u00e0 moyenne telles que les balles d&rsquo;armes de poing et les \u00e9clats d&rsquo;obus, am\u00e9liorant ainsi la s\u00e9curit\u00e9 tactique.<\/p>\n","protected":false},"featured_media":16754,"comment_status":"open","ping_status":"closed","template":"","meta":[],"product_brand":[],"product_cat":[207,346],"product_tag":[],"woo-feed-brand":[50],"class_list":{"0":"post-16798","1":"product","2":"type-product","3":"status-publish","4":"has-post-thumbnail","6":"product_cat-ballistic-mask-fr","7":"product_cat-casque-pare-balles","8":"woo-feed-brand-tyditiao","10":"first","11":"instock","12":"sale","13":"shipping-taxable","14":"purchasable","15":"product-type-simple"},"_links":{"self":[{"href":"https:\/\/tyditiao.com\/fr\/wp-json\/wp\/v2\/product\/16798","targetHints":{"allow":["GET"]}}],"collection":[{"href":"https:\/\/tyditiao.com\/fr\/wp-json\/wp\/v2\/product"}],"about":[{"href":"https:\/\/tyditiao.com\/fr\/wp-json\/wp\/v2\/types\/product"}],"replies":[{"embeddable":true,"href":"https:\/\/tyditiao.com\/fr\/wp-json\/wp\/v2\/comments?post=16798"}],"wp:featuredmedia":[{"embeddable":true,"href":"https:\/\/tyditiao.com\/fr\/wp-json\/wp\/v2\/media\/16754"}],"wp:attachment":[{"href":"https:\/\/tyditiao.com\/fr\/wp-json\/wp\/v2\/media?parent=16798"}],"wp:term":[{"taxonomy":"product_brand","embeddable":true,"href":"https:\/\/tyditiao.com\/fr\/wp-json\/wp\/v2\/product_brand?post=16798"},{"taxonomy":"product_cat","embeddable":true,"href":"https:\/\/tyditiao.com\/fr\/wp-json\/wp\/v2\/product_cat?post=16798"},{"taxonomy":"product_tag","embeddable":true,"href":"https:\/\/tyditiao.com\/fr\/wp-json\/wp\/v2\/product_tag?post=16798"},{"taxonomy":"woo-feed-brand","embeddable":true,"href":"https:\/\/tyditiao.com\/fr\/wp-json\/wp\/v2\/woo-feed-brand?post=16798"}],"curies":[{"name":"wp","href":"https:\/\/api.w.org\/{rel}","templated":true}]}}