{"id":3818,"date":"2022-06-13T03:50:24","date_gmt":"2022-06-13T01:50:24","guid":{"rendered":"http:\/\/tyditiao.com\/product\/mich2000-kuloodporny-helm-kevlarowy-poziom-3-czarny\/"},"modified":"2026-03-17T13:18:06","modified_gmt":"2026-03-17T11:18:06","slug":"mich2000-casque-pare-balles-kevlar-niveau-3-noir","status":"publish","type":"product","link":"https:\/\/tyditiao.com\/fr\/produit\/mich2000-casque-pare-balles-kevlar-niveau-3-noir\/","title":{"rendered":"Casque Troop, \u00e9quipement tactique de classe IIIA, casque en Kevlar, noir"},"content":{"rendered":"<p><strong>Classe D\u00e9fense :<\/strong><br \/>\nCe casque pare-balles est un casque pare-balles NIJ niveau IIIA selon la norme NIJ 0101.06, et le rapport de test correspondant peut \u00eatre fourni.<\/p>\n<hr>\n<p><strong>Param\u00e8tres du projectile de d\u00e9fense :<\/strong><br \/>\n.44 Mag SJHP<br \/>\n.357 SIG FMJ FN<br \/>\n9mm FMJ RN<br \/>\n.357 Mag JSP<br \/>\n.40 S&amp;W FMJ<\/p>\n<p>Il offre \u00e9galement une protection contre la plupart des risques d&rsquo;armes \u00e0 feu ainsi que les risques de classe IIA et de classe II<\/p>\n<hr>\n<p><strong>Param\u00e8tres du casque pare-balles :<\/strong><br \/>\nNom : casque pare-balles NIJ lllA MICH2000<\/p>\n<p>Mat\u00e9riau : fibre aramide Kevlar-DuPont haute r\u00e9sistance<br \/>\nTour de t\u00eate : 52-60 cm<br \/>\nDoublure : La doublure en mousse \u00e0 rebond lent repositionnable maintient le casque confortable et pr\u00e9vient la fatigue et la surchauffe.<br \/>\nAccessoires optionnels : masque \u00e0 oxyg\u00e8ne, \u00e9cran facial, \u00e9cran lat\u00e9ral, \u00e9cran lat\u00e9ral d&rsquo;armure, bouclier, couvre-casque, masque pare-balles, etc.<br \/>\nCouleur du casque : Noir<br \/>\nP\u00e9riode de garantie : La p\u00e9riode de garantie de 5 ans peut avoir une protection suffisante, mais si la p\u00e9riode de garantie est d\u00e9pass\u00e9e<br \/>\nr\u00e9duira la protection.<\/p>\n<hr>\n<p><strong>Pour les personnes:<\/strong><br \/>\nLe casque balistique NIJ lllA Kevlar MICH2000 g\u00e8re les menaces de pistolet et d&rsquo;\u00e9clats d&rsquo;obus avec une plus grande capacit\u00e9 de fixation pour un ajustement plus l\u00e9ger et plus confortable. Ce casque convient \u00e0 tous les types d&rsquo;utilisateurs. Le personnel d&rsquo;agences telles que l&rsquo;arm\u00e9e, la police, le SWAT, la s\u00e9curit\u00e9 int\u00e9rieure, les douanes et les gardes-fronti\u00e8res peut \u00eatre \u00e9quip\u00e9 de capacit\u00e9s de combat am\u00e9lior\u00e9es. C&rsquo;est \u00e9galement un bon choix pour la protection de la maison et le cosplay.<\/p>\n<hr>\n<p><strong>Qu&rsquo;est-ce que le casque militaire MICH2000 Kevlar ?<\/strong><br \/>\nLe casque de communication int\u00e9gr\u00e9 modulaire (MICH) est un casque de combat am\u00e9ricain et l&rsquo;un des nombreux casques utilis\u00e9s par l&rsquo;arm\u00e9e am\u00e9ricaine. Il a \u00e9t\u00e9 d\u00e9velopp\u00e9 par le U.S. Army Soldier Systems Systems Center en tant que casque de combat protecteur de nouvelle g\u00e9n\u00e9ration utilis\u00e9 par l&rsquo;arm\u00e9e am\u00e9ricaine. La raison principale du d\u00e9veloppement du MICH \u00e9tait de remplacer les PASGT protecteurs mais lourds, car ils sont plus l\u00e9gers, plus confortables, s&rsquo;adaptent mieux et sont plus faciles \u00e0 installer des accessoires, en particulier des appareils de vision nocturne et des casques de communication. Ne cause pas de stress inutile sur le cou. Initialement, il \u00e9tait utilis\u00e9 presque exclusivement par SOCOM et certaines entit\u00e9s \u00e9troitement li\u00e9es. \u00c0 ce jour, le MICH et ses d\u00e9riv\u00e9s, le casque de combat avanc\u00e9 et le casque de combat modifi\u00e9, ont compl\u00e8tement remplac\u00e9 le PASGT dans le service actif de l&rsquo;arm\u00e9e am\u00e9ricaine et sont utilis\u00e9s, au moins dans une certaine mesure, dans toutes les divisions de l&rsquo;arm\u00e9e am\u00e9ricaine.<\/p>\n<hr>\n<p><strong>Caract\u00e9ristiques du casque MICH2000 Kevlar :<\/strong><br \/>\nLe poids du MICH est d&rsquo;environ 1,6 kg. Le MICH est \u00e9galement l\u00e9g\u00e8rement plus petit que le PASGT, a 8% de port\u00e9e en moins, utilise de nouvelles fibres de Kevlar plus avanc\u00e9es et offre une meilleure protection des pistolets et des projectiles. Un syst\u00e8me d&rsquo;amorti et un syst\u00e8me de fixation \u00e0 quatre points, similaires aux protecteurs et aux sangles des planches \u00e0 roulettes, des casques de v\u00e9lo et des casques d&rsquo;eau, remplacent le syst\u00e8me de suspension \u00e0 cordon en nylon, le bandeau anti-transpiration et la jugulaire que l&rsquo;on trouve sur les casques PASGT. Ce changement offre au porteur une plus grande protection contre les chocs et un plus grand confort. Il dispose d&rsquo;un support de montage avant pour les lunettes de vision nocturne (telles que AN\/PVS-14 ou AN\/PVS-15), similaire \u00e0 celui du casque PASGT. Il comporte \u00e9galement une paire de sangles \u00e0 l&rsquo;arri\u00e8re pour attacher des lunettes de s\u00e9curit\u00e9, ainsi qu&rsquo;une housse de casque en tissu dans divers motifs de camouflage. Contrairement \u00e0 un contour \u00ab\u00a0incurv\u00e9\u00a0\u00bb, le PASGT consiste principalement \u00e0 enlever les sourcils et \u00e0 relever les c\u00f4t\u00e9s jusqu&rsquo;\u00e0 un point \u00ab\u00a0plat\u00a0\u00bb sur le bord inf\u00e9rieur derri\u00e8re les tempes. Cela r\u00e9duit quelque peu le poids et permet une meilleure connaissance de la situation et moins d&rsquo;obstacles dans le champ de vision de l&rsquo;utilisateur, en particulier lorsqu&rsquo;il est combin\u00e9 avec des gilets pare-balles intercepteurs. Les soldats se sont d\u00e9j\u00e0 plaints que le col d&rsquo;interception haut et la mentonni\u00e8re \u00e0 deux points poussent l&rsquo;arri\u00e8re du casque PASGT vers l&rsquo;avant, et lorsqu&rsquo;ils essaient de tirer depuis une position couch\u00e9e, le bord du casque glisse devant leurs yeux, ce qui, dans le MICH, a une mentonni\u00e8re profil\u00e9e r\u00e9tr\u00e9cie et \u00e0 quatre points.<\/p>\n<hr>\n<p><strong>Quel est le casque balistique tactique MICH2000 ou FAST le plus populaire ?<\/strong><br \/>\nLe MICH2000 poss\u00e8de une surface de protection plus importante, ce qui est plus avantageux si vous ne pr\u00e9voyez pas d&rsquo;installer de nombreux accessoires. Si vous pr\u00e9voyez de choisir beaucoup d&rsquo;\u00e9quipements, tels que (port d&rsquo;une lampe de poche, d&rsquo;un casque antibruit et d&rsquo;un \u00e9quipement de communication, de lunettes de vision nocturne ou d&rsquo;un \u00e9quipement vid\u00e9o, etc.), il est recommand\u00e9 de choisir FAST, car le poids ne sera pas trop lourd, il provoquera une pression sur le cou, ce qui affectera indirectement la capacit\u00e9 d&rsquo;activit\u00e9.<\/p>\n<hr>\n<p><strong>Prix \u200b\u200bcasque militaire MICH2000<\/strong><br \/>\nCeci est notre magasin de casques de s\u00e9curit\u00e9 tactiques, veuillez acheter directement sur notre site Web, vous pouvez obtenir 15% de r\u00e9duction sur le prix d&rsquo;origine<\/p>\n<hr>\n<p>Si vous souhaitez acheter nos produits ou avez des questions sur nos produits ;<br \/>\nSi vous avez des besoins de personnalisation ;<br \/>\nVeuillez (<a href=\"https:\/\/tyditiao.com\/fr\/contact-2\/\">nous contacter<\/a>) imm\u00e9diatement, nous vous r\u00e9pondrons dans un d\u00e9lai d&rsquo;un jour ouvrable<\/p>\n","protected":false},"excerpt":{"rendered":"<p>Fabriqu\u00e9 en fibre DuPont Kevlar Aramide haute r\u00e9sistance, r\u00e9sistant \u00e0 la chaleur et difficile \u00e0 d\u00e9former<\/p>\n<p>NIJ Niveau IIIA<\/p>\n<p>Syst\u00e8me de r\u00e9glage de la circonf\u00e9rence de la t\u00eate, peut permettre au casque d&rsquo;obtenir l&rsquo;effet de port id\u00e9al<\/p>\n<p>Le front est renforc\u00e9 avec des sangles \u00e9lastiques sur les c\u00f4t\u00e9s de la pieuvre (bas du support de vision nocturne) pour fixer des miroirs, des cam\u00e9ras, des lunettes de vision nocturne et d&rsquo;autres appareils<\/p>\n<p>\u00c9quip\u00e9 de rails, montage d&rsquo;accessoires plus puissant, peut \u00eatre \u00e9quip\u00e9 d&rsquo;un syst\u00e8me d&rsquo;\u00e9clairage puissant et de feux d&rsquo;identification de balise, peut \u00e9galement \u00eatre \u00e9quip\u00e9 d&rsquo;une protection auditive<\/p>\n","protected":false},"featured_media":3690,"comment_status":"open","ping_status":"closed","template":"","meta":[],"product_brand":[],"product_cat":[346,122],"product_tag":[],"woo-feed-brand":[50],"class_list":{"0":"post-3818","1":"product","2":"type-product","3":"status-publish","4":"has-post-thumbnail","6":"product_cat-casque-pare-balles","7":"product_cat-mich2000-fr-2","8":"woo-feed-brand-tyditiao","10":"first","11":"instock","12":"sale","13":"shipping-taxable","14":"purchasable","15":"product-type-simple"},"_links":{"self":[{"href":"https:\/\/tyditiao.com\/fr\/wp-json\/wp\/v2\/product\/3818","targetHints":{"allow":["GET"]}}],"collection":[{"href":"https:\/\/tyditiao.com\/fr\/wp-json\/wp\/v2\/product"}],"about":[{"href":"https:\/\/tyditiao.com\/fr\/wp-json\/wp\/v2\/types\/product"}],"replies":[{"embeddable":true,"href":"https:\/\/tyditiao.com\/fr\/wp-json\/wp\/v2\/comments?post=3818"}],"wp:featuredmedia":[{"embeddable":true,"href":"https:\/\/tyditiao.com\/fr\/wp-json\/wp\/v2\/media\/3690"}],"wp:attachment":[{"href":"https:\/\/tyditiao.com\/fr\/wp-json\/wp\/v2\/media?parent=3818"}],"wp:term":[{"taxonomy":"product_brand","embeddable":true,"href":"https:\/\/tyditiao.com\/fr\/wp-json\/wp\/v2\/product_brand?post=3818"},{"taxonomy":"product_cat","embeddable":true,"href":"https:\/\/tyditiao.com\/fr\/wp-json\/wp\/v2\/product_cat?post=3818"},{"taxonomy":"product_tag","embeddable":true,"href":"https:\/\/tyditiao.com\/fr\/wp-json\/wp\/v2\/product_tag?post=3818"},{"taxonomy":"woo-feed-brand","embeddable":true,"href":"https:\/\/tyditiao.com\/fr\/wp-json\/wp\/v2\/woo-feed-brand?post=3818"}],"curies":[{"name":"wp","href":"https:\/\/api.w.org\/{rel}","templated":true}]}}