{"id":3860,"date":"2022-06-13T04:08:57","date_gmt":"2022-06-13T02:08:57","guid":{"rendered":"http:\/\/tyditiao.com\/product\/casque-de-soldat-casque-tactique-en-fibre-daramide-de-classe-iiia-casque-rapide-en-kevlar-marron-clair\/"},"modified":"2025-03-17T10:29:54","modified_gmt":"2025-03-17T08:29:54","slug":"casque-fast-bulletproof-tactical-kevlar-nijiiia-marron-clair","status":"publish","type":"product","link":"https:\/\/tyditiao.com\/fr\/produit\/casque-fast-bulletproof-tactical-kevlar-nijiiia-marron-clair\/","title":{"rendered":"Casque de soldat, casque tactique en fibre d&rsquo;aramide de classe IIIA, casque rapide en Kevlar, marron clair"},"content":{"rendered":"<p><strong>Classe D\u00e9fense :<\/strong><\/p>\n<p>Ce casque pare-balles est un casque pare-balles NIJ niveau IIIA selon la norme NIJ 0101.06, et le rapport de test correspondant peut \u00eatre fourni.<\/p>\n<hr \/>\n<p><strong>Param\u00e8tres du projectile de d\u00e9fense :<\/strong><\/p>\n<p>.44 Mag SJHP<br \/>\n.357 SIG FMJ FN<br \/>\n9mm FMJ RN<br \/>\n.357 Mag JSP<br \/>\n.40 S&amp;W FMJ<\/p>\n<p>Il offre \u00e9galement une protection contre la plupart des risques d&rsquo;armes \u00e0 feu ainsi que les risques de classe IIA et de classe II<\/p>\n<hr \/>\n<p><strong>Param\u00e8tres du casque pare-balles :<\/strong><\/p>\n<p>Nom : Casque pare-balles NIJ lllA FAST<\/p>\n<p>Mat\u00e9riau : fibre aramide Kevlar-DuPont haute r\u00e9sistance<br \/>\nTour de t\u00eate : 52-64 cm<br \/>\nAccessoires optionnels : masque pare-balles, etc.<br \/>\nCouleur du casque : marron clair<\/p>\n<p>Un casque pare-balles se compose d&rsquo;une coque de casque (y compris la protection du talon) et d&rsquo;un syst\u00e8me de tampon de suspension (y compris le bandeau, la couche tampon, la mentonni\u00e8re, les maillons de cha\u00eene, etc.). Confortable et stable \u00e0 porter ;<\/p>\n<p>La surface ext\u00e9rieure de la coque du casque est uniforme et lisse, sans contamination par des corps \u00e9trangers, cloques, pelage et autres d\u00e9fauts.<\/p>\n<p>Performance ignifuge de la coque du casque : temps de combustion continu sur la surface de 5S ;<\/p>\n<p>La force du dispositif de mentonni\u00e8re : vitesse d&rsquo;\u00e9vacuation d&rsquo;urgence de 500 N, lib\u00e9ration lorsque la force externe est de 1 000 N ;<\/p>\n<p>Imperm\u00e9able : le casque pare-balles ne se fissurera pas, ne boursouflera pas et ne se d\u00e9collera pas \u00e0 la surface de la coque du casque lorsqu&rsquo;il est immerg\u00e9 dans l&rsquo;eau pendant 24 heures \u00e0 temp\u00e9rature ambiante. Aucune partie du coussin de suspension ne s&rsquo;est d\u00e9tach\u00e9e apr\u00e8s deux tirs r\u00e9ussis<\/p>\n<p>P\u00e9riode de garantie : La p\u00e9riode de garantie de 5 ans peut avoir une protection suffisante, mais si la p\u00e9riode de garantie est d\u00e9pass\u00e9e<br \/>\nr\u00e9duira la protection.<\/p>\n<hr \/>\n<p><strong>Pour les personnes:<\/strong><\/p>\n<p>Le casque balistique NIJ lllA Kevlar FAST est con\u00e7u pour faire face \u00e0 la menace des armes \u00e0 feu et des \u00e9clats d&rsquo;obus, avec des attaches plus solides pour un ajustement plus l\u00e9ger et plus confortable. Ce casque convient \u00e0 tous les types d&rsquo;utilisateurs. Le personnel d&rsquo;agences telles que l&rsquo;arm\u00e9e, la police, le SWAT, la s\u00e9curit\u00e9 int\u00e9rieure, les douanes et les gardes-fronti\u00e8res peut \u00eatre \u00e9quip\u00e9 de capacit\u00e9s de combat am\u00e9lior\u00e9es. C&rsquo;est \u00e9galement un bon choix pour la protection de la maison et le cosplay.<\/p>\n<hr \/>\n<p><strong>Qu&rsquo;est-ce qu&rsquo;un casque balistique FAST ?<\/strong><\/p>\n<p>Casque pare-balles FAST (en anglais : Future Assault Shell Technology Helmet, ci-apr\u00e8s d\u00e9nomm\u00e9 : FAST) Le casque Future Assault Shell Technology est un casque de combat d\u00e9velopp\u00e9 par l&rsquo;US Army Research Institute et le US Army Research, Development and Engineering Center Natick. Le casque est con\u00e7u pour offrir un confort aux op\u00e9rateurs d&rsquo;op\u00e9rations sp\u00e9ciales tout en offrant une protection balistique de base. Le casque FAST a \u00e9t\u00e9 pr\u00e9sent\u00e9 pour la premi\u00e8re fois au public lors du SHOT SHOW en 2009 et a \u00e9t\u00e9 rapidement adopt\u00e9 par les forces sp\u00e9ciales am\u00e9ricaines op\u00e9rant en Afghanistan. Les casques balistiques tactiques FAST sont d\u00e9sormais largement utilis\u00e9s dans les forces sp\u00e9ciales et les forces de police sp\u00e9ciales de divers pays. De plus, le casque tactique FAST est d\u00e9sormais le casque de combat standard des forces arm\u00e9es norv\u00e9giennes.<\/p>\n<hr \/>\n<p><strong>Caract\u00e9ristiques du casque de soldat tactique FAST en fibre aramide :<\/strong><\/p>\n<p>Compar\u00e9 aux casques militaires normaux, le casque FAST est 25% plus l\u00e9ger. Gr\u00e2ce au syst\u00e8me de suspension du casque, les utilisateurs peuvent facilement ajuster l&rsquo;ajustement ou l&rsquo;\u00e9tanch\u00e9it\u00e9 du casque pour un confort optimal. Le casque FAST est \u00e9quip\u00e9 de rails ARC sur les c\u00f4t\u00e9s gauche et droit pour le montage d&rsquo;accessoires tels que des lampes de poche, des \u00e9couteurs antibruit et des \u00e9quipements de communication, ainsi que des \u00e9quipements de vision nocturne ou d&rsquo;enregistrement vid\u00e9o. L&rsquo;adaptateur peut \u00eatre mont\u00e9 au centre du casque via l&rsquo;adaptateur. Il s&rsquo;agit d&rsquo;un combat sp\u00e9cial qui peut ajouter un plus grand avantage tactique. Le feutre du diable attach\u00e9 au casque permet d&rsquo;apposer le drapeau d&rsquo;un pays, d&rsquo;une arm\u00e9e ou d&rsquo;une institution, ainsi que des tampons d&rsquo;identification appropri\u00e9s tels que l&rsquo;indicatif d&rsquo;appel, le groupe sanguin, etc. De plus, en raison de la conception modulaire, la version civile du casque FAST non pare-balles est non seulement utilis\u00e9e par l&rsquo;arm\u00e9e et la police, mais \u00e9galement accept\u00e9e avec impatience par les sportifs de plein air et les travailleurs de terrain tels que les journalistes et les sauveteurs.<\/p>\n<hr \/>\n<p><strong>Le casque de soldat tactique en fibre d&rsquo;aramide FAST est-il une bonne protection, pourquoi est-il populaire?<\/strong><\/p>\n<p>Il y a deux raisons : Premi\u00e8rement, l&rsquo;avancement de la technologie a fait des soldats individuels des \u00e9quipements de plus en plus techniques, n\u00e9cessitant une plate-forme pour charger les accessoires techniques, et a d\u00fb sacrifier la protection pour choisir ;<br \/>\nDeuxi\u00e8mement, les utilisateurs FAST sont principalement des forces sp\u00e9ciales, et les forces sp\u00e9ciales renoncent simplement \u00e0 une certaine protection \u00e0 distance de combat, la portabilit\u00e9 et l&rsquo;\u00e9quipement technique sur la plate-forme deviennent le taux de survie, m\u00eame dans les applications pratiques, g\u00e9n\u00e9ralement uniquement pour les casques rapides, ils ne le sont pas plusieurs \u00e9l\u00e9ments d&rsquo;unit\u00e9s dessus, juste pour la portabilit\u00e9.<\/p>\n<p>FAST ne repose pas sur une protection stricte Aucune oreillette des deux c\u00f4t\u00e9s ne suffit Principalement pour le confort du personnel portant des \u00e9couteurs et des accessoires suppl\u00e9mentaires Les casques tactiques l\u00e9gers renoncent partiellement \u00e0 la protection apportent de plus grands avantages au combat.<\/p>\n<p>Les casques FAST sont largement utilis\u00e9s dans de nombreux pays, et de nombreux pays ont des conceptions de casques tr\u00e8s similaires aux casques FAST am\u00e9ricains, tels que les casques russes, fran\u00e7ais et britanniques sont con\u00e7us selon les casques FAST, bien qu&rsquo;ils \u00e9voluent avec le temps. Ces casques changent \u00e9galement constamment, mais ressemblent toujours beaucoup aux casques FAST, pour des raisons \u00e9videntes, qui prot\u00e8gent efficacement la t\u00eate et maximisent la dur\u00e9e de vie du soldat.<\/p>\n<hr \/>\n<p><strong>Prix \u200b\u200b\u200b\u200bdu casque de soldat tactique FAST en fibre aramide?<\/strong><\/p>\n<p>Achetez directement sur notre site Web et \u00e9conomisez 15% sur le prix r\u00e9gulier<\/p>\n<p>Si vous souhaitez acheter nos produits ou avez des questions sur nos produits, veuillez (<a href=\"http:\/\/tyditiao.com\/contact\/\">nous contacter<\/a>) rapidement, nous vous r\u00e9pondrons dans un d\u00e9lai d&rsquo;un jour ouvrable. <span style=\"color: #ff0000;\">Si vous souhaitez commander plus de 5 casques pare-balles en m\u00eame temps, vous b\u00e9n\u00e9ficierez d&rsquo;une remise suppl\u00e9mentaire ;<\/span><\/p>\n","protected":false},"excerpt":{"rendered":"<p>Fabriqu\u00e9 en fibre DuPont Kevlar Aramide haute r\u00e9sistance, r\u00e9sistant \u00e0 la chaleur et difficile \u00e0 d\u00e9former<\/p>\n<p>NIJ Niveau IIIA<\/p>\n<p>Le syst\u00e8me de r\u00e9glage du tour de t\u00eate vous permet d&rsquo;ajuster le tour de t\u00eate d&rsquo;une simple pression sur un bouton pour obtenir l&rsquo;ajustement id\u00e9al du casque<\/p>\n<p>Le front est renforc\u00e9 avec des sangles \u00e9lastiques sur les c\u00f4t\u00e9s de la pieuvre (bas du support de vision nocturne) pour fixer des miroirs, des cam\u00e9ras, des lunettes de vision nocturne et d&rsquo;autres appareils<\/p>\n<p>\u00c9quip\u00e9 de rails, montage d&rsquo;accessoires plus puissant, peut \u00eatre \u00e9quip\u00e9 d&rsquo;un syst\u00e8me d&rsquo;\u00e9clairage puissant et de feux d&rsquo;identification de balise, peut \u00e9galement \u00eatre \u00e9quip\u00e9 d&rsquo;une protection auditive<\/p>\n","protected":false},"featured_media":3150,"comment_status":"open","ping_status":"closed","template":"","meta":[],"product_brand":[],"product_cat":[346,123],"product_tag":[],"woo-feed-brand":[50],"class_list":{"0":"post-3860","1":"product","2":"type-product","3":"status-publish","4":"has-post-thumbnail","6":"product_cat-casque-pare-balles","7":"product_cat-fast-fr-2","8":"woo-feed-brand-tyditiao","10":"first","11":"instock","12":"sale","13":"shipping-taxable","14":"purchasable","15":"product-type-simple"},"_links":{"self":[{"href":"https:\/\/tyditiao.com\/fr\/wp-json\/wp\/v2\/product\/3860","targetHints":{"allow":["GET"]}}],"collection":[{"href":"https:\/\/tyditiao.com\/fr\/wp-json\/wp\/v2\/product"}],"about":[{"href":"https:\/\/tyditiao.com\/fr\/wp-json\/wp\/v2\/types\/product"}],"replies":[{"embeddable":true,"href":"https:\/\/tyditiao.com\/fr\/wp-json\/wp\/v2\/comments?post=3860"}],"wp:featuredmedia":[{"embeddable":true,"href":"https:\/\/tyditiao.com\/fr\/wp-json\/wp\/v2\/media\/3150"}],"wp:attachment":[{"href":"https:\/\/tyditiao.com\/fr\/wp-json\/wp\/v2\/media?parent=3860"}],"wp:term":[{"taxonomy":"product_brand","embeddable":true,"href":"https:\/\/tyditiao.com\/fr\/wp-json\/wp\/v2\/product_brand?post=3860"},{"taxonomy":"product_cat","embeddable":true,"href":"https:\/\/tyditiao.com\/fr\/wp-json\/wp\/v2\/product_cat?post=3860"},{"taxonomy":"product_tag","embeddable":true,"href":"https:\/\/tyditiao.com\/fr\/wp-json\/wp\/v2\/product_tag?post=3860"},{"taxonomy":"woo-feed-brand","embeddable":true,"href":"https:\/\/tyditiao.com\/fr\/wp-json\/wp\/v2\/woo-feed-brand?post=3860"}],"curies":[{"name":"wp","href":"https:\/\/api.w.org\/{rel}","templated":true}]}}