{"id":3861,"date":"2022-06-13T04:38:14","date_gmt":"2022-08-21T03:12:33","guid":{"rendered":"http:\/\/tyditiao.com\/product\/casque-de-protection-militaire-casque-kevlar-classe-iiia-casque-tactique-wendy-balistique-militaire-noir\/"},"modified":"2023-01-27T10:45:29","modified_gmt":"2023-01-27T08:45:29","slug":"wendy-casque-pare-balles-casque-kevlar-tactique-noir","status":"publish","type":"product","link":"https:\/\/tyditiao.com\/fr\/produit\/wendy-casque-pare-balles-casque-kevlar-tactique-noir\/","title":{"rendered":"Casque de protection militaire, casque Kevlar Classe IIIA, casque tactique wendy balistique militaire, noir"},"content":{"rendered":"<p>Le casque de protection militaire tactique wendy NIJ IIIA est con\u00e7u pour \u00eatre super l\u00e9ger et tr\u00e8s confortable \u00e0 porter. Un r\u00e9glage rapide et facile d&rsquo;une seule main assure un ajustement pr\u00e9cis. Il est \u00e9galement \u00e9quip\u00e9 de coussinets absorbant l&rsquo;\u00e9nergie de haute qualit\u00e9, qui peuvent efficacement absorber la force d&rsquo;impact, r\u00e9duire la d\u00e9formation du corps du casque apr\u00e8s que la balle ait touch\u00e9 et r\u00e9duire le taux de blessures et la gravit\u00e9 de l&rsquo;utilisateur. Le casque tactique militaire Wendy est \u00e9quip\u00e9 de rails de montage universels et d&rsquo;un appui-t\u00eate, offrant \u00e0 Wendy de plus grandes possibilit\u00e9s. Compar\u00e9 au casque pare-balles MICH, le poids plus l\u00e9ger signifie qu&rsquo;il n&rsquo;a pas besoin d&rsquo;alourdir davantage la t\u00eate, mais peut \u00eatre utilis\u00e9 pour transporter un \u00e9quipement plus moderne, plus adapt\u00e9 \u00e0 l&rsquo;\u00e9change d&rsquo;informations entre les \u00e9quipes.<\/p>\n<hr>\n<p><strong>Classe D\u00e9fense :<\/strong><\/p>\n<p>Ce casque pare-balles est un casque pare-balles NIJ niveau IIIA selon la norme NIJ 0101.06, et le rapport de test correspondant peut \u00eatre fourni.<\/p>\n<hr>\n<p><strong>Param\u00e8tres du projectile de d\u00e9fense :<\/strong><\/p>\n<p>.44 Mag SJHP<br \/>\n.357 SIG FMJ FN<br \/>\n9mm FMJ RN<br \/>\n.357 Mag JSP<br \/>\n.40 S&amp;W FMJ<\/p>\n<p>Il offre \u00e9galement une protection contre la plupart des risques d&rsquo;armes \u00e0 feu ainsi que les risques de classe IIA et de classe II<\/p>\n<hr>\n<p><strong>Param\u00e8tres du casque pare-balles :<\/strong><br \/>\nNom : Casque de protection militaire tactique Wendy&rsquo;s NIJ IIIA<\/p>\n<p>Mat\u00e9riau : fibre aramide Kevlar-DuPont haute r\u00e9sistance<\/p>\n<p>Tour de t\u00eate : 52-60 cm<\/p>\n<p>Doublure : Les coussinets d&rsquo;impact en mousse Zorbium vous gardent au frais et au sec avec une doublure imperm\u00e9able et confortable et un rev\u00eatement antibact\u00e9rien qui \u00e9vacue la transpiration. Fournit moins de la moiti\u00e9 de la force requise pour les chocs r\u00e9p\u00e9titifs dans toutes les conditions environnementales. Le casque est livr\u00e9 en standard avec trois coussinets d&rsquo;impact suppl\u00e9mentaires et huit coussinets r\u00e9glables qui peuvent \u00eatre install\u00e9s de mani\u00e8re flexible en fonction des besoins de l&rsquo;utilisateur pour un ajustement et un confort optimaux.<\/p>\n<p>Accessoires optionnels : masques \u00e0 oxyg\u00e8ne gonflables, \u00e9crans faciaux, \u00e9crans lat\u00e9raux, \u00e9crans lat\u00e9raux blind\u00e9s, \u00e9crans de protection, \u00e9crans de casque, masques pare-balles, etc.<\/p>\n<p>Couleur du casque : Noir<br \/>\nP\u00e9riode de garantie : La p\u00e9riode de garantie de 5 ans peut avoir une protection suffisante, mais si la p\u00e9riode de garantie est d\u00e9pass\u00e9e<br \/>\nr\u00e9duira la protection.<\/p>\n<hr>\n<p><strong>Pour les personnes:<\/strong><br \/>\nLe casque balistique NIJ lllA Kevlar WENDY g\u00e8re les menaces de pistolet et d&rsquo;\u00e9clats d&rsquo;obus, a une meilleure connectivit\u00e9 de fixation, est plus l\u00e9ger et plus confortable \u00e0 porter. Ce casque convient \u00e0 tous les types d&rsquo;utilisateurs. Le personnel d&rsquo;agences telles que l&rsquo;arm\u00e9e, la police, le SWAT, la s\u00e9curit\u00e9 int\u00e9rieure, les douanes et les gardes-fronti\u00e8res peut \u00eatre \u00e9quip\u00e9 de capacit\u00e9s de combat am\u00e9lior\u00e9es. C&rsquo;est \u00e9galement un bon choix pour la protection de la maison et le cosplay.<\/p>\n<hr>\n<p>Voici notre boutique de casques de protection tactique \u00e0 15% de r\u00e9duction sur la plateforme Allegro.<\/p>\n<p>Si vous souhaitez acheter nos produits ou avez des questions sur nos produits, veuillez (<a href=\"http:\/\/tyditiao.com\/contact\/\">nous contacter<\/a>) rapidement, nous vous r\u00e9pondrons dans un d\u00e9lai d&rsquo;un jour ouvrable. Si vous souhaitez commander plus de 5 casques pare-balles en m\u00eame temps, vous b\u00e9n\u00e9ficierez d&rsquo;une remise suppl\u00e9mentaire ;<\/p>\n<p>&nbsp;<\/p>\n","protected":false},"excerpt":{"rendered":"<p>Bonne performance pare-balles : NIJ Level lllA, protection parfaite de la t\u00eate.<\/p>\n<p>Confortable \u00e0 porter : la selle Zorbium Foam Impact est dot\u00e9e d&rsquo;une doublure imperm\u00e9able et d&rsquo;un rev\u00eatement antibact\u00e9rien qui \u00e9vacue l&rsquo;humidit\u00e9 pour vous garder au frais et au sec pendant que vous la portez.<\/p>\n<p>AJUSTEMENT FACILE: Le syst\u00e8me de fixation de casque militaire l\u00e9ger CAM FIT avec syst\u00e8me de fermeture BOA permet un r\u00e9glage rapide et facile d&rsquo;une seule main et un ajustement pr\u00e9cis.<\/p>\n<p>Bonne qualit\u00e9 : le casque de protection militaire tactique Wendy&rsquo;s NIJ IIIA est fabriqu\u00e9 en fibre DuPont Kevlar Aramide tr\u00e8s durable, r\u00e9sistant \u00e0 la chaleur et ne se d\u00e9forme pas.<\/p>\n<p>Bonne extensibilit\u00e9 : le syst\u00e8me de fixation Rail 2.0 est compatible avec toutes les fixations EXFIL Rail 2.0. Les rails de montage de cardan double face et le cardan frontal sont faciles \u00e0 installer et \u00e0 configurer, les casques, les lampes de pistolet, les cam\u00e9ras, les lumi\u00e8res stroboscopiques, les appareils de vision nocturne, les cam\u00e9ras GoPro et les lunettes NVG.<\/p>\n","protected":false},"featured_media":3285,"comment_status":"closed","ping_status":"closed","template":"","meta":[],"product_brand":[],"product_cat":[346,124],"product_tag":[],"woo-feed-brand":[50],"class_list":{"0":"post-3861","1":"product","2":"type-product","3":"status-publish","4":"has-post-thumbnail","6":"product_cat-casque-pare-balles","7":"product_cat-wendy-fr-2","8":"woo-feed-brand-tyditiao","10":"first","11":"instock","12":"sale","13":"shipping-taxable","14":"purchasable","15":"product-type-simple"},"_links":{"self":[{"href":"https:\/\/tyditiao.com\/fr\/wp-json\/wp\/v2\/product\/3861","targetHints":{"allow":["GET"]}}],"collection":[{"href":"https:\/\/tyditiao.com\/fr\/wp-json\/wp\/v2\/product"}],"about":[{"href":"https:\/\/tyditiao.com\/fr\/wp-json\/wp\/v2\/types\/product"}],"replies":[{"embeddable":true,"href":"https:\/\/tyditiao.com\/fr\/wp-json\/wp\/v2\/comments?post=3861"}],"wp:featuredmedia":[{"embeddable":true,"href":"https:\/\/tyditiao.com\/fr\/wp-json\/wp\/v2\/media\/3285"}],"wp:attachment":[{"href":"https:\/\/tyditiao.com\/fr\/wp-json\/wp\/v2\/media?parent=3861"}],"wp:term":[{"taxonomy":"product_brand","embeddable":true,"href":"https:\/\/tyditiao.com\/fr\/wp-json\/wp\/v2\/product_brand?post=3861"},{"taxonomy":"product_cat","embeddable":true,"href":"https:\/\/tyditiao.com\/fr\/wp-json\/wp\/v2\/product_cat?post=3861"},{"taxonomy":"product_tag","embeddable":true,"href":"https:\/\/tyditiao.com\/fr\/wp-json\/wp\/v2\/product_tag?post=3861"},{"taxonomy":"woo-feed-brand","embeddable":true,"href":"https:\/\/tyditiao.com\/fr\/wp-json\/wp\/v2\/woo-feed-brand?post=3861"}],"curies":[{"name":"wp","href":"https:\/\/api.w.org\/{rel}","templated":true}]}}