{"id":3863,"date":"2022-06-13T03:55:46","date_gmt":"2022-08-21T03:29:48","guid":{"rendered":"http:\/\/tyditiao.com\/product\/casque-militaire-casque-balistique-tactique-iiia-casque-polonais-en-kevlar-vert\/"},"modified":"2026-03-14T23:16:56","modified_gmt":"2026-03-14T21:16:56","slug":"mich2000-casque-pare-balles-kevlar-niveau-3-vert","status":"publish","type":"product","link":"https:\/\/tyditiao.com\/fr\/produit\/mich2000-casque-pare-balles-kevlar-niveau-3-vert\/","title":{"rendered":"Casque militaire, casque balistique tactique IIIA, casque polonais en Kevlar, vert"},"content":{"rendered":"<p><strong>Classe D\u00e9fense :<\/strong><\/p>\n<p>Ce casque pare-balles est un casque pare-balles NIJ niveau IIIA selon la norme NIJ 0101.06, et le rapport de test correspondant peut \u00eatre fourni.<\/p>\n<p>Ce produit est \u00e9galement consid\u00e9r\u00e9 comme un casque de combat am\u00e9lior\u00e9 (ECH) lorsqu&rsquo;il est utilis\u00e9 avec une plaque de blindage sup\u00e9rieure pour une v\u00e9ritable protection du fusil.<\/p>\n<hr>\n<p><strong>Param\u00e8tres du projectile de d\u00e9fense :<\/strong><\/p>\n<p>.44 Mag SJHP<br \/>\n.357 SIG FMJ FN<br \/>\n9mm FMJ RN<br \/>\n.357 Mag JSP<br \/>\n.40 S&amp;W FMJ<\/p>\n<p>Il offre \u00e9galement une protection contre la plupart des risques d&rsquo;armes \u00e0 feu ainsi que les risques de classe IIA et de classe II<\/p>\n<hr>\n<p><strong>Param\u00e8tres du casque pare-balles :<\/strong><br \/>\nNom : casque pare-balles NIJ lllA MICH2000<\/p>\n<p>Mat\u00e9riau : fibre aramide Kevlar-DuPont haute r\u00e9sistance<br \/>\nAffaissement apr\u00e8s le lancement du projectile : &lt;20 mm<br \/>\nTour de t\u00eate : 52-60 cm<br \/>\nDoublure : La doublure en mousse \u00e0 rebond lent repositionnable maintient le casque confortable et pr\u00e9vient la fatigue et la surchauffe.<br \/>\nAccessoires optionnels : masque pare-balles, etc.<br \/>\nCouleur du casque : Vert<br \/>\nP\u00e9riode de garantie : La p\u00e9riode de garantie de 5 ans peut avoir une protection suffisante, mais si la p\u00e9riode de garantie est d\u00e9pass\u00e9e<br \/>\nr\u00e9duira la protection.<\/p>\n<hr>\n<p><strong>Pour les personnes:<\/strong><br \/>\nLe casque balistique NIJ lllA Kevlar MICH2000 g\u00e8re les menaces de pistolet et d&rsquo;\u00e9clats d&rsquo;obus avec une plus grande capacit\u00e9 de fixation pour un ajustement plus l\u00e9ger et plus confortable. Ce casque convient \u00e0 tous les types d&rsquo;utilisateurs. Le personnel d&rsquo;agences telles que l&rsquo;arm\u00e9e, la police, le SWAT, la s\u00e9curit\u00e9 int\u00e9rieure, les douanes et les gardes-fronti\u00e8res peut \u00eatre \u00e9quip\u00e9 de capacit\u00e9s de combat am\u00e9lior\u00e9es. C&rsquo;est \u00e9galement un bon choix pour la protection de la maison et le cosplay.<\/p>\n<p>Le MICH est un casque qui arr\u00eate les coups de pistolet et offre une protection fiable contre les d\u00e9bris et les chutes de d\u00e9bris. Le casque balistique mich offre non seulement la protection compl\u00e8te n\u00e9cessaire contre les armes contondantes, les menaces balistiques et autres, mais il est \u00e9galement hautement modulaire et confortable. Ce produit est \u00e9galement qualifi\u00e9 de casque de combat am\u00e9lior\u00e9 (ECH) lorsqu&rsquo;il est utilis\u00e9 en conjonction avec la plaque de blindage sup\u00e9rieure pour fournir une v\u00e9ritable protection au fusil. La coupe basse offre une meilleure couverture des deux c\u00f4t\u00e9s de la t\u00eate que les casques supra-auriculaires. Ces casques sont \u00e9galement livr\u00e9s avec des oreillettes pour accueillir des \u00e9couteurs et d&rsquo;autres \u00e9quipements de communication.<\/p>\n<hr>\n<p><strong>Quel est le casque balistique tactique MICH2000 ou FAST le plus populaire ?<\/strong><br \/>\nLe MICH2000 a une plus grande surface de protection, ce qui est plus avantageux si vous ne pr\u00e9voyez pas d&rsquo;installer plusieurs accessoires. Si vous pr\u00e9voyez de choisir beaucoup d&rsquo;\u00e9quipements, par exemple (port d&rsquo;une lampe de poche, d&rsquo;un casque antibruit et d&rsquo;un \u00e9quipement de communication, de lunettes de vision nocturne ou d&rsquo;un \u00e9quipement d&rsquo;enregistrement vid\u00e9o, etc.), il est recommand\u00e9 d&rsquo;utiliser FAST, car il ne sera pas trop lourd pour exercer une pression sur votre cou, affectant indirectement la capacit\u00e9 d&rsquo;activit\u00e9s.<\/p>\n<hr>\n<p><strong>Prix \u200b\u200bcasque militaire MICH2000<\/strong><br \/>\nAchetez sur notre site et \u00e9conomisez 15% sur le prix<\/p>\n<hr>\n<p>Si vous souhaitez acheter nos produits ou avez des questions sur nos produits ;<br \/>\nSi vous avez des besoins de personnalisation ;<br \/>\nVeuillez (<a href=\"http:\/\/tyditiao.com\/contact\/\">nous contacter<\/a>) imm\u00e9diatement, nous vous r\u00e9pondrons dans un d\u00e9lai d&rsquo;un jour ouvrable<\/p>\n","protected":false},"excerpt":{"rendered":"<p>Bonne qualit\u00e9 : fabriqu\u00e9 en fibre DuPont Kevlar Aramide de haute qualit\u00e9, r\u00e9sistant \u00e0 la chaleur et ne se d\u00e9forme pas facilement.<\/p>\n<p>Bonnes performances balistiques : NIJ niveau IIIA<\/p>\n<p>Mousse \u00e0 m\u00e9moire de forme lente : tissu qui \u00e9vacue l&rsquo;humidit\u00e9 pour un nettoyage facile, coussinets modulaires qui peuvent \u00eatre ajust\u00e9s par l&rsquo;utilisateur final.<\/p>\n<p>Syst\u00e8me de seiche s\u00e9ch\u00e9e : \u00e9galement connu sous le nom de base de vision nocturne, peut \u00eatre combin\u00e9 avec des projecteurs, des cam\u00e9ras, des appareils de vision nocturne et d&rsquo;autres \u00e9quipements.<\/p>\n<p>Il y a des groupes ferroviaires sur les c\u00f4t\u00e9s gauche et droit : peut \u00eatre install\u00e9 avec un syst\u00e8me d&rsquo;\u00e9clairage puissant, un voyant d&rsquo;identification de signal, un panneau de protection des \u00e9couteurs<\/p>\n","protected":false},"featured_media":3699,"comment_status":"open","ping_status":"closed","template":"","meta":[],"product_brand":[],"product_cat":[346,122],"product_tag":[],"woo-feed-brand":[50],"class_list":{"0":"post-3863","1":"product","2":"type-product","3":"status-publish","4":"has-post-thumbnail","6":"product_cat-casque-pare-balles","7":"product_cat-mich2000-fr-2","8":"woo-feed-brand-tyditiao","10":"first","11":"instock","12":"sale","13":"shipping-taxable","14":"purchasable","15":"product-type-simple"},"_links":{"self":[{"href":"https:\/\/tyditiao.com\/fr\/wp-json\/wp\/v2\/product\/3863","targetHints":{"allow":["GET"]}}],"collection":[{"href":"https:\/\/tyditiao.com\/fr\/wp-json\/wp\/v2\/product"}],"about":[{"href":"https:\/\/tyditiao.com\/fr\/wp-json\/wp\/v2\/types\/product"}],"replies":[{"embeddable":true,"href":"https:\/\/tyditiao.com\/fr\/wp-json\/wp\/v2\/comments?post=3863"}],"wp:featuredmedia":[{"embeddable":true,"href":"https:\/\/tyditiao.com\/fr\/wp-json\/wp\/v2\/media\/3699"}],"wp:attachment":[{"href":"https:\/\/tyditiao.com\/fr\/wp-json\/wp\/v2\/media?parent=3863"}],"wp:term":[{"taxonomy":"product_brand","embeddable":true,"href":"https:\/\/tyditiao.com\/fr\/wp-json\/wp\/v2\/product_brand?post=3863"},{"taxonomy":"product_cat","embeddable":true,"href":"https:\/\/tyditiao.com\/fr\/wp-json\/wp\/v2\/product_cat?post=3863"},{"taxonomy":"product_tag","embeddable":true,"href":"https:\/\/tyditiao.com\/fr\/wp-json\/wp\/v2\/product_tag?post=3863"},{"taxonomy":"woo-feed-brand","embeddable":true,"href":"https:\/\/tyditiao.com\/fr\/wp-json\/wp\/v2\/woo-feed-brand?post=3863"}],"curies":[{"name":"wp","href":"https:\/\/api.w.org\/{rel}","templated":true}]}}