{"id":3867,"date":"2022-06-13T04:32:01","date_gmt":"2022-06-13T02:32:01","guid":{"rendered":"http:\/\/tyditiao.com\/product\/nouveau-casque-kevlar-casque-militaire-classe-iiia-casque-de-combat-militaire-team-wendy-vert\/"},"modified":"2025-03-17T10:27:02","modified_gmt":"2025-03-17T08:27:02","slug":"wendys-casque-bulletproof-casque-kevlar-tactique-vert","status":"publish","type":"product","link":"https:\/\/tyditiao.com\/fr\/produit\/wendys-casque-bulletproof-casque-kevlar-tactique-vert\/","title":{"rendered":"Nouveau Casque Kevlar, Casque Militaire Classe IIIA, Casque de Combat Militaire Team Wendy, Vert"},"content":{"rendered":"<p>Casque de soldat l\u00e9ger Le casque de Wendy est con\u00e7u pour \u00eatre super l\u00e9ger et tr\u00e8s confortable \u00e0 porter. Il est \u00e9galement \u00e9quip\u00e9 d&rsquo;inserts absorbant l&rsquo;\u00e9nergie de haute qualit\u00e9, qui peuvent absorber efficacement la force d&rsquo;impact, r\u00e9duire la d\u00e9formation du corps du casque lorsque la balle frappe le casque et r\u00e9duire le taux et le degr\u00e9 de blessure de l&rsquo;utilisateur. Double face avec des rails de montage universels pour appareils et un support de cardan sur le front, permettant \u00e0 Wendy de cr\u00e9er plus de possibilit\u00e9s.<\/p>\n<hr \/>\n<p><strong>Classe D\u00e9fense :<\/strong><\/p>\n<p>Ce casque pare-balles est un casque pare-balles NIJ niveau IIIA selon la norme NIJ 0101.06, et le rapport de test correspondant peut \u00eatre fourni.<\/p>\n<hr \/>\n<p><strong>Param\u00e8tres du projectile de d\u00e9fense :<\/strong><\/p>\n<p>.44 Mag SJHP<br \/>\n.357 SIG FMJ FN<br \/>\n9mm FMJ RN<br \/>\n.357 Mag JSP<br \/>\n.40 S&amp;W FMJ<\/p>\n<p>Il offre \u00e9galement une protection contre la plupart des risques d&rsquo;armes \u00e0 feu ainsi que les risques de classe IIA et de classe II<\/p>\n<hr \/>\n<p><strong>Param\u00e8tres du casque pare-balles :<\/strong><br \/>\nNom : casque pare-balles NIJ lllA WENDY<\/p>\n<p>Mat\u00e9riau : fibre aramide Kevlar-DuPont haute r\u00e9sistance<br \/>\nTour de t\u00eate : 52-60 cm<\/p>\n<p>Doublure : Les coussinets d&rsquo;impact en mousse Zorbium vous gardent au frais et au sec avec un rembourrage imperm\u00e9able et confortable et une couverture antibact\u00e9rienne qui \u00e9vacue la transpiration. Fournit moins de la moiti\u00e9 de la force requise pour les chocs r\u00e9p\u00e9titifs dans toutes les conditions environnementales. Le tapis de souris est livr\u00e9 en standard avec trois coussinets r\u00e9sistants aux chocs et huit coussinets r\u00e9glables pour un ajustement et un confort optimaux.<\/p>\n<p>Accessoires optionnels : masques \u00e0 oxyg\u00e8ne gonflables, \u00e9crans faciaux, \u00e9crans lat\u00e9raux, \u00e9crans lat\u00e9raux blind\u00e9s, boucliers, boucliers de casque, masques pare-balles, etc.<br \/>\nCouleur du casque : Vert<br \/>\nP\u00e9riode de garantie : La p\u00e9riode de garantie de 5 ans peut avoir une protection suffisante, mais si la p\u00e9riode de garantie est d\u00e9pass\u00e9e<br \/>\nr\u00e9duira la protection.<\/p>\n<hr \/>\n<p><strong>Pour les personnes:<\/strong><br \/>\nLe casque balistique NIJ lllA Kevlar WENDY g\u00e8re les menaces de pistolet et d&rsquo;\u00e9clats d&rsquo;obus, a des attaches plus solides, est plus l\u00e9ger et plus confortable \u00e0 porter. Ce casque convient \u00e0 tous les types d&rsquo;utilisateurs. Le personnel d&rsquo;agences telles que l&rsquo;arm\u00e9e, la police, le SWAT, la s\u00e9curit\u00e9 int\u00e9rieure, les douanes et les gardes-fronti\u00e8res peut \u00eatre \u00e9quip\u00e9 de capacit\u00e9s de combat am\u00e9lior\u00e9es. C&rsquo;est \u00e9galement un bon choix pour la protection de la maison et le cosplay.<\/p>\n<hr \/>\n<p>Si vous souhaitez acheter nos produits ou avez des questions sur nos produits ;<br \/>\nSi vous avez des besoins de personnalisation ;<br \/>\nVeuillez (<a href=\"http:\/\/tyditiao.com\/contact\/\">nous contacter<\/a>) imm\u00e9diatement, nous vous r\u00e9pondrons dans un d\u00e9lai d&rsquo;un jour ouvrable<\/p>\n","protected":false},"excerpt":{"rendered":"<p>Bonne qualit\u00e9 : le casque militaire de qualit\u00e9 technique est fabriqu\u00e9 en fibre DuPont Kevlar Aramide haute r\u00e9sistance, qui r\u00e9siste \u00e0 la chaleur et ne se d\u00e9forme pas facilement.<\/p>\n<p>Bonnes performances balistiques : NIJ niveau IIIA<\/p>\n<p>Confortable \u00e0 porter : l&rsquo;oreiller Zorbium Foam Impact est dot\u00e9 d&rsquo;une doublure imperm\u00e9able et d&rsquo;un rev\u00eatement antimicrobien qui \u00e9vacue l&rsquo;humidit\u00e9 pour vous garder au frais et au sec.<\/p>\n<p>AJUSTEMENT FACILE: Syst\u00e8me de montage CAM FIT pour casque militaire l\u00e9ger avec syst\u00e8me de fermeture BOA pour un r\u00e9glage s\u00fbr d&rsquo;une seule main pour un ajustement pr\u00e9cis.<\/p>\n<p>EXTENSIBLE : Le syst\u00e8me de fixation Rail 2.0 est compatible avec toutes les fixations EXFIL Rail 2.0. Le rail de montage de cardan double face et le support de cardan sur le front permettent \u00e0 Wendy de cr\u00e9er plus de possibilit\u00e9s.<\/p>\n","protected":false},"featured_media":3330,"comment_status":"open","ping_status":"closed","template":"","meta":[],"product_brand":[],"product_cat":[346,124],"product_tag":[],"woo-feed-brand":[50],"class_list":{"0":"post-3867","1":"product","2":"type-product","3":"status-publish","4":"has-post-thumbnail","6":"product_cat-casque-pare-balles","7":"product_cat-wendy-fr-2","8":"woo-feed-brand-tyditiao","10":"first","11":"instock","12":"sale","13":"shipping-taxable","14":"purchasable","15":"product-type-simple"},"_links":{"self":[{"href":"https:\/\/tyditiao.com\/fr\/wp-json\/wp\/v2\/product\/3867","targetHints":{"allow":["GET"]}}],"collection":[{"href":"https:\/\/tyditiao.com\/fr\/wp-json\/wp\/v2\/product"}],"about":[{"href":"https:\/\/tyditiao.com\/fr\/wp-json\/wp\/v2\/types\/product"}],"replies":[{"embeddable":true,"href":"https:\/\/tyditiao.com\/fr\/wp-json\/wp\/v2\/comments?post=3867"}],"wp:featuredmedia":[{"embeddable":true,"href":"https:\/\/tyditiao.com\/fr\/wp-json\/wp\/v2\/media\/3330"}],"wp:attachment":[{"href":"https:\/\/tyditiao.com\/fr\/wp-json\/wp\/v2\/media?parent=3867"}],"wp:term":[{"taxonomy":"product_brand","embeddable":true,"href":"https:\/\/tyditiao.com\/fr\/wp-json\/wp\/v2\/product_brand?post=3867"},{"taxonomy":"product_cat","embeddable":true,"href":"https:\/\/tyditiao.com\/fr\/wp-json\/wp\/v2\/product_cat?post=3867"},{"taxonomy":"product_tag","embeddable":true,"href":"https:\/\/tyditiao.com\/fr\/wp-json\/wp\/v2\/product_tag?post=3867"},{"taxonomy":"woo-feed-brand","embeddable":true,"href":"https:\/\/tyditiao.com\/fr\/wp-json\/wp\/v2\/woo-feed-brand?post=3867"}],"curies":[{"name":"wp","href":"https:\/\/api.w.org\/{rel}","templated":true}]}}