{"id":5135,"date":"2022-10-11T12:39:23","date_gmt":"2022-10-11T10:39:23","guid":{"rendered":"http:\/\/tyditiao.com\/product\/demi-masque-pare-balles-kevlar-nij-iiia-masque-facial-pare-balles-en-aramide-pour-casque-tactique-pare-balles\/"},"modified":"2025-03-17T10:22:54","modified_gmt":"2025-03-17T08:22:54","slug":"balistique-kevlar-nij-iiia-aramide-masque-balistique-ajuste-avec-casque-balistique-tactique-wendy-quick-michigan-fit","status":"publish","type":"product","link":"https:\/\/tyditiao.com\/fr\/produit\/balistique-kevlar-nij-iiia-aramide-masque-balistique-ajuste-avec-casque-balistique-tactique-wendy-quick-michigan-fit\/","title":{"rendered":"Demi-masque pare-balles Kevlar NIJ IIIA, masque facial pare-balles en aramide pour casque tactique pare-balles"},"content":{"rendered":"<p>Poids : 0,68 kg<\/p>\n<p>Mat\u00e9riel: Aramide<\/p>\n<p>\u00c9paisseur : aramide de 8 mm d&rsquo;\u00e9paisseur et rev\u00eatement de 1 mm<\/p>\n<p>Classe de protection : NIJ 0101.06 niveau IIIA<\/p>\n<p>Taille : Taille unique<\/p>\n<p>Validit\u00e9 : 5 ans<\/p>\n<p>Sc\u00e9narios applicables : protection de la maison, s\u00e9curit\u00e9, \u00e9quipement de police, combat r\u00e9el, cosplay<\/p>\n<p>Service OEM\/ODM disponible sur demande<\/p>\n<p>&nbsp;<\/p>\n<p>Liste de colisage : 1 masque anti-balles demi-visage.<\/p>\n","protected":false},"excerpt":{"rendered":"<p>Mat\u00e9riau : fabriqu\u00e9 \u00e0 partir de fibres de Kevlar l\u00e9g\u00e8res avanc\u00e9es qui sont 15 fois plus r\u00e9sistantes que l&rsquo;acier pour minimiser la menace de balles.<\/p>\n<p>Design ergonomique unique : bandeau en nylon r\u00e9glable en 6 points et rembourrage suppl\u00e9mentaire pour s&rsquo;adapter \u00e0 toutes les formes de t\u00eate et am\u00e9liorer le confort de port.<\/p>\n<p>Bonne adaptabilit\u00e9 : peut \u00eatre utilis\u00e9 avec les casques FAST, WENDY, MICH et autres pare-balles, couvrant enti\u00e8rement le visage du porteur<\/p>\n<p>Utilisations applicables : protection du domicile, militaire, personnel engag\u00e9 dans des op\u00e9rations dangereuses, entra\u00eenement sur le terrain, gardes du corps, personnel engag\u00e9 dans des op\u00e9rations dangereuses dans des zones de conflit arm\u00e9 \u00e9trang\u00e8res.<\/p>\n","protected":false},"featured_media":4887,"comment_status":"open","ping_status":"closed","template":"","meta":[],"product_brand":[],"product_cat":[207],"product_tag":[],"woo-feed-brand":[50],"class_list":{"0":"post-5135","1":"product","2":"type-product","3":"status-publish","4":"has-post-thumbnail","6":"product_cat-ballistic-mask-fr","7":"product_shipping_class-0-3-kg-fr","8":"woo-feed-brand-tyditiao","10":"first","11":"instock","12":"sale","13":"shipping-taxable","14":"purchasable","15":"product-type-simple"},"_links":{"self":[{"href":"https:\/\/tyditiao.com\/fr\/wp-json\/wp\/v2\/product\/5135","targetHints":{"allow":["GET"]}}],"collection":[{"href":"https:\/\/tyditiao.com\/fr\/wp-json\/wp\/v2\/product"}],"about":[{"href":"https:\/\/tyditiao.com\/fr\/wp-json\/wp\/v2\/types\/product"}],"replies":[{"embeddable":true,"href":"https:\/\/tyditiao.com\/fr\/wp-json\/wp\/v2\/comments?post=5135"}],"wp:featuredmedia":[{"embeddable":true,"href":"https:\/\/tyditiao.com\/fr\/wp-json\/wp\/v2\/media\/4887"}],"wp:attachment":[{"href":"https:\/\/tyditiao.com\/fr\/wp-json\/wp\/v2\/media?parent=5135"}],"wp:term":[{"taxonomy":"product_brand","embeddable":true,"href":"https:\/\/tyditiao.com\/fr\/wp-json\/wp\/v2\/product_brand?post=5135"},{"taxonomy":"product_cat","embeddable":true,"href":"https:\/\/tyditiao.com\/fr\/wp-json\/wp\/v2\/product_cat?post=5135"},{"taxonomy":"product_tag","embeddable":true,"href":"https:\/\/tyditiao.com\/fr\/wp-json\/wp\/v2\/product_tag?post=5135"},{"taxonomy":"woo-feed-brand","embeddable":true,"href":"https:\/\/tyditiao.com\/fr\/wp-json\/wp\/v2\/woo-feed-brand?post=5135"}],"curies":[{"name":"wp","href":"https:\/\/api.w.org\/{rel}","templated":true}]}}