{"id":5136,"date":"2022-10-11T16:42:26","date_gmt":"2022-10-11T14:42:26","guid":{"rendered":"http:\/\/tyditiao.com\/product\/masque-balistique-leger-en-aramide-masque-tactique-pare-balles-nij-iiia-full-face\/"},"modified":"2026-03-30T12:19:09","modified_gmt":"2026-03-30T10:19:09","slug":"masque-balistique-aramide-nij-iiia-masque-integral-tactique-pare-balles","status":"publish","type":"product","link":"https:\/\/tyditiao.com\/fr\/produit\/masque-balistique-aramide-nij-iiia-masque-integral-tactique-pare-balles\/","title":{"rendered":"masque balistique l\u00e9ger en aramide, masque tactique pare-balles NIJ IIIA Full Face"},"content":{"rendered":"<p>Poids : 0,85 kg<\/p>\n<p>Mat\u00e9riel: Aramide<\/p>\n<p>\u00c9paisseur : aramide de 8 mm d&rsquo;\u00e9paisseur et rev\u00eatement de 1 mm<\/p>\n<p>Classe de protection : NIJ 0101.06 niveau IIIA<\/p>\n<p>Taille : Taille unique<\/p>\n<p>Validit\u00e9 : 5 ans<\/p>\n<p>Sc\u00e9narios applicables : protection de la maison, s\u00e9curit\u00e9, \u00e9quipement de police, combat r\u00e9el, cosplay<\/p>\n<p>Service OEM\/ODM disponible sur demande<\/p>\n<p>Contenu de l&#8217;emballage : 1 masque int\u00e9gral pare-balles.<\/p>\n","protected":false},"excerpt":{"rendered":"<p>Prot\u00e8ge les zones les plus importantes avec un poids minimal : couverture compl\u00e8te du visage du porteur en cas d&rsquo;infraction<\/p>\n<p>Mat\u00e9riau : fabriqu\u00e9 \u00e0 partir de fibres de Kevlar l\u00e9g\u00e8res avanc\u00e9es qui sont 15 fois plus r\u00e9sistantes que l&rsquo;acier pour minimiser la menace de balles.<\/p>\n<p>Design ergonomique unique : bandeau en nylon r\u00e9glable en 6 points et rembourrage suppl\u00e9mentaire pour s&rsquo;adapter \u00e0 toutes les formes de t\u00eate et am\u00e9liorer le confort de port.<\/p>\n<p>Utilisations applicables : protection du domicile, formation sur le terrain, gardes du corps, personnel engag\u00e9 dans des op\u00e9rations dangereuses dans des zones de conflit arm\u00e9 \u00e9trang\u00e8res, militaire, cosplay, etc.<\/p>\n","protected":false},"featured_media":4961,"comment_status":"open","ping_status":"closed","template":"","meta":[],"product_brand":[],"product_cat":[207],"product_tag":[],"woo-feed-brand":[50],"class_list":{"0":"post-5136","1":"product","2":"type-product","3":"status-publish","4":"has-post-thumbnail","6":"product_cat-ballistic-mask-fr","7":"product_shipping_class-0-3-kg-fr","8":"woo-feed-brand-tyditiao","10":"first","11":"instock","12":"sale","13":"shipping-taxable","14":"purchasable","15":"product-type-simple"},"_links":{"self":[{"href":"https:\/\/tyditiao.com\/fr\/wp-json\/wp\/v2\/product\/5136","targetHints":{"allow":["GET"]}}],"collection":[{"href":"https:\/\/tyditiao.com\/fr\/wp-json\/wp\/v2\/product"}],"about":[{"href":"https:\/\/tyditiao.com\/fr\/wp-json\/wp\/v2\/types\/product"}],"replies":[{"embeddable":true,"href":"https:\/\/tyditiao.com\/fr\/wp-json\/wp\/v2\/comments?post=5136"}],"wp:featuredmedia":[{"embeddable":true,"href":"https:\/\/tyditiao.com\/fr\/wp-json\/wp\/v2\/media\/4961"}],"wp:attachment":[{"href":"https:\/\/tyditiao.com\/fr\/wp-json\/wp\/v2\/media?parent=5136"}],"wp:term":[{"taxonomy":"product_brand","embeddable":true,"href":"https:\/\/tyditiao.com\/fr\/wp-json\/wp\/v2\/product_brand?post=5136"},{"taxonomy":"product_cat","embeddable":true,"href":"https:\/\/tyditiao.com\/fr\/wp-json\/wp\/v2\/product_cat?post=5136"},{"taxonomy":"product_tag","embeddable":true,"href":"https:\/\/tyditiao.com\/fr\/wp-json\/wp\/v2\/product_tag?post=5136"},{"taxonomy":"woo-feed-brand","embeddable":true,"href":"https:\/\/tyditiao.com\/fr\/wp-json\/wp\/v2\/woo-feed-brand?post=5136"}],"curies":[{"name":"wp","href":"https:\/\/api.w.org\/{rel}","templated":true}]}}