{"id":5137,"date":"2022-10-12T08:35:45","date_gmt":"2022-10-12T06:35:45","guid":{"rendered":"http:\/\/tyditiao.com\/product\/masque-balistique-transparent-nij-iiia-amovible-pour-casques-avec-rails-des-deux-cotes\/"},"modified":"2025-03-17T10:22:11","modified_gmt":"2025-03-17T08:22:11","slug":"masque-pare-balles-transparent-nij-iiia-amovible-pour-helmow-with-rails-on-both-sides-wendy-fast-etc","status":"publish","type":"product","link":"https:\/\/tyditiao.com\/fr\/produit\/masque-pare-balles-transparent-nij-iiia-amovible-pour-helmow-with-rails-on-both-sides-wendy-fast-etc\/","title":{"rendered":"Masque balistique transparent NIJ IIIA amovible pour casques avec rails des deux c\u00f4t\u00e9s"},"content":{"rendered":"<p>Le masque balistique amovible est un nouveau masque balistique de classe IIIA qui se fixe sur un casque balistique.<\/p>\n<p>Ce produit convient aux casques avec rails des deux c\u00f4t\u00e9s. Par exemple : WENDY, FAST, etc.<\/p>\n<p>Classe de protection : niveau NIJ IIIA<\/p>\n<p>Poids : 1,50 kg (3,31 lb)<\/p>\n<p>Mat\u00e9riel : PC, PMMA, etc.<\/p>\n<p>Taille : 350 mm (L)*145 mm (H)<\/p>\n<p>\u00c9paisseur du masque : 22 mm<\/p>\n<p>Luminosit\u00e9 : 83,9 %<\/p>\n<p>Validit\u00e9 : 5 ans<\/p>\n<p>Si vous avez besoin d&rsquo;un casque pare-balles, veuillez vous rendre dans notre magasin pour l&rsquo;acheter. Merci!<\/p>\n<p>D\u00e9tails d&#8217;emballage: 1 * \u00e9cran facial pare-balles (casque non inclus)<\/p>\n","protected":false},"excerpt":{"rendered":"<p>Le mat\u00e9riau principal est compos\u00e9 de r\u00e9sine de polycarbonate transparente de haute qualit\u00e9 et d&rsquo;un composite de type sandwich en panneau acrylique, avec une haute d\u00e9finition, sans \u00e9claboussures, bon effet pare-balles<\/p>\n<p>Le support de masque pare-balles est en acier et en mat\u00e9riaux \u00e0 haute r\u00e9sistance, qui peuvent \u00eatre ajust\u00e9s de mani\u00e8re stable \u00e0 diff\u00e9rents angles<\/p>\n<p>Nous avons \u00e9troitement coop\u00e9r\u00e9 avec les prestataires logistiques et pouvons garantir la livraison des marchandises dans presque tous les pays et r\u00e9gions, et toutes les marchandises command\u00e9es sur notre site Web d&rsquo;usine sont exemptes de frais de port.<\/p>\n","protected":false},"featured_media":5037,"comment_status":"open","ping_status":"closed","template":"","meta":[],"product_brand":[],"product_cat":[207],"product_tag":[],"woo-feed-brand":[50],"class_list":{"0":"post-5137","1":"product","2":"type-product","3":"status-publish","4":"has-post-thumbnail","6":"product_cat-ballistic-mask-fr","7":"product_shipping_class-0-3-kg-fr","8":"woo-feed-brand-tyditiao","10":"first","11":"instock","12":"sale","13":"shipping-taxable","14":"purchasable","15":"product-type-simple"},"_links":{"self":[{"href":"https:\/\/tyditiao.com\/fr\/wp-json\/wp\/v2\/product\/5137","targetHints":{"allow":["GET"]}}],"collection":[{"href":"https:\/\/tyditiao.com\/fr\/wp-json\/wp\/v2\/product"}],"about":[{"href":"https:\/\/tyditiao.com\/fr\/wp-json\/wp\/v2\/types\/product"}],"replies":[{"embeddable":true,"href":"https:\/\/tyditiao.com\/fr\/wp-json\/wp\/v2\/comments?post=5137"}],"wp:featuredmedia":[{"embeddable":true,"href":"https:\/\/tyditiao.com\/fr\/wp-json\/wp\/v2\/media\/5037"}],"wp:attachment":[{"href":"https:\/\/tyditiao.com\/fr\/wp-json\/wp\/v2\/media?parent=5137"}],"wp:term":[{"taxonomy":"product_brand","embeddable":true,"href":"https:\/\/tyditiao.com\/fr\/wp-json\/wp\/v2\/product_brand?post=5137"},{"taxonomy":"product_cat","embeddable":true,"href":"https:\/\/tyditiao.com\/fr\/wp-json\/wp\/v2\/product_cat?post=5137"},{"taxonomy":"product_tag","embeddable":true,"href":"https:\/\/tyditiao.com\/fr\/wp-json\/wp\/v2\/product_tag?post=5137"},{"taxonomy":"woo-feed-brand","embeddable":true,"href":"https:\/\/tyditiao.com\/fr\/wp-json\/wp\/v2\/woo-feed-brand?post=5137"}],"curies":[{"name":"wp","href":"https:\/\/api.w.org\/{rel}","templated":true}]}}