{"id":5731,"date":"2022-10-18T05:26:18","date_gmt":"2022-10-18T03:26:18","guid":{"rendered":"http:\/\/tyditiao.com\/product\/gilet-tactique-exterieur-a-degagement-rapide-gilet-tactique-cs-avec-plaque-pare-balles-2xpe-iiia-10x12\/"},"modified":"2025-03-17T10:25:15","modified_gmt":"2025-03-17T08:25:15","slug":"gilet-tactique-zewnetrzna-avec-gilet-tactique-a-degagement-rapide-cs-avec-plaque-pare-balles-2xpe-iiia-10x12","status":"publish","type":"product","link":"https:\/\/tyditiao.com\/fr\/produit\/gilet-tactique-zewnetrzna-avec-gilet-tactique-a-degagement-rapide-cs-avec-plaque-pare-balles-2xpe-iiia-10x12\/","title":{"rendered":"Gilet tactique ext\u00e9rieur \u00e0 d\u00e9gagement rapide, gilet tactique CS avec plaque pare-balles 2XPE IIIA 10&#215;12"},"content":{"rendered":"<p>Les c\u00f4t\u00e9s et les \u00e9paules de ce produit sont r\u00e9glables avec du velcro, afin que les utilisateurs de toutes tailles puissent le porter.<br \/>\nCouche int\u00e9rieure : mat\u00e9riau haute r\u00e9sistance, imperm\u00e9able, longue dur\u00e9e de vie et stable.<br \/>\nCouche ext\u00e9rieure : Oxford, coton ou nylon, r\u00e9sistant \u00e0 l&rsquo;abrasion, aux taches et durable.<br \/>\nLa veste peut \u00eatre \u00e9quip\u00e9e d&rsquo;inserts balistiques pour une protection suppl\u00e9mentaire.<\/p>\n<p>Niveau de d\u00e9fense : plaque pare-balles PE par d\u00e9faut, NIJIIIA,<br \/>\nInsert de protection : UHMW-PE<br \/>\n\u00c9paisseur : \uff5e 8 mm\/\uff5e 0,3 &lsquo;<br \/>\nValidit\u00e9 : 5 ans<br \/>\nTypes de projectiles contre lesquels on peut se d\u00e9fendre :<br \/>\nGaine enti\u00e8rement m\u00e9tallique 9 mm (FMJ) \/ t\u00eate ronde (RN)<br \/>\n.44 Universal Jacket Hollow Point (JHP)<\/p>\n<p>Utilisateurs cibles :<br \/>\nLes gilets pare-balles dissimul\u00e9s NIJ Classe IIIA prot\u00e8gent contre les dangers li\u00e9s aux armes. Et il a plus d&rsquo;accessoires et occupe une plus grande surface. La taille peut \u00eatre ajust\u00e9e avec du velcro sur les c\u00f4t\u00e9s et les \u00e9paules. Nos produits peuvent \u00eatre \u00e9quip\u00e9s de forces arm\u00e9es, d&rsquo;agences SWAT, d&rsquo;agences de s\u00e9curit\u00e9 int\u00e9rieure, d&rsquo;agences de douane et de protection des fronti\u00e8res, d&rsquo;agences de contr\u00f4le de l&rsquo;immigration et d&rsquo;autres agences \u00e0 risque d&rsquo;armes \u00e0 feu. Les gens obtiennent de meilleurs r\u00e9sultats et moins de victimes.<\/p>\n","protected":false},"excerpt":{"rendered":"<p>R\u00e9alisez une lib\u00e9ration rapide : la boucle \u00e0 lib\u00e9ration rapide de la taille est facile \u00e0 utiliser.<\/p>\n<p>Grand espace de rangement : poche de rangement int\u00e9gr\u00e9e et la poche utilitaire peut \u00eatre install\u00e9e ou retir\u00e9e selon vos besoins.<\/p>\n<p>\u00c9quip\u00e9 de plaques pare-balles avant et arri\u00e8re NIJ IIIA : peut faire face \u00e0 la menace des balles de pistolet.<\/p>\n<p>TAILLE R\u00c9GLABLE : Taille ajustable avec velcro sur les c\u00f4t\u00e9s et les \u00e9paules.<\/p>\n","protected":false},"featured_media":5160,"comment_status":"open","ping_status":"closed","template":"","meta":[],"product_brand":[],"product_cat":[233],"product_tag":[],"woo-feed-brand":[50],"class_list":{"0":"post-5731","1":"product","2":"type-product","3":"status-publish","4":"has-post-thumbnail","6":"product_cat-tactical-vest-fr","7":"woo-feed-brand-tyditiao","9":"first","10":"instock","11":"sale","12":"shipping-taxable","13":"purchasable","14":"product-type-simple"},"_links":{"self":[{"href":"https:\/\/tyditiao.com\/fr\/wp-json\/wp\/v2\/product\/5731","targetHints":{"allow":["GET"]}}],"collection":[{"href":"https:\/\/tyditiao.com\/fr\/wp-json\/wp\/v2\/product"}],"about":[{"href":"https:\/\/tyditiao.com\/fr\/wp-json\/wp\/v2\/types\/product"}],"replies":[{"embeddable":true,"href":"https:\/\/tyditiao.com\/fr\/wp-json\/wp\/v2\/comments?post=5731"}],"wp:featuredmedia":[{"embeddable":true,"href":"https:\/\/tyditiao.com\/fr\/wp-json\/wp\/v2\/media\/5160"}],"wp:attachment":[{"href":"https:\/\/tyditiao.com\/fr\/wp-json\/wp\/v2\/media?parent=5731"}],"wp:term":[{"taxonomy":"product_brand","embeddable":true,"href":"https:\/\/tyditiao.com\/fr\/wp-json\/wp\/v2\/product_brand?post=5731"},{"taxonomy":"product_cat","embeddable":true,"href":"https:\/\/tyditiao.com\/fr\/wp-json\/wp\/v2\/product_cat?post=5731"},{"taxonomy":"product_tag","embeddable":true,"href":"https:\/\/tyditiao.com\/fr\/wp-json\/wp\/v2\/product_tag?post=5731"},{"taxonomy":"woo-feed-brand","embeddable":true,"href":"https:\/\/tyditiao.com\/fr\/wp-json\/wp\/v2\/woo-feed-brand?post=5731"}],"curies":[{"name":"wp","href":"https:\/\/api.w.org\/{rel}","templated":true}]}}