{"id":5732,"date":"2022-10-18T08:54:02","date_gmt":"2022-10-18T06:54:02","guid":{"rendered":"http:\/\/tyditiao.com\/product\/gilet-pare-balles-pour-equipement-dentrainement-cs-gilet-tactique-exterieur-a-degagement-rapide-comprenant-2-plaques-pare-balles-xpe-iiia-10x12\/"},"modified":"2025-03-17T10:25:33","modified_gmt":"2025-03-17T08:25:33","slug":"cs-training-equipment-outdoor-balistic-gilet-quick-release-tactical-gilet-in-the-kit-bulletproof-plate-2xpe-iiia-10x12","status":"publish","type":"product","link":"https:\/\/tyditiao.com\/fr\/produit\/cs-training-equipment-outdoor-balistic-gilet-quick-release-tactical-gilet-in-the-kit-bulletproof-plate-2xpe-iiia-10x12\/","title":{"rendered":"Gilet pare-balles pour \u00e9quipement d&rsquo;entra\u00eenement CS, gilet tactique ext\u00e9rieur \u00e0 d\u00e9gagement rapide comprenant 2 plaques pare-balles XPE IIIA 10&#215;12"},"content":{"rendered":"<p>Les c\u00f4t\u00e9s et les \u00e9paules de ce produit sont r\u00e9glables avec du velcro, afin que les utilisateurs de toutes tailles puissent le porter.<br \/>\nCouche int\u00e9rieure : mat\u00e9riau \u00e0 haute r\u00e9sistance<br \/>\nCouche ext\u00e9rieure : tissu oxford r\u00e9sistant \u00e0 l&rsquo;abrasion, coton ou nylon, r\u00e9sistant aux taches et durable.<\/p>\n<p>&nbsp;<\/p>\n<p>Niveau de d\u00e9fense : plaque pare-balles PE par d\u00e9faut, NIJIIIA,<br \/>\nInsert de protection : UHMW-PE<br \/>\n\u00c9paisseur : \uff5e 8 mm\/\uff5e 0,3 &lsquo;<br \/>\nValidit\u00e9 : 5 ans<br \/>\nTypes de projectiles contre lesquels on peut se d\u00e9fendre :<br \/>\nGaine enti\u00e8rement m\u00e9tallique 9 mm (FMJ) \/ t\u00eate ronde (RN)<br \/>\n.44 Universal Jacket Hollow Point (JHP)<\/p>\n<p>Utilisateurs cibles :<br \/>\nLes gilets pare-balles dissimul\u00e9s NIJ Classe IIIA prot\u00e8gent contre les dangers li\u00e9s aux armes. Et il a plus d&rsquo;accessoires et occupe une plus grande surface. La taille peut \u00eatre ajust\u00e9e avec du velcro sur les c\u00f4t\u00e9s et les \u00e9paules. Nos produits peuvent \u00eatre \u00e9quip\u00e9s de forces arm\u00e9es, d&rsquo;agences SWAT, d&rsquo;agences de s\u00e9curit\u00e9 int\u00e9rieure, d&rsquo;agences de douane et de protection des fronti\u00e8res, d&rsquo;agences de contr\u00f4le de l&rsquo;immigration et d&rsquo;autres agences \u00e0 risque d&rsquo;armes \u00e0 feu. Les gens obtiennent de meilleurs r\u00e9sultats et moins de victimes.<\/p>\n","protected":false},"excerpt":{"rendered":"<p>TAILLE AJUSTABLE : Taille ajustable avec velcro sur les c\u00f4t\u00e9s et les \u00e9paules, taille unique.<\/p>\n<p>R\u00e9alisez une lib\u00e9ration rapide : la boucle \u00e0 lib\u00e9ration rapide de la taille est facile \u00e0 utiliser.<\/p>\n<p>Grand espace de rangement : poche de rangement int\u00e9gr\u00e9e et la poche utilitaire peut \u00eatre install\u00e9e ou retir\u00e9e selon vos besoins.<\/p>\n<p>\u00c9quip\u00e9 de plaques pare-balles avant et arri\u00e8re NIJ IIIA : peut faire face \u00e0 la menace des balles de pistolet.<\/p>\n<p>Augmentez votre d\u00e9fense en toute libert\u00e9 : la veste peut \u00eatre \u00e9quip\u00e9e d&rsquo;inserts pare-balles de diff\u00e9rents niveaux.<\/p>\n","protected":false},"featured_media":5252,"comment_status":"open","ping_status":"closed","template":"","meta":[],"product_brand":[],"product_cat":[233],"product_tag":[],"woo-feed-brand":[50],"class_list":{"0":"post-5732","1":"product","2":"type-product","3":"status-publish","4":"has-post-thumbnail","6":"product_cat-tactical-vest-fr","7":"product_shipping_class-0-3-kg-fr","8":"woo-feed-brand-tyditiao","10":"first","11":"instock","12":"sale","13":"shipping-taxable","14":"purchasable","15":"product-type-simple"},"_links":{"self":[{"href":"https:\/\/tyditiao.com\/fr\/wp-json\/wp\/v2\/product\/5732","targetHints":{"allow":["GET"]}}],"collection":[{"href":"https:\/\/tyditiao.com\/fr\/wp-json\/wp\/v2\/product"}],"about":[{"href":"https:\/\/tyditiao.com\/fr\/wp-json\/wp\/v2\/types\/product"}],"replies":[{"embeddable":true,"href":"https:\/\/tyditiao.com\/fr\/wp-json\/wp\/v2\/comments?post=5732"}],"wp:featuredmedia":[{"embeddable":true,"href":"https:\/\/tyditiao.com\/fr\/wp-json\/wp\/v2\/media\/5252"}],"wp:attachment":[{"href":"https:\/\/tyditiao.com\/fr\/wp-json\/wp\/v2\/media?parent=5732"}],"wp:term":[{"taxonomy":"product_brand","embeddable":true,"href":"https:\/\/tyditiao.com\/fr\/wp-json\/wp\/v2\/product_brand?post=5732"},{"taxonomy":"product_cat","embeddable":true,"href":"https:\/\/tyditiao.com\/fr\/wp-json\/wp\/v2\/product_cat?post=5732"},{"taxonomy":"product_tag","embeddable":true,"href":"https:\/\/tyditiao.com\/fr\/wp-json\/wp\/v2\/product_tag?post=5732"},{"taxonomy":"woo-feed-brand","embeddable":true,"href":"https:\/\/tyditiao.com\/fr\/wp-json\/wp\/v2\/woo-feed-brand?post=5732"}],"curies":[{"name":"wp","href":"https:\/\/api.w.org\/{rel}","templated":true}]}}