{"id":5733,"date":"2022-10-21T05:10:23","date_gmt":"2022-10-21T03:10:23","guid":{"rendered":"http:\/\/tyditiao.com\/product\/sicpe-nij-niveau-iv-23mm-2-5kg-insert-balistique-de-cuirasse-pare-balles-250x300mm\/"},"modified":"2025-03-17T10:30:16","modified_gmt":"2025-03-17T08:30:16","slug":"sicpe-nij-niveau-iv-23mm-2-5kgn-cuirasse-balles-proof-250x300mm","status":"publish","type":"product","link":"https:\/\/tyditiao.com\/fr\/produit\/sicpe-nij-niveau-iv-23mm-2-5kgn-cuirasse-balles-proof-250x300mm\/","title":{"rendered":"SIC+PE, NIJ Niveau IV, 23MM, 2.5KG, insert balistique de cuirasse pare-balles, 250X300MM"},"content":{"rendered":"<p>Nom: Plaque pare-balles en carbure de silicium ultra-l\u00e9ger NIJ Grade IV<\/p>\n<p>Norme : NIJ 0101.06 Classe IV, nous pouvons fournir le rapport de test correspondant.<\/p>\n<p>Mat\u00e9riau : SiC + UHMW-PE<\/p>\n<p>Poids : 2,5 KG + 0,05 KG \/ 2,20 + 0,11 LB<\/p>\n<p>\u00c9paisseur : 23 mm<\/p>\n<p>Couche ext\u00e9rieure : tissu polyester imperm\u00e9able noir ;<br \/>\nDimensions : 250 x 300 mm \/ 9,8 x 11,8 pi<br \/>\nForme : trap\u00e9zo\u00efdale (planche trap\u00e9zo\u00efdale avec coins chanfrein\u00e9s)<\/p>\n<p>Liste de colisage:<br \/>\n1 x plaque pare-balles trap\u00e9zo\u00efdale.<\/p>\n<p>Remarquer:<br \/>\nGilet r\u00e9fl\u00e9chissant non inclus<\/p>\n<p>Utilisateurs cibles : Plaques pare-balles NIJ Class IV Superlight Sic \u00e0 utiliser contre les menaces li\u00e9es aux armes. Les forces arm\u00e9es, les agences SWAT, les agences de s\u00e9curit\u00e9 int\u00e9rieure, les agences douani\u00e8res et de protection des fronti\u00e8res, les agences de contr\u00f4le de l&rsquo;immigration et d&rsquo;autres agences \u00e0 risque d&rsquo;armes \u00e0 feu peuvent \u00eatre \u00e9quip\u00e9es de nos produits. Les gens obtiennent de meilleurs r\u00e9sultats et moins de victimes. Le produit est \u00e9galement mieux adapt\u00e9 aux situations telles que les missions longue distance ou les missions longue distance. C&rsquo;est \u00e9galement un bon choix pour la protection de votre propre famille<\/p>\n<p><!--more--><\/p>\n<p>Param\u00e8tres des projectiles contre lesquels NIJ IV peut se d\u00e9fendre :<\/p>\n<p>Bo\u00eetier enti\u00e8rement m\u00e9tallique 7,62 x 51 mm M80 (FMJ) \/ Balle OTAN ;<\/p>\n<p>Noyau en plomb AK47 de 7,62 x 39 mm (LC) \/ Noyau en acier doux (MSC);<\/p>\n<p>5,56 x 45 mm M193 Plomb (LC) \/ Bille OTAN SS109 ;<\/p>\n<p>Les inserts balistiques sont souvent utilis\u00e9s dans les gilets pare-balles ou les gilets tactiques. Il existe deux types de cartouches pare-balles : frontale et lat\u00e9rale. Le panneau avant prot\u00e8ge la poitrine et le dos, et les panneaux lat\u00e9raux prot\u00e8gent les c\u00f4t\u00e9s du corps. Les chanfreins prot\u00e8gent g\u00e9n\u00e9ralement le devant de la poitrine et les carr\u00e9s prot\u00e8gent le dos.<\/p>\n<p>Il existe quatre types de mat\u00e9riaux de plaques pare-balles : acier pare-balles, poly\u00e9thyl\u00e8ne PE, PE+alumine, PE+carbure de silicium. Disponible dans une vari\u00e9t\u00e9 de mod\u00e8les de mat\u00e9riaux, cette batterie est en pur PE + silicium.<\/p>\n<p>Les inserts pare-balles en c\u00e9ramique sont g\u00e9n\u00e9ralement constitu\u00e9s de mat\u00e9riaux tels que la c\u00e9ramique et le poly\u00e9thyl\u00e8ne PE. La r\u00e8gle est la suivante : lorsqu&rsquo;une balle frappe une cartouche pare-balles, la balle frappe d&rsquo;abord le haut de la couche de c\u00e9ramique. L&rsquo;\u00e9norme force d&rsquo;impact du projectile est transmise \u00e0 l&rsquo;environnement, absorbant l&rsquo;\u00e9norme \u00e9nergie cin\u00e9tique du projectile. Lorsque le projectile traverse la couche de c\u00e9ramique, il perd la majeure partie de son \u00e9nergie cin\u00e9tique. Lorsque le projectile atteint la couche de poly\u00e9thyl\u00e8ne, le poly\u00e9thyl\u00e8ne dissipe l&rsquo;\u00e9nergie cin\u00e9tique du projectile en \u00e9tirant et en enveloppant le projectile et les fragments, avec peu d&rsquo;effet sur le corps, offrant une excellente protection.<\/p>\n","protected":false},"excerpt":{"rendered":"<p>Plaque balistique ultra-l\u00e9g\u00e8re en carbure de silicium NIJ grade IV pouvant r\u00e9sister \u00e0 la menace des cartouches de fusil conventionnelles.<\/p>\n<p>Processus mature : montrera des performances de protection stables et excellentes.<\/p>\n<p>Plus l\u00e9ger et plus pratique que les panneaux en c\u00e9ramique d&rsquo;alumine.<\/p>\n<p>La couche sup\u00e9rieure est en tissu polyester r\u00e9sistant \u00e0 l&rsquo;eau et le panneau est imperm\u00e9able et r\u00e9sistant aux taches.<\/p>\n","protected":false},"featured_media":5402,"comment_status":"open","ping_status":"closed","template":"","meta":[],"product_brand":[],"product_cat":[234],"product_tag":[],"woo-feed-brand":[50],"class_list":{"0":"post-5733","1":"product","2":"type-product","3":"status-publish","4":"has-post-thumbnail","6":"product_cat-bulletproof-chest-plate-fr","7":"woo-feed-brand-tyditiao","9":"first","10":"instock","11":"sale","12":"shipping-taxable","13":"purchasable","14":"product-type-simple"},"_links":{"self":[{"href":"https:\/\/tyditiao.com\/fr\/wp-json\/wp\/v2\/product\/5733","targetHints":{"allow":["GET"]}}],"collection":[{"href":"https:\/\/tyditiao.com\/fr\/wp-json\/wp\/v2\/product"}],"about":[{"href":"https:\/\/tyditiao.com\/fr\/wp-json\/wp\/v2\/types\/product"}],"replies":[{"embeddable":true,"href":"https:\/\/tyditiao.com\/fr\/wp-json\/wp\/v2\/comments?post=5733"}],"wp:featuredmedia":[{"embeddable":true,"href":"https:\/\/tyditiao.com\/fr\/wp-json\/wp\/v2\/media\/5402"}],"wp:attachment":[{"href":"https:\/\/tyditiao.com\/fr\/wp-json\/wp\/v2\/media?parent=5733"}],"wp:term":[{"taxonomy":"product_brand","embeddable":true,"href":"https:\/\/tyditiao.com\/fr\/wp-json\/wp\/v2\/product_brand?post=5733"},{"taxonomy":"product_cat","embeddable":true,"href":"https:\/\/tyditiao.com\/fr\/wp-json\/wp\/v2\/product_cat?post=5733"},{"taxonomy":"product_tag","embeddable":true,"href":"https:\/\/tyditiao.com\/fr\/wp-json\/wp\/v2\/product_tag?post=5733"},{"taxonomy":"woo-feed-brand","embeddable":true,"href":"https:\/\/tyditiao.com\/fr\/wp-json\/wp\/v2\/woo-feed-brand?post=5733"}],"curies":[{"name":"wp","href":"https:\/\/api.w.org\/{rel}","templated":true}]}}