{"id":5735,"date":"2022-10-21T05:15:35","date_gmt":"2022-10-21T03:15:35","guid":{"rendered":"http:\/\/tyditiao.com\/product\/aluminape-nij-iv-23mm-2-9kg-cuirasse-pare-balles-250x300mm\/"},"modified":"2025-03-17T10:30:50","modified_gmt":"2025-03-17T08:30:50","slug":"alumine-nij-niveau-iv-23mm-2-9kgnustro-balles-250x300mm","status":"publish","type":"product","link":"https:\/\/tyditiao.com\/fr\/produit\/alumine-nij-niveau-iv-23mm-2-9kgnustro-balles-250x300mm\/","title":{"rendered":"Alumina+PE, NIJ IV, 23MM, 2.9KG, cuirasse pare-balles, 250X300MM"},"content":{"rendered":"<p>Poids : 2,9 kg<br \/>\nMat\u00e9riel: Alumine + PE<br \/>\n\u00c9paisseur : 23MM<br \/>\nClasse de protection : Classe NIJ IV(GA6)<\/p>\n<p>Couche ext\u00e9rieure : tissu polyester imperm\u00e9able noir ;<br \/>\nDimensions : 250 x 300 mm \/ 9,8 x 11,8 pi<br \/>\nForme : trap\u00e9zo\u00efdale (planche trap\u00e9zo\u00efdale avec coins chanfrein\u00e9s)<\/p>\n<p>Liste de colisage:<br \/>\n1 x plaque pare-balles trap\u00e9zo\u00efdale.<\/p>\n<p>Remarquer:<br \/>\nGilet r\u00e9fl\u00e9chissant non inclus<\/p>\n<p>Utilisateurs vis\u00e9s : les forces arm\u00e9es, le SWAT, la s\u00e9curit\u00e9 int\u00e9rieure, les douanes et la protection des fronti\u00e8res, le contr\u00f4le de l&rsquo;immigration et d&rsquo;autres personnes expos\u00e9es \u00e0 des menaces d&rsquo;armes peuvent \u00eatre \u00e9quip\u00e9es de nos produits. Les gens obtiennent de meilleurs r\u00e9sultats et moins de victimes. Le produit est \u00e9galement mieux adapt\u00e9 aux situations telles que les missions longue distance ou les missions longue distance. C&rsquo;est \u00e9galement un bon choix pour la protection de votre propre famille<\/p>\n<p>Les inserts pare-balles en c\u00e9ramique sont g\u00e9n\u00e9ralement constitu\u00e9s de mat\u00e9riaux tels que la c\u00e9ramique et le poly\u00e9thyl\u00e8ne PE. La r\u00e8gle est la suivante : lorsqu&rsquo;une balle frappe une cartouche pare-balles, la balle frappe d&rsquo;abord le haut de la couche de c\u00e9ramique. L&rsquo;\u00e9norme force d&rsquo;impact du projectile est transmise \u00e0 l&rsquo;environnement, absorbant l&rsquo;\u00e9norme \u00e9nergie cin\u00e9tique du projectile. Lorsque le projectile traverse la couche de c\u00e9ramique, il perd la majeure partie de son \u00e9nergie cin\u00e9tique. Lorsque le projectile atteint la couche de poly\u00e9thyl\u00e8ne, le poly\u00e9thyl\u00e8ne dissipe l&rsquo;\u00e9nergie cin\u00e9tique du projectile en \u00e9tirant et en enveloppant le projectile et les fragments, avec peu d&rsquo;effet sur le corps, offrant une excellente protection.<\/p>\n","protected":false},"excerpt":{"rendered":"<p>\u00c0 la m\u00eame cote balistique, il est plus l\u00e9ger que l&rsquo;acier et moins cher que le carbure de silicium, donc la balistique en c\u00e9ramique d&rsquo;alumine est un bon \u00e9quilibre.<\/p>\n<p>La couche sup\u00e9rieure est en tissu polyester r\u00e9sistant \u00e0 l&rsquo;eau et le panneau est imperm\u00e9able et r\u00e9sistant aux taches.<\/p>\n<p>Couche tampon : chaque plaque pare-balles est fix\u00e9e \u00e0 la couche interne du tampon antichoc EVA, ce qui peut r\u00e9duire efficacement l&rsquo;impact sur le corps humain apr\u00e8s l&rsquo;explosion.<\/p>\n<p>Mat\u00e9riau de la plaque : la couche sup\u00e9rieure est une plaque en c\u00e9ramique d&rsquo;aluminium et la couche inf\u00e9rieure est une plaque pare-balles en PE ;<\/p>\n","protected":false},"featured_media":5330,"comment_status":"open","ping_status":"closed","template":"","meta":[],"product_brand":[],"product_cat":[234],"product_tag":[],"woo-feed-brand":[50],"class_list":{"0":"post-5735","1":"product","2":"type-product","3":"status-publish","4":"has-post-thumbnail","6":"product_cat-bulletproof-chest-plate-fr","7":"woo-feed-brand-tyditiao","9":"first","10":"instock","11":"sale","12":"shipping-taxable","13":"purchasable","14":"product-type-simple"},"_links":{"self":[{"href":"https:\/\/tyditiao.com\/fr\/wp-json\/wp\/v2\/product\/5735","targetHints":{"allow":["GET"]}}],"collection":[{"href":"https:\/\/tyditiao.com\/fr\/wp-json\/wp\/v2\/product"}],"about":[{"href":"https:\/\/tyditiao.com\/fr\/wp-json\/wp\/v2\/types\/product"}],"replies":[{"embeddable":true,"href":"https:\/\/tyditiao.com\/fr\/wp-json\/wp\/v2\/comments?post=5735"}],"wp:featuredmedia":[{"embeddable":true,"href":"https:\/\/tyditiao.com\/fr\/wp-json\/wp\/v2\/media\/5330"}],"wp:attachment":[{"href":"https:\/\/tyditiao.com\/fr\/wp-json\/wp\/v2\/media?parent=5735"}],"wp:term":[{"taxonomy":"product_brand","embeddable":true,"href":"https:\/\/tyditiao.com\/fr\/wp-json\/wp\/v2\/product_brand?post=5735"},{"taxonomy":"product_cat","embeddable":true,"href":"https:\/\/tyditiao.com\/fr\/wp-json\/wp\/v2\/product_cat?post=5735"},{"taxonomy":"product_tag","embeddable":true,"href":"https:\/\/tyditiao.com\/fr\/wp-json\/wp\/v2\/product_tag?post=5735"},{"taxonomy":"woo-feed-brand","embeddable":true,"href":"https:\/\/tyditiao.com\/fr\/wp-json\/wp\/v2\/woo-feed-brand?post=5735"}],"curies":[{"name":"wp","href":"https:\/\/api.w.org\/{rel}","templated":true}]}}