{"id":5738,"date":"2022-10-21T05:22:48","date_gmt":"2022-10-23T02:29:02","guid":{"rendered":"http:\/\/tyditiao.com\/product\/acier-pare-balles-nij-iii-5mm-2-6kg-plastron-pare-balles-250x300mm\/"},"modified":"2022-10-23T04:29:02","modified_gmt":"2022-10-23T02:29:02","slug":"acier-pare-balles-nij-niveau-iii-5mm-2-6kg-bustier-balles-250x300mm","status":"publish","type":"product","link":"https:\/\/tyditiao.com\/fr\/produit\/acier-pare-balles-nij-niveau-iii-5mm-2-6kg-bustier-balles-250x300mm\/","title":{"rendered":"Acier pare-balles, NIJ III, 5MM, 2.6KG, Plastron pare-balles, 250X300MM"},"content":{"rendered":"<p>Poids : 2,6 kg<br \/>\nMat\u00e9riau : acier pare-balles ;<br \/>\n\u00c9paisseur : 5MM<br \/>\nClasse de protection : Classe NIJ III (GA5)<\/p>\n<p>Taille : 25 cm * 30 cm<br \/>\nForme : trap\u00e9zo\u00efdale (planche trap\u00e9zo\u00efdale avec coins chanfrein\u00e9s)<\/p>\n<p>Liste de colisage:<br \/>\n1 x plaque pare-balles trap\u00e9zo\u00efdale.<\/p>\n<p>Remarquer:<br \/>\nGilet r\u00e9fl\u00e9chissant non inclus<\/p>\n<p>Utilisateurs : d\u00e9fense de la famille, personnel \u00e0 risque, d\u00e9fense de la monnaie bancaire, personnel militaire \u00e9tranger, personnel de conflit arm\u00e9 \u00e9tranger, personnel de s\u00e9curit\u00e9, marins, gardes-fronti\u00e8res, etc.<\/p>\n","protected":false},"excerpt":{"rendered":"<p>Fabriqu\u00e9 en t\u00f4le d&rsquo;acier sp\u00e9cial pare-balles : le m\u00eame niveau de protection, avec l&rsquo;avantage d&rsquo;\u00eatre fin et l\u00e9ger.<\/p>\n<p>Couche tampon : il y a une couche de coton EVA antichoc \u00e0 l&rsquo;int\u00e9rieur de chaque plaque pare-balles, ce qui peut r\u00e9duire efficacement l&rsquo;impact sur le corps humain apr\u00e8s avoir \u00e9t\u00e9 bombard\u00e9.<\/p>\n<p>Conception \u00e0 double arche: le repassage m\u00e9canique sur les c\u00f4t\u00e9s gauche et droit de la planche selon des principes ergonomiques permet aux bords arqu\u00e9s de s&rsquo;adapter parfaitement au corps<\/p>\n<p>Application : pour plus de s\u00e9curit\u00e9, utilisez-le avec des gilets tactiques, des vestes, des sacs \u00e0 dos balistiques, divers gilets pare-balles, etc.<\/p>\n","protected":false},"featured_media":5348,"comment_status":"open","ping_status":"closed","template":"","meta":[],"product_brand":[],"product_cat":[234],"product_tag":[],"woo-feed-brand":[50],"class_list":{"0":"post-5738","1":"product","2":"type-product","3":"status-publish","4":"has-post-thumbnail","6":"product_cat-bulletproof-chest-plate-fr","7":"woo-feed-brand-tyditiao","9":"first","10":"instock","11":"sale","12":"shipping-taxable","13":"purchasable","14":"product-type-simple"},"_links":{"self":[{"href":"https:\/\/tyditiao.com\/fr\/wp-json\/wp\/v2\/product\/5738","targetHints":{"allow":["GET"]}}],"collection":[{"href":"https:\/\/tyditiao.com\/fr\/wp-json\/wp\/v2\/product"}],"about":[{"href":"https:\/\/tyditiao.com\/fr\/wp-json\/wp\/v2\/types\/product"}],"replies":[{"embeddable":true,"href":"https:\/\/tyditiao.com\/fr\/wp-json\/wp\/v2\/comments?post=5738"}],"wp:featuredmedia":[{"embeddable":true,"href":"https:\/\/tyditiao.com\/fr\/wp-json\/wp\/v2\/media\/5348"}],"wp:attachment":[{"href":"https:\/\/tyditiao.com\/fr\/wp-json\/wp\/v2\/media?parent=5738"}],"wp:term":[{"taxonomy":"product_brand","embeddable":true,"href":"https:\/\/tyditiao.com\/fr\/wp-json\/wp\/v2\/product_brand?post=5738"},{"taxonomy":"product_cat","embeddable":true,"href":"https:\/\/tyditiao.com\/fr\/wp-json\/wp\/v2\/product_cat?post=5738"},{"taxonomy":"product_tag","embeddable":true,"href":"https:\/\/tyditiao.com\/fr\/wp-json\/wp\/v2\/product_tag?post=5738"},{"taxonomy":"woo-feed-brand","embeddable":true,"href":"https:\/\/tyditiao.com\/fr\/wp-json\/wp\/v2\/woo-feed-brand?post=5738"}],"curies":[{"name":"wp","href":"https:\/\/api.w.org\/{rel}","templated":true}]}}