{"id":5739,"date":"2022-10-21T05:25:40","date_gmt":"2022-10-21T03:25:40","guid":{"rendered":"http:\/\/tyditiao.com\/product\/uhmwpe-nij-niveau-iiia-7-mm-05-kg-plaque-de-poitrine-pare-balles-250x300-mm\/"},"modified":"2026-01-25T18:08:08","modified_gmt":"2026-01-25T16:08:08","slug":"uhmwpe-nij-level-iiia-7mm-plastron-0-5kgn-pare-balles-250x300mm","status":"publish","type":"product","link":"https:\/\/tyditiao.com\/fr\/produit\/uhmwpe-nij-level-iiia-7mm-plastron-0-5kgn-pare-balles-250x300mm\/","title":{"rendered":"UHMWPE, NIJ niveau IIIA, 7 MM, 0,5 kg, plaque de poitrine pare-balles, 250X300 MM"},"content":{"rendered":"<p>Poids : 0,5 kg<br \/>\nMat\u00e9riel:PE<br \/>\n\u00c9paisseur : 7MM<br \/>\nClasse de protection : niveau NIJ IIIA (GA4)<\/p>\n<p>Couche ext\u00e9rieure : tissu polyester imperm\u00e9able noir ;<br \/>\nDimensions : 250 x 300 mm \/ 9,8 x 11,8 pi<br \/>\nForme : trap\u00e9zo\u00efdale (planche trap\u00e9zo\u00efdale avec coins chanfrein\u00e9s)<\/p>\n<p>Liste de colisage:<br \/>\n1 x plaque pare-balles trap\u00e9zo\u00efdale.<\/p>\n<p>Remarquer:<br \/>\nGilet r\u00e9fl\u00e9chissant non inclus<\/p>\n<p>Utilisateurs vis\u00e9s : les forces arm\u00e9es, le SWAT, la s\u00e9curit\u00e9 int\u00e9rieure, les douanes et la protection des fronti\u00e8res, le contr\u00f4le de l&rsquo;immigration et d&rsquo;autres personnes expos\u00e9es \u00e0 des menaces d&rsquo;armes peuvent \u00eatre \u00e9quip\u00e9es de nos produits. Les gens obtiennent de meilleurs r\u00e9sultats et moins de victimes. Le produit est \u00e9galement mieux adapt\u00e9 aux situations telles que les missions longue distance ou les missions longue distance. C&rsquo;est \u00e9galement un bon choix pour la protection de votre propre famille<\/p>\n","protected":false},"excerpt":{"rendered":"<p>Cette doublure est fabriqu\u00e9e en fibre PE pure : l&rsquo;avantage est un poids l\u00e9ger et moins de risques de dommages secondaires apr\u00e8s la friture. Une fois verrouill\u00e9, le projectile est encastr\u00e9 dans la lame avec une tr\u00e8s faible probabilit\u00e9 de rebond<\/p>\n<p>Plaque pare-balles en PE pur, grade NIJ IIIA : poids 0,5 kg, anti-plomb, pistolet type 54, type 64, mitraillette type 79<\/p>\n<p>Couche tampon : il y a une couche de coton EVA antichoc \u00e0 l&rsquo;int\u00e9rieur de chaque plaque pare-balles, ce qui peut r\u00e9duire efficacement l&rsquo;impact sur le corps humain apr\u00e8s avoir \u00e9t\u00e9 bombard\u00e9.<\/p>\n<p>Conception \u00e0 double arche: le repassage m\u00e9canique sur les c\u00f4t\u00e9s gauche et droit de la planche selon des principes ergonomiques permet aux bords arqu\u00e9s de s&rsquo;adapter parfaitement au corps<\/p>\n","protected":false},"featured_media":5456,"comment_status":"open","ping_status":"closed","template":"","meta":[],"product_brand":[],"product_cat":[234],"product_tag":[],"woo-feed-brand":[50],"class_list":{"0":"post-5739","1":"product","2":"type-product","3":"status-publish","4":"has-post-thumbnail","6":"product_cat-bulletproof-chest-plate-fr","7":"woo-feed-brand-tyditiao","9":"first","10":"instock","11":"sale","12":"shipping-taxable","13":"purchasable","14":"product-type-simple"},"_links":{"self":[{"href":"https:\/\/tyditiao.com\/fr\/wp-json\/wp\/v2\/product\/5739","targetHints":{"allow":["GET"]}}],"collection":[{"href":"https:\/\/tyditiao.com\/fr\/wp-json\/wp\/v2\/product"}],"about":[{"href":"https:\/\/tyditiao.com\/fr\/wp-json\/wp\/v2\/types\/product"}],"replies":[{"embeddable":true,"href":"https:\/\/tyditiao.com\/fr\/wp-json\/wp\/v2\/comments?post=5739"}],"wp:featuredmedia":[{"embeddable":true,"href":"https:\/\/tyditiao.com\/fr\/wp-json\/wp\/v2\/media\/5456"}],"wp:attachment":[{"href":"https:\/\/tyditiao.com\/fr\/wp-json\/wp\/v2\/media?parent=5739"}],"wp:term":[{"taxonomy":"product_brand","embeddable":true,"href":"https:\/\/tyditiao.com\/fr\/wp-json\/wp\/v2\/product_brand?post=5739"},{"taxonomy":"product_cat","embeddable":true,"href":"https:\/\/tyditiao.com\/fr\/wp-json\/wp\/v2\/product_cat?post=5739"},{"taxonomy":"product_tag","embeddable":true,"href":"https:\/\/tyditiao.com\/fr\/wp-json\/wp\/v2\/product_tag?post=5739"},{"taxonomy":"woo-feed-brand","embeddable":true,"href":"https:\/\/tyditiao.com\/fr\/wp-json\/wp\/v2\/woo-feed-brand?post=5739"}],"curies":[{"name":"wp","href":"https:\/\/api.w.org\/{rel}","templated":true}]}}