{"id":6037,"date":"2023-01-16T12:36:49","date_gmt":"2023-01-16T10:36:49","guid":{"rendered":"http:\/\/tyditiao.com\/product\/gilet-pare-balles-dissimulable-gilet-pare-balles-avec-niveau-de-protection-nij-iiia-equipement-de-securite-exterieur-personnel\/"},"modified":"2025-07-20T13:07:56","modified_gmt":"2025-07-20T11:07:56","slug":"gilet-pare-balles-dissimulable-gilet-pare-balles-avec-ni-iiia-niveau-de-protection-equipement-de-securite-personnelle-exterieur","status":"publish","type":"product","link":"https:\/\/tyditiao.com\/fr\/produit\/gilet-pare-balles-dissimulable-gilet-pare-balles-avec-ni-iiia-niveau-de-protection-equipement-de-securite-personnelle-exterieur\/","title":{"rendered":"Gilet pare-balles dissimulable, gilet pare-balles avec niveau de protection NIJ IIIA, \u00e9quipement de s\u00e9curit\u00e9 ext\u00e9rieur personnel"},"content":{"rendered":"<p>Mat\u00e9riau : mat\u00e9riau PE ultra-polym\u00e8re, qui peut r\u00e9sister \u00e0 plusieurs tirs tout en conservant sa flexibilit\u00e9. Il pr\u00e9sente l\u00e9g\u00e8ret\u00e9, douceur, confort, excellente r\u00e9sistance aux UV, faible sensibilit\u00e9 \u00e0 l&rsquo;humidit\u00e9 et r\u00e9sistance \u00e0 l&rsquo;eau.<\/p>\n<p>Degr\u00e9 de protection : protection NIJ IIIA \u00e0 l&rsquo;avant et \u00e0 l&rsquo;arri\u00e8re<\/p>\n<p>Balles bloquables :<br \/>\n.44 Magnum<br \/>\n.40 S&amp;W, .357 Magnum, .45<br \/>\nmitraillette 9mm<br \/>\nBalle creuse semi-gain\u00e9e (SJHP)<br \/>\n\u00c9talonnage complet des projectiles en m\u00e9tal Balle enti\u00e8rement blind\u00e9e de 9 mm avec une masse nominale de 8,0 g (124 g) et une vitesse d&rsquo;impact de 426 m\/s (1 400 pi\/s) ou moins<br \/>\nIl offre \u00e9galement une protection contre la plupart des risques d&rsquo;armes \u00e0 feu ainsi que les risques de classe IIA et de classe II<\/p>\n<p>Couleur : Noir<br \/>\nGenre: Unisexe<br \/>\nType de v\u00eatement : gilet, haut<br \/>\nType de manche : sans manches<br \/>\nFonction : Pare-balles<br \/>\ntaille : taille unique<br \/>\nPoids : 2,5 kg<br \/>\nLavage : la doublure int\u00e9rieure et les v\u00eatements d&rsquo;ext\u00e9rieur peuvent \u00eatre s\u00e9par\u00e9s, la couche int\u00e9rieure pare-balles ne peut pas \u00eatre lav\u00e9e, il suffit de nettoyer la couche ext\u00e9rieure.<\/p>\n<p>Contenu : 1 gilet pare-balles (NIJ IIIA)<\/p>\n","protected":false},"excerpt":{"rendered":"<p>Doux et l\u00e9ger : \u00e9lastique, confortable \u00e0 porter, n&rsquo;affecte pas le corps humain lors de la course ou de l&rsquo;accroupissement<\/p>\n<p>Excellente dissimulation : r\u00e9glable \u00e0 4 points diff\u00e9rents avec des sangles velcro pour une dissimulation facile sous vos v\u00eatements<\/p>\n<p>Protection NIJ IIIA : le plus haut niveau de protection actuellement disponible pour les gilets pare-balles<\/p>\n<p>Bonne performance d&rsquo;expansion : les poches d&rsquo;armure avant et arri\u00e8re peuvent \u00eatre fix\u00e9es avec des plaques en acier pare-balles pour fournir une protection suppl\u00e9mentaire en fonction de vos besoins<\/p>\n<p>Personnes concern\u00e9es : les journalistes et les soldats traversent des zones d\u00e9chir\u00e9es par la guerre et peuvent \u00e9galement \u00eatre utilis\u00e9s pour la d\u00e9fense de leur domicile afin de prot\u00e9ger leur propre s\u00e9curit\u00e9 et leur corps des balles et des fragments<\/p>\n","protected":false},"featured_media":6022,"comment_status":"open","ping_status":"closed","template":"","meta":[],"product_brand":[],"product_cat":[233],"product_tag":[],"woo-feed-brand":[50],"class_list":{"0":"post-6037","1":"product","2":"type-product","3":"status-publish","4":"has-post-thumbnail","6":"product_cat-tactical-vest-fr","7":"woo-feed-brand-tyditiao","9":"first","10":"instock","11":"sale","12":"shipping-taxable","13":"purchasable","14":"product-type-simple"},"_links":{"self":[{"href":"https:\/\/tyditiao.com\/fr\/wp-json\/wp\/v2\/product\/6037","targetHints":{"allow":["GET"]}}],"collection":[{"href":"https:\/\/tyditiao.com\/fr\/wp-json\/wp\/v2\/product"}],"about":[{"href":"https:\/\/tyditiao.com\/fr\/wp-json\/wp\/v2\/types\/product"}],"replies":[{"embeddable":true,"href":"https:\/\/tyditiao.com\/fr\/wp-json\/wp\/v2\/comments?post=6037"}],"wp:featuredmedia":[{"embeddable":true,"href":"https:\/\/tyditiao.com\/fr\/wp-json\/wp\/v2\/media\/6022"}],"wp:attachment":[{"href":"https:\/\/tyditiao.com\/fr\/wp-json\/wp\/v2\/media?parent=6037"}],"wp:term":[{"taxonomy":"product_brand","embeddable":true,"href":"https:\/\/tyditiao.com\/fr\/wp-json\/wp\/v2\/product_brand?post=6037"},{"taxonomy":"product_cat","embeddable":true,"href":"https:\/\/tyditiao.com\/fr\/wp-json\/wp\/v2\/product_cat?post=6037"},{"taxonomy":"product_tag","embeddable":true,"href":"https:\/\/tyditiao.com\/fr\/wp-json\/wp\/v2\/product_tag?post=6037"},{"taxonomy":"woo-feed-brand","embeddable":true,"href":"https:\/\/tyditiao.com\/fr\/wp-json\/wp\/v2\/woo-feed-brand?post=6037"}],"curies":[{"name":"wp","href":"https:\/\/api.w.org\/{rel}","templated":true}]}}