{"id":7111,"date":"2023-03-05T03:25:17","date_gmt":"2023-03-05T04:18:12","guid":{"rendered":"http:\/\/tyditiao.com\/product\/wendy-casque-tactique-3a-lumiere-force-speciale-casque-antideflagrant-taille-speciale-couleur-personnalisee-lien-dachat-dedie\/"},"modified":"2023-03-05T06:18:12","modified_gmt":"2023-03-05T04:18:12","slug":"wendy-tactical-helm-light-forces-special-3a-explosion-proof-helm-special-size-custom-color-dedicated-link-to-purchase","status":"publish","type":"product","link":"https:\/\/tyditiao.com\/fr\/produit\/wendy-tactical-helm-light-forces-special-3a-explosion-proof-helm-special-size-custom-color-dedicated-link-to-purchase\/","title":{"rendered":"WENDY casque tactique 3A lumi\u00e8re force sp\u00e9ciale casque antid\u00e9flagrant taille sp\u00e9ciale couleur personnalis\u00e9e lien d&rsquo;achat d\u00e9di\u00e9"},"content":{"rendered":"<p><strong>\u00c0 propos de la taille du casque pare-balles WENDY :<\/strong> pour ce casque pare-balles des forces sp\u00e9ciales WENDY, nous avons ajout\u00e9 des moules de production de grande taille et de petite taille pour r\u00e9pondre aux besoins des utilisateurs. La taille M est une taille normale qui convient \u00e0 la plupart des gens. Si vous pensez qu&rsquo;une petite taille peut mieux r\u00e9pondre \u00e0 vos propres exigences ou habitudes de port, veuillez choisir une petite taille, sinon choisissez une grande taille.<\/p>\n<p><strong>\u00c0 propos de la couleur du casque pare-balles WENDY :<\/strong> les couleurs que nous produisons en s\u00e9rie sont principalement le noir, le marron clair et le vert. Mais en m\u00eame temps, nous avons la capacit\u00e9 de produire n&rsquo;importe quelle couleur ou divers motifs de camouflage requis par les clients, tels que le camouflage des bois, le camouflage de la jungle, le camouflage du d\u00e9sert, le camouflage marin, le camouflage urbain, etc. Si vous pr\u00e9voyez de commander plus de 10 casques, veuillez nous contacter, vous obtiendrez ce service de couleur personnalis\u00e9 gratuitement, envoyez-nous simplement le motif de couleur que vous souhaitez<\/p>\n<p><strong>WENDY Tactical Helmet Bulletproof Level:<\/strong> 0101.06 Standard IIIA Level<\/p>\n<p>Confortable \u00e0 porter : le rembourrage en mousse Zorbium a une doublure hydrofuge avec un rev\u00eatement antimicrobien qui \u00e9vacue l&rsquo;humidit\u00e9 pour vous garder au frais et au sec.<\/p>\n<p>AJUSTEMENT FACILE: Syst\u00e8me de fixation CAM FIT l\u00e9ger de qualit\u00e9 militaire avec syst\u00e8me de fermeture BOA pour un ajustement s\u00fbr d&rsquo;une seule main pour un ajustement pr\u00e9cis.<\/p>\n<p>EXTENSIBLE : Le syst\u00e8me de montage Rail 2.0 est compatible avec tous les accessoires EXFIL Rail 2.0. Le rail de montage de cardan r\u00e9versible et le support de cardan sur le front permettent \u00e0 Wendy de cr\u00e9er plus de possibilit\u00e9s.<\/p>\n<p>En plus de la suspension normale, le casque comporte trois coussinets d&rsquo;impact et huit coussinets r\u00e9glables pour un ajustement et un confort optimaux<\/p>\n","protected":false},"excerpt":{"rendered":"<p>\u00c0 propos de la taille du casque pare-balles WENDY : pour ce casque pare-balles des forces sp\u00e9ciales WENDY, nous avons&#8230;<\/p>\n","protected":false},"featured_media":3321,"comment_status":"open","ping_status":"closed","template":"","meta":[],"product_brand":[],"product_cat":[346,121,124],"product_tag":[],"woo-feed-brand":[],"class_list":{"0":"post-7111","1":"product","2":"type-product","3":"status-publish","4":"has-post-thumbnail","6":"product_cat-casque-pare-balles","7":"product_cat-uncategorized-fr-2","8":"product_cat-wendy-fr-2","10":"first","11":"instock","12":"sale","13":"shipping-taxable","14":"purchasable","15":"product-type-variable","16":"has-default-attributes"},"_links":{"self":[{"href":"https:\/\/tyditiao.com\/fr\/wp-json\/wp\/v2\/product\/7111","targetHints":{"allow":["GET"]}}],"collection":[{"href":"https:\/\/tyditiao.com\/fr\/wp-json\/wp\/v2\/product"}],"about":[{"href":"https:\/\/tyditiao.com\/fr\/wp-json\/wp\/v2\/types\/product"}],"replies":[{"embeddable":true,"href":"https:\/\/tyditiao.com\/fr\/wp-json\/wp\/v2\/comments?post=7111"}],"wp:featuredmedia":[{"embeddable":true,"href":"https:\/\/tyditiao.com\/fr\/wp-json\/wp\/v2\/media\/3321"}],"wp:attachment":[{"href":"https:\/\/tyditiao.com\/fr\/wp-json\/wp\/v2\/media?parent=7111"}],"wp:term":[{"taxonomy":"product_brand","embeddable":true,"href":"https:\/\/tyditiao.com\/fr\/wp-json\/wp\/v2\/product_brand?post=7111"},{"taxonomy":"product_cat","embeddable":true,"href":"https:\/\/tyditiao.com\/fr\/wp-json\/wp\/v2\/product_cat?post=7111"},{"taxonomy":"product_tag","embeddable":true,"href":"https:\/\/tyditiao.com\/fr\/wp-json\/wp\/v2\/product_tag?post=7111"},{"taxonomy":"woo-feed-brand","embeddable":true,"href":"https:\/\/tyditiao.com\/fr\/wp-json\/wp\/v2\/woo-feed-brand?post=7111"}],"curies":[{"name":"wp","href":"https:\/\/api.w.org\/{rel}","templated":true}]}}