{"id":7121,"date":"2023-03-05T03:22:19","date_gmt":"2023-03-05T04:20:42","guid":{"rendered":"http:\/\/tyditiao.com\/product\/casque-balistique-mich2000-casque-balistique-tactique-3a-taille-speciale-couleur-personnalisee-lien-dachat-dedie\/"},"modified":"2023-03-05T06:20:42","modified_gmt":"2023-03-05T04:20:42","slug":"mich2000-casque-pare-balles-3a-casque-balistique-tactique-taille-speciale-couleur-personnalisee-dedie-acheter-lien","status":"publish","type":"product","link":"https:\/\/tyditiao.com\/fr\/produit\/mich2000-casque-pare-balles-3a-casque-balistique-tactique-taille-speciale-couleur-personnalisee-dedie-acheter-lien\/","title":{"rendered":"Casque balistique Mich2000, casque balistique tactique 3A, taille sp\u00e9ciale, couleur personnalis\u00e9e, lien d&rsquo;achat d\u00e9di\u00e9"},"content":{"rendered":"<p><strong>\u00c0 propos de la taille du casque Mich2000 :<\/strong> nous avons ajout\u00e9 des moules de production petits et grands pour ce casque balistique tactique Mich 3A afin de r\u00e9pondre aux utilisateurs ayant des besoins diff\u00e9rents. La taille M est une taille normale et convient \u00e0 la plupart des gens. Si vous pensez que la petite taille peut mieux r\u00e9pondre \u00e0 vos propres exigences ou habitudes de port, veuillez choisir la petite taille, sinon choisissez la grande taille.<\/p>\n<p><strong>\u00c0 propos de la couleur du casque pare-balles Mich2000 :<\/strong> Casque pare-balles tactique Mich 3A, nous produisons principalement trois couleurs : noir, marron clair et vert. Mais en m\u00eame temps, nous avons la capacit\u00e9 de produire n&rsquo;importe quelle couleur ou divers motifs de camouflage sp\u00e9cifi\u00e9s par les clients, tels que le camouflage des bois, le camouflage de la jungle, le camouflage du d\u00e9sert, le camouflage marin et le camouflage urbain, etc. Si vous pr\u00e9voyez de commander plus de 10 casques, veuillez nous contacter, vous obtiendrez ce service de couleur personnalis\u00e9 gratuitement, envoyez-nous simplement le motif de couleur que vous souhaitez.<\/p>\n<p>Casque MICH2000 casque pare-balles : norme 0101.06 niveau IIIA<\/p>\n<p>Mat\u00e9riau : fibre aramide Kevlar-Dupont haute t\u00e9nacit\u00e9<\/p>\n<p>Le casque balistique MICH2000 a une plus grande surface de protection et une coupe basse qui couvre mieux les c\u00f4t\u00e9s de la t\u00eate, ce qui est encore plus avantageux si vous ne pr\u00e9voyez pas d&rsquo;installer beaucoup d&rsquo;accessoires.<\/p>\n<p>Le syst\u00e8me de fixation \u00e0 quatre points du casque balistique Mich2000 est similaire \u00e0 la protection et aux sangles que l&rsquo;on trouve sur les casques de planche \u00e0 roulettes et de v\u00e9lo.<\/p>\n","protected":false},"excerpt":{"rendered":"<p>\u00c0 propos de la taille du casque Mich2000 : nous avons ajout\u00e9 des moules de production petits et grands pour&#8230;<\/p>\n","protected":false},"featured_media":2655,"comment_status":"open","ping_status":"closed","template":"","meta":[],"product_brand":[],"product_cat":[346,122],"product_tag":[],"woo-feed-brand":[],"class_list":{"0":"post-7121","1":"product","2":"type-product","3":"status-publish","4":"has-post-thumbnail","6":"product_cat-casque-pare-balles","7":"product_cat-mich2000-fr-2","9":"first","10":"instock","11":"sale","12":"shipping-taxable","13":"purchasable","14":"product-type-variable","15":"has-default-attributes"},"_links":{"self":[{"href":"https:\/\/tyditiao.com\/fr\/wp-json\/wp\/v2\/product\/7121","targetHints":{"allow":["GET"]}}],"collection":[{"href":"https:\/\/tyditiao.com\/fr\/wp-json\/wp\/v2\/product"}],"about":[{"href":"https:\/\/tyditiao.com\/fr\/wp-json\/wp\/v2\/types\/product"}],"replies":[{"embeddable":true,"href":"https:\/\/tyditiao.com\/fr\/wp-json\/wp\/v2\/comments?post=7121"}],"wp:featuredmedia":[{"embeddable":true,"href":"https:\/\/tyditiao.com\/fr\/wp-json\/wp\/v2\/media\/2655"}],"wp:attachment":[{"href":"https:\/\/tyditiao.com\/fr\/wp-json\/wp\/v2\/media?parent=7121"}],"wp:term":[{"taxonomy":"product_brand","embeddable":true,"href":"https:\/\/tyditiao.com\/fr\/wp-json\/wp\/v2\/product_brand?post=7121"},{"taxonomy":"product_cat","embeddable":true,"href":"https:\/\/tyditiao.com\/fr\/wp-json\/wp\/v2\/product_cat?post=7121"},{"taxonomy":"product_tag","embeddable":true,"href":"https:\/\/tyditiao.com\/fr\/wp-json\/wp\/v2\/product_tag?post=7121"},{"taxonomy":"woo-feed-brand","embeddable":true,"href":"https:\/\/tyditiao.com\/fr\/wp-json\/wp\/v2\/woo-feed-brand?post=7121"}],"curies":[{"name":"wp","href":"https:\/\/api.w.org\/{rel}","templated":true}]}}