{"id":7131,"date":"2023-03-05T03:17:44","date_gmt":"2023-03-05T04:22:42","guid":{"rendered":"http:\/\/tyditiao.com\/product\/casque-pare-balles-fast-casque-pare-balles-leger-nij-iiia-taille-speciale-couleur-personnalisee-lien-dachat-special\/"},"modified":"2023-03-05T07:06:31","modified_gmt":"2023-03-05T05:06:31","slug":"casque-rapide-pare-balles-nij-iiia-casque-balistique-leger-taille-speciale-couleur-personnalisee-lien-dachat-dedie","status":"publish","type":"product","link":"https:\/\/tyditiao.com\/fr\/produit\/casque-rapide-pare-balles-nij-iiia-casque-balistique-leger-taille-speciale-couleur-personnalisee-lien-dachat-dedie\/","title":{"rendered":"Casque pare-balles FAST, casque pare-balles l\u00e9ger NIJ IIIA, taille sp\u00e9ciale, couleur personnalis\u00e9e, lien d&rsquo;achat sp\u00e9cial"},"content":{"rendered":"<p><strong>Taille du casque pare-balles FAST :<\/strong> nous avons ajout\u00e9 des moules de production petits et grands pour le casque pare-balles l\u00e9ger FAST afin de r\u00e9pondre aux utilisateurs ayant des besoins diff\u00e9rents. M est une taille normale et convient \u00e0 la plupart des gens. Si vous pensez que la petite taille peut r\u00e9pondre \u00e0 vos exigences ou \u00e0 vos habitudes de port, veuillez choisir la taille S, sinon choisissez la taille L.<\/p>\n<p><strong>Couleurs des casques pare-balles Fast Light :<\/strong> Les couleurs des casques pare-balles Fast Light que nous produisons sont principalement le noir, le marron clair et le vert. Mais en m\u00eame temps, nous sommes capables de cr\u00e9er des couleurs personnalis\u00e9es ou divers motifs de camouflage, tels que le camouflage forestier, le camouflage jungle, le camouflage d\u00e9sertique, le camouflage oc\u00e9anique et le camouflage urbain. Si vous pr\u00e9voyez de commander plus de 10 casques, veuillez nous contacter, vous obtiendrez ce service de couleur personnalis\u00e9 gratuitement, envoyez-nous simplement le motif de couleur que vous souhaitez.<\/p>\n<p>Niveau de casque double pare-balles FAST : niveau 0101.06 norme IIIA<\/p>\n<p>Mat\u00e9riau : fibre aramide Kevlar-Dupont haute t\u00e9nacit\u00e9<\/p>\n<p>Compar\u00e9s aux casques militaires ordinaires, les casques FAST sont 25 % plus l\u00e9gers. Avec le syst\u00e8me de suspension du casque, les utilisateurs peuvent facilement r\u00e9gler l&rsquo;\u00e9tanch\u00e9it\u00e9 ou l&rsquo;\u00e9tanch\u00e9it\u00e9 du casque en tournant un bouton pour un confort optimal.<\/p>\n","protected":false},"excerpt":{"rendered":"<p>Taille du casque pare-balles FAST : nous avons ajout\u00e9 des moules de production petits et grands pour le casque pare-balles&#8230;<\/p>\n","protected":false},"featured_media":3159,"comment_status":"open","ping_status":"closed","template":"","meta":[],"product_brand":[],"product_cat":[346,123],"product_tag":[],"woo-feed-brand":[],"class_list":{"0":"post-7131","1":"product","2":"type-product","3":"status-publish","4":"has-post-thumbnail","6":"product_cat-casque-pare-balles","7":"product_cat-fast-fr-2","9":"first","10":"instock","11":"sale","12":"shipping-taxable","13":"purchasable","14":"product-type-variable","15":"has-default-attributes"},"_links":{"self":[{"href":"https:\/\/tyditiao.com\/fr\/wp-json\/wp\/v2\/product\/7131","targetHints":{"allow":["GET"]}}],"collection":[{"href":"https:\/\/tyditiao.com\/fr\/wp-json\/wp\/v2\/product"}],"about":[{"href":"https:\/\/tyditiao.com\/fr\/wp-json\/wp\/v2\/types\/product"}],"replies":[{"embeddable":true,"href":"https:\/\/tyditiao.com\/fr\/wp-json\/wp\/v2\/comments?post=7131"}],"wp:featuredmedia":[{"embeddable":true,"href":"https:\/\/tyditiao.com\/fr\/wp-json\/wp\/v2\/media\/3159"}],"wp:attachment":[{"href":"https:\/\/tyditiao.com\/fr\/wp-json\/wp\/v2\/media?parent=7131"}],"wp:term":[{"taxonomy":"product_brand","embeddable":true,"href":"https:\/\/tyditiao.com\/fr\/wp-json\/wp\/v2\/product_brand?post=7131"},{"taxonomy":"product_cat","embeddable":true,"href":"https:\/\/tyditiao.com\/fr\/wp-json\/wp\/v2\/product_cat?post=7131"},{"taxonomy":"product_tag","embeddable":true,"href":"https:\/\/tyditiao.com\/fr\/wp-json\/wp\/v2\/product_tag?post=7131"},{"taxonomy":"woo-feed-brand","embeddable":true,"href":"https:\/\/tyditiao.com\/fr\/wp-json\/wp\/v2\/woo-feed-brand?post=7131"}],"curies":[{"name":"wp","href":"https:\/\/api.w.org\/{rel}","templated":true}]}}