{"id":7254,"date":"2023-03-05T02:51:52","date_gmt":"2023-03-05T10:20:45","guid":{"rendered":"http:\/\/tyditiao.com\/product\/peau-exterieure-en-aramide-noyau-interieur-en-nylon-corde-statique-corde-de-securite-dalpinisme-en-plein-air-6810-5-10m\/"},"modified":"2023-03-05T12:20:45","modified_gmt":"2023-03-05T10:20:45","slug":"kevlar-externe-scoranylon-core-statique-safety-rope-outdoor-6810-5-10m","status":"publish","type":"product","link":"https:\/\/tyditiao.com\/fr\/produit\/kevlar-externe-scoranylon-core-statique-safety-rope-outdoor-6810-5-10m\/","title":{"rendered":"Peau ext\u00e9rieure en aramide + noyau int\u00e9rieur en nylon corde statique corde de s\u00e9curit\u00e9 d&rsquo;alpinisme en plein air 6,8,10.5 (10m)"},"content":{"rendered":"<p>Si vous avez besoin d&rsquo;acheter une corde plus longue, telle que 80 m\u00e8tres, veuillez acheter 8*10 m\u00e8tres de corde, puis laissez un message au vendeur indiquant que vous avez besoin d&rsquo;une corde enti\u00e8re de 80 m\u00e8tres.<\/p>\n<p><strong>\u00c0 propos des mousquetons aux deux extr\u00e9mit\u00e9s de la corde statique :<\/strong> Si la longueur de la corde que vous avez achet\u00e9e d\u00e9passe 10 m\u00e8tres, nous vous donnerons deux mousquetons marqu\u00e9s sur l&rsquo;image. Vous pouvez choisir de le monter aux deux extr\u00e9mit\u00e9s de la corde, ou vous n&rsquo;avez pas besoin de le monter et de l&rsquo;envoyer avec la corde dans l&#8217;emballage, envoyez-nous simplement une note et faites-nous part de votre d\u00e9cision<\/p>\n<p>Nom du produit : fibre d&rsquo;aramide + corde statique en nylon.<br \/>\nCouleur : couleur comme sur l&rsquo;image.<br \/>\nDiam\u00e8tre : 6mm 8mm 10mm<br \/>\nPoids net (\u00b15%) : 6mm (27g\/m) 8mm (42g\/m) 10mm (65g\/m)<br \/>\nForce de traction : 6mm(7KN\/700KG) 8mm(16KN\/1600KG) 10mm(36KN\/3600KG)<br \/>\nMat\u00e9riau d&rsquo;apparence : aramide<br \/>\nMat\u00e9riau de l&rsquo;\u00e2me : nylon<br \/>\nCertification : CE EN1891:1998<br \/>\nMultifonctions : escalade, t\u00e9lescopage, lutte contre l&rsquo;incendie, travaux en hauteur, grues, etc.<\/p>\n","protected":false},"excerpt":{"rendered":"<p>Si vous avez besoin d&rsquo;acheter une corde plus longue, telle que 80 m\u00e8tres, veuillez acheter 8*10 m\u00e8tres de corde, puis&#8230;<\/p>\n","protected":false},"featured_media":6476,"comment_status":"open","ping_status":"closed","template":"","meta":[],"product_brand":[],"product_cat":[357],"product_tag":[],"woo-feed-brand":[50],"class_list":{"0":"post-7254","1":"product","2":"type-product","3":"status-publish","4":"has-post-thumbnail","6":"product_cat-corde-de-securite","7":"woo-feed-brand-tyditiao","9":"first","10":"instock","11":"shipping-taxable","12":"purchasable","13":"product-type-variable","14":"has-default-attributes"},"_links":{"self":[{"href":"https:\/\/tyditiao.com\/fr\/wp-json\/wp\/v2\/product\/7254","targetHints":{"allow":["GET"]}}],"collection":[{"href":"https:\/\/tyditiao.com\/fr\/wp-json\/wp\/v2\/product"}],"about":[{"href":"https:\/\/tyditiao.com\/fr\/wp-json\/wp\/v2\/types\/product"}],"replies":[{"embeddable":true,"href":"https:\/\/tyditiao.com\/fr\/wp-json\/wp\/v2\/comments?post=7254"}],"wp:featuredmedia":[{"embeddable":true,"href":"https:\/\/tyditiao.com\/fr\/wp-json\/wp\/v2\/media\/6476"}],"wp:attachment":[{"href":"https:\/\/tyditiao.com\/fr\/wp-json\/wp\/v2\/media?parent=7254"}],"wp:term":[{"taxonomy":"product_brand","embeddable":true,"href":"https:\/\/tyditiao.com\/fr\/wp-json\/wp\/v2\/product_brand?post=7254"},{"taxonomy":"product_cat","embeddable":true,"href":"https:\/\/tyditiao.com\/fr\/wp-json\/wp\/v2\/product_cat?post=7254"},{"taxonomy":"product_tag","embeddable":true,"href":"https:\/\/tyditiao.com\/fr\/wp-json\/wp\/v2\/product_tag?post=7254"},{"taxonomy":"woo-feed-brand","embeddable":true,"href":"https:\/\/tyditiao.com\/fr\/wp-json\/wp\/v2\/woo-feed-brand?post=7254"}],"curies":[{"name":"wp","href":"https:\/\/api.w.org\/{rel}","templated":true}]}}