{"id":7258,"date":"2023-03-05T03:08:59","date_gmt":"2023-03-05T10:24:35","guid":{"rendered":"http:\/\/tyditiao.com\/product\/corde-statique-entierement-en-kevlar-corde-descalade-de-parachute-corde-de-securite-incendie-8-105-mm-10-m\/"},"modified":"2023-03-05T12:24:35","modified_gmt":"2023-03-05T10:24:35","slug":"corde-de-parapluie-de-securite-incendie-kevlar-entierement-electrostatique-8-105-mm-10-m","status":"publish","type":"product","link":"https:\/\/tyditiao.com\/fr\/produit\/corde-de-parapluie-de-securite-incendie-kevlar-entierement-electrostatique-8-105-mm-10-m\/","title":{"rendered":"Corde statique enti\u00e8rement en Kevlar, corde d&rsquo;escalade de parachute, corde de s\u00e9curit\u00e9 incendie, 8, 10,5 mm (10 m)"},"content":{"rendered":"<p>Si vous souhaitez acheter une corde plus longue, par exemple 50 m\u00e8tres, veuillez acheter 5*10 m\u00e8tres de corde, puis laissez un message au vendeur indiquant que vous avez besoin d&rsquo;une corde enti\u00e8re de 50 m\u00e8tres.<\/p>\n<p><strong>\u00c0 propos des mousquetons :<\/strong> Si vous achetez la corde de plus de 10 m\u00e8tres de long, nous vous donnerons deux mousquetons comme indiqu\u00e9 sur l&rsquo;image. Vous pouvez l&rsquo;installer aux deux extr\u00e9mit\u00e9s de la corde, ou vous pouvez le laisser seul et il est inclus dans l&#8217;emballage. \u00c9crivez-nous et faites-nous part de votre d\u00e9cision<\/p>\n<p>Nom du produit : corde statique en Kevlar.<br \/>\nMat\u00e9riau : Kevlar<br \/>\nCouleur : couleur comme sur l&rsquo;image.<br \/>\nDiam\u00e8tre : 10,5 mm, 8 mm<br \/>\nPoids net (\u00b15%) : 10,5 mm (75 g\/m) 8 mm (43 g\/m)<br \/>\nForce de traction : 10,5 mm (40 kN\/4 000 kg) 8 mm (28 kN\/2 800 kg)<br \/>\nCertification : CE EN1891:1998<br \/>\nCaract\u00e9ristiques : haute r\u00e9sistance, r\u00e9sistance aux hautes temp\u00e9ratures, bonne t\u00e9nacit\u00e9, forte r\u00e9sistance \u00e0 la d\u00e9chirure.<br \/>\nMulti-fonctions : escalade, expansion, lutte contre l&rsquo;incendie, travaux a\u00e9riens, sp\u00e9l\u00e9ologie, suspension, etc.<\/p>\n<p>Rappel amical : lorsque vous travaillez ou jouez en hauteur, veuillez v\u00e9rifier et entretenir votre \u00e9quipement pour \u00e9viter tout danger caus\u00e9 par une mauvaise utilisation.<\/p>\n","protected":false},"excerpt":{"rendered":"<p>Si vous souhaitez acheter une corde plus longue, par exemple 50 m\u00e8tres, veuillez acheter 5*10 m\u00e8tres de corde, puis laissez&#8230;<\/p>\n","protected":false},"featured_media":6494,"comment_status":"open","ping_status":"closed","template":"","meta":[],"product_brand":[],"product_cat":[357],"product_tag":[],"woo-feed-brand":[],"class_list":{"0":"post-7258","1":"product","2":"type-product","3":"status-publish","4":"has-post-thumbnail","6":"product_cat-corde-de-securite","8":"first","9":"instock","10":"shipping-taxable","11":"purchasable","12":"product-type-variable","13":"has-default-attributes"},"_links":{"self":[{"href":"https:\/\/tyditiao.com\/fr\/wp-json\/wp\/v2\/product\/7258","targetHints":{"allow":["GET"]}}],"collection":[{"href":"https:\/\/tyditiao.com\/fr\/wp-json\/wp\/v2\/product"}],"about":[{"href":"https:\/\/tyditiao.com\/fr\/wp-json\/wp\/v2\/types\/product"}],"replies":[{"embeddable":true,"href":"https:\/\/tyditiao.com\/fr\/wp-json\/wp\/v2\/comments?post=7258"}],"wp:featuredmedia":[{"embeddable":true,"href":"https:\/\/tyditiao.com\/fr\/wp-json\/wp\/v2\/media\/6494"}],"wp:attachment":[{"href":"https:\/\/tyditiao.com\/fr\/wp-json\/wp\/v2\/media?parent=7258"}],"wp:term":[{"taxonomy":"product_brand","embeddable":true,"href":"https:\/\/tyditiao.com\/fr\/wp-json\/wp\/v2\/product_brand?post=7258"},{"taxonomy":"product_cat","embeddable":true,"href":"https:\/\/tyditiao.com\/fr\/wp-json\/wp\/v2\/product_cat?post=7258"},{"taxonomy":"product_tag","embeddable":true,"href":"https:\/\/tyditiao.com\/fr\/wp-json\/wp\/v2\/product_tag?post=7258"},{"taxonomy":"woo-feed-brand","embeddable":true,"href":"https:\/\/tyditiao.com\/fr\/wp-json\/wp\/v2\/woo-feed-brand?post=7258"}],"curies":[{"name":"wp","href":"https:\/\/api.w.org\/{rel}","templated":true}]}}