{"id":12866,"date":"2023-05-22T09:16:59","date_gmt":"2023-05-22T07:16:59","guid":{"rendered":"http:\/\/tyditiao.com\/baile\/"},"modified":"2025-01-04T18:56:57","modified_gmt":"2025-01-04T16:56:57","slug":"baile","status":"publish","type":"page","link":"https:\/\/tyditiao.com\/ga\/","title":{"rendered":"Baile"},"content":{"rendered":"\n<div class=\"wp-block-cover is-light\" style=\"min-height:240px;aspect-ratio:unset;\"><span aria-hidden=\"true\" class=\"wp-block-cover__background has-background-dim-20 has-background-dim\" style=\"background-color:#b7ad73\"><\/span><img loading=\"lazy\" decoding=\"async\" width=\"1401\" height=\"539\" class=\"wp-block-cover__image-background wp-image-1576\" alt=\"\" src=\"http:\/\/tyditiao.com\/wp-content\/uploads\/2022\/06\/2022-06-13_182159.png\" data-object-fit=\"cover\" srcset=\"https:\/\/tyditiao.com\/wp-content\/uploads\/2022\/06\/2022-06-13_182159.png 1401w, https:\/\/tyditiao.com\/wp-content\/uploads\/2022\/06\/2022-06-13_182159-600x231.png 600w, https:\/\/tyditiao.com\/wp-content\/uploads\/2022\/06\/2022-06-13_182159-300x115.png 300w, https:\/\/tyditiao.com\/wp-content\/uploads\/2022\/06\/2022-06-13_182159-1024x394.png 1024w, https:\/\/tyditiao.com\/wp-content\/uploads\/2022\/06\/2022-06-13_182159-768x295.png 768w, https:\/\/tyditiao.com\/wp-content\/uploads\/2022\/06\/2022-06-13_182159-1320x508.png 1320w\" sizes=\"auto, (max-width: 1401px) 100vw, 1401px\" \/><div class=\"wp-block-cover__inner-container is-layout-constrained wp-block-cover-is-layout-constrained\">\n<div class=\"wp-block-columns is-layout-flex wp-container-core-columns-is-layout-9d6595d7 wp-block-columns-is-layout-flex\">\n<div class=\"wp-block-column is-layout-flow wp-block-column-is-layout-flow\" style=\"flex-basis:25%\"><\/div>\n\n\n\n<div class=\"wp-block-column is-layout-flow wp-block-column-is-layout-flow\" style=\"flex-basis:50%\">\n<div style=\"height:20px\" aria-hidden=\"true\" class=\"wp-block-spacer\"><\/div>\n\n\n\n<p class=\"has-text-align-center custom-style has-text-color has-link-color has-large-font-size wp-elements-af0b8a0c15ac84f78ae847f5ac5dbba3\" style=\"color:#ffffff\">Speisialt\u00f3ireacht againn i dt\u00e1irgeadh agus d\u00edol st\u00edleanna \u00e9ags\u00fala de clogad ballistic m\u00edleata oirbhearta\u00edochta<\/p>\n<\/div>\n\n\n\n<div class=\"wp-block-column is-layout-flow wp-block-column-is-layout-flow\" style=\"flex-basis:25%\"><\/div>\n<\/div>\n<\/div><\/div>\n\n<div style=\"height:50px\" aria-hidden=\"true\" class=\"wp-block-spacer\"><\/div>\n\n<div class=\"wp-block-columns is-layout-flex wp-container-core-columns-is-layout-9d6595d7 wp-block-columns-is-layout-flex\">\n<div class=\"wp-block-column is-layout-flow wp-block-column-is-layout-flow\" style=\"flex-basis:10%\"><\/div>\n\n\n\n<div class=\"wp-block-column is-layout-flow wp-block-column-is-layout-flow\">\n<h2 class=\"wp-block-heading has-text-align-center\">clogaid BAILEISTEACH D\u00cdOLaimid<\/h2>\n\n\n\n<figure class=\"wp-block-gallery has-nested-images columns-4 is-cropped wp-block-gallery-1 is-layout-flex wp-block-gallery-is-layout-flex\">\n<figure class=\"wp-block-image size-medium\"><img decoding=\"async\" data-id=\"5154\" src=\"https:\/\/tyditiao.com\/wp-content\/uploads\/2022\/10\/&#x672A;&#x6807;&#x9898;-51-300x300.png\" alt=\"D&#xED;lsi&#xFA; oirbhearta&#xED;ochta ballistic lasmuigh at&#xE1; feistithe le taispe&#xE1;int pain&#xE9;il le pil&#xE9;ar\" class=\"wp-image-5154\"\/><\/figure>\n\n\n<figure class=\"wp-block-image size-medium\"><img loading=\"lazy\" decoding=\"async\" width=\"300\" height=\"300\" data-id=\"1343\" src=\"http:\/\/tyditiao.com\/wp-content\/uploads\/2022\/06\/7-300x300.jpg\" alt=\"\" class=\"wp-image-1343\" srcset=\"https:\/\/tyditiao.com\/wp-content\/uploads\/2022\/06\/7-300x300.jpg 300w, https:\/\/tyditiao.com\/wp-content\/uploads\/2022\/06\/7-100x100.jpg 100w, https:\/\/tyditiao.com\/wp-content\/uploads\/2022\/06\/7-600x600.jpg 600w, https:\/\/tyditiao.com\/wp-content\/uploads\/2022\/06\/7-1024x1024.jpg 1024w, https:\/\/tyditiao.com\/wp-content\/uploads\/2022\/06\/7-150x150.jpg 150w, https:\/\/tyditiao.com\/wp-content\/uploads\/2022\/06\/7-768x768.jpg 768w, https:\/\/tyditiao.com\/wp-content\/uploads\/2022\/06\/7.jpg 1200w\" sizes=\"auto, (max-width: 300px) 100vw, 300px\" \/><\/figure>\n\n\n<figure class=\"wp-block-image size-medium\"><img decoding=\"async\" data-id=\"4955\" src=\"https:\/\/tyditiao.com\/wp-content\/uploads\/2022\/10\/&#x672A;&#x6807;&#x9898;-3-300x300.png\" alt=\"NIJ IIIA Masc Ballistic Oirbhearta&#xED;ochta Aghaidh Ioml&#xE1;n - Sc&#xE9;imreach\" class=\"wp-image-4955\"\/><\/figure>\n\n\n<figure class=\"wp-block-image size-medium\"><img decoding=\"async\" data-id=\"5396\" src=\"https:\/\/tyditiao.com\/wp-content\/uploads\/2022\/10\/SICPE&#xFF0C;NIJ-Level-IV&#xFF0C;23MM&#xFF0C;2.5KG-300x300.png\" alt=\"SIC+PE, NIJ Leibh&#xE9;al IV, 23MM, 2.5KG, pl&#xE1;ta c&#xED;che urchair-dh&#xED;onach, 250X300MM\" class=\"wp-image-5396\"\/><\/figure><\/figure>\n\n\n\n<div style=\"height:50px\" aria-hidden=\"true\" class=\"wp-block-spacer\"><\/div>\n\n\n\n<h2 class=\"wp-block-heading has-text-align-center\">CC<\/h2>\n\n\n\n<div style=\"height:30px\" aria-hidden=\"true\" class=\"wp-block-spacer\"><\/div>\n\n\n\n<div class=\"wp-block-columns is-layout-flex wp-container-core-columns-is-layout-9d6595d7 wp-block-columns-is-layout-flex\">\n<div class=\"wp-block-column is-layout-flow wp-block-column-is-layout-flow\">\n<h6 class=\"wp-block-heading\">An bhfuil monarcha fisici\u00fail agat?<\/h6>\n\n\n\n<p>Sea! T\u00e1 monarcha fisiceach againn agus t\u00e1imid ag sol\u00e1thar m\u00f3rdh\u00edola do dh\u00edolt\u00f3ir\u00ed clogad Eorpacha agus Mheirice\u00e1 ar feadh 6 bliana. Seolaimid tonna clogaid ar fud an domhain gach l\u00e1, agus is \u00e9 seo \u00e1r siopa monarcha.  <\/p>\n<\/div>\n\n\n\n<div class=\"wp-block-column is-layout-flow wp-block-column-is-layout-flow\">\n<h6 class=\"wp-block-heading\">An bhfuil lascaine ar cheannach d\u00edreach \u00f3n monarcha?<\/h6>\n\n\n\n<p>Ar nd\u00f3igh, tr\u00ed ord\u00fa a dh\u00e9anamh go d\u00edreach \u00f3 l\u00e1ithre\u00e1n gr\u00e9as\u00e1in \u00e1r monarcha, is f\u00e9idir leat n\u00edos m\u00f3 n\u00e1 20% a sh\u00e1bh\u00e1il i gcompar\u00e1id le praghas d\u00edola an d\u00e9ile\u00e1la\u00ed, toisc go s\u00e1bh\u00e1lann s\u00e9 go d\u00edreach do chostais ind\u00edreacha. Ag an am c\u00e9anna, t\u00e1 s\u00e9 beartaithe againn freisin brab\u00fais a thabhairt don tomhalt\u00f3ir deiridh chun \u00e1r ngn\u00f3 miond\u00edola a leathn\u00fa. <\/p>\n<\/div>\n<\/div>\n\n\n\n<div class=\"wp-block-columns is-layout-flex wp-container-core-columns-is-layout-9d6595d7 wp-block-columns-is-layout-flex\">\n<div class=\"wp-block-column is-layout-flow wp-block-column-is-layout-flow\">\n<h6 class=\"wp-block-heading\">Cad \u00e9 an costas loingseoireachta le haghaidh earra? C\u00e9 chomh luath agus is f\u00e9idir liom \u00e9 a fh\u00e1il?<\/h6>\n\n\n\n<p>T\u00e1 t\u00e1ill\u00ed FedEx san \u00e1ireamh i ngach praghas clogad, mar sin n\u00ed g\u00e1 duit \u00edoc breise as loingseoireachta. Is f\u00e9idir le FEDEX Express do chlogad a sheachadadh duit laistigh de 6-14 l\u00e1 gn\u00f3 agus cuirfidh do sheolt\u00f3ir \u00e1iti\u00fail Fedex glaoch ort chomh luath agus a shroicheann do phac\u00e1iste do chathair agus \u00e9 a sheoladh d\u00edreach chugat. <\/p>\n<\/div>\n\n\n\n<div class=\"wp-block-column is-layout-flow wp-block-column-is-layout-flow\">\n<h6 class=\"wp-block-heading\">C\u00e1 as a seoltar an t-ord\u00fa agus an bhfuilim cinnte go bhfaighidh m\u00e9 \u00e9?<\/h6>\n\n\n\n<p>Ag seoladh \u00f3n\u00e1r st\u00f3ras mhonarcha sa tS\u00edn, t\u00e1 l\u00edon m\u00f3r clogaid bulletproof d\u00edolta againn go dt\u00ed na St\u00e1it Aontaithe, an Pholainn, an Ghearm\u00e1in, an tSeap\u00e1in agus go leor t\u00edortha eile, agus cuirfimid an uimhir rianaithe chugat tr\u00edd an bpost tar \u00e9is na hearra\u00ed a sheoladh, is f\u00e9idir leat seice\u00e1il an st\u00e1das seachadta ag am ar bith.<\/p>\n<\/div>\n<\/div>\n\n\n\n<div class=\"wp-block-columns is-layout-flex wp-container-core-columns-is-layout-9d6595d7 wp-block-columns-is-layout-flex\">\n<div class=\"wp-block-column is-layout-flow wp-block-column-is-layout-flow\">\n<h6 class=\"wp-block-heading\">Conas a ord\u00fa agus conas a \u00edoc<\/h6>\n\n\n\n<p>N\u00ed ghlacaimid ach le h\u00edoca\u00edocht le haghaidh orduithe tr\u00ed Paypal agus Western Union\u3002Mura bhfuil Paypal agat f\u00f3s, cl\u00e1raigh anseo www.paypal.com chun ceannach agus \u00edoc go sl\u00e1n tr\u00ed Paypal. M\u00e1 roghna\u00edonn t\u00fa \u00edoc tr\u00ed Western Union, d\u00e9an teagmh\u00e1il linn le do thoil an fhaisn\u00e9is maidir le h\u00edoca\u00edocht a dhearbh\u00fa.<\/p>\n<\/div>\n\n\n\n<div class=\"wp-block-column is-layout-flow wp-block-column-is-layout-flow\">\n<h6 class=\"wp-block-heading\">N\u00ed m\u00f3r dom roinnt clogaid a cheannach ag an am c\u00e9anna, an f\u00e9idir liom lascaine breise a fh\u00e1il?<\/h6>\n\n\n\n<p>Ar nd\u00f3igh, m\u00e1 t\u00e1 n\u00edos m\u00f3 n\u00e1 5 clogad ag teast\u00e1il uait le haghaidh do \u00fas\u00e1id f\u00e9in n\u00f3 do mh\u00f3rdh\u00edolt\u00f3ir \u00e1iti\u00fail, d\u00e9an teagmh\u00e1il linn go d\u00edreach. Gheobhaidh t\u00fa praghsanna n\u00edos fearr f\u00f3s n\u00e1 na siopa\u00ed ar l\u00edne at\u00e1 againn faoi l\u00e1thair. N\u00e1 caill \u00e9, mar s\u00e1bh\u00e1lfaidh s\u00e9 costais shuntasacha duit.  <\/p>\n<\/div>\n<\/div>\n\n\n\n<div style=\"height:50px\" aria-hidden=\"true\" class=\"wp-block-spacer\"><\/div>\n\n\n\n<h2 class=\"wp-block-heading has-text-align-center\">Saor in Aisce Loingseoireacht Gach R\u00e9imse<\/h2>\n\n\n\n<h4 class=\"wp-block-heading has-text-align-center\">limist\u00e9ar seachadta<\/h4>\n\n\n\n<p class=\"has-text-align-center\"><strong>An Eoraip: <\/strong>an Pholainn, an Liotu\u00e1in, an Ghearm\u00e1in, an \u00cdsilt\u00edr, an Ung\u00e1ir, an R\u00edocht Aontaithe, an Fhrainc, an Iod\u00e1il, an Sp\u00e1inn, an Ostair, an Bheilg, Lucsamburg, \u00c9ire, an Bhulg\u00e1ir, an Chr\u00f3it, Poblacht na Seice, an East\u00f3in, an Fhionlainn, an Laitvia, M\u00e1lta, an Phortaing\u00e9il, an R\u00f3m\u00e1in, an tSl\u00f3vaic, An tSl\u00f3iv\u00e9in, an tSualainn, an Danmhairg, an Ghr\u00e9ig, an Eilv\u00e9is, an Iorua, an Chipir<\/p>\n\n\n\n<p class=\"has-text-align-center\"><strong>\u00c1ise: <\/strong>Taiwan, Macao, Hong Cong, Singeap\u00f3r, an Mhalaeisia, an T\u00e9alainn, V\u00edtneam, na hOile\u00e1in Fhilip\u00edneacha, Iosrael, an Tuirc, an Ch\u00f3ir\u00e9, an tSeap\u00e1in, Bair\u00e9in, an Araib Sh\u00e1dach, an Liob\u00e1in, Aontas na n\u00c9im\u00edr\u00edochta\u00ed Arabacha<\/p>\n\n\n\n<p class=\"has-text-align-center\"><strong>Meirice\u00e1 Thuaidh: <\/strong>St\u00e1it Aontaithe Mheirice\u00e1, Ceanada, Meicsiceo<\/p>\n\n\n\n<p class=\"has-text-align-center\"><strong>Meirice\u00e1 Theas:<\/strong> An Bhrasa\u00edl, an tSile, an Chol\u00f3im<\/p>\n\n\n\n<p class=\"has-text-align-center\"><strong>Aig\u00e9ine: <\/strong>An Astr\u00e1il, An Nua-Sh\u00e9alainn<\/p>\n\n\n\n<p class=\"has-text-align-center\"><strong>An Afraic: <\/strong>An Afraic Theas<\/p>\n\n\n\n<p class=\"has-text-align-center\"><strong>R\u00e9igi\u00fan nua: <\/strong>An \u00dacr\u00e1in (n\u00edl aon seirbh\u00eds seachadta sa limist\u00e9ar faoi dh\u00edosp\u00f3id agus cuirfear an t-ord\u00fa ar ceal)<\/p>\n\n\n\n<h4 class=\"wp-block-heading has-text-align-center\">loingeas SAOR IN AISCE<\/h4>\n\n\n\n<p class=\"has-text-align-center\">D&#8217;fhonn m\u00e9id an mhargaidh mhiond\u00edola a leathn\u00fa, cuirimid beartas loingseoireachta saor in aisce i bhfeidhm do na t\u00edortha agus na r\u00e9igi\u00fain thuas go l\u00e9ir, rud a chialla\u00edonn nach g\u00e1 duit aon mhuirir loingseoireachta a \u00edoc seachas praghas an t\u00e1irge f\u00e9in.<\/p>\n\n\n\n<h4 class=\"wp-block-heading has-text-align-center\">am luaidhe a ord\u00fa<\/h4>\n\n\n\n<p class=\"has-text-align-center\"><strong>Am pr\u00f3ise\u00e1la a ord\u00fa: <\/strong>laistigh de 1-6 l\u00e1 gn\u00f3 tar \u00e9is an \u00edoca\u00edocht a fh\u00e1il (cuirfimid an uimhir loingsi\u00fa tar \u00e9is an loingsi\u00fa a thabhairt don chuideachta c\u00fair\u00e9ireachta)<\/p>\n\n\n\n<p class=\"has-text-align-center\"><strong>Ekspresowy czas wysy\u0142ki:<\/strong> 6-14 dni roboczych<\/p>\n\n\n\n<div style=\"height:50px\" aria-hidden=\"true\" class=\"wp-block-spacer\"><\/div>\n\n\n\n<h2 class=\"wp-block-heading has-text-align-center\">\u00edoc<\/h2>\n\n\n\n<h4 class=\"wp-block-heading has-text-align-center\">Modhanna \u00cdoca\u00edochta<\/h4>\n\n\n\n<p class=\"has-text-align-center\">Tabhair cuairt ar an leathanach Seice\u00e1il chun r\u00e9amh\u00edoca\u00edocht a fh\u00e1il tr\u00ed PAYPAL n\u00f3 \u00edoc as d\u2019ord\u00fa tr\u00ed Western Union.<\/p>\n\n\n\n<p class=\"has-text-align-center\"><strong>A. T\u00e9igh go dt\u00ed an leathanach Seice\u00e1il Amach agus r\u00e9amh\u00edoc tr\u00ed PAYPAL<\/strong><br\/>1. Cuir an t\u00e1irge is maith leat le do chairt<br\/>2. Clice\u00e1il ar an gcnaipe cart sa ch\u00fainne uachtarach ar dheis chun cainn\u00edocht an t\u00e1irge a fheice\u00e1il agus a dhearbh\u00fa<br\/>3. Clice\u00e1il ar an gcnaipe ordaithe chun dul isteach ar an leathanach Seice\u00e1il, cuir do sheoladh seachadta, seoladh r\u00edomhphoist agus faisn\u00e9is eile ar f\u00e1il<br\/>4. \u00cdoc an m\u00e9id ord\u00fa tr\u00ed PayPal<br\/>5. Siopad\u00f3ireacht cr\u00edochnaithe, ag fanacht leis na hearra\u00ed a bhaili\u00fa<\/p>\n\n\n\n<p class=\"has-text-align-center\"><strong>B. Western Union \u00edoca\u00edocht d&#8217;ord\u00fa<\/strong><br\/>1. \u00c9il\u00edonn cumars\u00e1id tr\u00ed r-phost faisn\u00e9is amhail t\u00e1irge agus cainn\u00edocht chomh maith leis an seoladh bailithe<br\/>2. Aistri\u00fa chun m\u00e9id an ordaithe a \u00edoc<br\/>3. Siopad\u00f3ireacht cr\u00edochnaithe, ag fanacht leis na hearra\u00ed a bhaili\u00fa<\/p>\n\n\n\n<h4 class=\"wp-block-heading has-text-align-center\">Taca\u00edocht airgeadra<\/h4>\n\n\n\n<p class=\"has-text-align-center\">Glacaimid le haon cheann de na hairgeadra\u00ed seo a leanas, ionas gur f\u00e9idir leat an t-airgeadra is fearr a oireann duit agus t\u00fa ag \u00edoc a roghn\u00fa<\/p>\n\n\n\n<p class=\"has-text-align-center\">Dollar nua na T\u00e9av\u00e1ine (NT$) &#8211; TWD<br\/>Polainnis Zloty (PLN) &#8211; PLN<br\/>Dollar na St\u00e1t Aontaithe (US) ($) &#8211; USD<br\/>Punt steirling (\u00a3) &#8211; GBP<br\/>Euro (\u20ac) &#8211; EUR<br\/>yen Seap\u00e1nach (\u00a5) &#8211; JPY<br\/>Dollar Cheanada ($) &#8211; CAD<br\/>Koruna na Seice (K\u010d) &#8211; CZK<br\/>Peso Mheicsiceo ($) &#8211; MXN<\/p>\n\n\n\n<div style=\"height:50px\" aria-hidden=\"true\" class=\"wp-block-spacer\"><\/div>\n\n\n\n<h2 class=\"wp-block-heading has-text-align-center\">Beartas fillte 30 l\u00e1<\/h2>\n\n\n\n<h4 class=\"wp-block-heading has-text-align-center\">polasa\u00ed um fhilleadh<\/h4>\n\n\n\n<p class=\"has-text-align-center\">T\u00e1 polasa\u00ed tuairisce\u00e1in 30 l\u00e1 againn, rud a chialla\u00edonn gur f\u00e9idir leat tuairisce\u00e1n a iarraidh laistigh de 30 l\u00e1 tar \u00e9is do mh\u00edr a fh\u00e1il.<\/p>\n\n\n\n<p class=\"has-text-align-center\">Chun a bheith inch\u00e1ilithe do thuairisce\u00e1n, n\u00ed m\u00f3r don mh\u00edr a bheith sa riocht c\u00e9anna leis an earra a fuair t\u00fa, n\u00e1r caitheadh n\u00f3 n\u00e1r \u00fas\u00e1ideadh, agus sa bhunphac\u00e1isti\u00fa. Beidh admh\u00e1il n\u00f3 cruth\u00fanas ceannaigh uait freisin. <\/p>\n\n\n\n<p class=\"has-text-align-center\">Chun tuairisce\u00e1n a thionscnamh, is f\u00e9idir leat teagmh\u00e1il a dh\u00e9anamh linn ag <strong>tyditiao@gmail.com<\/strong>. M\u00e1 ghlactar le do thuairisce\u00e1n, seolfaimid lip\u00e9ad fillte chugat le treoracha maidir le conas agus c\u00e9n \u00e1it le do phac\u00e1iste a sheoladh. N\u00ed ghlacfar le hearra\u00ed a sheoltar ar ais chugainn gan iarratas a dh\u00e9anamh roimh r\u00e9.  <\/p>\n\n\n\n<p class=\"has-text-align-center\">Is f\u00e9idir leat teagmh\u00e1il a dh\u00e9anamh linn i gc\u00f3na\u00ed ag <strong>tyditiao@gmail.com<\/strong> le haghaidh aon saincheisteanna maidir le filleadh.<\/p>\n\n\n\n<h4 class=\"wp-block-heading has-text-align-center\">dam\u00e1iste agus fadhbanna<\/h4>\n\n\n\n<p class=\"has-text-align-center\">Seice\u00e1il le do thoil d&#8217;ord\u00fa tar \u00e9is \u00e9 a fh\u00e1il, m\u00e1 t\u00e1 an mh\u00edr dam\u00e1iste, lochtach n\u00f3 m\u00e1 fuair t\u00fa an mh\u00edr m\u00edcheart, d\u00e9an teagmh\u00e1il linn l\u00e1ithreach (<a href=\"https:\/\/tyditiao.com\/ga\/teagmhail\/\">d\u00e9an teagmh\u00e1il linn<\/a>) ionas gur f\u00e9idir linn an fhadhb a aimsi\u00fa agus \u00e9 a shocr\u00fa l\u00e1ithreach.<\/p>\n\n\n\n<h4 class=\"wp-block-heading has-text-align-center\">malart\u00fa<\/h4>\n\n\n\n<p class=\"has-text-align-center\">Is \u00e9 an bealach is tap\u00fala chun a chinnti\u00fa go bhfaigheann t\u00fa an rud at\u00e1 uait n\u00e1 an rud at\u00e1 agat cheana f\u00e9in a thabhairt ar ais, agus a luaithe a ghlactar le do thuairisce\u00e1n, an earra nua a cheannach ar leithligh.<\/p>\n\n\n\n<h4 class=\"wp-block-heading has-text-align-center\">filleadh<\/h4>\n\n\n\n<p class=\"has-text-align-center\">Cuirfimid in i\u00fal duit nuair a bheidh do thuairisce\u00e1n faighte agus ini\u00fachta, agus d\u00e9anfar d&#8217;ais\u00edoca\u00edocht a ais\u00edoc go huathoibr\u00edoch chuig do mhodh \u00edoca\u00edochta bunaidh. D\u2019fh\u00e9adfadh go dt\u00f3gfadh s\u00e9 roinnt ama, \u00e1fach, ar do bhanc n\u00f3 do chuideachta c\u00e1rta creidmheasa ais\u00edoca\u00edocht a phr\u00f3ise\u00e1il agus a eisi\u00faint. <\/p>\n<\/div>\n\n\n\n<div class=\"wp-block-column is-layout-flow wp-block-column-is-layout-flow\" style=\"flex-basis:10%\"><\/div>\n<\/div>\n\n<p><\/p>\n","protected":false},"excerpt":{"rendered":"<p>clogaid BAILEISTEACH D\u00cdOLaimid CC An bhfuil monarcha fisici\u00fail agat? Sea! T\u00e1 monarcha fisiceach againn agus t\u00e1imid ag sol\u00e1thar m\u00f3rdh\u00edola do&#8230;<\/p>\n","protected":false},"author":1,"featured_media":0,"parent":0,"menu_order":0,"comment_status":"closed","ping_status":"closed","template":"","meta":{"footnotes":""},"class_list":["post-12866","page","type-page","status-publish","hentry"],"_links":{"self":[{"href":"https:\/\/tyditiao.com\/ga\/wp-json\/wp\/v2\/pages\/12866","targetHints":{"allow":["GET"]}}],"collection":[{"href":"https:\/\/tyditiao.com\/ga\/wp-json\/wp\/v2\/pages"}],"about":[{"href":"https:\/\/tyditiao.com\/ga\/wp-json\/wp\/v2\/types\/page"}],"author":[{"embeddable":true,"href":"https:\/\/tyditiao.com\/ga\/wp-json\/wp\/v2\/users\/1"}],"replies":[{"embeddable":true,"href":"https:\/\/tyditiao.com\/ga\/wp-json\/wp\/v2\/comments?post=12866"}],"version-history":[{"count":4,"href":"https:\/\/tyditiao.com\/ga\/wp-json\/wp\/v2\/pages\/12866\/revisions"}],"predecessor-version":[{"id":16412,"href":"https:\/\/tyditiao.com\/ga\/wp-json\/wp\/v2\/pages\/12866\/revisions\/16412"}],"wp:attachment":[{"href":"https:\/\/tyditiao.com\/ga\/wp-json\/wp\/v2\/media?parent=12866"}],"curies":[{"name":"wp","href":"https:\/\/api.w.org\/{rel}","templated":true}]}}