{"id":12904,"date":"2023-05-22T09:23:03","date_gmt":"2023-05-22T07:23:03","guid":{"rendered":"http:\/\/tyditiao.com\/beartas-priobhaideachais\/"},"modified":"2023-05-22T09:23:04","modified_gmt":"2023-05-22T07:23:04","slug":"beartas-priobhaideachais","status":"publish","type":"page","link":"https:\/\/tyditiao.com\/ga\/beartas-priobhaideachais\/","title":{"rendered":"Beartas Pr\u00edobh\u00e1ideachais"},"content":{"rendered":"<h2>C\u00e9 muid<\/h2>\n<p>Is \u00e9 \u00e1r seoladh su\u00edomh Gr\u00e9as\u00e1in n\u00e1: http:\/\/tyditiao.com.<\/p>\n<h2>Tuairim\u00ed<\/h2>\n<p>Nuair a fh\u00e1gann cuairteoir\u00ed tuairim\u00ed ar an su\u00edomh bail\u00edmid na sonra\u00ed a thaispe\u00e1ntar san fhoirm n\u00f3ta\u00ed tr\u00e1chta, chomh maith le seoladh IP an chuairteora agus teaghr\u00e1n gn\u00edomhaire \u00fas\u00e1ideora an bhrabhs\u00e1la\u00ed chun cabhr\u00fa le turscar a bhrath.<\/p>\n<p>Is f\u00e9idir teaghr\u00e1n gan ainm a crutha\u00edodh \u00f3 do sheoladh r\u00edomhphoist (ar a dtugtar hash freisin) a shol\u00e1thar don tseirbh\u00eds Gravatar f\u00e9achaint an bhfuil t\u00fa in \u00fas\u00e1id. T\u00e1 polasa\u00ed pr\u00edobh\u00e1ideachta seirbh\u00edse Gravatar ar f\u00e1il anseo: https:\/\/automattic.com\/privacy\/. Tar \u00e9is do n\u00f3ta tr\u00e1chta a chead\u00fa, beidh do phicti\u00far pr\u00f3if\u00edle le feice\u00e1il ag an bpobal i gcomhth\u00e9acs do n\u00f3ta tr\u00e1chta.<\/p>\n<h2>Me\u00e1in<\/h2>\n<p>M\u00e1 uasl\u00f3d\u00e1lann t\u00fa \u00edomh\u00e1nna chuig an su\u00edomh Gr\u00e9as\u00e1in, ba cheart duit gan \u00edomh\u00e1nna a uasl\u00f3d\u00e1il ina bhfuil sonra\u00ed su\u00edmh leabaithe (EXIF GPS) san \u00e1ireamh. Is f\u00e9idir le cuairteoir\u00ed ar an su\u00edomh Gr\u00e9as\u00e1in aon sonra\u00ed su\u00edmh a \u00edosl\u00f3d\u00e1il agus a bhaint as \u00edomh\u00e1nna ar an su\u00edomh Gr\u00e9as\u00e1in.<\/p>\n<h2>Fian\u00e1in<\/h2>\n<p>M\u00e1 fh\u00e1gann t\u00fa n\u00f3ta tr\u00e1chta ar \u00e1r su\u00edomh is f\u00e9idir leat di\u00falt\u00fa d\u2019ainm, do sheoladh r\u00edomhphoist agus do shu\u00edomh Gr\u00e9as\u00e1in a sh\u00e1bh\u00e1il i bhfian\u00e1in. T\u00e1 siad seo ar mhaithe leatsa ionas nach mbeidh ort do shonra\u00ed a l\u00edonadh isteach ar\u00eds nuair a fh\u00e1gann t\u00fa n\u00f3ta eile. Mairfidh na fian\u00e1in seo ar feadh bliana.<\/p>\n<p>M\u00e1 thugann t\u00fa cuairt ar \u00e1r leathanach log\u00e1la isteach, socr\u00f3imid fian\u00e1n sealadach le f\u00e1il amach an nglacann do bhrabhs\u00e1la\u00ed le fian\u00e1in. N\u00edl aon sonra\u00ed pearsanta san fhian\u00e1n seo agus cuirtear i leataobh \u00e9 nuair a dh\u00fanann t\u00fa do bhrabhs\u00e1la\u00ed.<\/p>\n<p>Nuair a log\u00e1lann t\u00fa isteach, socr\u00f3imid roinnt fian\u00e1in freisin chun d\u2019fhaisn\u00e9is log\u00e1il isteach agus do roghanna taispe\u00e1na sc\u00e1ile\u00e1in a sh\u00e1bh\u00e1il. Maireann fian\u00e1in log\u00e1il isteach ar feadh dh\u00e1 l\u00e1, agus maireann fian\u00e1in roghanna sc\u00e1ile\u00e1in ar feadh bliana. M\u00e1 roghna\u00edonn t\u00fa &#8220;Cuimhnigh Mise&#8221;, mairfidh do log\u00e1il isteach ar feadh dh\u00e1 sheachtain. M\u00e1 log\u00e1lann t\u00fa amach as do chuntas, bainfear na fian\u00e1in log\u00e1il isteach.<\/p>\n<p>M\u00e1 chuireann t\u00fa alt in eagar n\u00f3 m\u00e1 fhoils\u00edonn t\u00fa alt, s\u00e1bh\u00e1lfar fian\u00e1n breise i do bhrabhs\u00e1la\u00ed. N\u00edl aon sonra\u00ed pearsanta san \u00e1ireamh leis an bhfian\u00e1n seo agus go simpl\u00ed l\u00e9ir\u00edonn s\u00e9 ID post\u00e1la an ailt a chuir t\u00fa in eagar. Rachaidh s\u00e9 in \u00e9ag tar \u00e9is 1 l\u00e1.<\/p>\n<h2>Inneachar leabaithe \u00f3 shu\u00edomhanna Gr\u00e9as\u00e1in eile<\/h2>\n<p>D\u2019fh\u00e9adfadh \u00e1bhar leabaithe (m.sh. f\u00edse\u00e1in, \u00edomh\u00e1nna, ailt, etc.) a bheith san \u00e1ireamh sna hailt ar an su\u00edomh seo. Iompra\u00edonn \u00e1bhar leabaithe \u00f3 shu\u00edmh Ghr\u00e9as\u00e1in eile ar an mbealach d\u00edreach c\u00e9anna agus a bh\u00edonn m\u00e1 thug an cuairteoir cuairt ar an su\u00edomh Gr\u00e9as\u00e1in eile.<\/p>\n<p>F\u00e9adfaidh na su\u00edomhanna Gr\u00e9as\u00e1in seo sonra\u00ed f\u00fat a bhaili\u00fa, fian\u00e1in a \u00fas\u00e1id, rian\u00fa tr\u00ed\u00fa p\u00e1irt\u00ed breise a leab\u00fa, agus monat\u00f3ireacht a dh\u00e9anamh ar d&#8217;idirghn\u00edomha\u00edocht leis an \u00e1bhar leabaithe sin, lena n-\u00e1ir\u00edtear d&#8217;idirghn\u00edomha\u00edocht leis an \u00e1bhar leabaithe a rian\u00fa m\u00e1 t\u00e1 cuntas agat agus m\u00e1 t\u00e1 t\u00fa log\u00e1ilte isteach sa su\u00edomh Gr\u00e9as\u00e1in sin .<\/p>\n<h2>C\u00e9 leis a roinnimid do shonra\u00ed<\/h2>\n<p>M\u00e1 iarrann t\u00fa athshocr\u00fa pasfhocail, cuirfear do sheoladh IP san \u00e1ireamh sa r\u00edomhphost athshocraithe.<\/p>\n<h2>C\u00e1 fhad a choinneoimid do shonra\u00ed<\/h2>\n<p>M\u00e1 fh\u00e1gann t\u00fa n\u00f3ta tr\u00e1chta, coinn\u00edtear an n\u00f3ta tr\u00e1chta agus a meiteashonra\u00ed ar feadh tr\u00e9imhse \u00e9iginnte. T\u00e1 s\u00e9 seo ionas gur f\u00e9idir linn aon tuairim\u00ed leantacha a aithint agus a chead\u00fa go huathoibr\u00edoch seachas iad a choinne\u00e1il i scuaine measartha.<\/p>\n<p>I gc\u00e1s \u00fas\u00e1ideoir\u00ed a chl\u00e1ra\u00edonn ar \u00e1r su\u00edomh Gr\u00e9as\u00e1in (m\u00e1s ann d\u00f3ibh), st\u00f3r\u00e1laimid an fhaisn\u00e9is phearsanta a shol\u00e1thra\u00edonn siad ina bpr\u00f3if\u00edl \u00fas\u00e1ideora freisin. Is f\u00e9idir le gach \u00fas\u00e1ideoir a gcuid faisn\u00e9ise pearsanta a fheice\u00e1il, a chur in eagar n\u00f3 a scriosadh ag am ar bith (ach amh\u00e1in nach f\u00e9idir leo a n-ainm \u00fas\u00e1ideora a athr\u00fa). Is f\u00e9idir le riarth\u00f3ir\u00ed su\u00edomhanna Gr\u00e9as\u00e1in an fhaisn\u00e9is sin a fheice\u00e1il agus a chur in eagar freisin.<\/p>\n<h2>C\u00e9n cearta at\u00e1 agat ar do shonra\u00ed<\/h2>\n<p>M\u00e1 t\u00e1 cuntas agat ar an su\u00edomh seo, n\u00f3 m\u00e1 t\u00e1 tr\u00e1cht f\u00e1gtha agat, is f\u00e9idir leat iarraidh go bhfaighfe\u00e1 comhad easp\u00f3rt\u00e1ilte de na sonra\u00ed pearsanta at\u00e1 againn f\u00fat, lena n-\u00e1ir\u00edtear aon sonra\u00ed a shol\u00e1thair t\u00fa d\u00fainn. Is f\u00e9idir leat a iarraidh freisin go scriosfaimid aon sonra\u00ed pearsanta at\u00e1 againn f\u00fat. N\u00ed \u00e1ir\u00edtear leis seo aon sonra\u00ed a bhfuil dualgas orainn a choinne\u00e1il chun cr\u00edocha riarach\u00e1in, dl\u00edthi\u00fala n\u00f3 sl\u00e1nd\u00e1la.<\/p>\n<h2>An \u00e1it a seoltar do shonra\u00ed<\/h2>\n<p>Is f\u00e9idir tuairim\u00ed cuairteoir\u00ed a sheice\u00e1il tr\u00ed sheirbh\u00eds uathoibrithe turscair a bhrath.<\/p>\n","protected":false},"excerpt":{"rendered":"<p>C\u00e9 muid Is \u00e9 \u00e1r seoladh su\u00edomh Gr\u00e9as\u00e1in n\u00e1: http:\/\/tyditiao.com. Tuairim\u00ed Nuair a fh\u00e1gann cuairteoir\u00ed tuairim\u00ed ar an su\u00edomh bail\u00edmid&#8230;<\/p>\n","protected":false},"author":1,"featured_media":0,"parent":0,"menu_order":0,"comment_status":"closed","ping_status":"open","template":"","meta":{"footnotes":""},"class_list":["post-12904","page","type-page","status-publish","hentry"],"_links":{"self":[{"href":"https:\/\/tyditiao.com\/ga\/wp-json\/wp\/v2\/pages\/12904","targetHints":{"allow":["GET"]}}],"collection":[{"href":"https:\/\/tyditiao.com\/ga\/wp-json\/wp\/v2\/pages"}],"about":[{"href":"https:\/\/tyditiao.com\/ga\/wp-json\/wp\/v2\/types\/page"}],"author":[{"embeddable":true,"href":"https:\/\/tyditiao.com\/ga\/wp-json\/wp\/v2\/users\/1"}],"replies":[{"embeddable":true,"href":"https:\/\/tyditiao.com\/ga\/wp-json\/wp\/v2\/comments?post=12904"}],"version-history":[{"count":1,"href":"https:\/\/tyditiao.com\/ga\/wp-json\/wp\/v2\/pages\/12904\/revisions"}],"predecessor-version":[{"id":12905,"href":"https:\/\/tyditiao.com\/ga\/wp-json\/wp\/v2\/pages\/12904\/revisions\/12905"}],"wp:attachment":[{"href":"https:\/\/tyditiao.com\/ga\/wp-json\/wp\/v2\/media?parent=12904"}],"curies":[{"name":"wp","href":"https:\/\/api.w.org\/{rel}","templated":true}]}}