{"id":13196,"date":"2022-10-12T08:35:45","date_gmt":"2022-10-12T06:35:45","guid":{"rendered":"http:\/\/tyditiao.com\/product\/masc-ballistic-tredhearcach-nij-iiia-inbhainte-le-haghaidh-clogaid-le-railli-ar-an-da-thaobh\/"},"modified":"2026-01-26T09:19:11","modified_gmt":"2026-01-26T07:19:11","slug":"tredhearcach-bulletproof-masc-nij-iiia-inbhainte-do-helmow-le-railli-ar-an-da-thaobh-wendy-fast-etc","status":"publish","type":"product","link":"https:\/\/tyditiao.com\/ga\/product\/tredhearcach-bulletproof-masc-nij-iiia-inbhainte-do-helmow-le-railli-ar-an-da-thaobh-wendy-fast-etc\/","title":{"rendered":"Masc ballistic tr\u00e9dhearcach NIJ IIIA inbhainte le haghaidh clogaid le r\u00e1ill\u00ed ar an d\u00e1 thaobh"},"content":{"rendered":"<p>Is masc ballistic nua d\u2019aicme IIIA \u00e9 an Masc Ballistic Inbhainte a cheangla\u00edonn clogad ballistic.<\/p>\n<p>T\u00e1 an t\u00e1irge seo oiri\u00fanach le haghaidh clogaid le r\u00e1ill\u00ed ar an d\u00e1 thaobh. Mar shampla: WENDY, FAST, etc.<\/p>\n<p>Aicme cosanta: leibh\u00e9al NIJ IIIA<\/p>\n<p>Me\u00e1chan: 1.50 kg (3.31 lb)<\/p>\n<p>\u00c1bhar: PC, PMMA, etc.<\/p>\n<p>M\u00e9id : 350mm(L)*145mm(H)<\/p>\n<p>Ti\u00fas masc: 22mm<\/p>\n<p>Gile: 83.9%<\/p>\n<p>Bail\u00edocht: 5 bliana<\/p>\n<p>M\u00e1s g\u00e1 duit clogad bulletproof, t\u00e9igh go dt\u00ed \u00e1r siopa chun \u00e9 a cheannach. Go raibh maith agat!<\/p>\n<p>Sonra\u00ed Pac\u00e1istithe: 1 * Sciath aghaidh bulletproof (clogaid nach bhfuil san \u00e1ireamh)<\/p>\n","protected":false},"excerpt":{"rendered":"<p>Is \u00e9 an pr\u00edomh-\u00e1bhar at\u00e1 d\u00e9anta as ard-chaighde\u00e1n tr\u00e9dhearcach polycarbonate rois\u00edn PC agus bord aicrileach ilchodach cine\u00e1l ceapaire, le sainmh\u00edni\u00fa ard, gan splancsc\u00e1ile\u00e1n, \u00e9ifeacht bulletproof maith<\/p>\n<p>T\u00e1 an l\u00faib\u00edn masc bulletproof d\u00e9anta as cruach agus \u00e1bhair ard-neart, is f\u00e9idir a choigeart\u00fa go seasta ar uillinneacha \u00e9ags\u00fala<\/p>\n<p>T\u00e1imid tar \u00e9is comhoibri\u00fa go domhain le sol\u00e1thraithe l\u00f3ist\u00edochta agus is f\u00e9idir linn seachadadh earra\u00ed a r\u00e1th\u00fa chuig beagnach gach t\u00edr agus r\u00e9igi\u00fan, agus t\u00e1 na hearra\u00ed go l\u00e9ir a orda\u00edtear ar \u00e1r l\u00e1ithre\u00e1n gr\u00e9as\u00e1in mhonarcha saor \u00f3 phostas<\/p>\n","protected":false},"featured_media":11717,"comment_status":"open","ping_status":"closed","template":"","meta":[],"product_brand":[],"product_cat":[589],"product_tag":[],"woo-feed-brand":[50],"class_list":{"0":"post-13196","1":"product","2":"type-product","3":"status-publish","4":"has-post-thumbnail","6":"product_cat-masc-ballistic","7":"product_shipping_class-0-3-kg-ga","8":"woo-feed-brand-tyditiao","10":"first","11":"instock","12":"sale","13":"shipping-taxable","14":"purchasable","15":"product-type-simple"},"_links":{"self":[{"href":"https:\/\/tyditiao.com\/ga\/wp-json\/wp\/v2\/product\/13196","targetHints":{"allow":["GET"]}}],"collection":[{"href":"https:\/\/tyditiao.com\/ga\/wp-json\/wp\/v2\/product"}],"about":[{"href":"https:\/\/tyditiao.com\/ga\/wp-json\/wp\/v2\/types\/product"}],"replies":[{"embeddable":true,"href":"https:\/\/tyditiao.com\/ga\/wp-json\/wp\/v2\/comments?post=13196"}],"wp:featuredmedia":[{"embeddable":true,"href":"https:\/\/tyditiao.com\/ga\/wp-json\/wp\/v2\/media\/11717"}],"wp:attachment":[{"href":"https:\/\/tyditiao.com\/ga\/wp-json\/wp\/v2\/media?parent=13196"}],"wp:term":[{"taxonomy":"product_brand","embeddable":true,"href":"https:\/\/tyditiao.com\/ga\/wp-json\/wp\/v2\/product_brand?post=13196"},{"taxonomy":"product_cat","embeddable":true,"href":"https:\/\/tyditiao.com\/ga\/wp-json\/wp\/v2\/product_cat?post=13196"},{"taxonomy":"product_tag","embeddable":true,"href":"https:\/\/tyditiao.com\/ga\/wp-json\/wp\/v2\/product_tag?post=13196"},{"taxonomy":"woo-feed-brand","embeddable":true,"href":"https:\/\/tyditiao.com\/ga\/wp-json\/wp\/v2\/woo-feed-brand?post=13196"}],"curies":[{"name":"wp","href":"https:\/\/api.w.org\/{rel}","templated":true}]}}